{"id":7577,"date":"2024-01-23T01:54:50","date_gmt":"2024-01-23T01:54:50","guid":{"rendered":"https:\/\/www.naoevo.com\/?post_type=product&#038;p=7577"},"modified":"2025-05-29T17:53:13","modified_gmt":"2025-05-29T09:53:13","slug":"s3max-series","status":"publish","type":"product","link":"https:\/\/www.naoevo.com\/es\/product\/s3max-series\/","title":{"rendered":"Serie NAOEVO S3MAX | 45W 5000LM"},"content":{"rendered":"<div data-elementor-type=\"product-post\" data-elementor-id=\"7577\" class=\"elementor elementor-7577\" data-elementor-post-type=\"product\">\n\t\t\t\t<div class=\"elementor-element elementor-element-414aa29 e-flex e-con-boxed e-con e-parent\" data-id=\"414aa29\" data-element_type=\"container\" data-settings=\"{&quot;jet_parallax_layout_list&quot;:[]}\">\n\t\t\t\t\t<div class=\"e-con-inner\">\n\t\t\t\t<div class=\"elementor-element elementor-element-ec115a5 e-n-tabs-none elementor-widget elementor-widget-n-tabs\" data-id=\"ec115a5\" data-element_type=\"widget\" data-settings=\"{&quot;tabs_justify_horizontal&quot;:&quot;start&quot;,&quot;horizontal_scroll&quot;:&quot;enable&quot;}\" data-widget_type=\"nested-tabs.default\">\n\t\t\t\t\t\t\t<div class=\"e-n-tabs\" data-widget-number=\"247535013\" aria-label=\"Pesta\u00f1as. Abre elementos con Intro o Espacio, ci\u00e9rralos con Escape y navega con las Flechas.\">\n\t\t\t<div class=\"e-n-tabs-heading\" role=\"tablist\">\n\t\t\t\t\t<button id=\"e-n-tab-title-2475350131\" class=\"e-n-tab-title\" aria-selected=\"true\" data-tab-index=\"1\" role=\"tab\" tabindex=\"0\" aria-controls=\"e-n-tab-content-2475350131\" style=\"--n-tabs-title-order: 1;\">\n\t\t\t\t\t\t<span class=\"e-n-tab-title-text\">\n\t\t\t\tCARACTER\u00cdSTICAS\t\t\t<\/span>\n\t\t<\/button>\n\t\t\t\t<button id=\"e-n-tab-title-2475350132\" class=\"e-n-tab-title\" aria-selected=\"false\" data-tab-index=\"2\" role=\"tab\" tabindex=\"-1\" aria-controls=\"e-n-tab-content-2475350132\" style=\"--n-tabs-title-order: 2;\">\n\t\t\t\t\t\t<span class=\"e-n-tab-title-text\">\n\t\t\t\tESPECIFICACIONES\t\t\t<\/span>\n\t\t<\/button>\n\t\t\t\t\t<\/div>\n\t\t\t<div class=\"e-n-tabs-content\">\n\t\t\t\t<div id=\"e-n-tab-content-2475350131\" role=\"tabpanel\" aria-labelledby=\"e-n-tab-title-2475350131\" data-tab-index=\"1\" style=\"--n-tabs-title-order: 1;\" class=\"e-active elementor-element elementor-element-d61e98f e-con-full e-flex e-con e-child\" data-id=\"d61e98f\" data-element_type=\"container\" data-settings=\"{&quot;jet_parallax_layout_list&quot;:[]}\">\n\t\t<div class=\"elementor-element elementor-element-f8f1118 e-con-full e-grid e-con e-child\" data-id=\"f8f1118\" data-element_type=\"container\" data-settings=\"{&quot;jet_parallax_layout_list&quot;:[]}\">\n\t\t<div class=\"elementor-element elementor-element-20fd8a1 e-con-full e-flex e-con e-child\" data-id=\"20fd8a1\" data-element_type=\"container\" data-settings=\"{&quot;jet_parallax_layout_list&quot;:[]}\">\n\t\t\t\t<div class=\"elementor-element elementor-element-59dfb90 elementor-position-left elementor-position-top elementor-vertical-align-top elementor-widget elementor-widget-image-box\" data-id=\"59dfb90\" data-element_type=\"widget\" data-widget_type=\"image-box.default\">\n\t\t\t\t\t<div class=\"elementor-image-box-wrapper\"><figure class=\"elementor-image-box-img\"><img fetchpriority=\"high\" decoding=\"async\" width=\"468\" height=\"468\" src=\"https:\/\/www.naoevo.com\/wp-content\/uploads\/2025\/05\/Superior-High-Brightness.jpg\" class=\"attachment-full size-full wp-image-16787\" alt=\"\" srcset=\"https:\/\/www.naoevo.com\/wp-content\/uploads\/2025\/05\/Superior-High-Brightness.jpg 468w, https:\/\/www.naoevo.com\/wp-content\/uploads\/2025\/05\/Superior-High-Brightness-300x300.jpg 300w, https:\/\/www.naoevo.com\/wp-content\/uploads\/2025\/05\/Superior-High-Brightness-150x150.jpg 150w, https:\/\/www.naoevo.com\/wp-content\/uploads\/2025\/05\/Superior-High-Brightness-100x100.jpg 100w, https:\/\/www.naoevo.com\/wp-content\/uploads\/2025\/05\/Superior-High-Brightness-64x64.jpg 64w\" sizes=\"(max-width: 468px) 100vw, 468px\" \/><\/figure><div class=\"elementor-image-box-content\"><h3 class=\"elementor-image-box-title\">Alto brillo superior<\/h3><p class=\"elementor-image-box-description\">S3Max serie blanca bombilla LED para el coche vienen con 8 piezas de gran tama\u00f1o 45MIL flip chip, esto permite ofrecer un brillo mejorado de 45W 5000LM por bombilla. S3Max emite luz a 6500K, produciendo una luz blanca brillante similar a la luz del d\u00eda. Esta temperatura de color mejora la visibilidad y la claridad, por lo que es m\u00e1s seguro para la conducci\u00f3n en diversas condiciones.<\/p><\/div><\/div>\t\t\t\t<\/div>\n\t\t\t\t<\/div>\n\t\t<div class=\"elementor-element elementor-element-627e443 e-con-full e-flex e-con e-child\" data-id=\"627e443\" data-element_type=\"container\" data-settings=\"{&quot;jet_parallax_layout_list&quot;:[]}\">\n\t\t\t\t<div class=\"elementor-element elementor-element-3576d21 elementor-position-left elementor-position-top elementor-vertical-align-top elementor-widget elementor-widget-image-box\" data-id=\"3576d21\" data-element_type=\"widget\" data-widget_type=\"image-box.default\">\n\t\t\t\t\t<div class=\"elementor-image-box-wrapper\"><figure class=\"elementor-image-box-img\"><img decoding=\"async\" width=\"468\" height=\"468\" src=\"https:\/\/www.naoevo.com\/wp-content\/uploads\/2025\/05\/Quality-Beam-Pattern.jpg\" class=\"attachment-full size-full wp-image-16784\" alt=\"\" srcset=\"https:\/\/www.naoevo.com\/wp-content\/uploads\/2025\/05\/Quality-Beam-Pattern.jpg 468w, https:\/\/www.naoevo.com\/wp-content\/uploads\/2025\/05\/Quality-Beam-Pattern-300x300.jpg 300w, https:\/\/www.naoevo.com\/wp-content\/uploads\/2025\/05\/Quality-Beam-Pattern-150x150.jpg 150w, https:\/\/www.naoevo.com\/wp-content\/uploads\/2025\/05\/Quality-Beam-Pattern-100x100.jpg 100w, https:\/\/www.naoevo.com\/wp-content\/uploads\/2025\/05\/Quality-Beam-Pattern-64x64.jpg 64w\" sizes=\"(max-width: 468px) 100vw, 468px\" \/><\/figure><div class=\"elementor-image-box-content\"><h3 class=\"elementor-image-box-title\">Haz luminoso est\u00e1ndar <\/h3><p class=\"elementor-image-box-description\">En el interior de la bombilla hay un sustrato de cobre ultrafino de 1,5 mm, que contribuye a una posici\u00f3n de iluminaci\u00f3n m\u00e1s cercana que las hal\u00f3genas est\u00e1ndar. Se garantiza un haz de luz perfecto y seguro por la noche.<\/p><\/div><\/div>\t\t\t\t<\/div>\n\t\t\t\t<\/div>\n\t\t<div class=\"elementor-element elementor-element-4220b62 e-con-full e-flex e-con e-child\" data-id=\"4220b62\" data-element_type=\"container\" data-settings=\"{&quot;jet_parallax_layout_list&quot;:[]}\">\n\t\t\t\t<div class=\"elementor-element elementor-element-eca1933 elementor-position-left elementor-position-top elementor-vertical-align-top elementor-widget elementor-widget-image-box\" data-id=\"eca1933\" data-element_type=\"widget\" data-widget_type=\"image-box.default\">\n\t\t\t\t\t<div class=\"elementor-image-box-wrapper\"><figure class=\"elementor-image-box-img\"><img decoding=\"async\" width=\"468\" height=\"468\" src=\"https:\/\/www.naoevo.com\/wp-content\/uploads\/2025\/05\/Efficient-Heat-Dissipation.jpg\" class=\"attachment-full size-full wp-image-16785\" alt=\"\" srcset=\"https:\/\/www.naoevo.com\/wp-content\/uploads\/2025\/05\/Efficient-Heat-Dissipation.jpg 468w, https:\/\/www.naoevo.com\/wp-content\/uploads\/2025\/05\/Efficient-Heat-Dissipation-300x300.jpg 300w, https:\/\/www.naoevo.com\/wp-content\/uploads\/2025\/05\/Efficient-Heat-Dissipation-150x150.jpg 150w, https:\/\/www.naoevo.com\/wp-content\/uploads\/2025\/05\/Efficient-Heat-Dissipation-100x100.jpg 100w, https:\/\/www.naoevo.com\/wp-content\/uploads\/2025\/05\/Efficient-Heat-Dissipation-64x64.jpg 64w\" sizes=\"(max-width: 468px) 100vw, 468px\" \/><\/figure><div class=\"elementor-image-box-content\"><h3 class=\"elementor-image-box-title\">Disipaci\u00f3n eficiente del calor<\/h3><p class=\"elementor-image-box-description\">Las bombillas LED para faros S3Max est\u00e1n equipadas con un ventilador hidr\u00e1ulico silencioso de alta velocidad y un termistor inteligente. Este dise\u00f1o ayuda a transferir el calor m\u00e1s r\u00e1pido, y el termistor proteger las bombillas de sobrecalentamiento, por lo que una baja tasa de defectos est\u00e1 asegurada.<\/p><\/div><\/div>\t\t\t\t<\/div>\n\t\t\t\t<\/div>\n\t\t<div class=\"elementor-element elementor-element-f2ca1eb e-con-full e-flex e-con e-child\" data-id=\"f2ca1eb\" data-element_type=\"container\" data-settings=\"{&quot;jet_parallax_layout_list&quot;:[]}\">\n\t\t\t\t<div class=\"elementor-element elementor-element-453000b elementor-position-left elementor-position-top elementor-vertical-align-top elementor-widget elementor-widget-image-box\" data-id=\"453000b\" data-element_type=\"widget\" data-widget_type=\"image-box.default\">\n\t\t\t\t\t<div class=\"elementor-image-box-wrapper\"><figure class=\"elementor-image-box-img\"><img loading=\"lazy\" decoding=\"async\" width=\"150\" height=\"150\" src=\"https:\/\/www.naoevo.com\/wp-content\/uploads\/2025\/05\/1-1-design.png\" class=\"attachment-full size-full wp-image-16797\" alt=\"\" srcset=\"https:\/\/www.naoevo.com\/wp-content\/uploads\/2025\/05\/1-1-design.png 150w, https:\/\/www.naoevo.com\/wp-content\/uploads\/2025\/05\/1-1-design-100x100.png 100w, https:\/\/www.naoevo.com\/wp-content\/uploads\/2025\/05\/1-1-design-64x64.png 64w\" sizes=\"(max-width: 150px) 100vw, 150px\" \/><\/figure><div class=\"elementor-image-box-content\"><h3 class=\"elementor-image-box-title\">1:1 Plug &amp; Play<\/h3><p class=\"elementor-image-box-description\">La bombilla LED para coche S3Max tiene un dise\u00f1o mini como las hal\u00f3genas, por lo que la instalaci\u00f3n es s\u00faper f\u00e1cil. El dise\u00f1o todo-en-uno significa que no hay unidad externa, dejando suficiente espacio para la instalaci\u00f3n.<\/p><\/div><\/div>\t\t\t\t<\/div>\n\t\t\t\t<\/div>\n\t\t\t\t<\/div>\n\t\t\t\t<\/div>\n\t\t<div id=\"e-n-tab-content-2475350132\" role=\"tabpanel\" aria-labelledby=\"e-n-tab-title-2475350132\" data-tab-index=\"2\" style=\"--n-tabs-title-order: 2;\" class=\"elementor-element elementor-element-7351d38 e-con-full e-flex e-con e-child\" data-id=\"7351d38\" data-element_type=\"container\" data-settings=\"{&quot;jet_parallax_layout_list&quot;:[]}\">\n\t\t\t\t<div class=\"elementor-element elementor-element-50c4e2c elementor-widget elementor-widget-text-editor\" data-id=\"50c4e2c\" data-element_type=\"widget\" data-widget_type=\"text-editor.default\">\n\t\t\t\t\t\t\t\t\t<table><tbody><tr><td><strong>POTENCIA<\/strong><\/td><td>45W 5000LM \/ BOMBILLA<\/td><\/tr><tr><td><strong>COLOR<\/strong><\/td><td>6500K BLANCO<\/td><\/tr><tr><td><strong>TENSI\u00d3N<\/strong><\/td><td>DC9-16V<\/td><\/tr><tr><td><strong>TENSI\u00d3N DE SERVICIO<\/strong><\/td><td>13.5V<\/td><\/tr><tr><td><strong>CHIP<\/strong><\/td><td>8pcs 45*45 MIL FLIP CHIP<\/td><\/tr><tr><td><strong>GARANT\u00cdA<\/strong><\/td><td>2 A\u00d1OS<\/td><\/tr><\/tbody><\/table>\t\t\t\t\t\t\t\t<\/div>\n\t\t\t\t<\/div>\n\t\t\t\t\t<\/div>\n\t\t<\/div>\n\t\t\t\t\t\t<\/div>\n\t\t\t\t<div class=\"elementor-element elementor-element-ca04264 elementor-widget elementor-widget-heading\" data-id=\"ca04264\" data-element_type=\"widget\" data-widget_type=\"heading.default\">\n\t\t\t\t\t<h2 class=\"elementor-heading-title elementor-size-default\">V\u00eddeo<\/h2>\t\t\t\t<\/div>\n\t\t<div class=\"elementor-element elementor-element-ce8bebe e-con-full e-flex e-con e-child\" data-id=\"ce8bebe\" data-element_type=\"container\" data-settings=\"{&quot;background_background&quot;:&quot;classic&quot;,&quot;jet_parallax_layout_list&quot;:[]}\">\n\t\t<div class=\"elementor-element elementor-element-01065ef e-con-full e-flex e-con e-child\" data-id=\"01065ef\" data-element_type=\"container\" data-settings=\"{&quot;jet_parallax_layout_list&quot;:[]}\">\n\t\t\t\t<div class=\"elementor-element elementor-element-d936cc2 elementor-widget elementor-widget-video\" data-id=\"d936cc2\" data-element_type=\"widget\" data-settings=\"{&quot;youtube_url&quot;:&quot;https:\\\/\\\/www.youtube.com\\\/watch?v=Ea6o51ku-yw&quot;,&quot;video_type&quot;:&quot;youtube&quot;,&quot;controls&quot;:&quot;yes&quot;}\" data-widget_type=\"video.default\">\n\t\t\t\t\t\t\t<div class=\"elementor-wrapper elementor-open-inline\">\n\t\t\t<div class=\"elementor-video\"><\/div>\t\t<\/div>\n\t\t\t\t\t\t<\/div>\n\t\t\t\t<\/div>\n\t\t\t\t<\/div>\n\t\t\t\t\t<\/div>\n\t\t\t\t<\/div>\n\t\t\t\t<\/div>","protected":false},"excerpt":{"rendered":"<p>En\u00a0<strong><b>Bombilla LED S3MAX<\/b><\/strong>\u00a0representa una versi\u00f3n actualizada de la bombilla para faros LED Mini S3. En comparaci\u00f3n, los antiguos faros LED S3 ofrec\u00edan 30W y 3600LM por bombilla, mientras que el nuevo S3MAX presenta mejoras significativas, particularmente en brillo, con una actualizaci\u00f3n a\u00a0<strong><b>45W y 5000LM<\/b><\/strong>\u00a0cada bombilla.<\/p>","protected":false},"featured_media":8728,"template":"","meta":{"site-sidebar-layout":"default","site-content-layout":"default","ast-site-content-layout":"default","site-content-style":"default","site-sidebar-style":"default","ast-global-header-display":"","ast-banner-title-visibility":"","ast-main-header-display":"","ast-hfb-above-header-display":"","ast-hfb-below-header-display":"","ast-hfb-mobile-header-display":"","site-post-title":"","ast-breadcrumbs-content":"","ast-featured-img":"","footer-sml-layout":"","theme-transparent-header-meta":"default","adv-header-id-meta":"","stick-header-meta":"","header-above-stick-meta":"","header-main-stick-meta":"","header-below-stick-meta":"","astra-migrate-meta-layouts":"set","ast-page-background-enabled":"default","ast-page-background-meta":{"desktop":{"background-color":"var(--ast-global-color-4)","background-image":"","background-repeat":"repeat","background-position":"center center","background-size":"auto","background-attachment":"scroll","background-type":"","background-media":"","overlay-type":"","overlay-color":"","overlay-opacity":"","overlay-gradient":""},"tablet":{"background-color":"","background-image":"","background-repeat":"repeat","background-position":"center center","background-size":"auto","background-attachment":"scroll","background-type":"","background-media":"","overlay-type":"","overlay-color":"","overlay-opacity":"","overlay-gradient":""},"mobile":{"background-color":"","background-image":"","background-repeat":"repeat","background-position":"center center","background-size":"auto","background-attachment":"scroll","background-type":"","background-media":"","overlay-type":"","overlay-color":"","overlay-opacity":"","overlay-gradient":""}},"ast-content-background-meta":{"desktop":{"background-color":"var(--ast-global-color-5)","background-image":"","background-repeat":"repeat","background-position":"center center","background-size":"auto","background-attachment":"scroll","background-type":"","background-media":"","overlay-type":"","overlay-color":"","overlay-opacity":"","overlay-gradient":""},"tablet":{"background-color":"var(--ast-global-color-5)","background-image":"","background-repeat":"repeat","background-position":"center center","background-size":"auto","background-attachment":"scroll","background-type":"","background-media":"","overlay-type":"","overlay-color":"","overlay-opacity":"","overlay-gradient":""},"mobile":{"background-color":"var(--ast-global-color-5)","background-image":"","background-repeat":"repeat","background-position":"center center","background-size":"auto","background-attachment":"scroll","background-type":"","background-media":"","overlay-type":"","overlay-color":"","overlay-opacity":"","overlay-gradient":""}}},"product_brand":[],"product_cat":[346,347,350,343,344,351,345,335,341,349,354,348,339,340,16,280],"product_tag":[],"class_list":{"0":"post-7577","1":"product","2":"type-product","3":"status-publish","4":"has-post-thumbnail","6":"product_cat-346","7":"product_cat-880-881","8":"product_cat-350","9":"product_cat-343","10":"product_cat-344","11":"product_cat-351","12":"product_cat-345","13":"product_cat-h1","14":"product_cat-h10","15":"product_cat-h13","16":"product_cat-h3","17":"product_cat-h4","18":"product_cat-h7","19":"product_cat-h8-h9-h11","20":"product_cat-led-headlight-bulbs","21":"product_cat-s3max-series-45w-5000lm","22":"pa_model-h4-9003","23":"pa_model-h1","24":"pa_model-h7","25":"pa_model-h11-led-headlight-bulb-naoevo","26":"pa_model-9005-hb3-led-headlight-bulb","27":"pa_model-108","28":"pa_model-138","29":"pa_model-880-881","30":"desktop-align-left","31":"tablet-align-left","32":"mobile-align-left","34":"first","35":"instock","36":"sold-individually","37":"shipping-taxable","38":"purchasable","39":"product-type-variable","40":"has-default-attributes"},"yoast_head":"<!-- This site is optimized with the Yoast SEO plugin v24.7 - https:\/\/yoast.com\/wordpress\/plugins\/seo\/ -->\n<title>NAOEVO S3MAX Series | 45W 5000LM<\/title>\n<meta name=\"description\" content=\"S3MAX can be used as powerful LED fog light to increased your visibility during rainy, foggy day. 45W 5000LM, 2 years of warranty, wholesale price.\" \/>\n<meta name=\"robots\" content=\"index, follow, max-snippet:-1, max-image-preview:large, max-video-preview:-1\" \/>\n<link rel=\"canonical\" href=\"https:\/\/www.naoevo.com\/es\/product\/s3max-series\/\" \/>\n<meta property=\"og:locale\" content=\"es_ES\" \/>\n<meta property=\"og:type\" content=\"article\" \/>\n<meta property=\"og:title\" content=\"NAOEVO S3MAX Series | 45W 5000LM\" \/>\n<meta property=\"og:description\" content=\"S3MAX can be used as powerful LED fog light to increased your visibility during rainy, foggy day. 45W 5000LM, 2 years of warranty, wholesale price.\" \/>\n<meta property=\"og:url\" content=\"https:\/\/www.naoevo.com\/es\/product\/s3max-series\/\" \/>\n<meta property=\"og:site_name\" content=\"NAOEVO\" \/>\n<meta property=\"article:publisher\" content=\"https:\/\/www.facebook.com\/naoevolighting\" \/>\n<meta property=\"article:modified_time\" content=\"2025-05-29T09:53:13+00:00\" \/>\n<meta property=\"og:image\" content=\"https:\/\/www.naoevo.com\/wp-content\/uploads\/2024\/01\/\u4e3b\u56fe-1.jpg\" \/>\n\t<meta property=\"og:image:width\" content=\"1000\" \/>\n\t<meta property=\"og:image:height\" content=\"1000\" \/>\n\t<meta property=\"og:image:type\" content=\"image\/jpeg\" \/>\n<meta name=\"twitter:card\" content=\"summary_large_image\" \/>\n<script type=\"application\/ld+json\" class=\"yoast-schema-graph\">{\"@context\":\"https:\/\/schema.org\",\"@graph\":[{\"@type\":\"WebPage\",\"@id\":\"https:\/\/www.naoevo.com\/product\/s3max-series\/\",\"url\":\"https:\/\/www.naoevo.com\/product\/s3max-series\/\",\"name\":\"NAOEVO S3MAX Series | 45W 5000LM\",\"isPartOf\":{\"@id\":\"https:\/\/www.naoevo.com\/#website\"},\"primaryImageOfPage\":{\"@id\":\"https:\/\/www.naoevo.com\/product\/s3max-series\/#primaryimage\"},\"image\":{\"@id\":\"https:\/\/www.naoevo.com\/product\/s3max-series\/#primaryimage\"},\"thumbnailUrl\":\"https:\/\/www.naoevo.com\/wp-content\/uploads\/2024\/01\/\u4e3b\u56fe-1.jpg\",\"datePublished\":\"2024-01-23T01:54:50+00:00\",\"dateModified\":\"2025-05-29T09:53:13+00:00\",\"description\":\"S3MAX can be used as powerful LED fog light to increased your visibility during rainy, foggy day. 45W 5000LM, 2 years of warranty, wholesale price.\",\"breadcrumb\":{\"@id\":\"https:\/\/www.naoevo.com\/product\/s3max-series\/#breadcrumb\"},\"inLanguage\":\"es\",\"potentialAction\":[{\"@type\":\"ReadAction\",\"target\":[\"https:\/\/www.naoevo.com\/product\/s3max-series\/\"]}]},{\"@type\":\"ImageObject\",\"inLanguage\":\"es\",\"@id\":\"https:\/\/www.naoevo.com\/product\/s3max-series\/#primaryimage\",\"url\":\"https:\/\/www.naoevo.com\/wp-content\/uploads\/2024\/01\/\u4e3b\u56fe-1.jpg\",\"contentUrl\":\"https:\/\/www.naoevo.com\/wp-content\/uploads\/2024\/01\/\u4e3b\u56fe-1.jpg\",\"width\":1000,\"height\":1000},{\"@type\":\"BreadcrumbList\",\"@id\":\"https:\/\/www.naoevo.com\/product\/s3max-series\/#breadcrumb\",\"itemListElement\":[{\"@type\":\"ListItem\",\"position\":1,\"name\":\"Home\",\"item\":\"https:\/\/www.naoevo.com\/\"},{\"@type\":\"ListItem\",\"position\":2,\"name\":\"Products\",\"item\":\"https:\/\/www.naoevo.com\/shop__trashed\/\"},{\"@type\":\"ListItem\",\"position\":3,\"name\":\"Wholesale LED Headlight Bulbs\",\"item\":\"https:\/\/www.naoevo.com\/product-category\/led-headlight-bulbs\/\"},{\"@type\":\"ListItem\",\"position\":4,\"name\":\"9004 LED Headlight Bulbs\",\"item\":\"https:\/\/www.naoevo.com\/product-category\/led-headlight-bulbs\/9004\/\"},{\"@type\":\"ListItem\",\"position\":5,\"name\":\"NAOEVO S3MAX Series | 45W 5000LM\"}]},{\"@type\":\"WebSite\",\"@id\":\"https:\/\/www.naoevo.com\/#website\",\"url\":\"https:\/\/www.naoevo.com\/\",\"name\":\"NAOEVO Auto Lighting\",\"description\":\"THE BEST AUTOMOTIVE LIGHTING MANUFACTURER\",\"publisher\":{\"@id\":\"https:\/\/www.naoevo.com\/#organization\"},\"potentialAction\":[{\"@type\":\"SearchAction\",\"target\":{\"@type\":\"EntryPoint\",\"urlTemplate\":\"https:\/\/www.naoevo.com\/?s={search_term_string}\"},\"query-input\":{\"@type\":\"PropertyValueSpecification\",\"valueRequired\":true,\"valueName\":\"search_term_string\"}}],\"inLanguage\":\"es\"},{\"@type\":\"Organization\",\"@id\":\"https:\/\/www.naoevo.com\/#organization\",\"name\":\"NAOEVO Auto Lighting\",\"url\":\"https:\/\/www.naoevo.com\/\",\"logo\":{\"@type\":\"ImageObject\",\"inLanguage\":\"es\",\"@id\":\"https:\/\/www.naoevo.com\/#\/schema\/logo\/image\/\",\"url\":\"https:\/\/www.naoevo.com\/wp-content\/uploads\/2023\/03\/cropped-NAOEVO-LOGO-2023.png\",\"contentUrl\":\"https:\/\/www.naoevo.com\/wp-content\/uploads\/2023\/03\/cropped-NAOEVO-LOGO-2023.png\",\"width\":1168,\"height\":151,\"caption\":\"NAOEVO Auto Lighting\"},\"image\":{\"@id\":\"https:\/\/www.naoevo.com\/#\/schema\/logo\/image\/\"},\"sameAs\":[\"https:\/\/www.facebook.com\/naoevolighting\",\"https:\/\/www.instagram.com\/naoevolightings\/\"]}]}<\/script>\n<!-- \/ Yoast SEO plugin. -->","yoast_head_json":{"title":"NAOEVO S3MAX Series | 45W 5000LM","description":"S3MAX can be used as powerful LED fog light to increased your visibility during rainy, foggy day. 45W 5000LM, 2 years of warranty, wholesale price.","robots":{"index":"index","follow":"follow","max-snippet":"max-snippet:-1","max-image-preview":"max-image-preview:large","max-video-preview":"max-video-preview:-1"},"canonical":"https:\/\/www.naoevo.com\/es\/product\/s3max-series\/","og_locale":"es_ES","og_type":"article","og_title":"NAOEVO S3MAX Series | 45W 5000LM","og_description":"S3MAX can be used as powerful LED fog light to increased your visibility during rainy, foggy day. 45W 5000LM, 2 years of warranty, wholesale price.","og_url":"https:\/\/www.naoevo.com\/es\/product\/s3max-series\/","og_site_name":"NAOEVO","article_publisher":"https:\/\/www.facebook.com\/naoevolighting","article_modified_time":"2025-05-29T09:53:13+00:00","og_image":[{"width":1000,"height":1000,"url":"https:\/\/www.naoevo.com\/wp-content\/uploads\/2024\/01\/\u4e3b\u56fe-1.jpg","type":"image\/jpeg"}],"twitter_card":"summary_large_image","schema":{"@context":"https:\/\/schema.org","@graph":[{"@type":"WebPage","@id":"https:\/\/www.naoevo.com\/product\/s3max-series\/","url":"https:\/\/www.naoevo.com\/product\/s3max-series\/","name":"NAOEVO S3MAX Series | 45W 5000LM","isPartOf":{"@id":"https:\/\/www.naoevo.com\/#website"},"primaryImageOfPage":{"@id":"https:\/\/www.naoevo.com\/product\/s3max-series\/#primaryimage"},"image":{"@id":"https:\/\/www.naoevo.com\/product\/s3max-series\/#primaryimage"},"thumbnailUrl":"https:\/\/www.naoevo.com\/wp-content\/uploads\/2024\/01\/\u4e3b\u56fe-1.jpg","datePublished":"2024-01-23T01:54:50+00:00","dateModified":"2025-05-29T09:53:13+00:00","description":"S3MAX can be used as powerful LED fog light to increased your visibility during rainy, foggy day. 45W 5000LM, 2 years of warranty, wholesale price.","breadcrumb":{"@id":"https:\/\/www.naoevo.com\/product\/s3max-series\/#breadcrumb"},"inLanguage":"es","potentialAction":[{"@type":"ReadAction","target":["https:\/\/www.naoevo.com\/product\/s3max-series\/"]}]},{"@type":"ImageObject","inLanguage":"es","@id":"https:\/\/www.naoevo.com\/product\/s3max-series\/#primaryimage","url":"https:\/\/www.naoevo.com\/wp-content\/uploads\/2024\/01\/\u4e3b\u56fe-1.jpg","contentUrl":"https:\/\/www.naoevo.com\/wp-content\/uploads\/2024\/01\/\u4e3b\u56fe-1.jpg","width":1000,"height":1000},{"@type":"BreadcrumbList","@id":"https:\/\/www.naoevo.com\/product\/s3max-series\/#breadcrumb","itemListElement":[{"@type":"ListItem","position":1,"name":"Home","item":"https:\/\/www.naoevo.com\/"},{"@type":"ListItem","position":2,"name":"Products","item":"https:\/\/www.naoevo.com\/shop__trashed\/"},{"@type":"ListItem","position":3,"name":"Wholesale LED Headlight Bulbs","item":"https:\/\/www.naoevo.com\/product-category\/led-headlight-bulbs\/"},{"@type":"ListItem","position":4,"name":"9004 LED Headlight Bulbs","item":"https:\/\/www.naoevo.com\/product-category\/led-headlight-bulbs\/9004\/"},{"@type":"ListItem","position":5,"name":"NAOEVO S3MAX Series | 45W 5000LM"}]},{"@type":"WebSite","@id":"https:\/\/www.naoevo.com\/#website","url":"https:\/\/www.naoevo.com\/","name":"NAOEVO Auto Lighting","description":"THE BEST AUTOMOTIVE LIGHTING MANUFACTURER","publisher":{"@id":"https:\/\/www.naoevo.com\/#organization"},"potentialAction":[{"@type":"SearchAction","target":{"@type":"EntryPoint","urlTemplate":"https:\/\/www.naoevo.com\/?s={search_term_string}"},"query-input":{"@type":"PropertyValueSpecification","valueRequired":true,"valueName":"search_term_string"}}],"inLanguage":"es"},{"@type":"Organization","@id":"https:\/\/www.naoevo.com\/#organization","name":"NAOEVO Auto Lighting","url":"https:\/\/www.naoevo.com\/","logo":{"@type":"ImageObject","inLanguage":"es","@id":"https:\/\/www.naoevo.com\/#\/schema\/logo\/image\/","url":"https:\/\/www.naoevo.com\/wp-content\/uploads\/2023\/03\/cropped-NAOEVO-LOGO-2023.png","contentUrl":"https:\/\/www.naoevo.com\/wp-content\/uploads\/2023\/03\/cropped-NAOEVO-LOGO-2023.png","width":1168,"height":151,"caption":"NAOEVO Auto Lighting"},"image":{"@id":"https:\/\/www.naoevo.com\/#\/schema\/logo\/image\/"},"sameAs":["https:\/\/www.facebook.com\/naoevolighting","https:\/\/www.instagram.com\/naoevolightings\/"]}]}},"_links":{"self":[{"href":"https:\/\/www.naoevo.com\/es\/wp-json\/wp\/v2\/product\/7577","targetHints":{"allow":["GET"]}}],"collection":[{"href":"https:\/\/www.naoevo.com\/es\/wp-json\/wp\/v2\/product"}],"about":[{"href":"https:\/\/www.naoevo.com\/es\/wp-json\/wp\/v2\/types\/product"}],"version-history":[{"count":18,"href":"https:\/\/www.naoevo.com\/es\/wp-json\/wp\/v2\/product\/7577\/revisions"}],"predecessor-version":[{"id":17300,"href":"https:\/\/www.naoevo.com\/es\/wp-json\/wp\/v2\/product\/7577\/revisions\/17300"}],"wp:featuredmedia":[{"embeddable":true,"href":"https:\/\/www.naoevo.com\/es\/wp-json\/wp\/v2\/media\/8728"}],"wp:attachment":[{"href":"https:\/\/www.naoevo.com\/es\/wp-json\/wp\/v2\/media?parent=7577"}],"wp:term":[{"taxonomy":"product_brand","embeddable":true,"href":"https:\/\/www.naoevo.com\/es\/wp-json\/wp\/v2\/product_brand?post=7577"},{"taxonomy":"product_cat","embeddable":true,"href":"https:\/\/www.naoevo.com\/es\/wp-json\/wp\/v2\/product_cat?post=7577"},{"taxonomy":"product_tag","embeddable":true,"href":"https:\/\/www.naoevo.com\/es\/wp-json\/wp\/v2\/product_tag?post=7577"}],"curies":[{"name":"wp","href":"https:\/\/api.w.org\/{rel}","templated":true}]}}