{"id":4886,"date":"2023-04-07T02:41:43","date_gmt":"2023-04-07T02:41:43","guid":{"rendered":"https:\/\/www.naoevo.com\/?post_type=product&#038;p=4886"},"modified":"2025-06-06T12:05:35","modified_gmt":"2025-06-06T04:05:35","slug":"ba9s-bay9s-bax9s-car-signal-lights-12v-white-naoevo-ba9s-series","status":"publish","type":"product","link":"https:\/\/www.naoevo.com\/es\/product\/ba9s-bay9s-bax9s-car-signal-lights-12v-white-naoevo-ba9s-series\/","title":{"rendered":"BA9S BAY9S BAX9S Luces de Se\u00f1alizaci\u00f3n del Coche 12V Blanco - NAOEVO Serie BA9S"},"content":{"rendered":"<div data-elementor-type=\"product-post\" data-elementor-id=\"4886\" class=\"elementor elementor-4886\" data-elementor-post-type=\"product\">\n\t\t\t\t<div class=\"elementor-element elementor-element-309a60b e-flex e-con-boxed e-con e-parent\" data-id=\"309a60b\" data-element_type=\"container\" data-settings=\"{&quot;jet_parallax_layout_list&quot;:[]}\">\n\t\t\t\t\t<div class=\"e-con-inner\">\n\t\t\t\t<div class=\"elementor-element elementor-element-5ab00ca e-n-tabs-none elementor-widget elementor-widget-n-tabs\" data-id=\"5ab00ca\" data-element_type=\"widget\" data-settings=\"{&quot;tabs_justify_horizontal&quot;:&quot;start&quot;,&quot;horizontal_scroll&quot;:&quot;enable&quot;}\" data-widget_type=\"nested-tabs.default\">\n\t\t\t\t\t\t\t<div class=\"e-n-tabs\" data-widget-number=\"95092938\" aria-label=\"Pesta\u00f1as. Abre elementos con Intro o Espacio, ci\u00e9rralos con Escape y navega con las Flechas.\">\n\t\t\t<div class=\"e-n-tabs-heading\" role=\"tablist\">\n\t\t\t\t\t<button id=\"e-n-tab-title-950929381\" class=\"e-n-tab-title\" aria-selected=\"true\" data-tab-index=\"1\" role=\"tab\" tabindex=\"0\" aria-controls=\"e-n-tab-content-950929381\" style=\"--n-tabs-title-order: 1;\">\n\t\t\t\t\t\t<span class=\"e-n-tab-title-text\">\n\t\t\t\tCARACTER\u00cdSTICAS\t\t\t<\/span>\n\t\t<\/button>\n\t\t\t\t<button id=\"e-n-tab-title-950929382\" class=\"e-n-tab-title\" aria-selected=\"false\" data-tab-index=\"2\" role=\"tab\" tabindex=\"-1\" aria-controls=\"e-n-tab-content-950929382\" style=\"--n-tabs-title-order: 2;\">\n\t\t\t\t\t\t<span class=\"e-n-tab-title-text\">\n\t\t\t\tESPECIFICACIONES\t\t\t<\/span>\n\t\t<\/button>\n\t\t\t\t\t<\/div>\n\t\t\t<div class=\"e-n-tabs-content\">\n\t\t\t\t<div id=\"e-n-tab-content-950929381\" role=\"tabpanel\" aria-labelledby=\"e-n-tab-title-950929381\" data-tab-index=\"1\" style=\"--n-tabs-title-order: 1;\" class=\"e-active elementor-element elementor-element-8c05fbc e-con-full e-flex e-con e-child\" data-id=\"8c05fbc\" data-element_type=\"container\" data-settings=\"{&quot;jet_parallax_layout_list&quot;:[]}\">\n\t\t<div class=\"elementor-element elementor-element-7676e54 e-con-full e-grid e-con e-child\" data-id=\"7676e54\" data-element_type=\"container\" data-settings=\"{&quot;jet_parallax_layout_list&quot;:[]}\">\n\t\t<div class=\"elementor-element elementor-element-816fcef e-con-full e-flex e-con e-child\" data-id=\"816fcef\" data-element_type=\"container\" data-settings=\"{&quot;jet_parallax_layout_list&quot;:[]}\">\n\t\t\t\t<div class=\"elementor-element elementor-element-7ab37b1 elementor-position-left elementor-position-top elementor-vertical-align-top elementor-widget elementor-widget-image-box\" data-id=\"7ab37b1\" data-element_type=\"widget\" data-widget_type=\"image-box.default\">\n\t\t\t\t\t<div class=\"elementor-image-box-wrapper\"><figure class=\"elementor-image-box-img\"><img fetchpriority=\"high\" decoding=\"async\" width=\"468\" height=\"468\" src=\"https:\/\/www.naoevo.com\/wp-content\/uploads\/2025\/05\/Superior-High-Brightness.jpg\" class=\"attachment-full size-full wp-image-16787\" alt=\"\" srcset=\"https:\/\/www.naoevo.com\/wp-content\/uploads\/2025\/05\/Superior-High-Brightness.jpg 468w, https:\/\/www.naoevo.com\/wp-content\/uploads\/2025\/05\/Superior-High-Brightness-300x300.jpg 300w, https:\/\/www.naoevo.com\/wp-content\/uploads\/2025\/05\/Superior-High-Brightness-150x150.jpg 150w, https:\/\/www.naoevo.com\/wp-content\/uploads\/2025\/05\/Superior-High-Brightness-100x100.jpg 100w, https:\/\/www.naoevo.com\/wp-content\/uploads\/2025\/05\/Superior-High-Brightness-64x64.jpg 64w\" sizes=\"(max-width: 468px) 100vw, 468px\" \/><\/figure><div class=\"elementor-image-box-content\"><h3 class=\"elementor-image-box-title\">Luminosidad mejorada<\/h3><p class=\"elementor-image-box-description\">El paquete contiene dos bombillas LED BA9S que miden 33 mm (1,3 pulgadas). Cada bombilla viene equipada con 10pcs 3030 MAX chip y tiene una salida de LED de luz blanca a 6500K y 700 l\u00famenes. Estas bombillas funcionan a DC 12-24V y son f\u00e1cilmente reemplazables con las bombillas de stock de edad, ya que est\u00e1n dise\u00f1ados para una simple instalaci\u00f3n plug-and-play.<\/p><\/div><\/div>\t\t\t\t<\/div>\n\t\t\t\t<\/div>\n\t\t<div class=\"elementor-element elementor-element-dfeaa64 e-con-full e-flex e-con e-child\" data-id=\"dfeaa64\" data-element_type=\"container\" data-settings=\"{&quot;jet_parallax_layout_list&quot;:[]}\">\n\t\t\t\t<div class=\"elementor-element elementor-element-8f8dec5 elementor-position-left elementor-position-top elementor-vertical-align-top elementor-widget elementor-widget-image-box\" data-id=\"8f8dec5\" data-element_type=\"widget\" data-widget_type=\"image-box.default\">\n\t\t\t\t\t<div class=\"elementor-image-box-wrapper\"><figure class=\"elementor-image-box-img\"><img decoding=\"async\" width=\"150\" height=\"150\" src=\"https:\/\/www.naoevo.com\/wp-content\/uploads\/2025\/05\/50000-hrs-lifespan.png\" class=\"attachment-full size-full wp-image-16796\" alt=\"\" srcset=\"https:\/\/www.naoevo.com\/wp-content\/uploads\/2025\/05\/50000-hrs-lifespan.png 150w, https:\/\/www.naoevo.com\/wp-content\/uploads\/2025\/05\/50000-hrs-lifespan-100x100.png 100w, https:\/\/www.naoevo.com\/wp-content\/uploads\/2025\/05\/50000-hrs-lifespan-64x64.png 64w\" sizes=\"(max-width: 150px) 100vw, 150px\" \/><\/figure><div class=\"elementor-image-box-content\"><h3 class=\"elementor-image-box-title\">Bajo consumo y larga vida \u00fatil<\/h3><p class=\"elementor-image-box-description\">Con una disipaci\u00f3n del calor superior, una baja temperatura, un bajo consumo de energ\u00eda y una vida \u00fatil de hasta 50.000 horas, estas bombillas led BA9S superan con creces a las opciones incandescentes tradicionales.<\/p><\/div><\/div>\t\t\t\t<\/div>\n\t\t\t\t<\/div>\n\t\t\t\t<\/div>\n\t\t\t\t<\/div>\n\t\t<div id=\"e-n-tab-content-950929382\" role=\"tabpanel\" aria-labelledby=\"e-n-tab-title-950929382\" data-tab-index=\"2\" style=\"--n-tabs-title-order: 2;\" class=\"elementor-element elementor-element-069f08b e-con-full e-flex e-con e-child\" data-id=\"069f08b\" data-element_type=\"container\" data-settings=\"{&quot;jet_parallax_layout_list&quot;:[]}\">\n\t\t\t\t<div class=\"elementor-element elementor-element-0ec1112 elementor-widget elementor-widget-text-editor\" data-id=\"0ec1112\" data-element_type=\"widget\" data-widget_type=\"text-editor.default\">\n\t\t\t\t\t\t\t\t\t<p>Producto: BA9S<br \/>Potencia: 5 W\/Bombilla<br \/>L\u00famenes: 700LM\/Bombilla<br \/>Tipo de chip: SMD 3030<br \/>Tensi\u00f3n de trabajo: DC12V-24V<br \/>Corriente de trabajo: 0,2A\/0,1A<br \/>Color: blanco\/\u00e1mbar\/rojo<br \/>Garant\u00eda: 1 a\u00f1o<br \/>Utilizaci\u00f3n: Luces de matr\u00edcula, luces de cabina, luces de c\u00fapula, luces de mapa, luces de g\u00e1libo, luces de marcha atr\u00e1s, luces de freno, luces antiniebla, etc.<\/p><p>\u00a0<\/p><h3>Paquete incluido<\/h3><p>2 bombillas LED NAOEVO<\/p><p>\u00a0<\/p><h3>Talla<\/h3><p>BA9S BAY9S BAX9S<\/p>\t\t\t\t\t\t\t\t<\/div>\n\t\t\t\t<\/div>\n\t\t\t\t\t<\/div>\n\t\t<\/div>\n\t\t\t\t\t\t<\/div>\n\t\t\t\t\t<\/div>\n\t\t\t\t<\/div>\n\t\t\t\t<\/div>","protected":false},"excerpt":{"rendered":"<p>Este par de bombillas LED BA9S cuenta con 10 chips 3030 MAX, que producen 700 l\u00famenes de luz blanca de 6500K. Funcionan a DC 12-24V, ofrecen instalaci\u00f3n plug-and-play. Con un bajo consumo y una vida \u00fatil de hasta 50.000 horas, se adaptan a las interfaces est\u00e1ndar BA9S, BAX9S y BAY9S.<\/p>","protected":false},"featured_media":4896,"template":"","meta":{"site-sidebar-layout":"default","site-content-layout":"default","ast-site-content-layout":"default","site-content-style":"default","site-sidebar-style":"default","ast-global-header-display":"","ast-banner-title-visibility":"","ast-main-header-display":"","ast-hfb-above-header-display":"","ast-hfb-below-header-display":"","ast-hfb-mobile-header-display":"","site-post-title":"","ast-breadcrumbs-content":"","ast-featured-img":"","footer-sml-layout":"","theme-transparent-header-meta":"default","adv-header-id-meta":"","stick-header-meta":"","header-above-stick-meta":"","header-main-stick-meta":"","header-below-stick-meta":"","astra-migrate-meta-layouts":"set","ast-page-background-enabled":"default","ast-page-background-meta":{"desktop":{"background-color":"var(--ast-global-color-4)","background-image":"","background-repeat":"repeat","background-position":"center center","background-size":"auto","background-attachment":"scroll","background-type":"","background-media":"","overlay-type":"","overlay-color":"","overlay-opacity":"","overlay-gradient":""},"tablet":{"background-color":"","background-image":"","background-repeat":"repeat","background-position":"center center","background-size":"auto","background-attachment":"scroll","background-type":"","background-media":"","overlay-type":"","overlay-color":"","overlay-opacity":"","overlay-gradient":""},"mobile":{"background-color":"","background-image":"","background-repeat":"repeat","background-position":"center center","background-size":"auto","background-attachment":"scroll","background-type":"","background-media":"","overlay-type":"","overlay-color":"","overlay-opacity":"","overlay-gradient":""}},"ast-content-background-meta":{"desktop":{"background-color":"var(--ast-global-color-5)","background-image":"","background-repeat":"repeat","background-position":"center center","background-size":"auto","background-attachment":"scroll","background-type":"","background-media":"","overlay-type":"","overlay-color":"","overlay-opacity":"","overlay-gradient":""},"tablet":{"background-color":"var(--ast-global-color-5)","background-image":"","background-repeat":"repeat","background-position":"center center","background-size":"auto","background-attachment":"scroll","background-type":"","background-media":"","overlay-type":"","overlay-color":"","overlay-opacity":"","overlay-gradient":""},"mobile":{"background-color":"var(--ast-global-color-5)","background-image":"","background-repeat":"repeat","background-position":"center center","background-size":"auto","background-attachment":"scroll","background-type":"","background-media":"","overlay-type":"","overlay-color":"","overlay-opacity":"","overlay-gradient":""}}},"product_brand":[],"product_cat":[190,104],"product_tag":[],"class_list":{"0":"post-4886","1":"product","2":"type-product","3":"status-publish","4":"has-post-thumbnail","6":"product_cat-china-led-headlight-bulbs-supplier","7":"product_cat-exterior-interior-lights","8":"pa_model-ba9s-bay9s-bax9s","9":"desktop-align-left","10":"tablet-align-left","11":"mobile-align-left","13":"first","14":"instock","15":"sold-individually","16":"shipping-taxable","17":"purchasable","18":"product-type-variable"},"yoast_head":"<!-- This site is optimized with the Yoast SEO plugin v24.7 - https:\/\/yoast.com\/wordpress\/plugins\/seo\/ -->\n<title>BA9S BAY9S BAX9S Car Signal Lights 12V White - NAOEVO BA9S Series - NAOEVO<\/title>\n<meta name=\"robots\" content=\"index, follow, max-snippet:-1, max-image-preview:large, max-video-preview:-1\" \/>\n<link rel=\"canonical\" href=\"https:\/\/www.naoevo.com\/es\/product\/ba9s-bay9s-bax9s-car-signal-lights-12v-white-naoevo-ba9s-series\/\" \/>\n<meta property=\"og:locale\" content=\"es_ES\" \/>\n<meta property=\"og:type\" content=\"article\" \/>\n<meta property=\"og:title\" content=\"BA9S BAY9S BAX9S Car Signal Lights 12V White - NAOEVO BA9S Series - NAOEVO\" \/>\n<meta property=\"og:description\" content=\"This pair of BA9S LED bulbs features 10pcs 3030 MAX chips, producing 700 lumens of 6500K white light. Operating at DC 12\u201324V, they offer plug-and-play installation. With low power use and up to 50,000-hour lifespan, they fit BA9S, BAX9S, and BAY9S standard interfaces.\" \/>\n<meta property=\"og:url\" content=\"https:\/\/www.naoevo.com\/es\/product\/ba9s-bay9s-bax9s-car-signal-lights-12v-white-naoevo-ba9s-series\/\" \/>\n<meta property=\"og:site_name\" content=\"NAOEVO\" \/>\n<meta property=\"article:publisher\" content=\"https:\/\/www.facebook.com\/naoevolighting\" \/>\n<meta property=\"article:modified_time\" content=\"2025-06-06T04:05:35+00:00\" \/>\n<meta property=\"og:image\" content=\"https:\/\/www.naoevo.com\/wp-content\/uploads\/2023\/04\/NAOEVO-BA9S-1.webp\" \/>\n\t<meta property=\"og:image:width\" content=\"1001\" \/>\n\t<meta property=\"og:image:height\" content=\"1001\" \/>\n\t<meta property=\"og:image:type\" content=\"image\/webp\" \/>\n<meta name=\"twitter:card\" content=\"summary_large_image\" \/>\n<script type=\"application\/ld+json\" class=\"yoast-schema-graph\">{\"@context\":\"https:\/\/schema.org\",\"@graph\":[{\"@type\":\"WebPage\",\"@id\":\"https:\/\/www.naoevo.com\/product\/ba9s-bay9s-bax9s-car-signal-lights-12v-white-naoevo-ba9s-series\/\",\"url\":\"https:\/\/www.naoevo.com\/product\/ba9s-bay9s-bax9s-car-signal-lights-12v-white-naoevo-ba9s-series\/\",\"name\":\"BA9S BAY9S BAX9S Car Signal Lights 12V White - NAOEVO BA9S Series - NAOEVO\",\"isPartOf\":{\"@id\":\"https:\/\/www.naoevo.com\/#website\"},\"primaryImageOfPage\":{\"@id\":\"https:\/\/www.naoevo.com\/product\/ba9s-bay9s-bax9s-car-signal-lights-12v-white-naoevo-ba9s-series\/#primaryimage\"},\"image\":{\"@id\":\"https:\/\/www.naoevo.com\/product\/ba9s-bay9s-bax9s-car-signal-lights-12v-white-naoevo-ba9s-series\/#primaryimage\"},\"thumbnailUrl\":\"https:\/\/www.naoevo.com\/wp-content\/uploads\/2023\/04\/NAOEVO-BA9S-1.webp\",\"datePublished\":\"2023-04-07T02:41:43+00:00\",\"dateModified\":\"2025-06-06T04:05:35+00:00\",\"breadcrumb\":{\"@id\":\"https:\/\/www.naoevo.com\/product\/ba9s-bay9s-bax9s-car-signal-lights-12v-white-naoevo-ba9s-series\/#breadcrumb\"},\"inLanguage\":\"es\",\"potentialAction\":[{\"@type\":\"ReadAction\",\"target\":[\"https:\/\/www.naoevo.com\/product\/ba9s-bay9s-bax9s-car-signal-lights-12v-white-naoevo-ba9s-series\/\"]}]},{\"@type\":\"ImageObject\",\"inLanguage\":\"es\",\"@id\":\"https:\/\/www.naoevo.com\/product\/ba9s-bay9s-bax9s-car-signal-lights-12v-white-naoevo-ba9s-series\/#primaryimage\",\"url\":\"https:\/\/www.naoevo.com\/wp-content\/uploads\/2023\/04\/NAOEVO-BA9S-1.webp\",\"contentUrl\":\"https:\/\/www.naoevo.com\/wp-content\/uploads\/2023\/04\/NAOEVO-BA9S-1.webp\",\"width\":1001,\"height\":1001,\"caption\":\"BA9S BAY9S BAX9S Car Signal Lights 12V White - NAOEVO BA9S Series\"},{\"@type\":\"BreadcrumbList\",\"@id\":\"https:\/\/www.naoevo.com\/product\/ba9s-bay9s-bax9s-car-signal-lights-12v-white-naoevo-ba9s-series\/#breadcrumb\",\"itemListElement\":[{\"@type\":\"ListItem\",\"position\":1,\"name\":\"Home\",\"item\":\"https:\/\/www.naoevo.com\/\"},{\"@type\":\"ListItem\",\"position\":2,\"name\":\"Products\",\"item\":\"https:\/\/www.naoevo.com\/shop__trashed\/\"},{\"@type\":\"ListItem\",\"position\":3,\"name\":\"LED Car Exterior &amp; Interior Lights\",\"item\":\"https:\/\/www.naoevo.com\/product-category\/exterior-interior-lights\/\"},{\"@type\":\"ListItem\",\"position\":4,\"name\":\"BA9S BAY9S BAX9S Car Signal Lights 12V White &#8211; NAOEVO BA9S Series\"}]},{\"@type\":\"WebSite\",\"@id\":\"https:\/\/www.naoevo.com\/#website\",\"url\":\"https:\/\/www.naoevo.com\/\",\"name\":\"NAOEVO Auto Lighting\",\"description\":\"THE BEST AUTOMOTIVE LIGHTING MANUFACTURER\",\"publisher\":{\"@id\":\"https:\/\/www.naoevo.com\/#organization\"},\"potentialAction\":[{\"@type\":\"SearchAction\",\"target\":{\"@type\":\"EntryPoint\",\"urlTemplate\":\"https:\/\/www.naoevo.com\/?s={search_term_string}\"},\"query-input\":{\"@type\":\"PropertyValueSpecification\",\"valueRequired\":true,\"valueName\":\"search_term_string\"}}],\"inLanguage\":\"es\"},{\"@type\":\"Organization\",\"@id\":\"https:\/\/www.naoevo.com\/#organization\",\"name\":\"NAOEVO Auto Lighting\",\"url\":\"https:\/\/www.naoevo.com\/\",\"logo\":{\"@type\":\"ImageObject\",\"inLanguage\":\"es\",\"@id\":\"https:\/\/www.naoevo.com\/#\/schema\/logo\/image\/\",\"url\":\"https:\/\/www.naoevo.com\/wp-content\/uploads\/2023\/03\/cropped-NAOEVO-LOGO-2023.png\",\"contentUrl\":\"https:\/\/www.naoevo.com\/wp-content\/uploads\/2023\/03\/cropped-NAOEVO-LOGO-2023.png\",\"width\":1168,\"height\":151,\"caption\":\"NAOEVO Auto Lighting\"},\"image\":{\"@id\":\"https:\/\/www.naoevo.com\/#\/schema\/logo\/image\/\"},\"sameAs\":[\"https:\/\/www.facebook.com\/naoevolighting\",\"https:\/\/www.instagram.com\/naoevolightings\/\"]}]}<\/script>\n<!-- \/ Yoast SEO plugin. -->","yoast_head_json":{"title":"BA9S BAY9S BAX9S Car Signal Lights 12V White - NAOEVO BA9S Series - NAOEVO","robots":{"index":"index","follow":"follow","max-snippet":"max-snippet:-1","max-image-preview":"max-image-preview:large","max-video-preview":"max-video-preview:-1"},"canonical":"https:\/\/www.naoevo.com\/es\/product\/ba9s-bay9s-bax9s-car-signal-lights-12v-white-naoevo-ba9s-series\/","og_locale":"es_ES","og_type":"article","og_title":"BA9S BAY9S BAX9S Car Signal Lights 12V White - NAOEVO BA9S Series - NAOEVO","og_description":"This pair of BA9S LED bulbs features 10pcs 3030 MAX chips, producing 700 lumens of 6500K white light. Operating at DC 12\u201324V, they offer plug-and-play installation. With low power use and up to 50,000-hour lifespan, they fit BA9S, BAX9S, and BAY9S standard interfaces.","og_url":"https:\/\/www.naoevo.com\/es\/product\/ba9s-bay9s-bax9s-car-signal-lights-12v-white-naoevo-ba9s-series\/","og_site_name":"NAOEVO","article_publisher":"https:\/\/www.facebook.com\/naoevolighting","article_modified_time":"2025-06-06T04:05:35+00:00","og_image":[{"width":1001,"height":1001,"url":"https:\/\/www.naoevo.com\/wp-content\/uploads\/2023\/04\/NAOEVO-BA9S-1.webp","type":"image\/webp"}],"twitter_card":"summary_large_image","schema":{"@context":"https:\/\/schema.org","@graph":[{"@type":"WebPage","@id":"https:\/\/www.naoevo.com\/product\/ba9s-bay9s-bax9s-car-signal-lights-12v-white-naoevo-ba9s-series\/","url":"https:\/\/www.naoevo.com\/product\/ba9s-bay9s-bax9s-car-signal-lights-12v-white-naoevo-ba9s-series\/","name":"BA9S BAY9S BAX9S Car Signal Lights 12V White - NAOEVO BA9S Series - NAOEVO","isPartOf":{"@id":"https:\/\/www.naoevo.com\/#website"},"primaryImageOfPage":{"@id":"https:\/\/www.naoevo.com\/product\/ba9s-bay9s-bax9s-car-signal-lights-12v-white-naoevo-ba9s-series\/#primaryimage"},"image":{"@id":"https:\/\/www.naoevo.com\/product\/ba9s-bay9s-bax9s-car-signal-lights-12v-white-naoevo-ba9s-series\/#primaryimage"},"thumbnailUrl":"https:\/\/www.naoevo.com\/wp-content\/uploads\/2023\/04\/NAOEVO-BA9S-1.webp","datePublished":"2023-04-07T02:41:43+00:00","dateModified":"2025-06-06T04:05:35+00:00","breadcrumb":{"@id":"https:\/\/www.naoevo.com\/product\/ba9s-bay9s-bax9s-car-signal-lights-12v-white-naoevo-ba9s-series\/#breadcrumb"},"inLanguage":"es","potentialAction":[{"@type":"ReadAction","target":["https:\/\/www.naoevo.com\/product\/ba9s-bay9s-bax9s-car-signal-lights-12v-white-naoevo-ba9s-series\/"]}]},{"@type":"ImageObject","inLanguage":"es","@id":"https:\/\/www.naoevo.com\/product\/ba9s-bay9s-bax9s-car-signal-lights-12v-white-naoevo-ba9s-series\/#primaryimage","url":"https:\/\/www.naoevo.com\/wp-content\/uploads\/2023\/04\/NAOEVO-BA9S-1.webp","contentUrl":"https:\/\/www.naoevo.com\/wp-content\/uploads\/2023\/04\/NAOEVO-BA9S-1.webp","width":1001,"height":1001,"caption":"BA9S BAY9S BAX9S Car Signal Lights 12V White - NAOEVO BA9S Series"},{"@type":"BreadcrumbList","@id":"https:\/\/www.naoevo.com\/product\/ba9s-bay9s-bax9s-car-signal-lights-12v-white-naoevo-ba9s-series\/#breadcrumb","itemListElement":[{"@type":"ListItem","position":1,"name":"Home","item":"https:\/\/www.naoevo.com\/"},{"@type":"ListItem","position":2,"name":"Products","item":"https:\/\/www.naoevo.com\/shop__trashed\/"},{"@type":"ListItem","position":3,"name":"LED Car Exterior &amp; Interior Lights","item":"https:\/\/www.naoevo.com\/product-category\/exterior-interior-lights\/"},{"@type":"ListItem","position":4,"name":"BA9S BAY9S BAX9S Car Signal Lights 12V White &#8211; NAOEVO BA9S Series"}]},{"@type":"WebSite","@id":"https:\/\/www.naoevo.com\/#website","url":"https:\/\/www.naoevo.com\/","name":"NAOEVO Auto Lighting","description":"THE BEST AUTOMOTIVE LIGHTING MANUFACTURER","publisher":{"@id":"https:\/\/www.naoevo.com\/#organization"},"potentialAction":[{"@type":"SearchAction","target":{"@type":"EntryPoint","urlTemplate":"https:\/\/www.naoevo.com\/?s={search_term_string}"},"query-input":{"@type":"PropertyValueSpecification","valueRequired":true,"valueName":"search_term_string"}}],"inLanguage":"es"},{"@type":"Organization","@id":"https:\/\/www.naoevo.com\/#organization","name":"NAOEVO Auto Lighting","url":"https:\/\/www.naoevo.com\/","logo":{"@type":"ImageObject","inLanguage":"es","@id":"https:\/\/www.naoevo.com\/#\/schema\/logo\/image\/","url":"https:\/\/www.naoevo.com\/wp-content\/uploads\/2023\/03\/cropped-NAOEVO-LOGO-2023.png","contentUrl":"https:\/\/www.naoevo.com\/wp-content\/uploads\/2023\/03\/cropped-NAOEVO-LOGO-2023.png","width":1168,"height":151,"caption":"NAOEVO Auto Lighting"},"image":{"@id":"https:\/\/www.naoevo.com\/#\/schema\/logo\/image\/"},"sameAs":["https:\/\/www.facebook.com\/naoevolighting","https:\/\/www.instagram.com\/naoevolightings\/"]}]}},"_links":{"self":[{"href":"https:\/\/www.naoevo.com\/es\/wp-json\/wp\/v2\/product\/4886","targetHints":{"allow":["GET"]}}],"collection":[{"href":"https:\/\/www.naoevo.com\/es\/wp-json\/wp\/v2\/product"}],"about":[{"href":"https:\/\/www.naoevo.com\/es\/wp-json\/wp\/v2\/types\/product"}],"version-history":[{"count":5,"href":"https:\/\/www.naoevo.com\/es\/wp-json\/wp\/v2\/product\/4886\/revisions"}],"predecessor-version":[{"id":17589,"href":"https:\/\/www.naoevo.com\/es\/wp-json\/wp\/v2\/product\/4886\/revisions\/17589"}],"wp:featuredmedia":[{"embeddable":true,"href":"https:\/\/www.naoevo.com\/es\/wp-json\/wp\/v2\/media\/4896"}],"wp:attachment":[{"href":"https:\/\/www.naoevo.com\/es\/wp-json\/wp\/v2\/media?parent=4886"}],"wp:term":[{"taxonomy":"product_brand","embeddable":true,"href":"https:\/\/www.naoevo.com\/es\/wp-json\/wp\/v2\/product_brand?post=4886"},{"taxonomy":"product_cat","embeddable":true,"href":"https:\/\/www.naoevo.com\/es\/wp-json\/wp\/v2\/product_cat?post=4886"},{"taxonomy":"product_tag","embeddable":true,"href":"https:\/\/www.naoevo.com\/es\/wp-json\/wp\/v2\/product_tag?post=4886"}],"curies":[{"name":"wp","href":"https:\/\/api.w.org\/{rel}","templated":true}]}}