{"id":4877,"date":"2023-04-07T02:07:30","date_gmt":"2023-04-07T02:07:30","guid":{"rendered":"https:\/\/www.naoevo.com\/?post_type=product&#038;p=4877"},"modified":"2025-06-06T11:31:45","modified_gmt":"2025-06-06T03:31:45","slug":"c5w-c10w-car-interior-lights-31mm-39mm-41mm-naoevo-c5w-gy","status":"publish","type":"product","link":"https:\/\/www.naoevo.com\/es\/product\/c5w-c10w-car-interior-lights-31mm-39mm-41mm-naoevo-c5w-gy\/","title":{"rendered":"C5W C10W Luces interiores del coche 31mm 39mm 41mm - NAOEVO C5W-GY"},"content":{"rendered":"<div data-elementor-type=\"product-post\" data-elementor-id=\"4877\" class=\"elementor elementor-4877\" data-elementor-post-type=\"product\">\n\t\t\t\t<div class=\"elementor-element elementor-element-e766a63 e-flex e-con-boxed e-con e-parent\" data-id=\"e766a63\" data-element_type=\"container\" data-settings=\"{&quot;jet_parallax_layout_list&quot;:[]}\">\n\t\t\t\t\t<div class=\"e-con-inner\">\n\t\t\t\t<div class=\"elementor-element elementor-element-bc2b5b1 e-n-tabs-none elementor-widget elementor-widget-n-tabs\" data-id=\"bc2b5b1\" data-element_type=\"widget\" data-settings=\"{&quot;tabs_justify_horizontal&quot;:&quot;start&quot;,&quot;horizontal_scroll&quot;:&quot;enable&quot;}\" data-widget_type=\"nested-tabs.default\">\n\t\t\t\t\t\t\t<div class=\"e-n-tabs\" data-widget-number=\"197309873\" aria-label=\"Pesta\u00f1as. Abre elementos con Intro o Espacio, ci\u00e9rralos con Escape y navega con las Flechas.\">\n\t\t\t<div class=\"e-n-tabs-heading\" role=\"tablist\">\n\t\t\t\t\t<button id=\"e-n-tab-title-1973098731\" class=\"e-n-tab-title\" aria-selected=\"true\" data-tab-index=\"1\" role=\"tab\" tabindex=\"0\" aria-controls=\"e-n-tab-content-1973098731\" style=\"--n-tabs-title-order: 1;\">\n\t\t\t\t\t\t<span class=\"e-n-tab-title-text\">\n\t\t\t\tCARACTER\u00cdSTICAS\t\t\t<\/span>\n\t\t<\/button>\n\t\t\t\t<button id=\"e-n-tab-title-1973098732\" class=\"e-n-tab-title\" aria-selected=\"false\" data-tab-index=\"2\" role=\"tab\" tabindex=\"-1\" aria-controls=\"e-n-tab-content-1973098732\" style=\"--n-tabs-title-order: 2;\">\n\t\t\t\t\t\t<span class=\"e-n-tab-title-text\">\n\t\t\t\tESPECIFICACIONES\t\t\t<\/span>\n\t\t<\/button>\n\t\t\t\t\t<\/div>\n\t\t\t<div class=\"e-n-tabs-content\">\n\t\t\t\t<div id=\"e-n-tab-content-1973098731\" role=\"tabpanel\" aria-labelledby=\"e-n-tab-title-1973098731\" data-tab-index=\"1\" style=\"--n-tabs-title-order: 1;\" class=\"e-active elementor-element elementor-element-8d0257a e-con-full e-flex e-con e-child\" data-id=\"8d0257a\" data-element_type=\"container\" data-settings=\"{&quot;jet_parallax_layout_list&quot;:[]}\">\n\t\t<div class=\"elementor-element elementor-element-8fcabd7 e-con-full e-grid e-con e-child\" data-id=\"8fcabd7\" data-element_type=\"container\" data-settings=\"{&quot;jet_parallax_layout_list&quot;:[]}\">\n\t\t<div class=\"elementor-element elementor-element-fab2f7f e-con-full e-flex e-con e-child\" data-id=\"fab2f7f\" data-element_type=\"container\" data-settings=\"{&quot;jet_parallax_layout_list&quot;:[]}\">\n\t\t\t\t<div class=\"elementor-element elementor-element-776d980 elementor-position-left elementor-position-top elementor-vertical-align-top elementor-widget elementor-widget-image-box\" data-id=\"776d980\" data-element_type=\"widget\" data-widget_type=\"image-box.default\">\n\t\t\t\t\t<div class=\"elementor-image-box-wrapper\"><figure class=\"elementor-image-box-img\"><img fetchpriority=\"high\" decoding=\"async\" width=\"468\" height=\"468\" src=\"https:\/\/www.naoevo.com\/wp-content\/uploads\/2025\/05\/Superior-High-Brightness.jpg\" class=\"attachment-full size-full wp-image-16787\" alt=\"\" srcset=\"https:\/\/www.naoevo.com\/wp-content\/uploads\/2025\/05\/Superior-High-Brightness.jpg 468w, https:\/\/www.naoevo.com\/wp-content\/uploads\/2025\/05\/Superior-High-Brightness-300x300.jpg 300w, https:\/\/www.naoevo.com\/wp-content\/uploads\/2025\/05\/Superior-High-Brightness-150x150.jpg 150w, https:\/\/www.naoevo.com\/wp-content\/uploads\/2025\/05\/Superior-High-Brightness-100x100.jpg 100w, https:\/\/www.naoevo.com\/wp-content\/uploads\/2025\/05\/Superior-High-Brightness-64x64.jpg 64w\" sizes=\"(max-width: 468px) 100vw, 468px\" \/><\/figure><div class=\"elementor-image-box-content\"><h3 class=\"elementor-image-box-title\">Luminosidad mejorada<\/h3><p class=\"elementor-image-box-description\">Equipadas con un chip COB de calidad, estas bombillas interiores LED C5W producen una luz 300% m\u00e1s brillante que las bombillas hal\u00f3genas. Est\u00e1n disponibles para una variedad de tama\u00f1o de 31mm\/39mm\/41mm.<\/p><\/div><\/div>\t\t\t\t<\/div>\n\t\t\t\t<\/div>\n\t\t<div class=\"elementor-element elementor-element-6a07afc e-con-full e-flex e-con e-child\" data-id=\"6a07afc\" data-element_type=\"container\" data-settings=\"{&quot;jet_parallax_layout_list&quot;:[]}\">\n\t\t\t\t<div class=\"elementor-element elementor-element-b234fb5 elementor-position-left elementor-position-top elementor-vertical-align-top elementor-widget elementor-widget-image-box\" data-id=\"b234fb5\" data-element_type=\"widget\" data-widget_type=\"image-box.default\">\n\t\t\t\t\t<div class=\"elementor-image-box-wrapper\"><figure class=\"elementor-image-box-img\"><img decoding=\"async\" width=\"150\" height=\"150\" src=\"https:\/\/www.naoevo.com\/wp-content\/uploads\/2023\/03\/Suitable-For-Various-Vehicles.png\" class=\"attachment-full size-full wp-image-17358\" alt=\"\" srcset=\"https:\/\/www.naoevo.com\/wp-content\/uploads\/2023\/03\/Suitable-For-Various-Vehicles.png 150w, https:\/\/www.naoevo.com\/wp-content\/uploads\/2023\/03\/Suitable-For-Various-Vehicles-100x100.png 100w, https:\/\/www.naoevo.com\/wp-content\/uploads\/2023\/03\/Suitable-For-Various-Vehicles-64x64.png 64w\" sizes=\"(max-width: 150px) 100vw, 150px\" \/><\/figure><div class=\"elementor-image-box-content\"><h3 class=\"elementor-image-box-title\">Amplia gama de aplicaciones<\/h3><p class=\"elementor-image-box-description\">Estas bombillas LED C5W son adecuadas para su uso en el interior y el exterior de muchos tipos de veh\u00edculos, incluidos coches, todoterrenos y furgonetas. Incluyen luces traseras, luces de freno, luces de freno, luces intermitentes, luces traseras, luces de marcha atr\u00e1s, luces de posici\u00f3n laterales, luces de marcha atr\u00e1s y bombillas interiores para autocaravanas.<\/p><\/div><\/div>\t\t\t\t<\/div>\n\t\t\t\t<\/div>\n\t\t<div class=\"elementor-element elementor-element-c5a70a3 e-con-full e-flex e-con e-child\" data-id=\"c5a70a3\" data-element_type=\"container\" data-settings=\"{&quot;jet_parallax_layout_list&quot;:[]}\">\n\t\t\t\t<div class=\"elementor-element elementor-element-6b47bc3 elementor-position-left elementor-position-top elementor-vertical-align-top elementor-widget elementor-widget-image-box\" data-id=\"6b47bc3\" data-element_type=\"widget\" data-widget_type=\"image-box.default\">\n\t\t\t\t\t<div class=\"elementor-image-box-wrapper\"><figure class=\"elementor-image-box-img\"><img decoding=\"async\" width=\"150\" height=\"150\" src=\"https:\/\/www.naoevo.com\/wp-content\/uploads\/2023\/04\/30000-HOURS.png\" class=\"attachment-full size-full wp-image-17547\" alt=\"\" srcset=\"https:\/\/www.naoevo.com\/wp-content\/uploads\/2023\/04\/30000-HOURS.png 150w, https:\/\/www.naoevo.com\/wp-content\/uploads\/2023\/04\/30000-HOURS-100x100.png 100w, https:\/\/www.naoevo.com\/wp-content\/uploads\/2023\/04\/30000-HOURS-64x64.png 64w\" sizes=\"(max-width: 150px) 100vw, 150px\" \/><\/figure><div class=\"elementor-image-box-content\"><h3 class=\"elementor-image-box-title\">Larga vida \u00fatil<\/h3><p class=\"elementor-image-box-description\">Fabricada con materiales de alta calidad, buena disipaci\u00f3n del calor. M\u00e1s seguras que las bombillas hal\u00f3genas, con una vida \u00fatil de hasta 30.000 horas (garant\u00eda de un a\u00f1o), puede reducir el tiempo y el dinero necesarios para sustituir las bombillas con frecuencia.<\/p><\/div><\/div>\t\t\t\t<\/div>\n\t\t\t\t<\/div>\n\t\t<div class=\"elementor-element elementor-element-60a6cfc e-con-full e-flex e-con e-child\" data-id=\"60a6cfc\" data-element_type=\"container\" data-settings=\"{&quot;jet_parallax_layout_list&quot;:[]}\">\n\t\t\t\t<div class=\"elementor-element elementor-element-a112e55 elementor-position-left elementor-position-top elementor-vertical-align-top elementor-widget elementor-widget-image-box\" data-id=\"a112e55\" data-element_type=\"widget\" data-widget_type=\"image-box.default\">\n\t\t\t\t\t<div class=\"elementor-image-box-wrapper\"><figure class=\"elementor-image-box-img\"><img loading=\"lazy\" decoding=\"async\" width=\"150\" height=\"150\" src=\"https:\/\/www.naoevo.com\/wp-content\/uploads\/2023\/04\/easy-installation.png\" class=\"attachment-full size-full wp-image-17552\" alt=\"\" srcset=\"https:\/\/www.naoevo.com\/wp-content\/uploads\/2023\/04\/easy-installation.png 150w, https:\/\/www.naoevo.com\/wp-content\/uploads\/2023\/04\/easy-installation-100x100.png 100w, https:\/\/www.naoevo.com\/wp-content\/uploads\/2023\/04\/easy-installation-64x64.png 64w\" sizes=\"(max-width: 150px) 100vw, 150px\" \/><\/figure><div class=\"elementor-image-box-content\"><h3 class=\"elementor-image-box-title\">Instalaci\u00f3n sencilla<\/h3><p class=\"elementor-image-box-description\">F\u00e1cil de instalar, sin necesidad de cambiar la ruta original del coche, plug and play. Voltear la bombilla horizontalmente si no se enciende para que coincida con la y - +polaridad.<\/p><\/div><\/div>\t\t\t\t<\/div>\n\t\t\t\t<\/div>\n\t\t\t\t<\/div>\n\t\t\t\t<\/div>\n\t\t<div id=\"e-n-tab-content-1973098732\" role=\"tabpanel\" aria-labelledby=\"e-n-tab-title-1973098732\" data-tab-index=\"2\" style=\"--n-tabs-title-order: 2;\" class=\"elementor-element elementor-element-c092c8d e-con-full e-flex e-con e-child\" data-id=\"c092c8d\" data-element_type=\"container\" data-settings=\"{&quot;jet_parallax_layout_list&quot;:[]}\">\n\t\t\t\t<div class=\"elementor-element elementor-element-cecf68c elementor-widget elementor-widget-text-editor\" data-id=\"cecf68c\" data-element_type=\"widget\" data-widget_type=\"text-editor.default\">\n\t\t\t\t\t\t\t\t\t<p>Producto: C3020<br \/>Potencia: 23 W\/Bombilla<br \/>L\u00famenes: 2500LM\/Bombilla<br \/>Tensi\u00f3n de trabajo: DC12-24V<br \/>Corriente de trabajo: 1,8 A<br \/>Color: Blanco\/\u00c1mbar<br \/>Canbus Error Free: S\u00ed<br \/>Garant\u00eda: 1 a\u00f1o<br \/>Uso: Luces de freno, luces de marcha atr\u00e1s, intermitentes, etc.<\/p><p>\u00a0<\/p><h3>Paquete incluido<\/h3><p>2 x NAOEVO Bombilla de se\u00f1alizaci\u00f3n LED<\/p><p>\u00a0<\/p><h3>Talla<\/h3><p>1156, P21W, BA15S<br \/>1156, PY21W, BAU15S<br \/>1157, P21\/5W, BAY15D, P21 5W<br \/>T15, W16W, 921, 912<br \/>T20, 7443, W21\/5W, W21 5W<br \/>T20, 7440, W21W<br \/>T25, 3156, P27W<br \/>T25, 3157, P27\/7W<\/p>\t\t\t\t\t\t\t\t<\/div>\n\t\t\t\t<\/div>\n\t\t\t\t\t<\/div>\n\t\t<\/div>\n\t\t\t\t\t\t<\/div>\n\t\t\t\t\t<\/div>\n\t\t\t\t<\/div>\n\t\t\t\t<\/div>","protected":false},"excerpt":{"rendered":"<p>Estas bombillas LED C5W cuentan con un chip COB de calidad para 300% luz m\u00e1s brillante que la hal\u00f3gena, disponible en tama\u00f1os de 31mm\/39mm\/41mm. Instalaci\u00f3n simple plug-and-play. Adecuado para coches, SUVs, furgonetas-ideal para las luces interiores y exteriores. Dise\u00f1o duradero que garantiza hasta 30.000 horas de uso. Precios al por mayor de f\u00e1brica y servicio OEM disponible.<\/p>","protected":false},"featured_media":4878,"template":"","meta":{"site-sidebar-layout":"default","site-content-layout":"default","ast-site-content-layout":"default","site-content-style":"default","site-sidebar-style":"default","ast-global-header-display":"","ast-banner-title-visibility":"","ast-main-header-display":"","ast-hfb-above-header-display":"","ast-hfb-below-header-display":"","ast-hfb-mobile-header-display":"","site-post-title":"","ast-breadcrumbs-content":"","ast-featured-img":"","footer-sml-layout":"","theme-transparent-header-meta":"default","adv-header-id-meta":"","stick-header-meta":"","header-above-stick-meta":"","header-main-stick-meta":"","header-below-stick-meta":"","astra-migrate-meta-layouts":"set","ast-page-background-enabled":"default","ast-page-background-meta":{"desktop":{"background-color":"var(--ast-global-color-4)","background-image":"","background-repeat":"repeat","background-position":"center center","background-size":"auto","background-attachment":"scroll","background-type":"","background-media":"","overlay-type":"","overlay-color":"","overlay-opacity":"","overlay-gradient":""},"tablet":{"background-color":"","background-image":"","background-repeat":"repeat","background-position":"center center","background-size":"auto","background-attachment":"scroll","background-type":"","background-media":"","overlay-type":"","overlay-color":"","overlay-opacity":"","overlay-gradient":""},"mobile":{"background-color":"","background-image":"","background-repeat":"repeat","background-position":"center center","background-size":"auto","background-attachment":"scroll","background-type":"","background-media":"","overlay-type":"","overlay-color":"","overlay-opacity":"","overlay-gradient":""}},"ast-content-background-meta":{"desktop":{"background-color":"var(--ast-global-color-5)","background-image":"","background-repeat":"repeat","background-position":"center center","background-size":"auto","background-attachment":"scroll","background-type":"","background-media":"","overlay-type":"","overlay-color":"","overlay-opacity":"","overlay-gradient":""},"tablet":{"background-color":"var(--ast-global-color-5)","background-image":"","background-repeat":"repeat","background-position":"center center","background-size":"auto","background-attachment":"scroll","background-type":"","background-media":"","overlay-type":"","overlay-color":"","overlay-opacity":"","overlay-gradient":""},"mobile":{"background-color":"var(--ast-global-color-5)","background-image":"","background-repeat":"repeat","background-position":"center center","background-size":"auto","background-attachment":"scroll","background-type":"","background-media":"","overlay-type":"","overlay-color":"","overlay-opacity":"","overlay-gradient":""}}},"product_brand":[],"product_cat":[190,104],"product_tag":[],"class_list":{"0":"post-4877","1":"product","2":"type-product","3":"status-publish","4":"has-post-thumbnail","6":"product_cat-china-led-headlight-bulbs-supplier","7":"product_cat-exterior-interior-lights","8":"pa_model-c5w-c10w","9":"desktop-align-left","10":"tablet-align-left","11":"mobile-align-left","13":"first","14":"instock","15":"sold-individually","16":"shipping-taxable","17":"purchasable","18":"product-type-variable"},"yoast_head":"<!-- This site is optimized with the Yoast SEO plugin v24.7 - https:\/\/yoast.com\/wordpress\/plugins\/seo\/ -->\n<title>C5W C10W Car Interior Lights 31mm 39mm 41mm - NAOEVO C5W-GY - NAOEVO<\/title>\n<meta name=\"robots\" content=\"index, follow, max-snippet:-1, max-image-preview:large, max-video-preview:-1\" \/>\n<link rel=\"canonical\" href=\"https:\/\/www.naoevo.com\/es\/product\/c5w-c10w-car-interior-lights-31mm-39mm-41mm-naoevo-c5w-gy\/\" \/>\n<meta property=\"og:locale\" content=\"es_ES\" \/>\n<meta property=\"og:type\" content=\"article\" \/>\n<meta property=\"og:title\" content=\"C5W C10W Car Interior Lights 31mm 39mm 41mm - NAOEVO C5W-GY - NAOEVO\" \/>\n<meta property=\"og:description\" content=\"These C5W LED bulbs feature a quality COB chip for 300% brighter light than halogen, available in 31mm\/39mm\/41mm sizes. Simple plug-and-play installation. Suitable for cars, SUVs, vans\u2014ideal for interior and exterior lights. Durable design ensures up to 30,000 hours of use. Factory wholesale pricing and OEM service available.\" \/>\n<meta property=\"og:url\" content=\"https:\/\/www.naoevo.com\/es\/product\/c5w-c10w-car-interior-lights-31mm-39mm-41mm-naoevo-c5w-gy\/\" \/>\n<meta property=\"og:site_name\" content=\"NAOEVO\" \/>\n<meta property=\"article:publisher\" content=\"https:\/\/www.facebook.com\/naoevolighting\" \/>\n<meta property=\"article:modified_time\" content=\"2025-06-06T03:31:45+00:00\" \/>\n<meta property=\"og:image\" content=\"https:\/\/www.naoevo.com\/wp-content\/uploads\/2023\/04\/NAOEVO-C5W-GY.webp\" \/>\n\t<meta property=\"og:image:width\" content=\"1001\" \/>\n\t<meta property=\"og:image:height\" content=\"1001\" \/>\n\t<meta property=\"og:image:type\" content=\"image\/webp\" \/>\n<meta name=\"twitter:card\" content=\"summary_large_image\" \/>\n<script type=\"application\/ld+json\" class=\"yoast-schema-graph\">{\"@context\":\"https:\/\/schema.org\",\"@graph\":[{\"@type\":\"WebPage\",\"@id\":\"https:\/\/www.naoevo.com\/product\/c5w-c10w-car-interior-lights-31mm-39mm-41mm-naoevo-c5w-gy\/\",\"url\":\"https:\/\/www.naoevo.com\/product\/c5w-c10w-car-interior-lights-31mm-39mm-41mm-naoevo-c5w-gy\/\",\"name\":\"C5W C10W Car Interior Lights 31mm 39mm 41mm - NAOEVO C5W-GY - NAOEVO\",\"isPartOf\":{\"@id\":\"https:\/\/www.naoevo.com\/#website\"},\"primaryImageOfPage\":{\"@id\":\"https:\/\/www.naoevo.com\/product\/c5w-c10w-car-interior-lights-31mm-39mm-41mm-naoevo-c5w-gy\/#primaryimage\"},\"image\":{\"@id\":\"https:\/\/www.naoevo.com\/product\/c5w-c10w-car-interior-lights-31mm-39mm-41mm-naoevo-c5w-gy\/#primaryimage\"},\"thumbnailUrl\":\"https:\/\/www.naoevo.com\/wp-content\/uploads\/2023\/04\/NAOEVO-C5W-GY.webp\",\"datePublished\":\"2023-04-07T02:07:30+00:00\",\"dateModified\":\"2025-06-06T03:31:45+00:00\",\"breadcrumb\":{\"@id\":\"https:\/\/www.naoevo.com\/product\/c5w-c10w-car-interior-lights-31mm-39mm-41mm-naoevo-c5w-gy\/#breadcrumb\"},\"inLanguage\":\"es\",\"potentialAction\":[{\"@type\":\"ReadAction\",\"target\":[\"https:\/\/www.naoevo.com\/product\/c5w-c10w-car-interior-lights-31mm-39mm-41mm-naoevo-c5w-gy\/\"]}]},{\"@type\":\"ImageObject\",\"inLanguage\":\"es\",\"@id\":\"https:\/\/www.naoevo.com\/product\/c5w-c10w-car-interior-lights-31mm-39mm-41mm-naoevo-c5w-gy\/#primaryimage\",\"url\":\"https:\/\/www.naoevo.com\/wp-content\/uploads\/2023\/04\/NAOEVO-C5W-GY.webp\",\"contentUrl\":\"https:\/\/www.naoevo.com\/wp-content\/uploads\/2023\/04\/NAOEVO-C5W-GY.webp\",\"width\":1001,\"height\":1001,\"caption\":\"C5W C10W Car Interior Lights 31mm 39mm 41mm - NAOEVO C5W-GY\"},{\"@type\":\"BreadcrumbList\",\"@id\":\"https:\/\/www.naoevo.com\/product\/c5w-c10w-car-interior-lights-31mm-39mm-41mm-naoevo-c5w-gy\/#breadcrumb\",\"itemListElement\":[{\"@type\":\"ListItem\",\"position\":1,\"name\":\"Home\",\"item\":\"https:\/\/www.naoevo.com\/\"},{\"@type\":\"ListItem\",\"position\":2,\"name\":\"Products\",\"item\":\"https:\/\/www.naoevo.com\/shop__trashed\/\"},{\"@type\":\"ListItem\",\"position\":3,\"name\":\"LED Car Exterior &amp; Interior Lights\",\"item\":\"https:\/\/www.naoevo.com\/product-category\/exterior-interior-lights\/\"},{\"@type\":\"ListItem\",\"position\":4,\"name\":\"C5W C10W Car Interior Lights 31mm 39mm 41mm &#8211; NAOEVO C5W-GY\"}]},{\"@type\":\"WebSite\",\"@id\":\"https:\/\/www.naoevo.com\/#website\",\"url\":\"https:\/\/www.naoevo.com\/\",\"name\":\"NAOEVO Auto Lighting\",\"description\":\"THE BEST AUTOMOTIVE LIGHTING MANUFACTURER\",\"publisher\":{\"@id\":\"https:\/\/www.naoevo.com\/#organization\"},\"potentialAction\":[{\"@type\":\"SearchAction\",\"target\":{\"@type\":\"EntryPoint\",\"urlTemplate\":\"https:\/\/www.naoevo.com\/?s={search_term_string}\"},\"query-input\":{\"@type\":\"PropertyValueSpecification\",\"valueRequired\":true,\"valueName\":\"search_term_string\"}}],\"inLanguage\":\"es\"},{\"@type\":\"Organization\",\"@id\":\"https:\/\/www.naoevo.com\/#organization\",\"name\":\"NAOEVO Auto Lighting\",\"url\":\"https:\/\/www.naoevo.com\/\",\"logo\":{\"@type\":\"ImageObject\",\"inLanguage\":\"es\",\"@id\":\"https:\/\/www.naoevo.com\/#\/schema\/logo\/image\/\",\"url\":\"https:\/\/www.naoevo.com\/wp-content\/uploads\/2023\/03\/cropped-NAOEVO-LOGO-2023.png\",\"contentUrl\":\"https:\/\/www.naoevo.com\/wp-content\/uploads\/2023\/03\/cropped-NAOEVO-LOGO-2023.png\",\"width\":1168,\"height\":151,\"caption\":\"NAOEVO Auto Lighting\"},\"image\":{\"@id\":\"https:\/\/www.naoevo.com\/#\/schema\/logo\/image\/\"},\"sameAs\":[\"https:\/\/www.facebook.com\/naoevolighting\",\"https:\/\/www.instagram.com\/naoevolightings\/\"]}]}<\/script>\n<!-- \/ Yoast SEO plugin. -->","yoast_head_json":{"title":"C5W C10W Car Interior Lights 31mm 39mm 41mm - NAOEVO C5W-GY - NAOEVO","robots":{"index":"index","follow":"follow","max-snippet":"max-snippet:-1","max-image-preview":"max-image-preview:large","max-video-preview":"max-video-preview:-1"},"canonical":"https:\/\/www.naoevo.com\/es\/product\/c5w-c10w-car-interior-lights-31mm-39mm-41mm-naoevo-c5w-gy\/","og_locale":"es_ES","og_type":"article","og_title":"C5W C10W Car Interior Lights 31mm 39mm 41mm - NAOEVO C5W-GY - NAOEVO","og_description":"These C5W LED bulbs feature a quality COB chip for 300% brighter light than halogen, available in 31mm\/39mm\/41mm sizes. Simple plug-and-play installation. Suitable for cars, SUVs, vans\u2014ideal for interior and exterior lights. Durable design ensures up to 30,000 hours of use. Factory wholesale pricing and OEM service available.","og_url":"https:\/\/www.naoevo.com\/es\/product\/c5w-c10w-car-interior-lights-31mm-39mm-41mm-naoevo-c5w-gy\/","og_site_name":"NAOEVO","article_publisher":"https:\/\/www.facebook.com\/naoevolighting","article_modified_time":"2025-06-06T03:31:45+00:00","og_image":[{"width":1001,"height":1001,"url":"https:\/\/www.naoevo.com\/wp-content\/uploads\/2023\/04\/NAOEVO-C5W-GY.webp","type":"image\/webp"}],"twitter_card":"summary_large_image","schema":{"@context":"https:\/\/schema.org","@graph":[{"@type":"WebPage","@id":"https:\/\/www.naoevo.com\/product\/c5w-c10w-car-interior-lights-31mm-39mm-41mm-naoevo-c5w-gy\/","url":"https:\/\/www.naoevo.com\/product\/c5w-c10w-car-interior-lights-31mm-39mm-41mm-naoevo-c5w-gy\/","name":"C5W C10W Car Interior Lights 31mm 39mm 41mm - NAOEVO C5W-GY - NAOEVO","isPartOf":{"@id":"https:\/\/www.naoevo.com\/#website"},"primaryImageOfPage":{"@id":"https:\/\/www.naoevo.com\/product\/c5w-c10w-car-interior-lights-31mm-39mm-41mm-naoevo-c5w-gy\/#primaryimage"},"image":{"@id":"https:\/\/www.naoevo.com\/product\/c5w-c10w-car-interior-lights-31mm-39mm-41mm-naoevo-c5w-gy\/#primaryimage"},"thumbnailUrl":"https:\/\/www.naoevo.com\/wp-content\/uploads\/2023\/04\/NAOEVO-C5W-GY.webp","datePublished":"2023-04-07T02:07:30+00:00","dateModified":"2025-06-06T03:31:45+00:00","breadcrumb":{"@id":"https:\/\/www.naoevo.com\/product\/c5w-c10w-car-interior-lights-31mm-39mm-41mm-naoevo-c5w-gy\/#breadcrumb"},"inLanguage":"es","potentialAction":[{"@type":"ReadAction","target":["https:\/\/www.naoevo.com\/product\/c5w-c10w-car-interior-lights-31mm-39mm-41mm-naoevo-c5w-gy\/"]}]},{"@type":"ImageObject","inLanguage":"es","@id":"https:\/\/www.naoevo.com\/product\/c5w-c10w-car-interior-lights-31mm-39mm-41mm-naoevo-c5w-gy\/#primaryimage","url":"https:\/\/www.naoevo.com\/wp-content\/uploads\/2023\/04\/NAOEVO-C5W-GY.webp","contentUrl":"https:\/\/www.naoevo.com\/wp-content\/uploads\/2023\/04\/NAOEVO-C5W-GY.webp","width":1001,"height":1001,"caption":"C5W C10W Car Interior Lights 31mm 39mm 41mm - NAOEVO C5W-GY"},{"@type":"BreadcrumbList","@id":"https:\/\/www.naoevo.com\/product\/c5w-c10w-car-interior-lights-31mm-39mm-41mm-naoevo-c5w-gy\/#breadcrumb","itemListElement":[{"@type":"ListItem","position":1,"name":"Home","item":"https:\/\/www.naoevo.com\/"},{"@type":"ListItem","position":2,"name":"Products","item":"https:\/\/www.naoevo.com\/shop__trashed\/"},{"@type":"ListItem","position":3,"name":"LED Car Exterior &amp; Interior Lights","item":"https:\/\/www.naoevo.com\/product-category\/exterior-interior-lights\/"},{"@type":"ListItem","position":4,"name":"C5W C10W Car Interior Lights 31mm 39mm 41mm &#8211; NAOEVO C5W-GY"}]},{"@type":"WebSite","@id":"https:\/\/www.naoevo.com\/#website","url":"https:\/\/www.naoevo.com\/","name":"NAOEVO Auto Lighting","description":"THE BEST AUTOMOTIVE LIGHTING MANUFACTURER","publisher":{"@id":"https:\/\/www.naoevo.com\/#organization"},"potentialAction":[{"@type":"SearchAction","target":{"@type":"EntryPoint","urlTemplate":"https:\/\/www.naoevo.com\/?s={search_term_string}"},"query-input":{"@type":"PropertyValueSpecification","valueRequired":true,"valueName":"search_term_string"}}],"inLanguage":"es"},{"@type":"Organization","@id":"https:\/\/www.naoevo.com\/#organization","name":"NAOEVO Auto Lighting","url":"https:\/\/www.naoevo.com\/","logo":{"@type":"ImageObject","inLanguage":"es","@id":"https:\/\/www.naoevo.com\/#\/schema\/logo\/image\/","url":"https:\/\/www.naoevo.com\/wp-content\/uploads\/2023\/03\/cropped-NAOEVO-LOGO-2023.png","contentUrl":"https:\/\/www.naoevo.com\/wp-content\/uploads\/2023\/03\/cropped-NAOEVO-LOGO-2023.png","width":1168,"height":151,"caption":"NAOEVO Auto Lighting"},"image":{"@id":"https:\/\/www.naoevo.com\/#\/schema\/logo\/image\/"},"sameAs":["https:\/\/www.facebook.com\/naoevolighting","https:\/\/www.instagram.com\/naoevolightings\/"]}]}},"_links":{"self":[{"href":"https:\/\/www.naoevo.com\/es\/wp-json\/wp\/v2\/product\/4877","targetHints":{"allow":["GET"]}}],"collection":[{"href":"https:\/\/www.naoevo.com\/es\/wp-json\/wp\/v2\/product"}],"about":[{"href":"https:\/\/www.naoevo.com\/es\/wp-json\/wp\/v2\/types\/product"}],"version-history":[{"count":6,"href":"https:\/\/www.naoevo.com\/es\/wp-json\/wp\/v2\/product\/4877\/revisions"}],"predecessor-version":[{"id":17555,"href":"https:\/\/www.naoevo.com\/es\/wp-json\/wp\/v2\/product\/4877\/revisions\/17555"}],"wp:featuredmedia":[{"embeddable":true,"href":"https:\/\/www.naoevo.com\/es\/wp-json\/wp\/v2\/media\/4878"}],"wp:attachment":[{"href":"https:\/\/www.naoevo.com\/es\/wp-json\/wp\/v2\/media?parent=4877"}],"wp:term":[{"taxonomy":"product_brand","embeddable":true,"href":"https:\/\/www.naoevo.com\/es\/wp-json\/wp\/v2\/product_brand?post=4877"},{"taxonomy":"product_cat","embeddable":true,"href":"https:\/\/www.naoevo.com\/es\/wp-json\/wp\/v2\/product_cat?post=4877"},{"taxonomy":"product_tag","embeddable":true,"href":"https:\/\/www.naoevo.com\/es\/wp-json\/wp\/v2\/product_tag?post=4877"}],"curies":[{"name":"wp","href":"https:\/\/api.w.org\/{rel}","templated":true}]}}