{"id":4867,"date":"2023-04-07T01:51:11","date_gmt":"2023-04-07T01:51:11","guid":{"rendered":"https:\/\/www.naoevo.com\/?post_type=product&#038;p=4867"},"modified":"2025-06-06T11:52:14","modified_gmt":"2025-06-06T03:52:14","slug":"c5w-c10w-car-interior-light-31mm-36mm-39mm-41mm-naoevo-cms","status":"publish","type":"product","link":"https:\/\/www.naoevo.com\/es\/product\/c5w-c10w-car-interior-light-31mm-36mm-39mm-41mm-naoevo-cms\/","title":{"rendered":"C5W C10W Luz Interior Coche 31mm 36mm 39mm 41mm - NAOEVO CMS"},"content":{"rendered":"<div data-elementor-type=\"product-post\" data-elementor-id=\"4867\" class=\"elementor elementor-4867\" data-elementor-post-type=\"product\">\n\t\t\t\t<div class=\"elementor-element elementor-element-17ad6b7 e-flex e-con-boxed e-con e-parent\" data-id=\"17ad6b7\" data-element_type=\"container\" data-settings=\"{&quot;jet_parallax_layout_list&quot;:[]}\">\n\t\t\t\t\t<div class=\"e-con-inner\">\n\t\t\t\t<div class=\"elementor-element elementor-element-3ee4ae1 e-n-tabs-none elementor-widget elementor-widget-n-tabs\" data-id=\"3ee4ae1\" data-element_type=\"widget\" data-settings=\"{&quot;tabs_justify_horizontal&quot;:&quot;start&quot;,&quot;horizontal_scroll&quot;:&quot;enable&quot;}\" data-widget_type=\"nested-tabs.default\">\n\t\t\t\t\t\t\t<div class=\"e-n-tabs\" data-widget-number=\"65948385\" aria-label=\"Pesta\u00f1as. Abre elementos con Intro o Espacio, ci\u00e9rralos con Escape y navega con las Flechas.\">\n\t\t\t<div class=\"e-n-tabs-heading\" role=\"tablist\">\n\t\t\t\t\t<button id=\"e-n-tab-title-659483851\" class=\"e-n-tab-title\" aria-selected=\"true\" data-tab-index=\"1\" role=\"tab\" tabindex=\"0\" aria-controls=\"e-n-tab-content-659483851\" style=\"--n-tabs-title-order: 1;\">\n\t\t\t\t\t\t<span class=\"e-n-tab-title-text\">\n\t\t\t\tCARACTER\u00cdSTICAS\t\t\t<\/span>\n\t\t<\/button>\n\t\t\t\t<button id=\"e-n-tab-title-659483852\" class=\"e-n-tab-title\" aria-selected=\"false\" data-tab-index=\"2\" role=\"tab\" tabindex=\"-1\" aria-controls=\"e-n-tab-content-659483852\" style=\"--n-tabs-title-order: 2;\">\n\t\t\t\t\t\t<span class=\"e-n-tab-title-text\">\n\t\t\t\tESPECIFICACIONES\t\t\t<\/span>\n\t\t<\/button>\n\t\t\t\t\t<\/div>\n\t\t\t<div class=\"e-n-tabs-content\">\n\t\t\t\t<div id=\"e-n-tab-content-659483851\" role=\"tabpanel\" aria-labelledby=\"e-n-tab-title-659483851\" data-tab-index=\"1\" style=\"--n-tabs-title-order: 1;\" class=\"e-active elementor-element elementor-element-5023f4f e-con-full e-flex e-con e-child\" data-id=\"5023f4f\" data-element_type=\"container\" data-settings=\"{&quot;jet_parallax_layout_list&quot;:[]}\">\n\t\t<div class=\"elementor-element elementor-element-dd01896 e-con-full e-grid e-con e-child\" data-id=\"dd01896\" data-element_type=\"container\" data-settings=\"{&quot;jet_parallax_layout_list&quot;:[]}\">\n\t\t<div class=\"elementor-element elementor-element-0618871 e-con-full e-flex e-con e-child\" data-id=\"0618871\" data-element_type=\"container\" data-settings=\"{&quot;jet_parallax_layout_list&quot;:[]}\">\n\t\t\t\t<div class=\"elementor-element elementor-element-a2c0d4f elementor-vertical-align-top elementor-widget elementor-widget-image-box\" data-id=\"a2c0d4f\" data-element_type=\"widget\" data-widget_type=\"image-box.default\">\n\t\t\t\t\t<div class=\"elementor-image-box-wrapper\"><div class=\"elementor-image-box-content\"><h3 class=\"elementor-image-box-title\">Selecci\u00f3n de varios tama\u00f1os<\/h3><p class=\"elementor-image-box-description\">Mejora las luces interiores de tu coche con la selecci\u00f3n de m\u00faltiples tama\u00f1os de 31mm 36mm 39mm 41mm. Los chips CSP LED de alta calidad son adecuados para satisfacer su uso diario y la demanda de decoraci\u00f3n, combinaci\u00f3n pr\u00e1ctica, con lo que la comodidad de su vida.<\/p><\/div><\/div>\t\t\t\t<\/div>\n\t\t\t\t<\/div>\n\t\t<div class=\"elementor-element elementor-element-8080b84 e-con-full e-flex e-con e-child\" data-id=\"8080b84\" data-element_type=\"container\" data-settings=\"{&quot;jet_parallax_layout_list&quot;:[]}\">\n\t\t\t\t<div class=\"elementor-element elementor-element-6b850a9 elementor-vertical-align-top elementor-widget elementor-widget-image-box\" data-id=\"6b850a9\" data-element_type=\"widget\" data-widget_type=\"image-box.default\">\n\t\t\t\t\t<div class=\"elementor-image-box-wrapper\"><div class=\"elementor-image-box-content\"><h3 class=\"elementor-image-box-title\">Alto brillo blanco<\/h3><p class=\"elementor-image-box-description\">Las bombillas LED C5W est\u00e1n hechas de potentes chips 3030, produciendo 6500K blanco fr\u00edo para que vea m\u00e1s claro dentro del coche.<\/p><\/div><\/div>\t\t\t\t<\/div>\n\t\t\t\t<\/div>\n\t\t<div class=\"elementor-element elementor-element-e426f81 e-con-full e-flex e-con e-child\" data-id=\"e426f81\" data-element_type=\"container\" data-settings=\"{&quot;jet_parallax_layout_list&quot;:[]}\">\n\t\t\t\t<div class=\"elementor-element elementor-element-25cf3b5 elementor-vertical-align-top elementor-widget elementor-widget-image-box\" data-id=\"25cf3b5\" data-element_type=\"widget\" data-widget_type=\"image-box.default\">\n\t\t\t\t\t<div class=\"elementor-image-box-wrapper\"><div class=\"elementor-image-box-content\"><h3 class=\"elementor-image-box-title\">F\u00e1cil instalaci\u00f3n Sin polaridad<\/h3><p class=\"elementor-image-box-description\">Las luces LED tipo fest\u00f3n NAOEVO C5W est\u00e1n dise\u00f1adas para una f\u00e1cil instalaci\u00f3n. Todo lo que tiene que hacer es cambiar la bombilla vieja por la nueva bombilla LED enchuf\u00e1ndola. Las bombillas LED NAOEVO C5W tienen un dise\u00f1o sin polaridad, por lo que la instalaci\u00f3n no es un problema.<\/p><\/div><\/div>\t\t\t\t<\/div>\n\t\t\t\t<\/div>\n\t\t<div class=\"elementor-element elementor-element-08e7e79 e-con-full e-flex e-con e-child\" data-id=\"08e7e79\" data-element_type=\"container\" data-settings=\"{&quot;jet_parallax_layout_list&quot;:[]}\">\n\t\t\t\t<div class=\"elementor-element elementor-element-ab6632e elementor-vertical-align-top elementor-widget elementor-widget-image-box\" data-id=\"ab6632e\" data-element_type=\"widget\" data-widget_type=\"image-box.default\">\n\t\t\t\t\t<div class=\"elementor-image-box-wrapper\"><div class=\"elementor-image-box-content\"><h3 class=\"elementor-image-box-title\">Amplias opciones de color<\/h3><p class=\"elementor-image-box-description\">Las opciones de color pueden ser confusas, especialmente con tantas variaciones del mismo color, lo entendemos. Ofrecemos 3 colores diferentes de luz (blanco, azul cristal, amarillo), as\u00ed como varios otros colores.<\/p><\/div><\/div>\t\t\t\t<\/div>\n\t\t\t\t<\/div>\n\t\t\t\t<\/div>\n\t\t\t\t<\/div>\n\t\t<div id=\"e-n-tab-content-659483852\" role=\"tabpanel\" aria-labelledby=\"e-n-tab-title-659483852\" data-tab-index=\"2\" style=\"--n-tabs-title-order: 2;\" class=\"elementor-element elementor-element-fec8987 e-con-full e-flex e-con e-child\" data-id=\"fec8987\" data-element_type=\"container\" data-settings=\"{&quot;jet_parallax_layout_list&quot;:[]}\">\n\t\t\t\t<div class=\"elementor-element elementor-element-3218cdd elementor-widget elementor-widget-text-editor\" data-id=\"3218cdd\" data-element_type=\"widget\" data-widget_type=\"text-editor.default\">\n\t\t\t\t\t\t\t\t\t<p>Producto: CMSC5W<br \/>Tama\u00f1o: Festoon 31mm\/36mm\/39mm\/41mm<br \/>Potencia: 2 W\/Bombilla 4 W\/Par<br \/>L\u00famenes: 600LM\/Bombilla<br \/>Tipo de chip: SMD3030<br \/>Tensi\u00f3n de trabajo: DC12V-24V<br \/>Corriente de trabajo: 0,04 A<br \/>Color: Blanco\/Bombilla de cristal\/Amarillo<br \/>Garant\u00eda: 1 a\u00f1o<br \/>Utilizaci\u00f3n: Luces de matr\u00edcula, luces de cabina, luces de c\u00fapula, luces de mapa, luces de g\u00e1libo, luces de marcha atr\u00e1s, luces de freno, luces antiniebla, etc.<\/p><p>\u00a0<\/p><h2>Paquete incluido<\/h2><p>2 x NAOEVO C5W Bombillas LED<\/p><p>\u00a0<\/p><h2>Talla<\/h2><p>C5W C10W<\/p>\t\t\t\t\t\t\t\t<\/div>\n\t\t\t\t<\/div>\n\t\t\t\t\t<\/div>\n\t\t<\/div>\n\t\t\t\t\t\t<\/div>\n\t\t\t\t\t<\/div>\n\t\t\t\t<\/div>\n\t\t\t\t<\/div>","protected":false},"excerpt":{"rendered":"<p>Disponibles en tama\u00f1os de 31 mm, 36 mm, 39 mm y 41 mm, estas bombillas LED NAOEVO CMS C5W utilizan chips 3030 de calidad para obtener una luz blanca brillante de 6500 K. No polaridad, plug-and-play de instalaci\u00f3n hace que las actualizaciones f\u00e1cil. Elija entre blanco, azul cristal, amarillo, y m\u00e1s colores para que coincida con su interior o estilo personal.<\/p>","protected":false},"featured_media":4869,"template":"","meta":{"site-sidebar-layout":"default","site-content-layout":"default","ast-site-content-layout":"default","site-content-style":"default","site-sidebar-style":"default","ast-global-header-display":"","ast-banner-title-visibility":"","ast-main-header-display":"","ast-hfb-above-header-display":"","ast-hfb-below-header-display":"","ast-hfb-mobile-header-display":"","site-post-title":"","ast-breadcrumbs-content":"","ast-featured-img":"","footer-sml-layout":"","theme-transparent-header-meta":"default","adv-header-id-meta":"","stick-header-meta":"","header-above-stick-meta":"","header-main-stick-meta":"","header-below-stick-meta":"","astra-migrate-meta-layouts":"set","ast-page-background-enabled":"default","ast-page-background-meta":{"desktop":{"background-color":"var(--ast-global-color-4)","background-image":"","background-repeat":"repeat","background-position":"center center","background-size":"auto","background-attachment":"scroll","background-type":"","background-media":"","overlay-type":"","overlay-color":"","overlay-opacity":"","overlay-gradient":""},"tablet":{"background-color":"","background-image":"","background-repeat":"repeat","background-position":"center center","background-size":"auto","background-attachment":"scroll","background-type":"","background-media":"","overlay-type":"","overlay-color":"","overlay-opacity":"","overlay-gradient":""},"mobile":{"background-color":"","background-image":"","background-repeat":"repeat","background-position":"center center","background-size":"auto","background-attachment":"scroll","background-type":"","background-media":"","overlay-type":"","overlay-color":"","overlay-opacity":"","overlay-gradient":""}},"ast-content-background-meta":{"desktop":{"background-color":"var(--ast-global-color-5)","background-image":"","background-repeat":"repeat","background-position":"center center","background-size":"auto","background-attachment":"scroll","background-type":"","background-media":"","overlay-type":"","overlay-color":"","overlay-opacity":"","overlay-gradient":""},"tablet":{"background-color":"var(--ast-global-color-5)","background-image":"","background-repeat":"repeat","background-position":"center center","background-size":"auto","background-attachment":"scroll","background-type":"","background-media":"","overlay-type":"","overlay-color":"","overlay-opacity":"","overlay-gradient":""},"mobile":{"background-color":"var(--ast-global-color-5)","background-image":"","background-repeat":"repeat","background-position":"center center","background-size":"auto","background-attachment":"scroll","background-type":"","background-media":"","overlay-type":"","overlay-color":"","overlay-opacity":"","overlay-gradient":""}}},"product_brand":[],"product_cat":[190,104],"product_tag":[],"class_list":{"0":"post-4867","1":"product","2":"type-product","3":"status-publish","4":"has-post-thumbnail","6":"product_cat-china-led-headlight-bulbs-supplier","7":"product_cat-exterior-interior-lights","8":"pa_model-c5w-c10w","9":"desktop-align-left","10":"tablet-align-left","11":"mobile-align-left","13":"first","14":"instock","15":"sold-individually","16":"shipping-taxable","17":"purchasable","18":"product-type-variable"},"yoast_head":"<!-- This site is optimized with the Yoast SEO plugin v24.7 - https:\/\/yoast.com\/wordpress\/plugins\/seo\/ -->\n<title>C5W C10W Car Interior Light 31mm 36mm 39mm 41mm - NAOEVO CMS - NAOEVO<\/title>\n<meta name=\"robots\" content=\"index, follow, max-snippet:-1, max-image-preview:large, max-video-preview:-1\" \/>\n<link rel=\"canonical\" href=\"https:\/\/www.naoevo.com\/es\/product\/c5w-c10w-car-interior-light-31mm-36mm-39mm-41mm-naoevo-cms\/\" \/>\n<meta property=\"og:locale\" content=\"es_ES\" \/>\n<meta property=\"og:type\" content=\"article\" \/>\n<meta property=\"og:title\" content=\"C5W C10W Car Interior Light 31mm 36mm 39mm 41mm - NAOEVO CMS - NAOEVO\" \/>\n<meta property=\"og:description\" content=\"Available in 31mm, 36mm, 39mm, and 41mm sizes, these NAOEVO CMS C5W LED bulbs use quality 3030 chips for bright 6500K white light. Non-polarity, plug-and-play installation makes upgrades easy. Choose from white, crystal blue, yellow, and more colors to match your interior or personal style.\" \/>\n<meta property=\"og:url\" content=\"https:\/\/www.naoevo.com\/es\/product\/c5w-c10w-car-interior-light-31mm-36mm-39mm-41mm-naoevo-cms\/\" \/>\n<meta property=\"og:site_name\" content=\"NAOEVO\" \/>\n<meta property=\"article:publisher\" content=\"https:\/\/www.facebook.com\/naoevolighting\" \/>\n<meta property=\"article:modified_time\" content=\"2025-06-06T03:52:14+00:00\" \/>\n<meta property=\"og:image\" content=\"https:\/\/www.naoevo.com\/wp-content\/uploads\/2023\/04\/NAOEVO-CMSC5W.webp\" \/>\n\t<meta property=\"og:image:width\" content=\"1001\" \/>\n\t<meta property=\"og:image:height\" content=\"1001\" \/>\n\t<meta property=\"og:image:type\" content=\"image\/webp\" \/>\n<meta name=\"twitter:card\" content=\"summary_large_image\" \/>\n<script type=\"application\/ld+json\" class=\"yoast-schema-graph\">{\"@context\":\"https:\/\/schema.org\",\"@graph\":[{\"@type\":\"WebPage\",\"@id\":\"https:\/\/www.naoevo.com\/product\/c5w-c10w-car-interior-light-31mm-36mm-39mm-41mm-naoevo-cms\/\",\"url\":\"https:\/\/www.naoevo.com\/product\/c5w-c10w-car-interior-light-31mm-36mm-39mm-41mm-naoevo-cms\/\",\"name\":\"C5W C10W Car Interior Light 31mm 36mm 39mm 41mm - NAOEVO CMS - NAOEVO\",\"isPartOf\":{\"@id\":\"https:\/\/www.naoevo.com\/#website\"},\"primaryImageOfPage\":{\"@id\":\"https:\/\/www.naoevo.com\/product\/c5w-c10w-car-interior-light-31mm-36mm-39mm-41mm-naoevo-cms\/#primaryimage\"},\"image\":{\"@id\":\"https:\/\/www.naoevo.com\/product\/c5w-c10w-car-interior-light-31mm-36mm-39mm-41mm-naoevo-cms\/#primaryimage\"},\"thumbnailUrl\":\"https:\/\/www.naoevo.com\/wp-content\/uploads\/2023\/04\/NAOEVO-CMSC5W.webp\",\"datePublished\":\"2023-04-07T01:51:11+00:00\",\"dateModified\":\"2025-06-06T03:52:14+00:00\",\"breadcrumb\":{\"@id\":\"https:\/\/www.naoevo.com\/product\/c5w-c10w-car-interior-light-31mm-36mm-39mm-41mm-naoevo-cms\/#breadcrumb\"},\"inLanguage\":\"es\",\"potentialAction\":[{\"@type\":\"ReadAction\",\"target\":[\"https:\/\/www.naoevo.com\/product\/c5w-c10w-car-interior-light-31mm-36mm-39mm-41mm-naoevo-cms\/\"]}]},{\"@type\":\"ImageObject\",\"inLanguage\":\"es\",\"@id\":\"https:\/\/www.naoevo.com\/product\/c5w-c10w-car-interior-light-31mm-36mm-39mm-41mm-naoevo-cms\/#primaryimage\",\"url\":\"https:\/\/www.naoevo.com\/wp-content\/uploads\/2023\/04\/NAOEVO-CMSC5W.webp\",\"contentUrl\":\"https:\/\/www.naoevo.com\/wp-content\/uploads\/2023\/04\/NAOEVO-CMSC5W.webp\",\"width\":1001,\"height\":1001,\"caption\":\"C5W C10W Car Interior Light 31mm 36mm 39mm 41mm - NAOEVO CMS\"},{\"@type\":\"BreadcrumbList\",\"@id\":\"https:\/\/www.naoevo.com\/product\/c5w-c10w-car-interior-light-31mm-36mm-39mm-41mm-naoevo-cms\/#breadcrumb\",\"itemListElement\":[{\"@type\":\"ListItem\",\"position\":1,\"name\":\"Home\",\"item\":\"https:\/\/www.naoevo.com\/\"},{\"@type\":\"ListItem\",\"position\":2,\"name\":\"Products\",\"item\":\"https:\/\/www.naoevo.com\/shop__trashed\/\"},{\"@type\":\"ListItem\",\"position\":3,\"name\":\"LED Car Exterior &amp; Interior Lights\",\"item\":\"https:\/\/www.naoevo.com\/product-category\/exterior-interior-lights\/\"},{\"@type\":\"ListItem\",\"position\":4,\"name\":\"C5W C10W Car Interior Light 31mm 36mm 39mm 41mm &#8211; NAOEVO CMS\"}]},{\"@type\":\"WebSite\",\"@id\":\"https:\/\/www.naoevo.com\/#website\",\"url\":\"https:\/\/www.naoevo.com\/\",\"name\":\"NAOEVO Auto Lighting\",\"description\":\"THE BEST AUTOMOTIVE LIGHTING MANUFACTURER\",\"publisher\":{\"@id\":\"https:\/\/www.naoevo.com\/#organization\"},\"potentialAction\":[{\"@type\":\"SearchAction\",\"target\":{\"@type\":\"EntryPoint\",\"urlTemplate\":\"https:\/\/www.naoevo.com\/?s={search_term_string}\"},\"query-input\":{\"@type\":\"PropertyValueSpecification\",\"valueRequired\":true,\"valueName\":\"search_term_string\"}}],\"inLanguage\":\"es\"},{\"@type\":\"Organization\",\"@id\":\"https:\/\/www.naoevo.com\/#organization\",\"name\":\"NAOEVO Auto Lighting\",\"url\":\"https:\/\/www.naoevo.com\/\",\"logo\":{\"@type\":\"ImageObject\",\"inLanguage\":\"es\",\"@id\":\"https:\/\/www.naoevo.com\/#\/schema\/logo\/image\/\",\"url\":\"https:\/\/www.naoevo.com\/wp-content\/uploads\/2023\/03\/cropped-NAOEVO-LOGO-2023.png\",\"contentUrl\":\"https:\/\/www.naoevo.com\/wp-content\/uploads\/2023\/03\/cropped-NAOEVO-LOGO-2023.png\",\"width\":1168,\"height\":151,\"caption\":\"NAOEVO Auto Lighting\"},\"image\":{\"@id\":\"https:\/\/www.naoevo.com\/#\/schema\/logo\/image\/\"},\"sameAs\":[\"https:\/\/www.facebook.com\/naoevolighting\",\"https:\/\/www.instagram.com\/naoevolightings\/\"]}]}<\/script>\n<!-- \/ Yoast SEO plugin. -->","yoast_head_json":{"title":"C5W C10W Car Interior Light 31mm 36mm 39mm 41mm - NAOEVO CMS - NAOEVO","robots":{"index":"index","follow":"follow","max-snippet":"max-snippet:-1","max-image-preview":"max-image-preview:large","max-video-preview":"max-video-preview:-1"},"canonical":"https:\/\/www.naoevo.com\/es\/product\/c5w-c10w-car-interior-light-31mm-36mm-39mm-41mm-naoevo-cms\/","og_locale":"es_ES","og_type":"article","og_title":"C5W C10W Car Interior Light 31mm 36mm 39mm 41mm - NAOEVO CMS - NAOEVO","og_description":"Available in 31mm, 36mm, 39mm, and 41mm sizes, these NAOEVO CMS C5W LED bulbs use quality 3030 chips for bright 6500K white light. Non-polarity, plug-and-play installation makes upgrades easy. Choose from white, crystal blue, yellow, and more colors to match your interior or personal style.","og_url":"https:\/\/www.naoevo.com\/es\/product\/c5w-c10w-car-interior-light-31mm-36mm-39mm-41mm-naoevo-cms\/","og_site_name":"NAOEVO","article_publisher":"https:\/\/www.facebook.com\/naoevolighting","article_modified_time":"2025-06-06T03:52:14+00:00","og_image":[{"width":1001,"height":1001,"url":"https:\/\/www.naoevo.com\/wp-content\/uploads\/2023\/04\/NAOEVO-CMSC5W.webp","type":"image\/webp"}],"twitter_card":"summary_large_image","schema":{"@context":"https:\/\/schema.org","@graph":[{"@type":"WebPage","@id":"https:\/\/www.naoevo.com\/product\/c5w-c10w-car-interior-light-31mm-36mm-39mm-41mm-naoevo-cms\/","url":"https:\/\/www.naoevo.com\/product\/c5w-c10w-car-interior-light-31mm-36mm-39mm-41mm-naoevo-cms\/","name":"C5W C10W Car Interior Light 31mm 36mm 39mm 41mm - NAOEVO CMS - NAOEVO","isPartOf":{"@id":"https:\/\/www.naoevo.com\/#website"},"primaryImageOfPage":{"@id":"https:\/\/www.naoevo.com\/product\/c5w-c10w-car-interior-light-31mm-36mm-39mm-41mm-naoevo-cms\/#primaryimage"},"image":{"@id":"https:\/\/www.naoevo.com\/product\/c5w-c10w-car-interior-light-31mm-36mm-39mm-41mm-naoevo-cms\/#primaryimage"},"thumbnailUrl":"https:\/\/www.naoevo.com\/wp-content\/uploads\/2023\/04\/NAOEVO-CMSC5W.webp","datePublished":"2023-04-07T01:51:11+00:00","dateModified":"2025-06-06T03:52:14+00:00","breadcrumb":{"@id":"https:\/\/www.naoevo.com\/product\/c5w-c10w-car-interior-light-31mm-36mm-39mm-41mm-naoevo-cms\/#breadcrumb"},"inLanguage":"es","potentialAction":[{"@type":"ReadAction","target":["https:\/\/www.naoevo.com\/product\/c5w-c10w-car-interior-light-31mm-36mm-39mm-41mm-naoevo-cms\/"]}]},{"@type":"ImageObject","inLanguage":"es","@id":"https:\/\/www.naoevo.com\/product\/c5w-c10w-car-interior-light-31mm-36mm-39mm-41mm-naoevo-cms\/#primaryimage","url":"https:\/\/www.naoevo.com\/wp-content\/uploads\/2023\/04\/NAOEVO-CMSC5W.webp","contentUrl":"https:\/\/www.naoevo.com\/wp-content\/uploads\/2023\/04\/NAOEVO-CMSC5W.webp","width":1001,"height":1001,"caption":"C5W C10W Car Interior Light 31mm 36mm 39mm 41mm - NAOEVO CMS"},{"@type":"BreadcrumbList","@id":"https:\/\/www.naoevo.com\/product\/c5w-c10w-car-interior-light-31mm-36mm-39mm-41mm-naoevo-cms\/#breadcrumb","itemListElement":[{"@type":"ListItem","position":1,"name":"Home","item":"https:\/\/www.naoevo.com\/"},{"@type":"ListItem","position":2,"name":"Products","item":"https:\/\/www.naoevo.com\/shop__trashed\/"},{"@type":"ListItem","position":3,"name":"LED Car Exterior &amp; Interior Lights","item":"https:\/\/www.naoevo.com\/product-category\/exterior-interior-lights\/"},{"@type":"ListItem","position":4,"name":"C5W C10W Car Interior Light 31mm 36mm 39mm 41mm &#8211; NAOEVO CMS"}]},{"@type":"WebSite","@id":"https:\/\/www.naoevo.com\/#website","url":"https:\/\/www.naoevo.com\/","name":"NAOEVO Auto Lighting","description":"THE BEST AUTOMOTIVE LIGHTING MANUFACTURER","publisher":{"@id":"https:\/\/www.naoevo.com\/#organization"},"potentialAction":[{"@type":"SearchAction","target":{"@type":"EntryPoint","urlTemplate":"https:\/\/www.naoevo.com\/?s={search_term_string}"},"query-input":{"@type":"PropertyValueSpecification","valueRequired":true,"valueName":"search_term_string"}}],"inLanguage":"es"},{"@type":"Organization","@id":"https:\/\/www.naoevo.com\/#organization","name":"NAOEVO Auto Lighting","url":"https:\/\/www.naoevo.com\/","logo":{"@type":"ImageObject","inLanguage":"es","@id":"https:\/\/www.naoevo.com\/#\/schema\/logo\/image\/","url":"https:\/\/www.naoevo.com\/wp-content\/uploads\/2023\/03\/cropped-NAOEVO-LOGO-2023.png","contentUrl":"https:\/\/www.naoevo.com\/wp-content\/uploads\/2023\/03\/cropped-NAOEVO-LOGO-2023.png","width":1168,"height":151,"caption":"NAOEVO Auto Lighting"},"image":{"@id":"https:\/\/www.naoevo.com\/#\/schema\/logo\/image\/"},"sameAs":["https:\/\/www.facebook.com\/naoevolighting","https:\/\/www.instagram.com\/naoevolightings\/"]}]}},"_links":{"self":[{"href":"https:\/\/www.naoevo.com\/es\/wp-json\/wp\/v2\/product\/4867","targetHints":{"allow":["GET"]}}],"collection":[{"href":"https:\/\/www.naoevo.com\/es\/wp-json\/wp\/v2\/product"}],"about":[{"href":"https:\/\/www.naoevo.com\/es\/wp-json\/wp\/v2\/types\/product"}],"version-history":[{"count":7,"href":"https:\/\/www.naoevo.com\/es\/wp-json\/wp\/v2\/product\/4867\/revisions"}],"predecessor-version":[{"id":17572,"href":"https:\/\/www.naoevo.com\/es\/wp-json\/wp\/v2\/product\/4867\/revisions\/17572"}],"wp:featuredmedia":[{"embeddable":true,"href":"https:\/\/www.naoevo.com\/es\/wp-json\/wp\/v2\/media\/4869"}],"wp:attachment":[{"href":"https:\/\/www.naoevo.com\/es\/wp-json\/wp\/v2\/media?parent=4867"}],"wp:term":[{"taxonomy":"product_brand","embeddable":true,"href":"https:\/\/www.naoevo.com\/es\/wp-json\/wp\/v2\/product_brand?post=4867"},{"taxonomy":"product_cat","embeddable":true,"href":"https:\/\/www.naoevo.com\/es\/wp-json\/wp\/v2\/product_cat?post=4867"},{"taxonomy":"product_tag","embeddable":true,"href":"https:\/\/www.naoevo.com\/es\/wp-json\/wp\/v2\/product_tag?post=4867"}],"curies":[{"name":"wp","href":"https:\/\/api.w.org\/{rel}","templated":true}]}}