{"id":4837,"date":"2023-04-04T03:32:13","date_gmt":"2023-04-04T03:32:13","guid":{"rendered":"https:\/\/www.naoevo.com\/?post_type=product&#038;p=4837"},"modified":"2025-06-06T14:42:17","modified_gmt":"2025-06-06T06:42:17","slug":"t10-w5w-168-194-led-license-plate-lights-naoevo","status":"publish","type":"product","link":"https:\/\/www.naoevo.com\/es\/product\/t10-w5w-168-194-led-license-plate-lights-naoevo\/","title":{"rendered":"T10 W5W 168 194 LED Luces de matr\u00edcula - NAOEVO"},"content":{"rendered":"<div data-elementor-type=\"product-post\" data-elementor-id=\"4837\" class=\"elementor elementor-4837\" data-elementor-post-type=\"product\">\n\t\t\t\t<div class=\"elementor-element elementor-element-91d1c88 e-flex e-con-boxed e-con e-parent\" data-id=\"91d1c88\" data-element_type=\"container\" data-settings=\"{&quot;jet_parallax_layout_list&quot;:[]}\">\n\t\t\t\t\t<div class=\"e-con-inner\">\n\t\t\t\t<div class=\"elementor-element elementor-element-31c6bd9 e-n-tabs-none elementor-widget elementor-widget-n-tabs\" data-id=\"31c6bd9\" data-element_type=\"widget\" data-settings=\"{&quot;tabs_justify_horizontal&quot;:&quot;start&quot;,&quot;horizontal_scroll&quot;:&quot;enable&quot;}\" data-widget_type=\"nested-tabs.default\">\n\t\t\t\t\t\t\t<div class=\"e-n-tabs\" data-widget-number=\"52194265\" aria-label=\"Pesta\u00f1as. Abre elementos con Intro o Espacio, ci\u00e9rralos con Escape y navega con las Flechas.\">\n\t\t\t<div class=\"e-n-tabs-heading\" role=\"tablist\">\n\t\t\t\t\t<button id=\"e-n-tab-title-521942651\" class=\"e-n-tab-title\" aria-selected=\"true\" data-tab-index=\"1\" role=\"tab\" tabindex=\"0\" aria-controls=\"e-n-tab-content-521942651\" style=\"--n-tabs-title-order: 1;\">\n\t\t\t\t\t\t<span class=\"e-n-tab-title-text\">\n\t\t\t\tCARACTER\u00cdSTICAS\t\t\t<\/span>\n\t\t<\/button>\n\t\t\t\t<button id=\"e-n-tab-title-521942652\" class=\"e-n-tab-title\" aria-selected=\"false\" data-tab-index=\"2\" role=\"tab\" tabindex=\"-1\" aria-controls=\"e-n-tab-content-521942652\" style=\"--n-tabs-title-order: 2;\">\n\t\t\t\t\t\t<span class=\"e-n-tab-title-text\">\n\t\t\t\tESPECIFICACIONES\t\t\t<\/span>\n\t\t<\/button>\n\t\t\t\t\t<\/div>\n\t\t\t<div class=\"e-n-tabs-content\">\n\t\t\t\t<div id=\"e-n-tab-content-521942651\" role=\"tabpanel\" aria-labelledby=\"e-n-tab-title-521942651\" data-tab-index=\"1\" style=\"--n-tabs-title-order: 1;\" class=\"e-active elementor-element elementor-element-bcee983 e-con-full e-flex e-con e-child\" data-id=\"bcee983\" data-element_type=\"container\" data-settings=\"{&quot;jet_parallax_layout_list&quot;:[]}\">\n\t\t<div class=\"elementor-element elementor-element-655a6bd e-con-full e-grid e-con e-child\" data-id=\"655a6bd\" data-element_type=\"container\" data-settings=\"{&quot;jet_parallax_layout_list&quot;:[]}\">\n\t\t<div class=\"elementor-element elementor-element-e6eeed1 e-con-full e-flex e-con e-child\" data-id=\"e6eeed1\" data-element_type=\"container\" data-settings=\"{&quot;jet_parallax_layout_list&quot;:[]}\">\n\t\t\t\t<div class=\"elementor-element elementor-element-949764b elementor-position-left elementor-position-top elementor-vertical-align-top elementor-widget elementor-widget-image-box\" data-id=\"949764b\" data-element_type=\"widget\" data-widget_type=\"image-box.default\">\n\t\t\t\t\t<div class=\"elementor-image-box-wrapper\"><figure class=\"elementor-image-box-img\"><img fetchpriority=\"high\" decoding=\"async\" width=\"468\" height=\"468\" src=\"https:\/\/www.naoevo.com\/wp-content\/uploads\/2025\/05\/Superior-High-Brightness.jpg\" class=\"attachment-full size-full wp-image-16787\" alt=\"\" srcset=\"https:\/\/www.naoevo.com\/wp-content\/uploads\/2025\/05\/Superior-High-Brightness.jpg 468w, https:\/\/www.naoevo.com\/wp-content\/uploads\/2025\/05\/Superior-High-Brightness-300x300.jpg 300w, https:\/\/www.naoevo.com\/wp-content\/uploads\/2025\/05\/Superior-High-Brightness-150x150.jpg 150w, https:\/\/www.naoevo.com\/wp-content\/uploads\/2025\/05\/Superior-High-Brightness-100x100.jpg 100w, https:\/\/www.naoevo.com\/wp-content\/uploads\/2025\/05\/Superior-High-Brightness-64x64.jpg 64w\" sizes=\"(max-width: 468px) 100vw, 468px\" \/><\/figure><div class=\"elementor-image-box-content\"><h3 class=\"elementor-image-box-title\">Luminosidad mejorada<\/h3><p class=\"elementor-image-box-description\">NAOEVO LED es 100% m\u00e1s brillante que las bombillas hal\u00f3genas originales. Esta bombilla LED T10 utiliza un conector est\u00e1ndar original y es sensible a la polaridad-gira 180\u00ba si no se enciende. Proporciona una luz suave y confortable, perfecta para las luces de mapa, c\u00fapula, matr\u00edcula, maletero y de cortes\u00eda.<\/p><\/div><\/div>\t\t\t\t<\/div>\n\t\t\t\t<\/div>\n\t\t<div class=\"elementor-element elementor-element-43252d3 e-con-full e-flex e-con e-child\" data-id=\"43252d3\" data-element_type=\"container\" data-settings=\"{&quot;jet_parallax_layout_list&quot;:[]}\">\n\t\t\t\t<div class=\"elementor-element elementor-element-2fca381 elementor-position-left elementor-position-top elementor-vertical-align-top elementor-widget elementor-widget-image-box\" data-id=\"2fca381\" data-element_type=\"widget\" data-widget_type=\"image-box.default\">\n\t\t\t\t\t<div class=\"elementor-image-box-wrapper\"><figure class=\"elementor-image-box-img\"><img decoding=\"async\" width=\"150\" height=\"150\" src=\"https:\/\/www.naoevo.com\/wp-content\/uploads\/2025\/05\/1-1-design.png\" class=\"attachment-full size-full wp-image-16797\" alt=\"\" srcset=\"https:\/\/www.naoevo.com\/wp-content\/uploads\/2025\/05\/1-1-design.png 150w, https:\/\/www.naoevo.com\/wp-content\/uploads\/2025\/05\/1-1-design-100x100.png 100w, https:\/\/www.naoevo.com\/wp-content\/uploads\/2025\/05\/1-1-design-64x64.png 64w\" sizes=\"(max-width: 150px) 100vw, 150px\" \/><\/figure><div class=\"elementor-image-box-content\"><h3 class=\"elementor-image-box-title\">Dise\u00f1o 1:1 como hal\u00f3geno<\/h3><p class=\"elementor-image-box-description\">Dise\u00f1o 1:1 como la bombilla hal\u00f3gena original, instalaci\u00f3n plug and play.<\/p><\/div><\/div>\t\t\t\t<\/div>\n\t\t\t\t<\/div>\n\t\t\t\t<\/div>\n\t\t\t\t<\/div>\n\t\t<div id=\"e-n-tab-content-521942652\" role=\"tabpanel\" aria-labelledby=\"e-n-tab-title-521942652\" data-tab-index=\"2\" style=\"--n-tabs-title-order: 2;\" class=\"elementor-element elementor-element-46b15f8 e-con-full e-flex e-con e-child\" data-id=\"46b15f8\" data-element_type=\"container\" data-settings=\"{&quot;jet_parallax_layout_list&quot;:[]}\">\n\t\t\t\t<div class=\"elementor-element elementor-element-55c3bd1 elementor-widget elementor-widget-text-editor\" data-id=\"55c3bd1\" data-element_type=\"widget\" data-widget_type=\"text-editor.default\">\n\t\t\t\t\t\t\t\t\t<p>Potencia: 1 W\/Bombilla<br \/>L\u00famenes: 250LM\/Bombilla<br \/>Tipo de chip: COB<br \/>Voltaje de trabajo: DC9V-16V<br \/>Corriente de trabajo: 0,12 A<br \/>Color: Blanco 6500K<br \/>Utilizaci\u00f3n: Luces de matr\u00edcula, luces de cabina, luces de c\u00fapula, luces de mapa, luces de g\u00e1libo, luces de marcha atr\u00e1s, luces de freno, luces antiniebla, etc.<\/p><p>\u00a0<\/p><h2>Paquete incluido<\/h2><p>10 x NAOEVO T10 W5W Bombillas LED<\/p><p>\u00a0<\/p><h2>Talla<\/h2><p>T10, W5W, 194, 168<\/p>\t\t\t\t\t\t\t\t<\/div>\n\t\t\t\t<\/div>\n\t\t\t\t\t<\/div>\n\t\t<\/div>\n\t\t\t\t\t\t<\/div>\n\t\t\t\t\t<\/div>\n\t\t\t\t<\/div>\n\t\t\t\t<\/div>","protected":false},"excerpt":{"rendered":"<p>Con un dise\u00f1o de estilo hal\u00f3geno 1:1 y conector est\u00e1ndar, las bombillas LED de matr\u00edcula NAOEVO ofrecen una instalaci\u00f3n plug-and-play y el doble de brillo que las bombillas hal\u00f3genas originales. La bombilla transparente T10 proporciona una luz suave y confortable para las luces de mapa, c\u00fapula, matr\u00edcula, maletero y de cortes\u00eda. Sensible a la polaridad-simplemente dale la vuelta si es necesario. Disfrute de un estilo elegante y original con una iluminaci\u00f3n clara y suave para el interior de su veh\u00edculo.<\/p>","protected":false},"featured_media":4838,"template":"","meta":{"site-sidebar-layout":"default","site-content-layout":"default","ast-site-content-layout":"default","site-content-style":"default","site-sidebar-style":"default","ast-global-header-display":"","ast-banner-title-visibility":"","ast-main-header-display":"","ast-hfb-above-header-display":"","ast-hfb-below-header-display":"","ast-hfb-mobile-header-display":"","site-post-title":"","ast-breadcrumbs-content":"","ast-featured-img":"","footer-sml-layout":"","theme-transparent-header-meta":"default","adv-header-id-meta":"","stick-header-meta":"","header-above-stick-meta":"","header-main-stick-meta":"","header-below-stick-meta":"","astra-migrate-meta-layouts":"set","ast-page-background-enabled":"default","ast-page-background-meta":{"desktop":{"background-color":"var(--ast-global-color-4)","background-image":"","background-repeat":"repeat","background-position":"center center","background-size":"auto","background-attachment":"scroll","background-type":"","background-media":"","overlay-type":"","overlay-color":"","overlay-opacity":"","overlay-gradient":""},"tablet":{"background-color":"","background-image":"","background-repeat":"repeat","background-position":"center center","background-size":"auto","background-attachment":"scroll","background-type":"","background-media":"","overlay-type":"","overlay-color":"","overlay-opacity":"","overlay-gradient":""},"mobile":{"background-color":"","background-image":"","background-repeat":"repeat","background-position":"center center","background-size":"auto","background-attachment":"scroll","background-type":"","background-media":"","overlay-type":"","overlay-color":"","overlay-opacity":"","overlay-gradient":""}},"ast-content-background-meta":{"desktop":{"background-color":"var(--ast-global-color-5)","background-image":"","background-repeat":"repeat","background-position":"center center","background-size":"auto","background-attachment":"scroll","background-type":"","background-media":"","overlay-type":"","overlay-color":"","overlay-opacity":"","overlay-gradient":""},"tablet":{"background-color":"var(--ast-global-color-5)","background-image":"","background-repeat":"repeat","background-position":"center center","background-size":"auto","background-attachment":"scroll","background-type":"","background-media":"","overlay-type":"","overlay-color":"","overlay-opacity":"","overlay-gradient":""},"mobile":{"background-color":"var(--ast-global-color-5)","background-image":"","background-repeat":"repeat","background-position":"center center","background-size":"auto","background-attachment":"scroll","background-type":"","background-media":"","overlay-type":"","overlay-color":"","overlay-opacity":"","overlay-gradient":""}}},"product_brand":[],"product_cat":[190,104],"product_tag":[],"class_list":{"0":"post-4837","1":"product","2":"type-product","3":"status-publish","4":"has-post-thumbnail","6":"product_cat-china-led-headlight-bulbs-supplier","7":"product_cat-exterior-interior-lights","8":"pa_model-t10-w5w-194-168","9":"desktop-align-left","10":"tablet-align-left","11":"mobile-align-left","13":"first","14":"instock","15":"sold-individually","16":"shipping-taxable","17":"purchasable","18":"product-type-variable","19":"has-default-attributes"},"yoast_head":"<!-- This site is optimized with the Yoast SEO plugin v24.7 - https:\/\/yoast.com\/wordpress\/plugins\/seo\/ -->\n<title>T10 W5W 168 194 LED License Plate Lights - NAOEVO - NAOEVO<\/title>\n<meta name=\"robots\" content=\"index, follow, max-snippet:-1, max-image-preview:large, max-video-preview:-1\" \/>\n<link rel=\"canonical\" href=\"https:\/\/www.naoevo.com\/es\/product\/t10-w5w-168-194-led-license-plate-lights-naoevo\/\" \/>\n<meta property=\"og:locale\" content=\"es_ES\" \/>\n<meta property=\"og:type\" content=\"article\" \/>\n<meta property=\"og:title\" content=\"T10 W5W 168 194 LED License Plate Lights - NAOEVO - NAOEVO\" \/>\n<meta property=\"og:description\" content=\"With a 1:1 halogen-style design and standard connector, NAOEVO license plate LED bulbs offer plug-and-play installation and double the brightness of original halogen bulbs. The transparent T10 bulb provides soft, comfortable light for map, dome, license plate, trunk, and courtesy lights. Polarity sensitive\u2014simply flip if needed. Enjoy elegant, original styling with clear, gentle illumination for your vehicle\u2019s interior.\" \/>\n<meta property=\"og:url\" content=\"https:\/\/www.naoevo.com\/es\/product\/t10-w5w-168-194-led-license-plate-lights-naoevo\/\" \/>\n<meta property=\"og:site_name\" content=\"NAOEVO\" \/>\n<meta property=\"article:publisher\" content=\"https:\/\/www.facebook.com\/naoevolighting\" \/>\n<meta property=\"article:modified_time\" content=\"2025-06-06T06:42:17+00:00\" \/>\n<meta property=\"og:image\" content=\"https:\/\/www.naoevo.com\/wp-content\/uploads\/2023\/04\/T10-W5W-LED-License-Plate-Lights-1.webp\" \/>\n\t<meta property=\"og:image:width\" content=\"1001\" \/>\n\t<meta property=\"og:image:height\" content=\"1001\" \/>\n\t<meta property=\"og:image:type\" content=\"image\/webp\" \/>\n<meta name=\"twitter:card\" content=\"summary_large_image\" \/>\n<script type=\"application\/ld+json\" class=\"yoast-schema-graph\">{\"@context\":\"https:\/\/schema.org\",\"@graph\":[{\"@type\":\"WebPage\",\"@id\":\"https:\/\/www.naoevo.com\/product\/t10-w5w-168-194-led-license-plate-lights-naoevo\/\",\"url\":\"https:\/\/www.naoevo.com\/product\/t10-w5w-168-194-led-license-plate-lights-naoevo\/\",\"name\":\"T10 W5W 168 194 LED License Plate Lights - NAOEVO - NAOEVO\",\"isPartOf\":{\"@id\":\"https:\/\/www.naoevo.com\/#website\"},\"primaryImageOfPage\":{\"@id\":\"https:\/\/www.naoevo.com\/product\/t10-w5w-168-194-led-license-plate-lights-naoevo\/#primaryimage\"},\"image\":{\"@id\":\"https:\/\/www.naoevo.com\/product\/t10-w5w-168-194-led-license-plate-lights-naoevo\/#primaryimage\"},\"thumbnailUrl\":\"https:\/\/www.naoevo.com\/wp-content\/uploads\/2023\/04\/T10-W5W-LED-License-Plate-Lights-1.webp\",\"datePublished\":\"2023-04-04T03:32:13+00:00\",\"dateModified\":\"2025-06-06T06:42:17+00:00\",\"breadcrumb\":{\"@id\":\"https:\/\/www.naoevo.com\/product\/t10-w5w-168-194-led-license-plate-lights-naoevo\/#breadcrumb\"},\"inLanguage\":\"es\",\"potentialAction\":[{\"@type\":\"ReadAction\",\"target\":[\"https:\/\/www.naoevo.com\/product\/t10-w5w-168-194-led-license-plate-lights-naoevo\/\"]}]},{\"@type\":\"ImageObject\",\"inLanguage\":\"es\",\"@id\":\"https:\/\/www.naoevo.com\/product\/t10-w5w-168-194-led-license-plate-lights-naoevo\/#primaryimage\",\"url\":\"https:\/\/www.naoevo.com\/wp-content\/uploads\/2023\/04\/T10-W5W-LED-License-Plate-Lights-1.webp\",\"contentUrl\":\"https:\/\/www.naoevo.com\/wp-content\/uploads\/2023\/04\/T10-W5W-LED-License-Plate-Lights-1.webp\",\"width\":1001,\"height\":1001,\"caption\":\"T10 W5W 168 194 LED License Plate Lights - NAOEVO\"},{\"@type\":\"BreadcrumbList\",\"@id\":\"https:\/\/www.naoevo.com\/product\/t10-w5w-168-194-led-license-plate-lights-naoevo\/#breadcrumb\",\"itemListElement\":[{\"@type\":\"ListItem\",\"position\":1,\"name\":\"Home\",\"item\":\"https:\/\/www.naoevo.com\/\"},{\"@type\":\"ListItem\",\"position\":2,\"name\":\"Products\",\"item\":\"https:\/\/www.naoevo.com\/shop__trashed\/\"},{\"@type\":\"ListItem\",\"position\":3,\"name\":\"LED Car Exterior &amp; Interior Lights\",\"item\":\"https:\/\/www.naoevo.com\/product-category\/exterior-interior-lights\/\"},{\"@type\":\"ListItem\",\"position\":4,\"name\":\"T10 W5W 168 194 LED License Plate Lights &#8211; NAOEVO\"}]},{\"@type\":\"WebSite\",\"@id\":\"https:\/\/www.naoevo.com\/#website\",\"url\":\"https:\/\/www.naoevo.com\/\",\"name\":\"NAOEVO Auto Lighting\",\"description\":\"THE BEST AUTOMOTIVE LIGHTING MANUFACTURER\",\"publisher\":{\"@id\":\"https:\/\/www.naoevo.com\/#organization\"},\"potentialAction\":[{\"@type\":\"SearchAction\",\"target\":{\"@type\":\"EntryPoint\",\"urlTemplate\":\"https:\/\/www.naoevo.com\/?s={search_term_string}\"},\"query-input\":{\"@type\":\"PropertyValueSpecification\",\"valueRequired\":true,\"valueName\":\"search_term_string\"}}],\"inLanguage\":\"es\"},{\"@type\":\"Organization\",\"@id\":\"https:\/\/www.naoevo.com\/#organization\",\"name\":\"NAOEVO Auto Lighting\",\"url\":\"https:\/\/www.naoevo.com\/\",\"logo\":{\"@type\":\"ImageObject\",\"inLanguage\":\"es\",\"@id\":\"https:\/\/www.naoevo.com\/#\/schema\/logo\/image\/\",\"url\":\"https:\/\/www.naoevo.com\/wp-content\/uploads\/2023\/03\/cropped-NAOEVO-LOGO-2023.png\",\"contentUrl\":\"https:\/\/www.naoevo.com\/wp-content\/uploads\/2023\/03\/cropped-NAOEVO-LOGO-2023.png\",\"width\":1168,\"height\":151,\"caption\":\"NAOEVO Auto Lighting\"},\"image\":{\"@id\":\"https:\/\/www.naoevo.com\/#\/schema\/logo\/image\/\"},\"sameAs\":[\"https:\/\/www.facebook.com\/naoevolighting\",\"https:\/\/www.instagram.com\/naoevolightings\/\"]}]}<\/script>\n<!-- \/ Yoast SEO plugin. -->","yoast_head_json":{"title":"T10 W5W 168 194 LED License Plate Lights - NAOEVO - NAOEVO","robots":{"index":"index","follow":"follow","max-snippet":"max-snippet:-1","max-image-preview":"max-image-preview:large","max-video-preview":"max-video-preview:-1"},"canonical":"https:\/\/www.naoevo.com\/es\/product\/t10-w5w-168-194-led-license-plate-lights-naoevo\/","og_locale":"es_ES","og_type":"article","og_title":"T10 W5W 168 194 LED License Plate Lights - NAOEVO - NAOEVO","og_description":"With a 1:1 halogen-style design and standard connector, NAOEVO license plate LED bulbs offer plug-and-play installation and double the brightness of original halogen bulbs. The transparent T10 bulb provides soft, comfortable light for map, dome, license plate, trunk, and courtesy lights. Polarity sensitive\u2014simply flip if needed. Enjoy elegant, original styling with clear, gentle illumination for your vehicle\u2019s interior.","og_url":"https:\/\/www.naoevo.com\/es\/product\/t10-w5w-168-194-led-license-plate-lights-naoevo\/","og_site_name":"NAOEVO","article_publisher":"https:\/\/www.facebook.com\/naoevolighting","article_modified_time":"2025-06-06T06:42:17+00:00","og_image":[{"width":1001,"height":1001,"url":"https:\/\/www.naoevo.com\/wp-content\/uploads\/2023\/04\/T10-W5W-LED-License-Plate-Lights-1.webp","type":"image\/webp"}],"twitter_card":"summary_large_image","schema":{"@context":"https:\/\/schema.org","@graph":[{"@type":"WebPage","@id":"https:\/\/www.naoevo.com\/product\/t10-w5w-168-194-led-license-plate-lights-naoevo\/","url":"https:\/\/www.naoevo.com\/product\/t10-w5w-168-194-led-license-plate-lights-naoevo\/","name":"T10 W5W 168 194 LED License Plate Lights - NAOEVO - NAOEVO","isPartOf":{"@id":"https:\/\/www.naoevo.com\/#website"},"primaryImageOfPage":{"@id":"https:\/\/www.naoevo.com\/product\/t10-w5w-168-194-led-license-plate-lights-naoevo\/#primaryimage"},"image":{"@id":"https:\/\/www.naoevo.com\/product\/t10-w5w-168-194-led-license-plate-lights-naoevo\/#primaryimage"},"thumbnailUrl":"https:\/\/www.naoevo.com\/wp-content\/uploads\/2023\/04\/T10-W5W-LED-License-Plate-Lights-1.webp","datePublished":"2023-04-04T03:32:13+00:00","dateModified":"2025-06-06T06:42:17+00:00","breadcrumb":{"@id":"https:\/\/www.naoevo.com\/product\/t10-w5w-168-194-led-license-plate-lights-naoevo\/#breadcrumb"},"inLanguage":"es","potentialAction":[{"@type":"ReadAction","target":["https:\/\/www.naoevo.com\/product\/t10-w5w-168-194-led-license-plate-lights-naoevo\/"]}]},{"@type":"ImageObject","inLanguage":"es","@id":"https:\/\/www.naoevo.com\/product\/t10-w5w-168-194-led-license-plate-lights-naoevo\/#primaryimage","url":"https:\/\/www.naoevo.com\/wp-content\/uploads\/2023\/04\/T10-W5W-LED-License-Plate-Lights-1.webp","contentUrl":"https:\/\/www.naoevo.com\/wp-content\/uploads\/2023\/04\/T10-W5W-LED-License-Plate-Lights-1.webp","width":1001,"height":1001,"caption":"T10 W5W 168 194 LED License Plate Lights - NAOEVO"},{"@type":"BreadcrumbList","@id":"https:\/\/www.naoevo.com\/product\/t10-w5w-168-194-led-license-plate-lights-naoevo\/#breadcrumb","itemListElement":[{"@type":"ListItem","position":1,"name":"Home","item":"https:\/\/www.naoevo.com\/"},{"@type":"ListItem","position":2,"name":"Products","item":"https:\/\/www.naoevo.com\/shop__trashed\/"},{"@type":"ListItem","position":3,"name":"LED Car Exterior &amp; Interior Lights","item":"https:\/\/www.naoevo.com\/product-category\/exterior-interior-lights\/"},{"@type":"ListItem","position":4,"name":"T10 W5W 168 194 LED License Plate Lights &#8211; NAOEVO"}]},{"@type":"WebSite","@id":"https:\/\/www.naoevo.com\/#website","url":"https:\/\/www.naoevo.com\/","name":"NAOEVO Auto Lighting","description":"THE BEST AUTOMOTIVE LIGHTING MANUFACTURER","publisher":{"@id":"https:\/\/www.naoevo.com\/#organization"},"potentialAction":[{"@type":"SearchAction","target":{"@type":"EntryPoint","urlTemplate":"https:\/\/www.naoevo.com\/?s={search_term_string}"},"query-input":{"@type":"PropertyValueSpecification","valueRequired":true,"valueName":"search_term_string"}}],"inLanguage":"es"},{"@type":"Organization","@id":"https:\/\/www.naoevo.com\/#organization","name":"NAOEVO Auto Lighting","url":"https:\/\/www.naoevo.com\/","logo":{"@type":"ImageObject","inLanguage":"es","@id":"https:\/\/www.naoevo.com\/#\/schema\/logo\/image\/","url":"https:\/\/www.naoevo.com\/wp-content\/uploads\/2023\/03\/cropped-NAOEVO-LOGO-2023.png","contentUrl":"https:\/\/www.naoevo.com\/wp-content\/uploads\/2023\/03\/cropped-NAOEVO-LOGO-2023.png","width":1168,"height":151,"caption":"NAOEVO Auto Lighting"},"image":{"@id":"https:\/\/www.naoevo.com\/#\/schema\/logo\/image\/"},"sameAs":["https:\/\/www.facebook.com\/naoevolighting","https:\/\/www.instagram.com\/naoevolightings\/"]}]}},"_links":{"self":[{"href":"https:\/\/www.naoevo.com\/es\/wp-json\/wp\/v2\/product\/4837","targetHints":{"allow":["GET"]}}],"collection":[{"href":"https:\/\/www.naoevo.com\/es\/wp-json\/wp\/v2\/product"}],"about":[{"href":"https:\/\/www.naoevo.com\/es\/wp-json\/wp\/v2\/types\/product"}],"version-history":[{"count":4,"href":"https:\/\/www.naoevo.com\/es\/wp-json\/wp\/v2\/product\/4837\/revisions"}],"predecessor-version":[{"id":17686,"href":"https:\/\/www.naoevo.com\/es\/wp-json\/wp\/v2\/product\/4837\/revisions\/17686"}],"wp:featuredmedia":[{"embeddable":true,"href":"https:\/\/www.naoevo.com\/es\/wp-json\/wp\/v2\/media\/4838"}],"wp:attachment":[{"href":"https:\/\/www.naoevo.com\/es\/wp-json\/wp\/v2\/media?parent=4837"}],"wp:term":[{"taxonomy":"product_brand","embeddable":true,"href":"https:\/\/www.naoevo.com\/es\/wp-json\/wp\/v2\/product_brand?post=4837"},{"taxonomy":"product_cat","embeddable":true,"href":"https:\/\/www.naoevo.com\/es\/wp-json\/wp\/v2\/product_cat?post=4837"},{"taxonomy":"product_tag","embeddable":true,"href":"https:\/\/www.naoevo.com\/es\/wp-json\/wp\/v2\/product_tag?post=4837"}],"curies":[{"name":"wp","href":"https:\/\/api.w.org\/{rel}","templated":true}]}}