{"id":4822,"date":"2023-03-31T08:58:57","date_gmt":"2023-03-31T08:58:57","guid":{"rendered":"https:\/\/www.naoevo.com\/?post_type=product&#038;p=4822"},"modified":"2025-06-04T17:04:16","modified_gmt":"2025-06-04T09:04:16","slug":"strobe-20-inch-840w-led-light-pods-with-6-modes-naoevo","status":"publish","type":"product","link":"https:\/\/www.naoevo.com\/es\/product\/strobe-20-inch-840w-led-light-pods-with-6-modes-naoevo\/","title":{"rendered":"Estrobosc\u00f3pico 20 Pulgadas 840W LED Luz Pods Con 6 Modos - NAOEVO"},"content":{"rendered":"<div data-elementor-type=\"product-post\" data-elementor-id=\"4822\" class=\"elementor elementor-4822\" data-elementor-post-type=\"product\">\n\t\t\t\t<div class=\"elementor-element elementor-element-f6aaa74 e-flex e-con-boxed e-con e-parent\" data-id=\"f6aaa74\" data-element_type=\"container\" data-settings=\"{&quot;jet_parallax_layout_list&quot;:[]}\">\n\t\t\t\t\t<div class=\"e-con-inner\">\n\t\t\t\t<div class=\"elementor-element elementor-element-99a83a0 e-n-tabs-none elementor-widget elementor-widget-n-tabs\" data-id=\"99a83a0\" data-element_type=\"widget\" data-settings=\"{&quot;tabs_justify_horizontal&quot;:&quot;start&quot;,&quot;horizontal_scroll&quot;:&quot;enable&quot;}\" data-widget_type=\"nested-tabs.default\">\n\t\t\t\t\t\t\t<div class=\"e-n-tabs\" data-widget-number=\"161121184\" aria-label=\"Pesta\u00f1as. Abre elementos con Intro o Espacio, ci\u00e9rralos con Escape y navega con las Flechas.\">\n\t\t\t<div class=\"e-n-tabs-heading\" role=\"tablist\">\n\t\t\t\t\t<button id=\"e-n-tab-title-1611211841\" class=\"e-n-tab-title\" aria-selected=\"true\" data-tab-index=\"1\" role=\"tab\" tabindex=\"0\" aria-controls=\"e-n-tab-content-1611211841\" style=\"--n-tabs-title-order: 1;\">\n\t\t\t\t\t\t<span class=\"e-n-tab-title-text\">\n\t\t\t\tCARACTER\u00cdSTICAS\t\t\t<\/span>\n\t\t<\/button>\n\t\t\t\t<button id=\"e-n-tab-title-1611211842\" class=\"e-n-tab-title\" aria-selected=\"false\" data-tab-index=\"2\" role=\"tab\" tabindex=\"-1\" aria-controls=\"e-n-tab-content-1611211842\" style=\"--n-tabs-title-order: 2;\">\n\t\t\t\t\t\t<span class=\"e-n-tab-title-text\">\n\t\t\t\tESPECIFICACIONES\t\t\t<\/span>\n\t\t<\/button>\n\t\t\t\t\t<\/div>\n\t\t\t<div class=\"e-n-tabs-content\">\n\t\t\t\t<div id=\"e-n-tab-content-1611211841\" role=\"tabpanel\" aria-labelledby=\"e-n-tab-title-1611211841\" data-tab-index=\"1\" style=\"--n-tabs-title-order: 1;\" class=\"e-active elementor-element elementor-element-0123d8d e-con-full e-flex e-con e-child\" data-id=\"0123d8d\" data-element_type=\"container\" data-settings=\"{&quot;jet_parallax_layout_list&quot;:[]}\">\n\t\t<div class=\"elementor-element elementor-element-f70992d e-con-full e-grid e-con e-child\" data-id=\"f70992d\" data-element_type=\"container\" data-settings=\"{&quot;jet_parallax_layout_list&quot;:[]}\">\n\t\t<div class=\"elementor-element elementor-element-059d07e e-con-full e-flex e-con e-child\" data-id=\"059d07e\" data-element_type=\"container\" data-settings=\"{&quot;jet_parallax_layout_list&quot;:[]}\">\n\t\t\t\t<div class=\"elementor-element elementor-element-9839dad elementor-position-left elementor-position-top elementor-vertical-align-top elementor-widget elementor-widget-image-box\" data-id=\"9839dad\" data-element_type=\"widget\" data-widget_type=\"image-box.default\">\n\t\t\t\t\t<div class=\"elementor-image-box-wrapper\"><figure class=\"elementor-image-box-img\"><img fetchpriority=\"high\" decoding=\"async\" width=\"468\" height=\"468\" src=\"https:\/\/www.naoevo.com\/wp-content\/uploads\/2025\/05\/Superior-High-Brightness.jpg\" class=\"attachment-full size-full wp-image-16787\" alt=\"\" srcset=\"https:\/\/www.naoevo.com\/wp-content\/uploads\/2025\/05\/Superior-High-Brightness.jpg 468w, https:\/\/www.naoevo.com\/wp-content\/uploads\/2025\/05\/Superior-High-Brightness-300x300.jpg 300w, https:\/\/www.naoevo.com\/wp-content\/uploads\/2025\/05\/Superior-High-Brightness-150x150.jpg 150w, https:\/\/www.naoevo.com\/wp-content\/uploads\/2025\/05\/Superior-High-Brightness-100x100.jpg 100w, https:\/\/www.naoevo.com\/wp-content\/uploads\/2025\/05\/Superior-High-Brightness-64x64.jpg 64w\" sizes=\"(max-width: 468px) 100vw, 468px\" \/><\/figure><div class=\"elementor-image-box-content\"><h3 class=\"elementor-image-box-title\">Intermitente Estrobosc\u00f3pico Con 6 Modos<\/h3><p class=\"elementor-image-box-description\">Puede cambiar entre blanco\/\u00e1mbar\/blanco y \u00e1mbar\/estrobo blanco\/estrobo \u00e1mbar\/estrobo blanco y \u00e1mbar seg\u00fan la ocasi\u00f3n de conducci\u00f3n o el tiempo.<\/p><\/div><\/div>\t\t\t\t<\/div>\n\t\t\t\t<\/div>\n\t\t<div class=\"elementor-element elementor-element-28d3d96 e-con-full e-flex e-con e-child\" data-id=\"28d3d96\" data-element_type=\"container\" data-settings=\"{&quot;jet_parallax_layout_list&quot;:[]}\">\n\t\t\t\t<div class=\"elementor-element elementor-element-d6f1acc elementor-position-left elementor-position-top elementor-vertical-align-top elementor-widget elementor-widget-image-box\" data-id=\"d6f1acc\" data-element_type=\"widget\" data-widget_type=\"image-box.default\">\n\t\t\t\t\t<div class=\"elementor-image-box-wrapper\"><figure class=\"elementor-image-box-img\"><img decoding=\"async\" width=\"468\" height=\"468\" src=\"https:\/\/www.naoevo.com\/wp-content\/uploads\/2025\/05\/Canbus-Error-Free.jpg\" class=\"attachment-full size-full wp-image-16786\" alt=\"\" srcset=\"https:\/\/www.naoevo.com\/wp-content\/uploads\/2025\/05\/Canbus-Error-Free.jpg 468w, https:\/\/www.naoevo.com\/wp-content\/uploads\/2025\/05\/Canbus-Error-Free-300x300.jpg 300w, https:\/\/www.naoevo.com\/wp-content\/uploads\/2025\/05\/Canbus-Error-Free-150x150.jpg 150w, https:\/\/www.naoevo.com\/wp-content\/uploads\/2025\/05\/Canbus-Error-Free-100x100.jpg 100w, https:\/\/www.naoevo.com\/wp-content\/uploads\/2025\/05\/Canbus-Error-Free-64x64.jpg 64w\" sizes=\"(max-width: 468px) 100vw, 468px\" \/><\/figure><div class=\"elementor-image-box-content\"><h3 class=\"elementor-image-box-title\">Funci\u00f3n de memoria humanizada<\/h3><p class=\"elementor-image-box-description\">La barra de luz Led de 20 pulgadas NAOEVO posee una funci\u00f3n de memoria distintiva, que le permite restaurar autom\u00e1ticamente el \u00faltimo modo de trabajo cuando se utiliza de nuevo.<\/p><\/div><\/div>\t\t\t\t<\/div>\n\t\t\t\t<\/div>\n\t\t<div class=\"elementor-element elementor-element-efd8e22 e-con-full e-flex e-con e-child\" data-id=\"efd8e22\" data-element_type=\"container\" data-settings=\"{&quot;jet_parallax_layout_list&quot;:[]}\">\n\t\t\t\t<div class=\"elementor-element elementor-element-fe7b818 elementor-position-left elementor-position-top elementor-vertical-align-top elementor-widget elementor-widget-image-box\" data-id=\"fe7b818\" data-element_type=\"widget\" data-widget_type=\"image-box.default\">\n\t\t\t\t\t<div class=\"elementor-image-box-wrapper\"><figure class=\"elementor-image-box-img\"><img decoding=\"async\" width=\"150\" height=\"150\" src=\"https:\/\/www.naoevo.com\/wp-content\/uploads\/2023\/03\/IP67.png\" class=\"attachment-full size-full wp-image-17357\" alt=\"\" srcset=\"https:\/\/www.naoevo.com\/wp-content\/uploads\/2023\/03\/IP67.png 150w, https:\/\/www.naoevo.com\/wp-content\/uploads\/2023\/03\/IP67-100x100.png 100w, https:\/\/www.naoevo.com\/wp-content\/uploads\/2023\/03\/IP67-64x64.png 64w\" sizes=\"(max-width: 150px) 100vw, 150px\" \/><\/figure><div class=\"elementor-image-box-content\"><h3 class=\"elementor-image-box-title\">Resistente al agua IP67<\/h3><p class=\"elementor-image-box-description\">Pruebas de estanqueidad IP67: funciona perfectamente tras dos horas sumergido a un metro, lo que garantiza un rendimiento fiable en cualquier condici\u00f3n meteorol\u00f3gica para uso todoterreno.<\/p><\/div><\/div>\t\t\t\t<\/div>\n\t\t\t\t<\/div>\n\t\t<div class=\"elementor-element elementor-element-7044f0c e-con-full e-flex e-con e-child\" data-id=\"7044f0c\" data-element_type=\"container\" data-settings=\"{&quot;jet_parallax_layout_list&quot;:[]}\">\n\t\t\t\t<div class=\"elementor-element elementor-element-5e24b3a elementor-position-left elementor-position-top elementor-vertical-align-top elementor-widget elementor-widget-image-box\" data-id=\"5e24b3a\" data-element_type=\"widget\" data-widget_type=\"image-box.default\">\n\t\t\t\t\t<div class=\"elementor-image-box-wrapper\"><figure class=\"elementor-image-box-img\"><img loading=\"lazy\" decoding=\"async\" width=\"468\" height=\"468\" src=\"https:\/\/www.naoevo.com\/wp-content\/uploads\/2025\/05\/Quality-Beam-Pattern.jpg\" class=\"attachment-full size-full wp-image-16784\" alt=\"\" srcset=\"https:\/\/www.naoevo.com\/wp-content\/uploads\/2025\/05\/Quality-Beam-Pattern.jpg 468w, https:\/\/www.naoevo.com\/wp-content\/uploads\/2025\/05\/Quality-Beam-Pattern-300x300.jpg 300w, https:\/\/www.naoevo.com\/wp-content\/uploads\/2025\/05\/Quality-Beam-Pattern-150x150.jpg 150w, https:\/\/www.naoevo.com\/wp-content\/uploads\/2025\/05\/Quality-Beam-Pattern-100x100.jpg 100w, https:\/\/www.naoevo.com\/wp-content\/uploads\/2025\/05\/Quality-Beam-Pattern-64x64.jpg 64w\" sizes=\"(max-width: 468px) 100vw, 468px\" \/><\/figure><div class=\"elementor-image-box-content\"><h3 class=\"elementor-image-box-title\">Viga combinada mejorada<\/h3><p class=\"elementor-image-box-description\">La barra de luces de haz combinado con 140 chips SMD3030 proporciona una iluminaci\u00f3n brillante, amplia y de largo alcance, lo que mejora enormemente la visibilidad y la seguridad en la conducci\u00f3n.<\/p><\/div><\/div>\t\t\t\t<\/div>\n\t\t\t\t<\/div>\n\t\t\t\t<\/div>\n\t\t\t\t<\/div>\n\t\t<div id=\"e-n-tab-content-1611211842\" role=\"tabpanel\" aria-labelledby=\"e-n-tab-title-1611211842\" data-tab-index=\"2\" style=\"--n-tabs-title-order: 2;\" class=\"elementor-element elementor-element-8a190d4 e-con-full e-flex e-con e-child\" data-id=\"8a190d4\" data-element_type=\"container\" data-settings=\"{&quot;jet_parallax_layout_list&quot;:[]}\">\n\t\t\t\t<div class=\"elementor-element elementor-element-8eeb1cb elementor-widget elementor-widget-text-editor\" data-id=\"8eeb1cb\" data-element_type=\"widget\" data-widget_type=\"text-editor.default\">\n\t\t\t\t\t\t\t\t\t<ul><li>Tipo de LED: SMD3030<\/li><li>Tipo de rayo: Combo<\/li><li>Potencia: 420 W por par 840 W por par<\/li><li>Temperatura de color: 6500K<\/li><li>Blanco\/3000K \u00c1mbar<\/li><li>Voltaje: DC10V-32V<\/li><li>Material: Carcasa de aluminio fundido a presi\u00f3n 6063<\/li><li>\u00cdndice de impermeabilidad: IP67<\/li><li>Vida \u00fatil: 50.000 horas<\/li><\/ul><h3>Paquete incluido<\/h3><p>\u00a0<\/p><ul><li>Barra de luces LED de 20 pulgadas \u00d7 1<\/li><li>Manual de instrucciones \u00d7 1<\/li><li>Kits de mazos de cables<\/li><\/ul>\t\t\t\t\t\t\t\t<\/div>\n\t\t\t\t<\/div>\n\t\t\t\t\t<\/div>\n\t\t<\/div>\n\t\t\t\t\t\t<\/div>\n\t\t\t\t\t<\/div>\n\t\t\t\t<\/div>\n\t\t\t\t<\/div>","protected":false},"excerpt":{"rendered":"<p>Esta barra de luces LED de 20 pulgadas ofrece 6 modos conmutables, incluidos varios estrobosc\u00f3picos. La funci\u00f3n de memoria restaura el \u00faltimo modo utilizado. El haz combinado con 140 chips SMD3030 proporciona una iluminaci\u00f3n brillante, amplia y de largo alcance. El grado de impermeabilidad IP67 garantiza un rendimiento fiable en todas las condiciones meteorol\u00f3gicas.<\/p>","protected":false},"featured_media":4823,"template":"","meta":{"site-sidebar-layout":"default","site-content-layout":"default","ast-site-content-layout":"default","site-content-style":"default","site-sidebar-style":"default","ast-global-header-display":"","ast-banner-title-visibility":"","ast-main-header-display":"","ast-hfb-above-header-display":"","ast-hfb-below-header-display":"","ast-hfb-mobile-header-display":"","site-post-title":"","ast-breadcrumbs-content":"","ast-featured-img":"","footer-sml-layout":"","theme-transparent-header-meta":"default","adv-header-id-meta":"","stick-header-meta":"","header-above-stick-meta":"","header-main-stick-meta":"","header-below-stick-meta":"","astra-migrate-meta-layouts":"set","ast-page-background-enabled":"default","ast-page-background-meta":{"desktop":{"background-color":"var(--ast-global-color-4)","background-image":"","background-repeat":"repeat","background-position":"center center","background-size":"auto","background-attachment":"scroll","background-type":"","background-media":"","overlay-type":"","overlay-color":"","overlay-opacity":"","overlay-gradient":""},"tablet":{"background-color":"","background-image":"","background-repeat":"repeat","background-position":"center center","background-size":"auto","background-attachment":"scroll","background-type":"","background-media":"","overlay-type":"","overlay-color":"","overlay-opacity":"","overlay-gradient":""},"mobile":{"background-color":"","background-image":"","background-repeat":"repeat","background-position":"center center","background-size":"auto","background-attachment":"scroll","background-type":"","background-media":"","overlay-type":"","overlay-color":"","overlay-opacity":"","overlay-gradient":""}},"ast-content-background-meta":{"desktop":{"background-color":"var(--ast-global-color-5)","background-image":"","background-repeat":"repeat","background-position":"center center","background-size":"auto","background-attachment":"scroll","background-type":"","background-media":"","overlay-type":"","overlay-color":"","overlay-opacity":"","overlay-gradient":""},"tablet":{"background-color":"var(--ast-global-color-5)","background-image":"","background-repeat":"repeat","background-position":"center center","background-size":"auto","background-attachment":"scroll","background-type":"","background-media":"","overlay-type":"","overlay-color":"","overlay-opacity":"","overlay-gradient":""},"mobile":{"background-color":"var(--ast-global-color-5)","background-image":"","background-repeat":"repeat","background-position":"center center","background-size":"auto","background-attachment":"scroll","background-type":"","background-media":"","overlay-type":"","overlay-color":"","overlay-opacity":"","overlay-gradient":""}}},"product_brand":[],"product_cat":[190,227,103],"product_tag":[],"class_list":{"0":"post-4822","1":"product","2":"type-product","3":"status-publish","4":"has-post-thumbnail","6":"product_cat-china-led-headlight-bulbs-supplier","7":"product_cat-strobe-flashing","8":"product_cat-off-road-led-driving-lights","9":"desktop-align-left","10":"tablet-align-left","11":"mobile-align-left","13":"first","14":"instock","15":"sold-individually","16":"shipping-taxable","17":"purchasable","18":"product-type-variable","19":"has-default-attributes"},"yoast_head":"<!-- This site is optimized with the Yoast SEO plugin v24.7 - https:\/\/yoast.com\/wordpress\/plugins\/seo\/ -->\n<title>Strobe 20 Inch 840W LED Light Pods With 6 Modes - NAOEVO - NAOEVO<\/title>\n<meta name=\"robots\" content=\"index, follow, max-snippet:-1, max-image-preview:large, max-video-preview:-1\" \/>\n<link rel=\"canonical\" href=\"https:\/\/www.naoevo.com\/es\/product\/strobe-20-inch-840w-led-light-pods-with-6-modes-naoevo\/\" \/>\n<meta property=\"og:locale\" content=\"es_ES\" \/>\n<meta property=\"og:type\" content=\"article\" \/>\n<meta property=\"og:title\" content=\"Strobe 20 Inch 840W LED Light Pods With 6 Modes - NAOEVO - NAOEVO\" \/>\n<meta property=\"og:description\" content=\"This 20-inch LED light bar offers 6 switchable modes, including multiple strobes. Memory function restores the last mode used. Combo beam with 140 SMD3030 chips provides bright, wide, and long-range illumination. IP67 waterproof rating ensures reliable performance in all weather conditions.\" \/>\n<meta property=\"og:url\" content=\"https:\/\/www.naoevo.com\/es\/product\/strobe-20-inch-840w-led-light-pods-with-6-modes-naoevo\/\" \/>\n<meta property=\"og:site_name\" content=\"NAOEVO\" \/>\n<meta property=\"article:publisher\" content=\"https:\/\/www.facebook.com\/naoevolighting\" \/>\n<meta property=\"article:modified_time\" content=\"2025-06-04T09:04:16+00:00\" \/>\n<meta property=\"og:image\" content=\"https:\/\/www.naoevo.com\/wp-content\/uploads\/2023\/03\/20INCH-flashing-6MODES.webp\" \/>\n\t<meta property=\"og:image:width\" content=\"1500\" \/>\n\t<meta property=\"og:image:height\" content=\"1500\" \/>\n\t<meta property=\"og:image:type\" content=\"image\/webp\" \/>\n<meta name=\"twitter:card\" content=\"summary_large_image\" \/>\n<script type=\"application\/ld+json\" class=\"yoast-schema-graph\">{\"@context\":\"https:\/\/schema.org\",\"@graph\":[{\"@type\":\"WebPage\",\"@id\":\"https:\/\/www.naoevo.com\/product\/strobe-20-inch-840w-led-light-pods-with-6-modes-naoevo\/\",\"url\":\"https:\/\/www.naoevo.com\/product\/strobe-20-inch-840w-led-light-pods-with-6-modes-naoevo\/\",\"name\":\"Strobe 20 Inch 840W LED Light Pods With 6 Modes - NAOEVO - NAOEVO\",\"isPartOf\":{\"@id\":\"https:\/\/www.naoevo.com\/#website\"},\"primaryImageOfPage\":{\"@id\":\"https:\/\/www.naoevo.com\/product\/strobe-20-inch-840w-led-light-pods-with-6-modes-naoevo\/#primaryimage\"},\"image\":{\"@id\":\"https:\/\/www.naoevo.com\/product\/strobe-20-inch-840w-led-light-pods-with-6-modes-naoevo\/#primaryimage\"},\"thumbnailUrl\":\"https:\/\/www.naoevo.com\/wp-content\/uploads\/2023\/03\/20INCH-flashing-6MODES.webp\",\"datePublished\":\"2023-03-31T08:58:57+00:00\",\"dateModified\":\"2025-06-04T09:04:16+00:00\",\"breadcrumb\":{\"@id\":\"https:\/\/www.naoevo.com\/product\/strobe-20-inch-840w-led-light-pods-with-6-modes-naoevo\/#breadcrumb\"},\"inLanguage\":\"es\",\"potentialAction\":[{\"@type\":\"ReadAction\",\"target\":[\"https:\/\/www.naoevo.com\/product\/strobe-20-inch-840w-led-light-pods-with-6-modes-naoevo\/\"]}]},{\"@type\":\"ImageObject\",\"inLanguage\":\"es\",\"@id\":\"https:\/\/www.naoevo.com\/product\/strobe-20-inch-840w-led-light-pods-with-6-modes-naoevo\/#primaryimage\",\"url\":\"https:\/\/www.naoevo.com\/wp-content\/uploads\/2023\/03\/20INCH-flashing-6MODES.webp\",\"contentUrl\":\"https:\/\/www.naoevo.com\/wp-content\/uploads\/2023\/03\/20INCH-flashing-6MODES.webp\",\"width\":1500,\"height\":1500},{\"@type\":\"BreadcrumbList\",\"@id\":\"https:\/\/www.naoevo.com\/product\/strobe-20-inch-840w-led-light-pods-with-6-modes-naoevo\/#breadcrumb\",\"itemListElement\":[{\"@type\":\"ListItem\",\"position\":1,\"name\":\"Home\",\"item\":\"https:\/\/www.naoevo.com\/\"},{\"@type\":\"ListItem\",\"position\":2,\"name\":\"Products\",\"item\":\"https:\/\/www.naoevo.com\/shop__trashed\/\"},{\"@type\":\"ListItem\",\"position\":3,\"name\":\"Off Road LED Driving Lights\",\"item\":\"https:\/\/www.naoevo.com\/product-category\/off-road-led-driving-lights\/\"},{\"@type\":\"ListItem\",\"position\":4,\"name\":\"Strobe 20 Inch 840W LED Light Pods With 6 Modes &#8211; NAOEVO\"}]},{\"@type\":\"WebSite\",\"@id\":\"https:\/\/www.naoevo.com\/#website\",\"url\":\"https:\/\/www.naoevo.com\/\",\"name\":\"NAOEVO Auto Lighting\",\"description\":\"THE BEST AUTOMOTIVE LIGHTING MANUFACTURER\",\"publisher\":{\"@id\":\"https:\/\/www.naoevo.com\/#organization\"},\"potentialAction\":[{\"@type\":\"SearchAction\",\"target\":{\"@type\":\"EntryPoint\",\"urlTemplate\":\"https:\/\/www.naoevo.com\/?s={search_term_string}\"},\"query-input\":{\"@type\":\"PropertyValueSpecification\",\"valueRequired\":true,\"valueName\":\"search_term_string\"}}],\"inLanguage\":\"es\"},{\"@type\":\"Organization\",\"@id\":\"https:\/\/www.naoevo.com\/#organization\",\"name\":\"NAOEVO Auto Lighting\",\"url\":\"https:\/\/www.naoevo.com\/\",\"logo\":{\"@type\":\"ImageObject\",\"inLanguage\":\"es\",\"@id\":\"https:\/\/www.naoevo.com\/#\/schema\/logo\/image\/\",\"url\":\"https:\/\/www.naoevo.com\/wp-content\/uploads\/2023\/03\/cropped-NAOEVO-LOGO-2023.png\",\"contentUrl\":\"https:\/\/www.naoevo.com\/wp-content\/uploads\/2023\/03\/cropped-NAOEVO-LOGO-2023.png\",\"width\":1168,\"height\":151,\"caption\":\"NAOEVO Auto Lighting\"},\"image\":{\"@id\":\"https:\/\/www.naoevo.com\/#\/schema\/logo\/image\/\"},\"sameAs\":[\"https:\/\/www.facebook.com\/naoevolighting\",\"https:\/\/www.instagram.com\/naoevolightings\/\"]}]}<\/script>\n<!-- \/ Yoast SEO plugin. -->","yoast_head_json":{"title":"Strobe 20 Inch 840W LED Light Pods With 6 Modes - NAOEVO - NAOEVO","robots":{"index":"index","follow":"follow","max-snippet":"max-snippet:-1","max-image-preview":"max-image-preview:large","max-video-preview":"max-video-preview:-1"},"canonical":"https:\/\/www.naoevo.com\/es\/product\/strobe-20-inch-840w-led-light-pods-with-6-modes-naoevo\/","og_locale":"es_ES","og_type":"article","og_title":"Strobe 20 Inch 840W LED Light Pods With 6 Modes - NAOEVO - NAOEVO","og_description":"This 20-inch LED light bar offers 6 switchable modes, including multiple strobes. Memory function restores the last mode used. Combo beam with 140 SMD3030 chips provides bright, wide, and long-range illumination. IP67 waterproof rating ensures reliable performance in all weather conditions.","og_url":"https:\/\/www.naoevo.com\/es\/product\/strobe-20-inch-840w-led-light-pods-with-6-modes-naoevo\/","og_site_name":"NAOEVO","article_publisher":"https:\/\/www.facebook.com\/naoevolighting","article_modified_time":"2025-06-04T09:04:16+00:00","og_image":[{"width":1500,"height":1500,"url":"https:\/\/www.naoevo.com\/wp-content\/uploads\/2023\/03\/20INCH-flashing-6MODES.webp","type":"image\/webp"}],"twitter_card":"summary_large_image","schema":{"@context":"https:\/\/schema.org","@graph":[{"@type":"WebPage","@id":"https:\/\/www.naoevo.com\/product\/strobe-20-inch-840w-led-light-pods-with-6-modes-naoevo\/","url":"https:\/\/www.naoevo.com\/product\/strobe-20-inch-840w-led-light-pods-with-6-modes-naoevo\/","name":"Strobe 20 Inch 840W LED Light Pods With 6 Modes - NAOEVO - NAOEVO","isPartOf":{"@id":"https:\/\/www.naoevo.com\/#website"},"primaryImageOfPage":{"@id":"https:\/\/www.naoevo.com\/product\/strobe-20-inch-840w-led-light-pods-with-6-modes-naoevo\/#primaryimage"},"image":{"@id":"https:\/\/www.naoevo.com\/product\/strobe-20-inch-840w-led-light-pods-with-6-modes-naoevo\/#primaryimage"},"thumbnailUrl":"https:\/\/www.naoevo.com\/wp-content\/uploads\/2023\/03\/20INCH-flashing-6MODES.webp","datePublished":"2023-03-31T08:58:57+00:00","dateModified":"2025-06-04T09:04:16+00:00","breadcrumb":{"@id":"https:\/\/www.naoevo.com\/product\/strobe-20-inch-840w-led-light-pods-with-6-modes-naoevo\/#breadcrumb"},"inLanguage":"es","potentialAction":[{"@type":"ReadAction","target":["https:\/\/www.naoevo.com\/product\/strobe-20-inch-840w-led-light-pods-with-6-modes-naoevo\/"]}]},{"@type":"ImageObject","inLanguage":"es","@id":"https:\/\/www.naoevo.com\/product\/strobe-20-inch-840w-led-light-pods-with-6-modes-naoevo\/#primaryimage","url":"https:\/\/www.naoevo.com\/wp-content\/uploads\/2023\/03\/20INCH-flashing-6MODES.webp","contentUrl":"https:\/\/www.naoevo.com\/wp-content\/uploads\/2023\/03\/20INCH-flashing-6MODES.webp","width":1500,"height":1500},{"@type":"BreadcrumbList","@id":"https:\/\/www.naoevo.com\/product\/strobe-20-inch-840w-led-light-pods-with-6-modes-naoevo\/#breadcrumb","itemListElement":[{"@type":"ListItem","position":1,"name":"Home","item":"https:\/\/www.naoevo.com\/"},{"@type":"ListItem","position":2,"name":"Products","item":"https:\/\/www.naoevo.com\/shop__trashed\/"},{"@type":"ListItem","position":3,"name":"Off Road LED Driving Lights","item":"https:\/\/www.naoevo.com\/product-category\/off-road-led-driving-lights\/"},{"@type":"ListItem","position":4,"name":"Strobe 20 Inch 840W LED Light Pods With 6 Modes &#8211; NAOEVO"}]},{"@type":"WebSite","@id":"https:\/\/www.naoevo.com\/#website","url":"https:\/\/www.naoevo.com\/","name":"NAOEVO Auto Lighting","description":"THE BEST AUTOMOTIVE LIGHTING MANUFACTURER","publisher":{"@id":"https:\/\/www.naoevo.com\/#organization"},"potentialAction":[{"@type":"SearchAction","target":{"@type":"EntryPoint","urlTemplate":"https:\/\/www.naoevo.com\/?s={search_term_string}"},"query-input":{"@type":"PropertyValueSpecification","valueRequired":true,"valueName":"search_term_string"}}],"inLanguage":"es"},{"@type":"Organization","@id":"https:\/\/www.naoevo.com\/#organization","name":"NAOEVO Auto Lighting","url":"https:\/\/www.naoevo.com\/","logo":{"@type":"ImageObject","inLanguage":"es","@id":"https:\/\/www.naoevo.com\/#\/schema\/logo\/image\/","url":"https:\/\/www.naoevo.com\/wp-content\/uploads\/2023\/03\/cropped-NAOEVO-LOGO-2023.png","contentUrl":"https:\/\/www.naoevo.com\/wp-content\/uploads\/2023\/03\/cropped-NAOEVO-LOGO-2023.png","width":1168,"height":151,"caption":"NAOEVO Auto Lighting"},"image":{"@id":"https:\/\/www.naoevo.com\/#\/schema\/logo\/image\/"},"sameAs":["https:\/\/www.facebook.com\/naoevolighting","https:\/\/www.instagram.com\/naoevolightings\/"]}]}},"_links":{"self":[{"href":"https:\/\/www.naoevo.com\/es\/wp-json\/wp\/v2\/product\/4822","targetHints":{"allow":["GET"]}}],"collection":[{"href":"https:\/\/www.naoevo.com\/es\/wp-json\/wp\/v2\/product"}],"about":[{"href":"https:\/\/www.naoevo.com\/es\/wp-json\/wp\/v2\/types\/product"}],"version-history":[{"count":7,"href":"https:\/\/www.naoevo.com\/es\/wp-json\/wp\/v2\/product\/4822\/revisions"}],"predecessor-version":[{"id":17473,"href":"https:\/\/www.naoevo.com\/es\/wp-json\/wp\/v2\/product\/4822\/revisions\/17473"}],"wp:featuredmedia":[{"embeddable":true,"href":"https:\/\/www.naoevo.com\/es\/wp-json\/wp\/v2\/media\/4823"}],"wp:attachment":[{"href":"https:\/\/www.naoevo.com\/es\/wp-json\/wp\/v2\/media?parent=4822"}],"wp:term":[{"taxonomy":"product_brand","embeddable":true,"href":"https:\/\/www.naoevo.com\/es\/wp-json\/wp\/v2\/product_brand?post=4822"},{"taxonomy":"product_cat","embeddable":true,"href":"https:\/\/www.naoevo.com\/es\/wp-json\/wp\/v2\/product_cat?post=4822"},{"taxonomy":"product_tag","embeddable":true,"href":"https:\/\/www.naoevo.com\/es\/wp-json\/wp\/v2\/product_tag?post=4822"}],"curies":[{"name":"wp","href":"https:\/\/api.w.org\/{rel}","templated":true}]}}