{"id":4811,"date":"2023-03-31T08:19:51","date_gmt":"2023-03-31T08:19:51","guid":{"rendered":"https:\/\/www.naoevo.com\/?post_type=product&#038;p=4811"},"modified":"2025-06-04T16:47:52","modified_gmt":"2025-06-04T08:47:52","slug":"strobe-7-inch-240w-led-light-pods-with-6-modes-naoevo","status":"publish","type":"product","link":"https:\/\/www.naoevo.com\/es\/product\/strobe-7-inch-240w-led-light-pods-with-6-modes-naoevo\/","title":{"rendered":"Estroboscopio 7 Pulgadas 240W LED Luz Pods Con 6 Modos - NAOEVO"},"content":{"rendered":"<div data-elementor-type=\"product-post\" data-elementor-id=\"4811\" class=\"elementor elementor-4811\" data-elementor-post-type=\"product\">\n\t\t\t\t<div class=\"elementor-element elementor-element-c4ccc3b e-flex e-con-boxed e-con e-parent\" data-id=\"c4ccc3b\" data-element_type=\"container\" data-settings=\"{&quot;jet_parallax_layout_list&quot;:[]}\">\n\t\t\t\t\t<div class=\"e-con-inner\">\n\t\t\t\t<div class=\"elementor-element elementor-element-ad9a0e2 e-n-tabs-none elementor-widget elementor-widget-n-tabs\" data-id=\"ad9a0e2\" data-element_type=\"widget\" data-settings=\"{&quot;tabs_justify_horizontal&quot;:&quot;start&quot;,&quot;horizontal_scroll&quot;:&quot;enable&quot;}\" data-widget_type=\"nested-tabs.default\">\n\t\t\t\t\t\t\t<div class=\"e-n-tabs\" data-widget-number=\"182034658\" aria-label=\"\u091f\u0948\u092c\u094d\u0938\u0964 Enter \u092f\u093e Space \u0938\u0947 \u0906\u0907\u091f\u092e \u0916\u094b\u0932\u0947\u0902, Escape \u0938\u0947 \u092c\u0902\u0926 \u0915\u0930\u0947\u0902 \u0914\u0930 \u0924\u0940\u0930 \u0915\u0941\u0902\u091c\u093f\u092f\u094b\u0902 \u0915\u093e \u0909\u092a\u092f\u094b\u0917 \u0915\u0930\u0915\u0947 \u0928\u0947\u0935\u093f\u0917\u0947\u091f \u0915\u0930\u0947\u0902\u0964\" data-no-translation-aria-label=\"\">\n\t\t\t<div class=\"e-n-tabs-heading\" role=\"tablist\">\n\t\t\t\t\t<button id=\"e-n-tab-title-1820346581\" class=\"e-n-tab-title\" aria-selected=\"true\" data-tab-index=\"1\" role=\"tab\" tabindex=\"0\" aria-controls=\"e-n-tab-content-1820346581\" style=\"--n-tabs-title-order: 1;\">\n\t\t\t\t\t\t<span class=\"e-n-tab-title-text\">\n\t\t\t\tCARACTER\u00cdSTICAS\t\t\t<\/span>\n\t\t<\/button>\n\t\t\t\t<button id=\"e-n-tab-title-1820346582\" class=\"e-n-tab-title\" aria-selected=\"false\" data-tab-index=\"2\" role=\"tab\" tabindex=\"-1\" aria-controls=\"e-n-tab-content-1820346582\" style=\"--n-tabs-title-order: 2;\">\n\t\t\t\t\t\t<span class=\"e-n-tab-title-text\">\n\t\t\t\tESPECIFICACIONES\t\t\t<\/span>\n\t\t<\/button>\n\t\t\t\t\t<\/div>\n\t\t\t<div class=\"e-n-tabs-content\">\n\t\t\t\t<div id=\"e-n-tab-content-1820346581\" role=\"tabpanel\" aria-labelledby=\"e-n-tab-title-1820346581\" data-tab-index=\"1\" style=\"--n-tabs-title-order: 1;\" class=\"e-active elementor-element elementor-element-66d8c41 e-con-full e-flex e-con e-child\" data-id=\"66d8c41\" data-element_type=\"container\" data-settings=\"{&quot;jet_parallax_layout_list&quot;:[]}\">\n\t\t<div class=\"elementor-element elementor-element-da374e2 e-con-full e-grid e-con e-child\" data-id=\"da374e2\" data-element_type=\"container\" data-settings=\"{&quot;jet_parallax_layout_list&quot;:[]}\">\n\t\t<div class=\"elementor-element elementor-element-a0eebe3 e-con-full e-flex e-con e-child\" data-id=\"a0eebe3\" data-element_type=\"container\" data-settings=\"{&quot;jet_parallax_layout_list&quot;:[]}\">\n\t\t\t\t<div class=\"elementor-element elementor-element-00b146f elementor-position-left elementor-position-top elementor-vertical-align-top elementor-widget elementor-widget-image-box\" data-id=\"00b146f\" data-element_type=\"widget\" data-widget_type=\"image-box.default\">\n\t\t\t\t\t<div class=\"elementor-image-box-wrapper\"><figure class=\"elementor-image-box-img\"><img fetchpriority=\"high\" decoding=\"async\" width=\"468\" height=\"468\" src=\"https:\/\/www.naoevo.com\/wp-content\/uploads\/2025\/05\/Quality-Beam-Pattern.jpg\" class=\"attachment-full size-full wp-image-16784\" alt=\"\" srcset=\"https:\/\/www.naoevo.com\/wp-content\/uploads\/2025\/05\/Quality-Beam-Pattern.jpg 468w, https:\/\/www.naoevo.com\/wp-content\/uploads\/2025\/05\/Quality-Beam-Pattern-300x300.jpg 300w, https:\/\/www.naoevo.com\/wp-content\/uploads\/2025\/05\/Quality-Beam-Pattern-150x150.jpg 150w, https:\/\/www.naoevo.com\/wp-content\/uploads\/2025\/05\/Quality-Beam-Pattern-100x100.jpg 100w, https:\/\/www.naoevo.com\/wp-content\/uploads\/2025\/05\/Quality-Beam-Pattern-64x64.jpg 64w\" sizes=\"(max-width: 468px) 100vw, 468px\" \/><\/figure><div class=\"elementor-image-box-content\"><h3 class=\"elementor-image-box-title\">Barra de luces LED de 7 pulgadas con 6 modos<\/h3><p class=\"elementor-image-box-description\">Estas luces LED de 7 pulgadas se pueden cambiar entre diferentes modos (blanco, \u00e1mbar, blanco y \u00e1mbar, estrobosc\u00f3pico blanco, estrobosc\u00f3pico \u00e1mbar, estrobosc\u00f3pico blanco y \u00e1mbar) para su regulaci\u00f3n. Esta caracter\u00edstica hace que las luces adecuadas para diversos fines, tales como luces de advertencia, luces antiniebla, luces de conducci\u00f3n, o las luces de trabajo. Adem\u00e1s, el kit de arn\u00e9s de cableado NAOEVO versi\u00f3n mejorada est\u00e1 incluido.<\/p><\/div><\/div>\t\t\t\t<\/div>\n\t\t\t\t<\/div>\n\t\t<div class=\"elementor-element elementor-element-2cc0d91 e-con-full e-flex e-con e-child\" data-id=\"2cc0d91\" data-element_type=\"container\" data-settings=\"{&quot;jet_parallax_layout_list&quot;:[]}\">\n\t\t\t\t<div class=\"elementor-element elementor-element-b9f25f2 elementor-position-left elementor-position-top elementor-vertical-align-top elementor-widget elementor-widget-image-box\" data-id=\"b9f25f2\" data-element_type=\"widget\" data-widget_type=\"image-box.default\">\n\t\t\t\t\t<div class=\"elementor-image-box-wrapper\"><figure class=\"elementor-image-box-img\"><img decoding=\"async\" width=\"468\" height=\"468\" src=\"https:\/\/www.naoevo.com\/wp-content\/uploads\/2025\/05\/Canbus-Error-Free.jpg\" class=\"attachment-full size-full wp-image-16786\" alt=\"\" srcset=\"https:\/\/www.naoevo.com\/wp-content\/uploads\/2025\/05\/Canbus-Error-Free.jpg 468w, https:\/\/www.naoevo.com\/wp-content\/uploads\/2025\/05\/Canbus-Error-Free-300x300.jpg 300w, https:\/\/www.naoevo.com\/wp-content\/uploads\/2025\/05\/Canbus-Error-Free-150x150.jpg 150w, https:\/\/www.naoevo.com\/wp-content\/uploads\/2025\/05\/Canbus-Error-Free-100x100.jpg 100w, https:\/\/www.naoevo.com\/wp-content\/uploads\/2025\/05\/Canbus-Error-Free-64x64.jpg 64w\" sizes=\"(max-width: 468px) 100vw, 468px\" \/><\/figure><div class=\"elementor-image-box-content\"><h3 class=\"elementor-image-box-title\">Funci\u00f3n de memoria<\/h3><p class=\"elementor-image-box-description\">La barra de luces NAOEVO de 7 pulgadas viene equipada con funciones de Memoria y Restablecimiento. Con su exclusiva funci\u00f3n de Memoria, la barra de luces restablecer\u00e1 autom\u00e1ticamente el \u00faltimo modo de trabajo utilizado, proporcionando una experiencia m\u00e1s c\u00f3moda y f\u00e1cil de usar. (Nota: Si la barra de luces est\u00e1 en diferentes modos, basta con pulsar el interruptor MODE durante tres segundos para reiniciar).<\/p><\/div><\/div>\t\t\t\t<\/div>\n\t\t\t\t<\/div>\n\t\t<div class=\"elementor-element elementor-element-06e4c12 e-con-full e-flex e-con e-child\" data-id=\"06e4c12\" data-element_type=\"container\" data-settings=\"{&quot;jet_parallax_layout_list&quot;:[]}\">\n\t\t\t\t<div class=\"elementor-element elementor-element-0bd4236 elementor-position-left elementor-position-top elementor-vertical-align-top elementor-widget elementor-widget-image-box\" data-id=\"0bd4236\" data-element_type=\"widget\" data-widget_type=\"image-box.default\">\n\t\t\t\t\t<div class=\"elementor-image-box-wrapper\"><figure class=\"elementor-image-box-img\"><img decoding=\"async\" width=\"468\" height=\"468\" src=\"https:\/\/www.naoevo.com\/wp-content\/uploads\/2025\/05\/Superior-High-Brightness.jpg\" class=\"attachment-full size-full wp-image-16787\" alt=\"\" srcset=\"https:\/\/www.naoevo.com\/wp-content\/uploads\/2025\/05\/Superior-High-Brightness.jpg 468w, https:\/\/www.naoevo.com\/wp-content\/uploads\/2025\/05\/Superior-High-Brightness-300x300.jpg 300w, https:\/\/www.naoevo.com\/wp-content\/uploads\/2025\/05\/Superior-High-Brightness-150x150.jpg 150w, https:\/\/www.naoevo.com\/wp-content\/uploads\/2025\/05\/Superior-High-Brightness-100x100.jpg 100w, https:\/\/www.naoevo.com\/wp-content\/uploads\/2025\/05\/Superior-High-Brightness-64x64.jpg 64w\" sizes=\"(max-width: 468px) 100vw, 468px\" \/><\/figure><div class=\"elementor-image-box-content\"><h3 class=\"elementor-image-box-title\">Brillo excepcional<\/h3><p class=\"elementor-image-box-description\">El dise\u00f1o de esta barra de luz LED de 7 pulgadas cuenta con un brillo excepcional a trav\u00e9s de una mezcla de punto y rayos de inundaci\u00f3n. Con 40 chips SMD3030 que emiten tanto luz blanca brillante de 6500K como luz \u00e1mbar de 3000K, la potencia total es de 240W y 24000 l\u00famenes. Esto garantiza una visibilidad \u00f3ptima para fines de seguridad, por lo que es ideal para la conducci\u00f3n fuera de carretera en la oscuridad.<\/p><\/div><\/div>\t\t\t\t<\/div>\n\t\t\t\t<\/div>\n\t\t<div class=\"elementor-element elementor-element-62947ad e-con-full e-flex e-con e-child\" data-id=\"62947ad\" data-element_type=\"container\" data-settings=\"{&quot;jet_parallax_layout_list&quot;:[]}\">\n\t\t\t\t<div class=\"elementor-element elementor-element-fa7f5d2 elementor-position-left elementor-position-top elementor-vertical-align-top elementor-widget elementor-widget-image-box\" data-id=\"fa7f5d2\" data-element_type=\"widget\" data-widget_type=\"image-box.default\">\n\t\t\t\t\t<div class=\"elementor-image-box-wrapper\"><figure class=\"elementor-image-box-img\"><img loading=\"lazy\" decoding=\"async\" width=\"150\" height=\"150\" src=\"https:\/\/www.naoevo.com\/wp-content\/uploads\/2023\/03\/Suitable-For-Various-Vehicles.png\" class=\"attachment-full size-full wp-image-17358\" alt=\"\" srcset=\"https:\/\/www.naoevo.com\/wp-content\/uploads\/2023\/03\/Suitable-For-Various-Vehicles.png 150w, https:\/\/www.naoevo.com\/wp-content\/uploads\/2023\/03\/Suitable-For-Various-Vehicles-100x100.png 100w, https:\/\/www.naoevo.com\/wp-content\/uploads\/2023\/03\/Suitable-For-Various-Vehicles-64x64.png 64w\" sizes=\"(max-width: 150px) 100vw, 150px\" \/><\/figure><div class=\"elementor-image-box-content\"><h3 class=\"elementor-image-box-title\">Amplia aplicaci\u00f3n<\/h3><p class=\"elementor-image-box-description\">Ideal para diferentes tipos de veh\u00edculos como Off-Road, Jeep, SUV, ATV, UTV, cami\u00f3n, barco, carrito de golf y tractor que funcionan con DC 9V-30V. La barra de luz es una soluci\u00f3n vers\u00e1til y puede servir como luces todo terreno, luces de trabajo, luces antiniebla, luces de conducci\u00f3n, y mucho m\u00e1s.<\/p><\/div><\/div>\t\t\t\t<\/div>\n\t\t\t\t<\/div>\n\t\t\t\t<\/div>\n\t\t\t\t<\/div>\n\t\t<div id=\"e-n-tab-content-1820346582\" role=\"tabpanel\" aria-labelledby=\"e-n-tab-title-1820346582\" data-tab-index=\"2\" style=\"--n-tabs-title-order: 2;\" class=\"elementor-element elementor-element-c1cb02b e-con-full e-flex e-con e-child\" data-id=\"c1cb02b\" data-element_type=\"container\" data-settings=\"{&quot;jet_parallax_layout_list&quot;:[]}\">\n\t\t\t\t<div class=\"elementor-element elementor-element-7631249 elementor-widget elementor-widget-text-editor\" data-id=\"7631249\" data-element_type=\"widget\" data-widget_type=\"text-editor.default\">\n\t\t\t\t\t\t\t\t\t<ul><li>Tipo de LED: SMD3030<\/li><li>Tipo de rayo: Combo<\/li><li>Potencia: 120 W por par 240 W por par<\/li><li>L\u00famenes: 24.000 LM\/Par<\/li><li>Temperatura de color: 6500K<\/li><li>Blanco\/3000K \u00c1mbar<\/li><li>Voltaje: DC10V-32V<\/li><li>Material: Carcasa de aluminio fundido a presi\u00f3n 6063<\/li><li>\u00cdndice de impermeabilidad: IP67<\/li><li>Vida \u00fatil: 50.000 horas<\/li><\/ul><h3>Paquete incluido<\/h3><p>\u00a0<\/p><ul><li>Barra de luces LED de 7 pulgadas \u00d7 2<\/li><li>Manual de instrucciones \u00d7 1<\/li><li>Kits de mazos de cables<\/li><\/ul>\t\t\t\t\t\t\t\t<\/div>\n\t\t\t\t<\/div>\n\t\t\t\t\t<\/div>\n\t\t<\/div>\n\t\t\t\t\t\t<\/div>\n\t\t\t\t\t<\/div>\n\t\t\t\t<\/div>\n\t\t\t\t<\/div>","protected":false},"excerpt":{"rendered":"<p>Esta barra de luces LED de 7 pulgadas ofrece 6 modos conmutables (blanco, \u00e1mbar, combinado, estrobosc\u00f3pico) para su uso como luces de advertencia, antiniebla o de trabajo. La funci\u00f3n de memoria restaura el \u00faltimo modo utilizado; reinicio disponible con una pulsaci\u00f3n larga. Los 40 chips SMD3030 proporcionan 240 W\/24.000 lm en los haces de cruce y carretera. Incluye mazo de cables. Compatible con veh\u00edculos de 9V-30V: todoterrenos, camiones, ATV, etc.<\/p>","protected":false},"featured_media":4812,"template":"","meta":{"site-sidebar-layout":"default","site-content-layout":"default","ast-site-content-layout":"default","site-content-style":"default","site-sidebar-style":"default","ast-global-header-display":"","ast-banner-title-visibility":"","ast-main-header-display":"","ast-hfb-above-header-display":"","ast-hfb-below-header-display":"","ast-hfb-mobile-header-display":"","site-post-title":"","ast-breadcrumbs-content":"","ast-featured-img":"","footer-sml-layout":"","theme-transparent-header-meta":"default","adv-header-id-meta":"","stick-header-meta":"","header-above-stick-meta":"","header-main-stick-meta":"","header-below-stick-meta":"","astra-migrate-meta-layouts":"set","ast-page-background-enabled":"default","ast-page-background-meta":{"desktop":{"background-color":"var(--ast-global-color-4)","background-image":"","background-repeat":"repeat","background-position":"center center","background-size":"auto","background-attachment":"scroll","background-type":"","background-media":"","overlay-type":"","overlay-color":"","overlay-opacity":"","overlay-gradient":""},"tablet":{"background-color":"","background-image":"","background-repeat":"repeat","background-position":"center center","background-size":"auto","background-attachment":"scroll","background-type":"","background-media":"","overlay-type":"","overlay-color":"","overlay-opacity":"","overlay-gradient":""},"mobile":{"background-color":"","background-image":"","background-repeat":"repeat","background-position":"center center","background-size":"auto","background-attachment":"scroll","background-type":"","background-media":"","overlay-type":"","overlay-color":"","overlay-opacity":"","overlay-gradient":""}},"ast-content-background-meta":{"desktop":{"background-color":"var(--ast-global-color-5)","background-image":"","background-repeat":"repeat","background-position":"center center","background-size":"auto","background-attachment":"scroll","background-type":"","background-media":"","overlay-type":"","overlay-color":"","overlay-opacity":"","overlay-gradient":""},"tablet":{"background-color":"var(--ast-global-color-5)","background-image":"","background-repeat":"repeat","background-position":"center center","background-size":"auto","background-attachment":"scroll","background-type":"","background-media":"","overlay-type":"","overlay-color":"","overlay-opacity":"","overlay-gradient":""},"mobile":{"background-color":"var(--ast-global-color-5)","background-image":"","background-repeat":"repeat","background-position":"center center","background-size":"auto","background-attachment":"scroll","background-type":"","background-media":"","overlay-type":"","overlay-color":"","overlay-opacity":"","overlay-gradient":""}}},"product_brand":[],"product_cat":[190,227,103],"product_tag":[],"class_list":{"0":"post-4811","1":"product","2":"type-product","3":"status-publish","4":"has-post-thumbnail","6":"product_cat-china-led-headlight-bulbs-supplier","7":"product_cat-strobe-flashing","8":"product_cat-off-road-led-driving-lights","9":"desktop-align-left","10":"tablet-align-left","11":"mobile-align-left","13":"first","14":"instock","15":"sold-individually","16":"shipping-taxable","17":"purchasable","18":"product-type-variable","19":"has-default-attributes"},"yoast_head":"<!-- This site is optimized with the Yoast SEO plugin v24.7 - https:\/\/yoast.com\/wordpress\/plugins\/seo\/ -->\n<title>Strobe 7 Inch 240W LED Light Pods With 6 Modes - NAOEVO - NAOEVO<\/title>\n<meta name=\"robots\" content=\"index, follow, max-snippet:-1, max-image-preview:large, max-video-preview:-1\" \/>\n<link rel=\"canonical\" href=\"https:\/\/www.naoevo.com\/es\/product\/strobe-7-inch-240w-led-light-pods-with-6-modes-naoevo\/\" \/>\n<meta property=\"og:locale\" content=\"es_ES\" \/>\n<meta property=\"og:type\" content=\"article\" \/>\n<meta property=\"og:title\" content=\"Strobe 7 Inch 240W LED Light Pods With 6 Modes - NAOEVO - NAOEVO\" \/>\n<meta property=\"og:description\" content=\"This 7-inch LED Light Bar offers 6 switchable modes (white, amber, combo, strobes) for use as warning, fog, or work lights. Memory function restores the last mode used; reset available with a long press. 40 SMD3030 chips deliver 240W\/24,000LM in spot and flood beams. Includes wiring harness. Compatible with 9V-30V vehicles: off-road, trucks, ATVs, and more.\" \/>\n<meta property=\"og:url\" content=\"https:\/\/www.naoevo.com\/es\/product\/strobe-7-inch-240w-led-light-pods-with-6-modes-naoevo\/\" \/>\n<meta property=\"og:site_name\" content=\"NAOEVO\" \/>\n<meta property=\"article:publisher\" content=\"https:\/\/www.facebook.com\/naoevolighting\" \/>\n<meta property=\"article:modified_time\" content=\"2025-06-04T08:47:52+00:00\" \/>\n<meta property=\"og:image\" content=\"https:\/\/www.naoevo.com\/wp-content\/uploads\/2023\/03\/7INCH-flashing-6MODES.webp\" \/>\n\t<meta property=\"og:image:width\" content=\"1001\" \/>\n\t<meta property=\"og:image:height\" content=\"1001\" \/>\n\t<meta property=\"og:image:type\" content=\"image\/webp\" \/>\n<meta name=\"twitter:card\" content=\"summary_large_image\" \/>\n<script type=\"application\/ld+json\" class=\"yoast-schema-graph\">{\"@context\":\"https:\/\/schema.org\",\"@graph\":[{\"@type\":\"WebPage\",\"@id\":\"https:\/\/www.naoevo.com\/product\/strobe-7-inch-240w-led-light-pods-with-6-modes-naoevo\/\",\"url\":\"https:\/\/www.naoevo.com\/product\/strobe-7-inch-240w-led-light-pods-with-6-modes-naoevo\/\",\"name\":\"Strobe 7 Inch 240W LED Light Pods With 6 Modes - NAOEVO - NAOEVO\",\"isPartOf\":{\"@id\":\"https:\/\/www.naoevo.com\/#website\"},\"primaryImageOfPage\":{\"@id\":\"https:\/\/www.naoevo.com\/product\/strobe-7-inch-240w-led-light-pods-with-6-modes-naoevo\/#primaryimage\"},\"image\":{\"@id\":\"https:\/\/www.naoevo.com\/product\/strobe-7-inch-240w-led-light-pods-with-6-modes-naoevo\/#primaryimage\"},\"thumbnailUrl\":\"https:\/\/www.naoevo.com\/wp-content\/uploads\/2023\/03\/7INCH-flashing-6MODES.webp\",\"datePublished\":\"2023-03-31T08:19:51+00:00\",\"dateModified\":\"2025-06-04T08:47:52+00:00\",\"breadcrumb\":{\"@id\":\"https:\/\/www.naoevo.com\/product\/strobe-7-inch-240w-led-light-pods-with-6-modes-naoevo\/#breadcrumb\"},\"inLanguage\":\"es\",\"potentialAction\":[{\"@type\":\"ReadAction\",\"target\":[\"https:\/\/www.naoevo.com\/product\/strobe-7-inch-240w-led-light-pods-with-6-modes-naoevo\/\"]}]},{\"@type\":\"ImageObject\",\"inLanguage\":\"es\",\"@id\":\"https:\/\/www.naoevo.com\/product\/strobe-7-inch-240w-led-light-pods-with-6-modes-naoevo\/#primaryimage\",\"url\":\"https:\/\/www.naoevo.com\/wp-content\/uploads\/2023\/03\/7INCH-flashing-6MODES.webp\",\"contentUrl\":\"https:\/\/www.naoevo.com\/wp-content\/uploads\/2023\/03\/7INCH-flashing-6MODES.webp\",\"width\":1001,\"height\":1001,\"caption\":\"Strobe 7 Inch 240W LED Light Pods With 6 Modes - NAOEVO\"},{\"@type\":\"BreadcrumbList\",\"@id\":\"https:\/\/www.naoevo.com\/product\/strobe-7-inch-240w-led-light-pods-with-6-modes-naoevo\/#breadcrumb\",\"itemListElement\":[{\"@type\":\"ListItem\",\"position\":1,\"name\":\"Home\",\"item\":\"https:\/\/www.naoevo.com\/\"},{\"@type\":\"ListItem\",\"position\":2,\"name\":\"Products\",\"item\":\"https:\/\/www.naoevo.com\/shop__trashed\/\"},{\"@type\":\"ListItem\",\"position\":3,\"name\":\"Strobe Flashing\",\"item\":\"https:\/\/www.naoevo.com\/product-category\/strobe-flashing\/\"},{\"@type\":\"ListItem\",\"position\":4,\"name\":\"Strobe 7 Inch 240W LED Light Pods With 6 Modes &#8211; NAOEVO\"}]},{\"@type\":\"WebSite\",\"@id\":\"https:\/\/www.naoevo.com\/#website\",\"url\":\"https:\/\/www.naoevo.com\/\",\"name\":\"NAOEVO Auto Lighting\",\"description\":\"THE BEST AUTOMOTIVE LIGHTING MANUFACTURER\",\"publisher\":{\"@id\":\"https:\/\/www.naoevo.com\/#organization\"},\"potentialAction\":[{\"@type\":\"SearchAction\",\"target\":{\"@type\":\"EntryPoint\",\"urlTemplate\":\"https:\/\/www.naoevo.com\/?s={search_term_string}\"},\"query-input\":{\"@type\":\"PropertyValueSpecification\",\"valueRequired\":true,\"valueName\":\"search_term_string\"}}],\"inLanguage\":\"es\"},{\"@type\":\"Organization\",\"@id\":\"https:\/\/www.naoevo.com\/#organization\",\"name\":\"NAOEVO Auto Lighting\",\"url\":\"https:\/\/www.naoevo.com\/\",\"logo\":{\"@type\":\"ImageObject\",\"inLanguage\":\"es\",\"@id\":\"https:\/\/www.naoevo.com\/#\/schema\/logo\/image\/\",\"url\":\"https:\/\/www.naoevo.com\/wp-content\/uploads\/2023\/03\/cropped-NAOEVO-LOGO-2023.png\",\"contentUrl\":\"https:\/\/www.naoevo.com\/wp-content\/uploads\/2023\/03\/cropped-NAOEVO-LOGO-2023.png\",\"width\":1168,\"height\":151,\"caption\":\"NAOEVO Auto Lighting\"},\"image\":{\"@id\":\"https:\/\/www.naoevo.com\/#\/schema\/logo\/image\/\"},\"sameAs\":[\"https:\/\/www.facebook.com\/naoevolighting\",\"https:\/\/www.instagram.com\/naoevolightings\/\"]}]}<\/script>\n<!-- \/ Yoast SEO plugin. -->","yoast_head_json":{"title":"Strobe 7 Inch 240W LED Light Pods With 6 Modes - NAOEVO - NAOEVO","robots":{"index":"index","follow":"follow","max-snippet":"max-snippet:-1","max-image-preview":"max-image-preview:large","max-video-preview":"max-video-preview:-1"},"canonical":"https:\/\/www.naoevo.com\/es\/product\/strobe-7-inch-240w-led-light-pods-with-6-modes-naoevo\/","og_locale":"es_ES","og_type":"article","og_title":"Strobe 7 Inch 240W LED Light Pods With 6 Modes - NAOEVO - NAOEVO","og_description":"This 7-inch LED Light Bar offers 6 switchable modes (white, amber, combo, strobes) for use as warning, fog, or work lights. Memory function restores the last mode used; reset available with a long press. 40 SMD3030 chips deliver 240W\/24,000LM in spot and flood beams. Includes wiring harness. Compatible with 9V-30V vehicles: off-road, trucks, ATVs, and more.","og_url":"https:\/\/www.naoevo.com\/es\/product\/strobe-7-inch-240w-led-light-pods-with-6-modes-naoevo\/","og_site_name":"NAOEVO","article_publisher":"https:\/\/www.facebook.com\/naoevolighting","article_modified_time":"2025-06-04T08:47:52+00:00","og_image":[{"width":1001,"height":1001,"url":"https:\/\/www.naoevo.com\/wp-content\/uploads\/2023\/03\/7INCH-flashing-6MODES.webp","type":"image\/webp"}],"twitter_card":"summary_large_image","schema":{"@context":"https:\/\/schema.org","@graph":[{"@type":"WebPage","@id":"https:\/\/www.naoevo.com\/product\/strobe-7-inch-240w-led-light-pods-with-6-modes-naoevo\/","url":"https:\/\/www.naoevo.com\/product\/strobe-7-inch-240w-led-light-pods-with-6-modes-naoevo\/","name":"Strobe 7 Inch 240W LED Light Pods With 6 Modes - NAOEVO - NAOEVO","isPartOf":{"@id":"https:\/\/www.naoevo.com\/#website"},"primaryImageOfPage":{"@id":"https:\/\/www.naoevo.com\/product\/strobe-7-inch-240w-led-light-pods-with-6-modes-naoevo\/#primaryimage"},"image":{"@id":"https:\/\/www.naoevo.com\/product\/strobe-7-inch-240w-led-light-pods-with-6-modes-naoevo\/#primaryimage"},"thumbnailUrl":"https:\/\/www.naoevo.com\/wp-content\/uploads\/2023\/03\/7INCH-flashing-6MODES.webp","datePublished":"2023-03-31T08:19:51+00:00","dateModified":"2025-06-04T08:47:52+00:00","breadcrumb":{"@id":"https:\/\/www.naoevo.com\/product\/strobe-7-inch-240w-led-light-pods-with-6-modes-naoevo\/#breadcrumb"},"inLanguage":"es","potentialAction":[{"@type":"ReadAction","target":["https:\/\/www.naoevo.com\/product\/strobe-7-inch-240w-led-light-pods-with-6-modes-naoevo\/"]}]},{"@type":"ImageObject","inLanguage":"es","@id":"https:\/\/www.naoevo.com\/product\/strobe-7-inch-240w-led-light-pods-with-6-modes-naoevo\/#primaryimage","url":"https:\/\/www.naoevo.com\/wp-content\/uploads\/2023\/03\/7INCH-flashing-6MODES.webp","contentUrl":"https:\/\/www.naoevo.com\/wp-content\/uploads\/2023\/03\/7INCH-flashing-6MODES.webp","width":1001,"height":1001,"caption":"Strobe 7 Inch 240W LED Light Pods With 6 Modes - NAOEVO"},{"@type":"BreadcrumbList","@id":"https:\/\/www.naoevo.com\/product\/strobe-7-inch-240w-led-light-pods-with-6-modes-naoevo\/#breadcrumb","itemListElement":[{"@type":"ListItem","position":1,"name":"Home","item":"https:\/\/www.naoevo.com\/"},{"@type":"ListItem","position":2,"name":"Products","item":"https:\/\/www.naoevo.com\/shop__trashed\/"},{"@type":"ListItem","position":3,"name":"Strobe Flashing","item":"https:\/\/www.naoevo.com\/product-category\/strobe-flashing\/"},{"@type":"ListItem","position":4,"name":"Strobe 7 Inch 240W LED Light Pods With 6 Modes &#8211; NAOEVO"}]},{"@type":"WebSite","@id":"https:\/\/www.naoevo.com\/#website","url":"https:\/\/www.naoevo.com\/","name":"NAOEVO Auto Lighting","description":"THE BEST AUTOMOTIVE LIGHTING MANUFACTURER","publisher":{"@id":"https:\/\/www.naoevo.com\/#organization"},"potentialAction":[{"@type":"SearchAction","target":{"@type":"EntryPoint","urlTemplate":"https:\/\/www.naoevo.com\/?s={search_term_string}"},"query-input":{"@type":"PropertyValueSpecification","valueRequired":true,"valueName":"search_term_string"}}],"inLanguage":"es"},{"@type":"Organization","@id":"https:\/\/www.naoevo.com\/#organization","name":"NAOEVO Auto Lighting","url":"https:\/\/www.naoevo.com\/","logo":{"@type":"ImageObject","inLanguage":"es","@id":"https:\/\/www.naoevo.com\/#\/schema\/logo\/image\/","url":"https:\/\/www.naoevo.com\/wp-content\/uploads\/2023\/03\/cropped-NAOEVO-LOGO-2023.png","contentUrl":"https:\/\/www.naoevo.com\/wp-content\/uploads\/2023\/03\/cropped-NAOEVO-LOGO-2023.png","width":1168,"height":151,"caption":"NAOEVO Auto Lighting"},"image":{"@id":"https:\/\/www.naoevo.com\/#\/schema\/logo\/image\/"},"sameAs":["https:\/\/www.facebook.com\/naoevolighting","https:\/\/www.instagram.com\/naoevolightings\/"]}]}},"_links":{"self":[{"href":"https:\/\/www.naoevo.com\/es\/wp-json\/wp\/v2\/product\/4811","targetHints":{"allow":["GET"]}}],"collection":[{"href":"https:\/\/www.naoevo.com\/es\/wp-json\/wp\/v2\/product"}],"about":[{"href":"https:\/\/www.naoevo.com\/es\/wp-json\/wp\/v2\/types\/product"}],"version-history":[{"count":10,"href":"https:\/\/www.naoevo.com\/es\/wp-json\/wp\/v2\/product\/4811\/revisions"}],"predecessor-version":[{"id":17445,"href":"https:\/\/www.naoevo.com\/es\/wp-json\/wp\/v2\/product\/4811\/revisions\/17445"}],"wp:featuredmedia":[{"embeddable":true,"href":"https:\/\/www.naoevo.com\/es\/wp-json\/wp\/v2\/media\/4812"}],"wp:attachment":[{"href":"https:\/\/www.naoevo.com\/es\/wp-json\/wp\/v2\/media?parent=4811"}],"wp:term":[{"taxonomy":"product_brand","embeddable":true,"href":"https:\/\/www.naoevo.com\/es\/wp-json\/wp\/v2\/product_brand?post=4811"},{"taxonomy":"product_cat","embeddable":true,"href":"https:\/\/www.naoevo.com\/es\/wp-json\/wp\/v2\/product_cat?post=4811"},{"taxonomy":"product_tag","embeddable":true,"href":"https:\/\/www.naoevo.com\/es\/wp-json\/wp\/v2\/product_tag?post=4811"}],"curies":[{"name":"wp","href":"https:\/\/api.w.org\/{rel}","templated":true}]}}