{"id":4799,"date":"2023-03-31T08:04:11","date_gmt":"2023-03-31T08:04:11","guid":{"rendered":"https:\/\/www.naoevo.com\/?post_type=product&#038;p=4799"},"modified":"2025-06-04T16:33:37","modified_gmt":"2025-06-04T08:33:37","slug":"strobe-4-inch-120w-led-light-pods-with-6-modes-naoevo","status":"publish","type":"product","link":"https:\/\/www.naoevo.com\/es\/product\/strobe-4-inch-120w-led-light-pods-with-6-modes-naoevo\/","title":{"rendered":"Estrobosc\u00f3pico 4 Pulgadas 120W LED Luz Pods Con 6 Modos - NAOEVO"},"content":{"rendered":"<div data-elementor-type=\"product-post\" data-elementor-id=\"4799\" class=\"elementor elementor-4799\" data-elementor-post-type=\"product\">\n\t\t\t\t<div class=\"elementor-element elementor-element-ebd50a2 e-flex e-con-boxed e-con e-parent\" data-id=\"ebd50a2\" data-element_type=\"container\" data-settings=\"{&quot;jet_parallax_layout_list&quot;:[]}\">\n\t\t\t\t\t<div class=\"e-con-inner\">\n\t\t\t\t<div class=\"elementor-element elementor-element-b303bac e-n-tabs-none elementor-widget elementor-widget-n-tabs\" data-id=\"b303bac\" data-element_type=\"widget\" data-settings=\"{&quot;tabs_justify_horizontal&quot;:&quot;start&quot;,&quot;horizontal_scroll&quot;:&quot;enable&quot;}\" data-widget_type=\"nested-tabs.default\">\n\t\t\t\t\t\t\t<div class=\"e-n-tabs\" data-widget-number=\"187710380\" aria-label=\"Pesta\u00f1as. Abre elementos con Intro o Espacio, ci\u00e9rralos con Escape y navega con las Flechas.\">\n\t\t\t<div class=\"e-n-tabs-heading\" role=\"tablist\">\n\t\t\t\t\t<button id=\"e-n-tab-title-1877103801\" class=\"e-n-tab-title\" aria-selected=\"true\" data-tab-index=\"1\" role=\"tab\" tabindex=\"0\" aria-controls=\"e-n-tab-content-1877103801\" style=\"--n-tabs-title-order: 1;\">\n\t\t\t\t\t\t<span class=\"e-n-tab-title-text\">\n\t\t\t\tCARACTER\u00cdSTICAS\t\t\t<\/span>\n\t\t<\/button>\n\t\t\t\t<button id=\"e-n-tab-title-1877103802\" class=\"e-n-tab-title\" aria-selected=\"false\" data-tab-index=\"2\" role=\"tab\" tabindex=\"-1\" aria-controls=\"e-n-tab-content-1877103802\" style=\"--n-tabs-title-order: 2;\">\n\t\t\t\t\t\t<span class=\"e-n-tab-title-text\">\n\t\t\t\tESPECIFICACIONES\t\t\t<\/span>\n\t\t<\/button>\n\t\t\t\t\t<\/div>\n\t\t\t<div class=\"e-n-tabs-content\">\n\t\t\t\t<div id=\"e-n-tab-content-1877103801\" role=\"tabpanel\" aria-labelledby=\"e-n-tab-title-1877103801\" data-tab-index=\"1\" style=\"--n-tabs-title-order: 1;\" class=\"e-active elementor-element elementor-element-2aaeb6e e-con-full e-flex e-con e-child\" data-id=\"2aaeb6e\" data-element_type=\"container\" data-settings=\"{&quot;jet_parallax_layout_list&quot;:[]}\">\n\t\t<div class=\"elementor-element elementor-element-598c358 e-con-full e-grid e-con e-child\" data-id=\"598c358\" data-element_type=\"container\" data-settings=\"{&quot;jet_parallax_layout_list&quot;:[]}\">\n\t\t<div class=\"elementor-element elementor-element-b1b7db8 e-con-full e-flex e-con e-child\" data-id=\"b1b7db8\" data-element_type=\"container\" data-settings=\"{&quot;jet_parallax_layout_list&quot;:[]}\">\n\t\t\t\t<div class=\"elementor-element elementor-element-ddedf86 elementor-position-left elementor-position-top elementor-vertical-align-top elementor-widget elementor-widget-image-box\" data-id=\"ddedf86\" data-element_type=\"widget\" data-widget_type=\"image-box.default\">\n\t\t\t\t\t<div class=\"elementor-image-box-wrapper\"><figure class=\"elementor-image-box-img\"><img fetchpriority=\"high\" decoding=\"async\" width=\"468\" height=\"468\" src=\"https:\/\/www.naoevo.com\/wp-content\/uploads\/2025\/05\/Quality-Beam-Pattern.jpg\" class=\"attachment-full size-full wp-image-16784\" alt=\"\" srcset=\"https:\/\/www.naoevo.com\/wp-content\/uploads\/2025\/05\/Quality-Beam-Pattern.jpg 468w, https:\/\/www.naoevo.com\/wp-content\/uploads\/2025\/05\/Quality-Beam-Pattern-300x300.jpg 300w, https:\/\/www.naoevo.com\/wp-content\/uploads\/2025\/05\/Quality-Beam-Pattern-150x150.jpg 150w, https:\/\/www.naoevo.com\/wp-content\/uploads\/2025\/05\/Quality-Beam-Pattern-100x100.jpg 100w, https:\/\/www.naoevo.com\/wp-content\/uploads\/2025\/05\/Quality-Beam-Pattern-64x64.jpg 64w\" sizes=\"(max-width: 468px) 100vw, 468px\" \/><\/figure><div class=\"elementor-image-box-content\"><h3 class=\"elementor-image-box-title\">6 Modos Modo Memoria Inteligente<\/h3><p class=\"elementor-image-box-description\">Estas 4 pulgadas LED pod luz cuenta con 6 modos distintos que se pueden cambiar a trav\u00e9s de las luces como blanco \/ \u00e1mbar \/ blanco c\u00e1lido \/ blanco estrobosc\u00f3pico \/ \u00e1mbar estrobosc\u00f3pico \/ blanco c\u00e1lido estrobosc\u00f3pico. Las luces \u00e1mbar poseen una penetraci\u00f3n excepcional y sirven como luces de advertencia ideales, luces antiniebla o en situaciones de baja visibilidad. La luz blanca funciona excepcionalmente bien como luces de conducci\u00f3n y de trabajo. El producto est\u00e1 dise\u00f1ado para satisfacer todas sus necesidades de la mejor manera posible.<\/p><\/div><\/div>\t\t\t\t<\/div>\n\t\t\t\t<\/div>\n\t\t<div class=\"elementor-element elementor-element-128a54f e-con-full e-flex e-con e-child\" data-id=\"128a54f\" data-element_type=\"container\" data-settings=\"{&quot;jet_parallax_layout_list&quot;:[]}\">\n\t\t\t\t<div class=\"elementor-element elementor-element-9269aab elementor-position-left elementor-position-top elementor-vertical-align-top elementor-widget elementor-widget-image-box\" data-id=\"9269aab\" data-element_type=\"widget\" data-widget_type=\"image-box.default\">\n\t\t\t\t\t<div class=\"elementor-image-box-wrapper\"><figure class=\"elementor-image-box-img\"><img decoding=\"async\" width=\"150\" height=\"150\" src=\"https:\/\/www.naoevo.com\/wp-content\/uploads\/2025\/05\/50000-hrs-lifespan.png\" class=\"attachment-full size-full wp-image-16796\" alt=\"\" srcset=\"https:\/\/www.naoevo.com\/wp-content\/uploads\/2025\/05\/50000-hrs-lifespan.png 150w, https:\/\/www.naoevo.com\/wp-content\/uploads\/2025\/05\/50000-hrs-lifespan-100x100.png 100w, https:\/\/www.naoevo.com\/wp-content\/uploads\/2025\/05\/50000-hrs-lifespan-64x64.png 64w\" sizes=\"(max-width: 150px) 100vw, 150px\" \/><\/figure><div class=\"elementor-image-box-content\"><h3 class=\"elementor-image-box-title\">50.000 horas de vida \u00fatil<\/h3><p class=\"elementor-image-box-description\">Las barras de luces LED NAOEVO tienen 10 aletas de refrigeraci\u00f3n en su parte posterior que disipan el calor en el aire circundante, mejorando as\u00ed la circulaci\u00f3n del aire. Esta caracter\u00edstica permite que las luces se enfr\u00eden eficientemente mientras est\u00e1n en uso, prolongando su vida \u00fatil a m\u00e1s de 50.000 horas.<\/p><\/div><\/div>\t\t\t\t<\/div>\n\t\t\t\t<\/div>\n\t\t<div class=\"elementor-element elementor-element-341aef6 e-con-full e-flex e-con e-child\" data-id=\"341aef6\" data-element_type=\"container\" data-settings=\"{&quot;jet_parallax_layout_list&quot;:[]}\">\n\t\t\t\t<div class=\"elementor-element elementor-element-bf06c23 elementor-position-left elementor-position-top elementor-vertical-align-top elementor-widget elementor-widget-image-box\" data-id=\"bf06c23\" data-element_type=\"widget\" data-widget_type=\"image-box.default\">\n\t\t\t\t\t<div class=\"elementor-image-box-wrapper\"><figure class=\"elementor-image-box-img\"><img decoding=\"async\" width=\"150\" height=\"150\" src=\"https:\/\/www.naoevo.com\/wp-content\/uploads\/2023\/03\/IP67.png\" class=\"attachment-full size-full wp-image-17357\" alt=\"\" srcset=\"https:\/\/www.naoevo.com\/wp-content\/uploads\/2023\/03\/IP67.png 150w, https:\/\/www.naoevo.com\/wp-content\/uploads\/2023\/03\/IP67-100x100.png 100w, https:\/\/www.naoevo.com\/wp-content\/uploads\/2023\/03\/IP67-64x64.png 64w\" sizes=\"(max-width: 150px) 100vw, 150px\" \/><\/figure><div class=\"elementor-image-box-content\"><h3 class=\"elementor-image-box-title\">Resistente al agua IP67<\/h3><p class=\"elementor-image-box-description\">Con una carcasa de aluminio fundido a presi\u00f3n como capa principal de protecci\u00f3n y una almohadilla de goma impermeable como capa secundaria, la luz LED estrobosc\u00f3pica de 4 pulgadas NAOEVO est\u00e1 hecha para durar. Lo sumergimos en un metro de agua durante cinco horas y sigui\u00f3 funcionando perfectamente bajo el agua. No importa si hay tormenta, lluvia o nieve, esta barra de luces LED seguir\u00e1 funcionando a pleno rendimiento. As\u00ed que adelante, \u00a1emprende tu aventura todoterreno con confianza!<\/p><\/div><\/div>\t\t\t\t<\/div>\n\t\t\t\t<\/div>\n\t\t<div class=\"elementor-element elementor-element-5f9d8ba e-con-full e-flex e-con e-child\" data-id=\"5f9d8ba\" data-element_type=\"container\" data-settings=\"{&quot;jet_parallax_layout_list&quot;:[]}\">\n\t\t\t\t<div class=\"elementor-element elementor-element-4b8ccf5 elementor-position-left elementor-position-top elementor-vertical-align-top elementor-widget elementor-widget-image-box\" data-id=\"4b8ccf5\" data-element_type=\"widget\" data-widget_type=\"image-box.default\">\n\t\t\t\t\t<div class=\"elementor-image-box-wrapper\"><figure class=\"elementor-image-box-img\"><img loading=\"lazy\" decoding=\"async\" width=\"468\" height=\"468\" src=\"https:\/\/www.naoevo.com\/wp-content\/uploads\/2025\/05\/Superior-High-Brightness.jpg\" class=\"attachment-full size-full wp-image-16787\" alt=\"\" srcset=\"https:\/\/www.naoevo.com\/wp-content\/uploads\/2025\/05\/Superior-High-Brightness.jpg 468w, https:\/\/www.naoevo.com\/wp-content\/uploads\/2025\/05\/Superior-High-Brightness-300x300.jpg 300w, https:\/\/www.naoevo.com\/wp-content\/uploads\/2025\/05\/Superior-High-Brightness-150x150.jpg 150w, https:\/\/www.naoevo.com\/wp-content\/uploads\/2025\/05\/Superior-High-Brightness-100x100.jpg 100w, https:\/\/www.naoevo.com\/wp-content\/uploads\/2025\/05\/Superior-High-Brightness-64x64.jpg 64w\" sizes=\"(max-width: 468px) 100vw, 468px\" \/><\/figure><div class=\"elementor-image-box-content\"><h3 class=\"elementor-image-box-title\">Luminosidad mejorada<\/h3><p class=\"elementor-image-box-description\">El dise\u00f1o incorpora un haz combinado con luces Spot y Flood. El haz Spot ilumina largas distancias, mientras que el haz Flood proporciona una amplia \u00e1rea de visi\u00f3n. Los chips SMD3030 emiten luz brillante en 6500K blanco y 3000K \u00e1mbar, produciendo 120W y 12000LM. Esto maximiza la visi\u00f3n para la seguridad y es ideal para la conducci\u00f3n nocturna fuera de carretera.<\/p><\/div><\/div>\t\t\t\t<\/div>\n\t\t\t\t<\/div>\n\t\t\t\t<\/div>\n\t\t\t\t<\/div>\n\t\t<div id=\"e-n-tab-content-1877103802\" role=\"tabpanel\" aria-labelledby=\"e-n-tab-title-1877103802\" data-tab-index=\"2\" style=\"--n-tabs-title-order: 2;\" class=\"elementor-element elementor-element-dce37b9 e-con-full e-flex e-con e-child\" data-id=\"dce37b9\" data-element_type=\"container\" data-settings=\"{&quot;jet_parallax_layout_list&quot;:[]}\">\n\t\t\t\t<div class=\"elementor-element elementor-element-9df0821 elementor-widget elementor-widget-text-editor\" data-id=\"9df0821\" data-element_type=\"widget\" data-widget_type=\"text-editor.default\">\n\t\t\t\t\t\t\t\t\t<ul><li>Tipo de LED: SMD3030<\/li><li>Tipo de rayo: Combo<\/li><li>Potencia: 60W\/Por 120W\/Par<\/li><li>L\u00famenes: 12.000\/Par<\/li><li>Temperatura de color: 6500K<\/li><li>Blanco\/3000K \u00c1mbar<\/li><li>Voltaje: DC10V-32V<\/li><li>Material: Carcasa de aluminio fundido a presi\u00f3n 6063<\/li><li>\u00cdndice de impermeabilidad: IP67<\/li><li>Vida \u00fatil: 50.000 horas<\/li><\/ul><h3>Paquete incluido<\/h3><p>\u00a0<\/p><ul><li>Barra de luces LED de 4 pulgadas \u00d7 2<\/li><li>Manual de instrucciones \u00d7 1<\/li><li>Kits de mazos de cables<\/li><\/ul>\t\t\t\t\t\t\t\t<\/div>\n\t\t\t\t<\/div>\n\t\t\t\t\t<\/div>\n\t\t<\/div>\n\t\t\t\t\t\t<\/div>\n\t\t\t\t\t<\/div>\n\t\t\t\t<\/div>\n\t\t\t\t<\/div>","protected":false},"excerpt":{"rendered":"<p>Esta vaina LED de 4 pulgadas ofrece 6 modos (blanco, \u00e1mbar, blanco c\u00e1lido, estrobosc\u00f3pico) para todas las necesidades. El \u00e1mbar corta la niebla y la baja visibilidad; el blanco es adecuado para conducir o trabajar. La impermeabilidad IP67 y la carcasa duradera garantizan el rendimiento en condiciones clim\u00e1ticas adversas. El haz combinado con chips SMD3030 proporciona una luminosidad de 120 W y 12.000 lm. La refrigeraci\u00f3n eficiente prolonga la vida \u00fatil a m\u00e1s de 50.000 horas, ideal para uso fuera de carretera.<\/p>","protected":false},"featured_media":4800,"template":"","meta":{"site-sidebar-layout":"default","site-content-layout":"default","ast-site-content-layout":"default","site-content-style":"default","site-sidebar-style":"default","ast-global-header-display":"","ast-banner-title-visibility":"","ast-main-header-display":"","ast-hfb-above-header-display":"","ast-hfb-below-header-display":"","ast-hfb-mobile-header-display":"","site-post-title":"","ast-breadcrumbs-content":"","ast-featured-img":"","footer-sml-layout":"","theme-transparent-header-meta":"default","adv-header-id-meta":"","stick-header-meta":"","header-above-stick-meta":"","header-main-stick-meta":"","header-below-stick-meta":"","astra-migrate-meta-layouts":"set","ast-page-background-enabled":"default","ast-page-background-meta":{"desktop":{"background-color":"var(--ast-global-color-4)","background-image":"","background-repeat":"repeat","background-position":"center center","background-size":"auto","background-attachment":"scroll","background-type":"","background-media":"","overlay-type":"","overlay-color":"","overlay-opacity":"","overlay-gradient":""},"tablet":{"background-color":"","background-image":"","background-repeat":"repeat","background-position":"center center","background-size":"auto","background-attachment":"scroll","background-type":"","background-media":"","overlay-type":"","overlay-color":"","overlay-opacity":"","overlay-gradient":""},"mobile":{"background-color":"","background-image":"","background-repeat":"repeat","background-position":"center center","background-size":"auto","background-attachment":"scroll","background-type":"","background-media":"","overlay-type":"","overlay-color":"","overlay-opacity":"","overlay-gradient":""}},"ast-content-background-meta":{"desktop":{"background-color":"var(--ast-global-color-5)","background-image":"","background-repeat":"repeat","background-position":"center center","background-size":"auto","background-attachment":"scroll","background-type":"","background-media":"","overlay-type":"","overlay-color":"","overlay-opacity":"","overlay-gradient":""},"tablet":{"background-color":"var(--ast-global-color-5)","background-image":"","background-repeat":"repeat","background-position":"center center","background-size":"auto","background-attachment":"scroll","background-type":"","background-media":"","overlay-type":"","overlay-color":"","overlay-opacity":"","overlay-gradient":""},"mobile":{"background-color":"var(--ast-global-color-5)","background-image":"","background-repeat":"repeat","background-position":"center center","background-size":"auto","background-attachment":"scroll","background-type":"","background-media":"","overlay-type":"","overlay-color":"","overlay-opacity":"","overlay-gradient":""}}},"product_brand":[],"product_cat":[190,227,103],"product_tag":[],"class_list":{"0":"post-4799","1":"product","2":"type-product","3":"status-publish","4":"has-post-thumbnail","6":"product_cat-china-led-headlight-bulbs-supplier","7":"product_cat-strobe-flashing","8":"product_cat-off-road-led-driving-lights","9":"desktop-align-left","10":"tablet-align-left","11":"mobile-align-left","13":"first","14":"instock","15":"sold-individually","16":"shipping-taxable","17":"purchasable","18":"product-type-variable","19":"has-default-attributes"},"yoast_head":"<!-- This site is optimized with the Yoast SEO plugin v24.7 - https:\/\/yoast.com\/wordpress\/plugins\/seo\/ -->\n<title>Strobe 4 Inch 120W LED Light Pods With 6 Modes - NAOEVO - NAOEVO<\/title>\n<meta name=\"robots\" content=\"index, follow, max-snippet:-1, max-image-preview:large, max-video-preview:-1\" \/>\n<link rel=\"canonical\" href=\"https:\/\/www.naoevo.com\/es\/product\/strobe-4-inch-120w-led-light-pods-with-6-modes-naoevo\/\" \/>\n<meta property=\"og:locale\" content=\"es_ES\" \/>\n<meta property=\"og:type\" content=\"article\" \/>\n<meta property=\"og:title\" content=\"Strobe 4 Inch 120W LED Light Pods With 6 Modes - NAOEVO - NAOEVO\" \/>\n<meta property=\"og:description\" content=\"This 4-inch LED pod offers 6 modes (white, amber, warm white, strobes) for all needs. Amber cuts through fog and low visibility; white suits driving or work. IP67 waterproof and durable housing ensure performance in harsh weather. Combo beam with SMD3030 chips delivers 120W, 12000LM brightness. Efficient cooling extends lifespan to over 50,000 hours\u2014ideal for off-road use.\" \/>\n<meta property=\"og:url\" content=\"https:\/\/www.naoevo.com\/es\/product\/strobe-4-inch-120w-led-light-pods-with-6-modes-naoevo\/\" \/>\n<meta property=\"og:site_name\" content=\"NAOEVO\" \/>\n<meta property=\"article:publisher\" content=\"https:\/\/www.facebook.com\/naoevolighting\" \/>\n<meta property=\"article:modified_time\" content=\"2025-06-04T08:33:37+00:00\" \/>\n<meta property=\"og:image\" content=\"https:\/\/www.naoevo.com\/wp-content\/uploads\/2023\/03\/4INCH-flashing-6MODES.webp\" \/>\n\t<meta property=\"og:image:width\" content=\"1001\" \/>\n\t<meta property=\"og:image:height\" content=\"1001\" \/>\n\t<meta property=\"og:image:type\" content=\"image\/webp\" \/>\n<meta name=\"twitter:card\" content=\"summary_large_image\" \/>\n<script type=\"application\/ld+json\" class=\"yoast-schema-graph\">{\"@context\":\"https:\/\/schema.org\",\"@graph\":[{\"@type\":\"WebPage\",\"@id\":\"https:\/\/www.naoevo.com\/product\/strobe-4-inch-120w-led-light-pods-with-6-modes-naoevo\/\",\"url\":\"https:\/\/www.naoevo.com\/product\/strobe-4-inch-120w-led-light-pods-with-6-modes-naoevo\/\",\"name\":\"Strobe 4 Inch 120W LED Light Pods With 6 Modes - NAOEVO - NAOEVO\",\"isPartOf\":{\"@id\":\"https:\/\/www.naoevo.com\/#website\"},\"primaryImageOfPage\":{\"@id\":\"https:\/\/www.naoevo.com\/product\/strobe-4-inch-120w-led-light-pods-with-6-modes-naoevo\/#primaryimage\"},\"image\":{\"@id\":\"https:\/\/www.naoevo.com\/product\/strobe-4-inch-120w-led-light-pods-with-6-modes-naoevo\/#primaryimage\"},\"thumbnailUrl\":\"https:\/\/www.naoevo.com\/wp-content\/uploads\/2023\/03\/4INCH-flashing-6MODES.webp\",\"datePublished\":\"2023-03-31T08:04:11+00:00\",\"dateModified\":\"2025-06-04T08:33:37+00:00\",\"breadcrumb\":{\"@id\":\"https:\/\/www.naoevo.com\/product\/strobe-4-inch-120w-led-light-pods-with-6-modes-naoevo\/#breadcrumb\"},\"inLanguage\":\"es\",\"potentialAction\":[{\"@type\":\"ReadAction\",\"target\":[\"https:\/\/www.naoevo.com\/product\/strobe-4-inch-120w-led-light-pods-with-6-modes-naoevo\/\"]}]},{\"@type\":\"ImageObject\",\"inLanguage\":\"es\",\"@id\":\"https:\/\/www.naoevo.com\/product\/strobe-4-inch-120w-led-light-pods-with-6-modes-naoevo\/#primaryimage\",\"url\":\"https:\/\/www.naoevo.com\/wp-content\/uploads\/2023\/03\/4INCH-flashing-6MODES.webp\",\"contentUrl\":\"https:\/\/www.naoevo.com\/wp-content\/uploads\/2023\/03\/4INCH-flashing-6MODES.webp\",\"width\":1001,\"height\":1001,\"caption\":\"Strobe 4 Inch 120W LED Light Pods With 6 Modes - NAOEVO\"},{\"@type\":\"BreadcrumbList\",\"@id\":\"https:\/\/www.naoevo.com\/product\/strobe-4-inch-120w-led-light-pods-with-6-modes-naoevo\/#breadcrumb\",\"itemListElement\":[{\"@type\":\"ListItem\",\"position\":1,\"name\":\"Home\",\"item\":\"https:\/\/www.naoevo.com\/\"},{\"@type\":\"ListItem\",\"position\":2,\"name\":\"Products\",\"item\":\"https:\/\/www.naoevo.com\/shop__trashed\/\"},{\"@type\":\"ListItem\",\"position\":3,\"name\":\"Off Road LED Driving Lights\",\"item\":\"https:\/\/www.naoevo.com\/product-category\/off-road-led-driving-lights\/\"},{\"@type\":\"ListItem\",\"position\":4,\"name\":\"Strobe 4 Inch 120W LED Light Pods With 6 Modes &#8211; NAOEVO\"}]},{\"@type\":\"WebSite\",\"@id\":\"https:\/\/www.naoevo.com\/#website\",\"url\":\"https:\/\/www.naoevo.com\/\",\"name\":\"NAOEVO Auto Lighting\",\"description\":\"THE BEST AUTOMOTIVE LIGHTING MANUFACTURER\",\"publisher\":{\"@id\":\"https:\/\/www.naoevo.com\/#organization\"},\"potentialAction\":[{\"@type\":\"SearchAction\",\"target\":{\"@type\":\"EntryPoint\",\"urlTemplate\":\"https:\/\/www.naoevo.com\/?s={search_term_string}\"},\"query-input\":{\"@type\":\"PropertyValueSpecification\",\"valueRequired\":true,\"valueName\":\"search_term_string\"}}],\"inLanguage\":\"es\"},{\"@type\":\"Organization\",\"@id\":\"https:\/\/www.naoevo.com\/#organization\",\"name\":\"NAOEVO Auto Lighting\",\"url\":\"https:\/\/www.naoevo.com\/\",\"logo\":{\"@type\":\"ImageObject\",\"inLanguage\":\"es\",\"@id\":\"https:\/\/www.naoevo.com\/#\/schema\/logo\/image\/\",\"url\":\"https:\/\/www.naoevo.com\/wp-content\/uploads\/2023\/03\/cropped-NAOEVO-LOGO-2023.png\",\"contentUrl\":\"https:\/\/www.naoevo.com\/wp-content\/uploads\/2023\/03\/cropped-NAOEVO-LOGO-2023.png\",\"width\":1168,\"height\":151,\"caption\":\"NAOEVO Auto Lighting\"},\"image\":{\"@id\":\"https:\/\/www.naoevo.com\/#\/schema\/logo\/image\/\"},\"sameAs\":[\"https:\/\/www.facebook.com\/naoevolighting\",\"https:\/\/www.instagram.com\/naoevolightings\/\"]}]}<\/script>\n<!-- \/ Yoast SEO plugin. -->","yoast_head_json":{"title":"Strobe 4 Inch 120W LED Light Pods With 6 Modes - NAOEVO - NAOEVO","robots":{"index":"index","follow":"follow","max-snippet":"max-snippet:-1","max-image-preview":"max-image-preview:large","max-video-preview":"max-video-preview:-1"},"canonical":"https:\/\/www.naoevo.com\/es\/product\/strobe-4-inch-120w-led-light-pods-with-6-modes-naoevo\/","og_locale":"es_ES","og_type":"article","og_title":"Strobe 4 Inch 120W LED Light Pods With 6 Modes - NAOEVO - NAOEVO","og_description":"This 4-inch LED pod offers 6 modes (white, amber, warm white, strobes) for all needs. Amber cuts through fog and low visibility; white suits driving or work. IP67 waterproof and durable housing ensure performance in harsh weather. Combo beam with SMD3030 chips delivers 120W, 12000LM brightness. Efficient cooling extends lifespan to over 50,000 hours\u2014ideal for off-road use.","og_url":"https:\/\/www.naoevo.com\/es\/product\/strobe-4-inch-120w-led-light-pods-with-6-modes-naoevo\/","og_site_name":"NAOEVO","article_publisher":"https:\/\/www.facebook.com\/naoevolighting","article_modified_time":"2025-06-04T08:33:37+00:00","og_image":[{"width":1001,"height":1001,"url":"https:\/\/www.naoevo.com\/wp-content\/uploads\/2023\/03\/4INCH-flashing-6MODES.webp","type":"image\/webp"}],"twitter_card":"summary_large_image","schema":{"@context":"https:\/\/schema.org","@graph":[{"@type":"WebPage","@id":"https:\/\/www.naoevo.com\/product\/strobe-4-inch-120w-led-light-pods-with-6-modes-naoevo\/","url":"https:\/\/www.naoevo.com\/product\/strobe-4-inch-120w-led-light-pods-with-6-modes-naoevo\/","name":"Strobe 4 Inch 120W LED Light Pods With 6 Modes - NAOEVO - NAOEVO","isPartOf":{"@id":"https:\/\/www.naoevo.com\/#website"},"primaryImageOfPage":{"@id":"https:\/\/www.naoevo.com\/product\/strobe-4-inch-120w-led-light-pods-with-6-modes-naoevo\/#primaryimage"},"image":{"@id":"https:\/\/www.naoevo.com\/product\/strobe-4-inch-120w-led-light-pods-with-6-modes-naoevo\/#primaryimage"},"thumbnailUrl":"https:\/\/www.naoevo.com\/wp-content\/uploads\/2023\/03\/4INCH-flashing-6MODES.webp","datePublished":"2023-03-31T08:04:11+00:00","dateModified":"2025-06-04T08:33:37+00:00","breadcrumb":{"@id":"https:\/\/www.naoevo.com\/product\/strobe-4-inch-120w-led-light-pods-with-6-modes-naoevo\/#breadcrumb"},"inLanguage":"es","potentialAction":[{"@type":"ReadAction","target":["https:\/\/www.naoevo.com\/product\/strobe-4-inch-120w-led-light-pods-with-6-modes-naoevo\/"]}]},{"@type":"ImageObject","inLanguage":"es","@id":"https:\/\/www.naoevo.com\/product\/strobe-4-inch-120w-led-light-pods-with-6-modes-naoevo\/#primaryimage","url":"https:\/\/www.naoevo.com\/wp-content\/uploads\/2023\/03\/4INCH-flashing-6MODES.webp","contentUrl":"https:\/\/www.naoevo.com\/wp-content\/uploads\/2023\/03\/4INCH-flashing-6MODES.webp","width":1001,"height":1001,"caption":"Strobe 4 Inch 120W LED Light Pods With 6 Modes - NAOEVO"},{"@type":"BreadcrumbList","@id":"https:\/\/www.naoevo.com\/product\/strobe-4-inch-120w-led-light-pods-with-6-modes-naoevo\/#breadcrumb","itemListElement":[{"@type":"ListItem","position":1,"name":"Home","item":"https:\/\/www.naoevo.com\/"},{"@type":"ListItem","position":2,"name":"Products","item":"https:\/\/www.naoevo.com\/shop__trashed\/"},{"@type":"ListItem","position":3,"name":"Off Road LED Driving Lights","item":"https:\/\/www.naoevo.com\/product-category\/off-road-led-driving-lights\/"},{"@type":"ListItem","position":4,"name":"Strobe 4 Inch 120W LED Light Pods With 6 Modes &#8211; NAOEVO"}]},{"@type":"WebSite","@id":"https:\/\/www.naoevo.com\/#website","url":"https:\/\/www.naoevo.com\/","name":"NAOEVO Auto Lighting","description":"THE BEST AUTOMOTIVE LIGHTING MANUFACTURER","publisher":{"@id":"https:\/\/www.naoevo.com\/#organization"},"potentialAction":[{"@type":"SearchAction","target":{"@type":"EntryPoint","urlTemplate":"https:\/\/www.naoevo.com\/?s={search_term_string}"},"query-input":{"@type":"PropertyValueSpecification","valueRequired":true,"valueName":"search_term_string"}}],"inLanguage":"es"},{"@type":"Organization","@id":"https:\/\/www.naoevo.com\/#organization","name":"NAOEVO Auto Lighting","url":"https:\/\/www.naoevo.com\/","logo":{"@type":"ImageObject","inLanguage":"es","@id":"https:\/\/www.naoevo.com\/#\/schema\/logo\/image\/","url":"https:\/\/www.naoevo.com\/wp-content\/uploads\/2023\/03\/cropped-NAOEVO-LOGO-2023.png","contentUrl":"https:\/\/www.naoevo.com\/wp-content\/uploads\/2023\/03\/cropped-NAOEVO-LOGO-2023.png","width":1168,"height":151,"caption":"NAOEVO Auto Lighting"},"image":{"@id":"https:\/\/www.naoevo.com\/#\/schema\/logo\/image\/"},"sameAs":["https:\/\/www.facebook.com\/naoevolighting","https:\/\/www.instagram.com\/naoevolightings\/"]}]}},"_links":{"self":[{"href":"https:\/\/www.naoevo.com\/es\/wp-json\/wp\/v2\/product\/4799","targetHints":{"allow":["GET"]}}],"collection":[{"href":"https:\/\/www.naoevo.com\/es\/wp-json\/wp\/v2\/product"}],"about":[{"href":"https:\/\/www.naoevo.com\/es\/wp-json\/wp\/v2\/types\/product"}],"version-history":[{"count":4,"href":"https:\/\/www.naoevo.com\/es\/wp-json\/wp\/v2\/product\/4799\/revisions"}],"predecessor-version":[{"id":17430,"href":"https:\/\/www.naoevo.com\/es\/wp-json\/wp\/v2\/product\/4799\/revisions\/17430"}],"wp:featuredmedia":[{"embeddable":true,"href":"https:\/\/www.naoevo.com\/es\/wp-json\/wp\/v2\/media\/4800"}],"wp:attachment":[{"href":"https:\/\/www.naoevo.com\/es\/wp-json\/wp\/v2\/media?parent=4799"}],"wp:term":[{"taxonomy":"product_brand","embeddable":true,"href":"https:\/\/www.naoevo.com\/es\/wp-json\/wp\/v2\/product_brand?post=4799"},{"taxonomy":"product_cat","embeddable":true,"href":"https:\/\/www.naoevo.com\/es\/wp-json\/wp\/v2\/product_cat?post=4799"},{"taxonomy":"product_tag","embeddable":true,"href":"https:\/\/www.naoevo.com\/es\/wp-json\/wp\/v2\/product_tag?post=4799"}],"curies":[{"name":"wp","href":"https:\/\/api.w.org\/{rel}","templated":true}]}}