{"id":4780,"date":"2023-03-31T07:21:27","date_gmt":"2023-03-31T07:21:27","guid":{"rendered":"https:\/\/www.naoevo.com\/?post_type=product&#038;p=4780"},"modified":"2025-06-04T16:05:49","modified_gmt":"2025-06-04T08:05:49","slug":"7-inch-off-road-led-work-light-for-car-240w-naoevo","status":"publish","type":"product","link":"https:\/\/www.naoevo.com\/es\/product\/7-inch-off-road-led-work-light-for-car-240w-naoevo\/","title":{"rendered":"L\u00e1mpara de trabajo LED todoterreno de 7 pulgadas para coche 240W - NAOEVO"},"content":{"rendered":"<div data-elementor-type=\"product-post\" data-elementor-id=\"4780\" class=\"elementor elementor-4780\" data-elementor-post-type=\"product\">\n\t\t\t\t<div class=\"elementor-element elementor-element-8b477c3 e-flex e-con-boxed e-con e-parent\" data-id=\"8b477c3\" data-element_type=\"container\" data-settings=\"{&quot;jet_parallax_layout_list&quot;:[]}\">\n\t\t\t\t\t<div class=\"e-con-inner\">\n\t\t\t\t<div class=\"elementor-element elementor-element-ec3e115 e-n-tabs-none elementor-widget elementor-widget-n-tabs\" data-id=\"ec3e115\" data-element_type=\"widget\" data-settings=\"{&quot;tabs_justify_horizontal&quot;:&quot;start&quot;,&quot;horizontal_scroll&quot;:&quot;enable&quot;}\" data-widget_type=\"nested-tabs.default\">\n\t\t\t\t\t\t\t<div class=\"e-n-tabs\" data-widget-number=\"247718165\" aria-label=\"\u091f\u0948\u092c\u094d\u0938\u0964 Enter \u092f\u093e Space \u0938\u0947 \u0906\u0907\u091f\u092e \u0916\u094b\u0932\u0947\u0902, Escape \u0938\u0947 \u092c\u0902\u0926 \u0915\u0930\u0947\u0902 \u0914\u0930 \u0924\u0940\u0930 \u0915\u0941\u0902\u091c\u093f\u092f\u094b\u0902 \u0915\u093e \u0909\u092a\u092f\u094b\u0917 \u0915\u0930\u0915\u0947 \u0928\u0947\u0935\u093f\u0917\u0947\u091f \u0915\u0930\u0947\u0902\u0964\" data-no-translation-aria-label=\"\">\n\t\t\t<div class=\"e-n-tabs-heading\" role=\"tablist\">\n\t\t\t\t\t<button id=\"e-n-tab-title-2477181651\" class=\"e-n-tab-title\" aria-selected=\"true\" data-tab-index=\"1\" role=\"tab\" tabindex=\"0\" aria-controls=\"e-n-tab-content-2477181651\" style=\"--n-tabs-title-order: 1;\">\n\t\t\t\t\t\t<span class=\"e-n-tab-title-text\">\n\t\t\t\tCARACTER\u00cdSTICAS\t\t\t<\/span>\n\t\t<\/button>\n\t\t\t\t<button id=\"e-n-tab-title-2477181652\" class=\"e-n-tab-title\" aria-selected=\"false\" data-tab-index=\"2\" role=\"tab\" tabindex=\"-1\" aria-controls=\"e-n-tab-content-2477181652\" style=\"--n-tabs-title-order: 2;\">\n\t\t\t\t\t\t<span class=\"e-n-tab-title-text\">\n\t\t\t\tESPECIFICACIONES\t\t\t<\/span>\n\t\t<\/button>\n\t\t\t\t\t<\/div>\n\t\t\t<div class=\"e-n-tabs-content\">\n\t\t\t\t<div id=\"e-n-tab-content-2477181651\" role=\"tabpanel\" aria-labelledby=\"e-n-tab-title-2477181651\" data-tab-index=\"1\" style=\"--n-tabs-title-order: 1;\" class=\"e-active elementor-element elementor-element-fc22073 e-con-full e-flex e-con e-child\" data-id=\"fc22073\" data-element_type=\"container\" data-settings=\"{&quot;jet_parallax_layout_list&quot;:[]}\">\n\t\t<div class=\"elementor-element elementor-element-f2b4f9c e-con-full e-grid e-con e-child\" data-id=\"f2b4f9c\" data-element_type=\"container\" data-settings=\"{&quot;jet_parallax_layout_list&quot;:[]}\">\n\t\t<div class=\"elementor-element elementor-element-f74fb9f e-con-full e-flex e-con e-child\" data-id=\"f74fb9f\" data-element_type=\"container\" data-settings=\"{&quot;jet_parallax_layout_list&quot;:[]}\">\n\t\t\t\t<div class=\"elementor-element elementor-element-c3666f8 elementor-position-left elementor-position-top elementor-vertical-align-top elementor-widget elementor-widget-image-box\" data-id=\"c3666f8\" data-element_type=\"widget\" data-widget_type=\"image-box.default\">\n\t\t\t\t\t<div class=\"elementor-image-box-wrapper\"><figure class=\"elementor-image-box-img\"><img fetchpriority=\"high\" decoding=\"async\" width=\"468\" height=\"468\" src=\"https:\/\/www.naoevo.com\/wp-content\/uploads\/2025\/05\/Superior-High-Brightness.jpg\" class=\"attachment-full size-full wp-image-16787\" alt=\"\" srcset=\"https:\/\/www.naoevo.com\/wp-content\/uploads\/2025\/05\/Superior-High-Brightness.jpg 468w, https:\/\/www.naoevo.com\/wp-content\/uploads\/2025\/05\/Superior-High-Brightness-300x300.jpg 300w, https:\/\/www.naoevo.com\/wp-content\/uploads\/2025\/05\/Superior-High-Brightness-150x150.jpg 150w, https:\/\/www.naoevo.com\/wp-content\/uploads\/2025\/05\/Superior-High-Brightness-100x100.jpg 100w, https:\/\/www.naoevo.com\/wp-content\/uploads\/2025\/05\/Superior-High-Brightness-64x64.jpg 64w\" sizes=\"(max-width: 468px) 100vw, 468px\" \/><\/figure><div class=\"elementor-image-box-content\"><h3 class=\"elementor-image-box-title\">Dise\u00f1o de chip LED de 4 filas<\/h3><p class=\"elementor-image-box-description\">El foco est\u00e1 dise\u00f1ado para iluminar zonas distantes, mientras que el proyector tiene un alcance m\u00e1s amplio. Con 240 vatios, 24.000 l\u00famenes y una luz blanca de 6500K, es ideal para la conducci\u00f3n nocturna fuera de carretera. La barra luminosa tiene una transmitancia de luz 97%, que minimiza la p\u00e9rdida de luz.<\/p><\/div><\/div>\t\t\t\t<\/div>\n\t\t\t\t<\/div>\n\t\t<div class=\"elementor-element elementor-element-315bba0 e-con-full e-flex e-con e-child\" data-id=\"315bba0\" data-element_type=\"container\" data-settings=\"{&quot;jet_parallax_layout_list&quot;:[]}\">\n\t\t\t\t<div class=\"elementor-element elementor-element-2602a5a elementor-position-left elementor-position-top elementor-vertical-align-top elementor-widget elementor-widget-image-box\" data-id=\"2602a5a\" data-element_type=\"widget\" data-widget_type=\"image-box.default\">\n\t\t\t\t\t<div class=\"elementor-image-box-wrapper\"><figure class=\"elementor-image-box-img\"><img decoding=\"async\" width=\"150\" height=\"150\" src=\"https:\/\/www.naoevo.com\/wp-content\/uploads\/2025\/05\/50000-hrs-lifespan.png\" class=\"attachment-full size-full wp-image-16796\" alt=\"\" srcset=\"https:\/\/www.naoevo.com\/wp-content\/uploads\/2025\/05\/50000-hrs-lifespan.png 150w, https:\/\/www.naoevo.com\/wp-content\/uploads\/2025\/05\/50000-hrs-lifespan-100x100.png 100w, https:\/\/www.naoevo.com\/wp-content\/uploads\/2025\/05\/50000-hrs-lifespan-64x64.png 64w\" sizes=\"(max-width: 150px) 100vw, 150px\" \/><\/figure><div class=\"elementor-image-box-content\"><h3 class=\"elementor-image-box-title\">50.000 horas de vida \u00fatil<\/h3><p class=\"elementor-image-box-description\">Para reducir la temperatura de las luces LED de conducci\u00f3n, hay 10 aletas de refrigeraci\u00f3n situadas en la parte posterior de la misma. Estas aletas aumentan el \u00e1rea de superficie para una refrigeraci\u00f3n mejor y eficiente, aumentando as\u00ed la vida \u00fatil de la barra de luces LED hasta 50.000 horas.<\/p><\/div><\/div>\t\t\t\t<\/div>\n\t\t\t\t<\/div>\n\t\t<div class=\"elementor-element elementor-element-0aa5be3 e-con-full e-flex e-con e-child\" data-id=\"0aa5be3\" data-element_type=\"container\" data-settings=\"{&quot;jet_parallax_layout_list&quot;:[]}\">\n\t\t\t\t<div class=\"elementor-element elementor-element-fbf169a elementor-position-left elementor-position-top elementor-vertical-align-top elementor-widget elementor-widget-image-box\" data-id=\"fbf169a\" data-element_type=\"widget\" data-widget_type=\"image-box.default\">\n\t\t\t\t\t<div class=\"elementor-image-box-wrapper\"><figure class=\"elementor-image-box-img\"><img decoding=\"async\" width=\"150\" height=\"150\" src=\"https:\/\/www.naoevo.com\/wp-content\/uploads\/2023\/03\/IP67.png\" class=\"attachment-full size-full wp-image-17357\" alt=\"\" srcset=\"https:\/\/www.naoevo.com\/wp-content\/uploads\/2023\/03\/IP67.png 150w, https:\/\/www.naoevo.com\/wp-content\/uploads\/2023\/03\/IP67-100x100.png 100w, https:\/\/www.naoevo.com\/wp-content\/uploads\/2023\/03\/IP67-64x64.png 64w\" sizes=\"(max-width: 150px) 100vw, 150px\" \/><\/figure><div class=\"elementor-image-box-content\"><h3 class=\"elementor-image-box-title\">Resistente al agua IP67<\/h3><p class=\"elementor-image-box-description\">Con una carcasa de aluminio fundido a presi\u00f3n y una almohadilla de goma impermeable como doble capa protectora, la barra de luces de NAOEVO ofrece una protecci\u00f3n fiable. La hemos sumergido en un metro de agua durante cinco horas y sigue funcionando sin problemas bajo el agua. As\u00ed que no importa el tiempo que haga, ya sea tormenta, lluvia o nieve, \u00a1emb\u00e1rcate en tu aventura todoterreno sin dudarlo!<\/p><\/div><\/div>\t\t\t\t<\/div>\n\t\t\t\t<\/div>\n\t\t<div class=\"elementor-element elementor-element-fcbf0c1 e-con-full e-flex e-con e-child\" data-id=\"fcbf0c1\" data-element_type=\"container\" data-settings=\"{&quot;jet_parallax_layout_list&quot;:[]}\">\n\t\t\t\t<div class=\"elementor-element elementor-element-c7bd4b8 elementor-position-left elementor-position-top elementor-vertical-align-top elementor-widget elementor-widget-image-box\" data-id=\"c7bd4b8\" data-element_type=\"widget\" data-widget_type=\"image-box.default\">\n\t\t\t\t\t<div class=\"elementor-image-box-wrapper\"><figure class=\"elementor-image-box-img\"><img loading=\"lazy\" decoding=\"async\" width=\"150\" height=\"150\" src=\"https:\/\/www.naoevo.com\/wp-content\/uploads\/2023\/03\/Suitable-For-Various-Vehicles.png\" class=\"attachment-full size-full wp-image-17358\" alt=\"\" srcset=\"https:\/\/www.naoevo.com\/wp-content\/uploads\/2023\/03\/Suitable-For-Various-Vehicles.png 150w, https:\/\/www.naoevo.com\/wp-content\/uploads\/2023\/03\/Suitable-For-Various-Vehicles-100x100.png 100w, https:\/\/www.naoevo.com\/wp-content\/uploads\/2023\/03\/Suitable-For-Various-Vehicles-64x64.png 64w\" sizes=\"(max-width: 150px) 100vw, 150px\" \/><\/figure><div class=\"elementor-image-box-content\"><h3 class=\"elementor-image-box-title\">Amplia aplicaci\u00f3n<\/h3><p class=\"elementor-image-box-description\">Iluminaci\u00f3n Off Road: Luz de marcha atr\u00e1s, 4\u00d74, coches, ATV, SUV, camiones, remolques, carretillas elevadoras, barcos, etc. Otro tipo de iluminaci\u00f3n: Excavadora, bulldozer, apisonadora, tractor, segadora, quitanieves, cami\u00f3n de bomberos, veh\u00edculo de rescate, camping, miner\u00eda, iluminaci\u00f3n de la construcci\u00f3n, etc.<\/p><\/div><\/div>\t\t\t\t<\/div>\n\t\t\t\t<\/div>\n\t\t\t\t<\/div>\n\t\t\t\t<\/div>\n\t\t<div id=\"e-n-tab-content-2477181652\" role=\"tabpanel\" aria-labelledby=\"e-n-tab-title-2477181652\" data-tab-index=\"2\" style=\"--n-tabs-title-order: 2;\" class=\"elementor-element elementor-element-935af75 e-con-full e-flex e-con e-child\" data-id=\"935af75\" data-element_type=\"container\" data-settings=\"{&quot;jet_parallax_layout_list&quot;:[]}\">\n\t\t\t\t<div class=\"elementor-element elementor-element-c0f7a92 elementor-widget elementor-widget-text-editor\" data-id=\"c0f7a92\" data-element_type=\"widget\" data-widget_type=\"text-editor.default\">\n\t\t\t\t\t\t\t\t\t<ul><li>Tipo de LED: San'an<\/li><li>Tipo de haz: Punto<\/li><li>Potencia: 72 W por par 144 W por par<\/li><li>L\u00famenes: 14400LM\/Par<\/li><li>Temperatura de color: 6500K Blanco<\/li><li>Voltaje: DC9V-60V<\/li><li>Material: Carcasa de aluminio fundido a presi\u00f3n de color negro<\/li><li>\u00cdndice de impermeabilidad: IP67<\/li><li>Temperatura de funcionamiento: -40\u00b0C~85\u00b0C<\/li><li>Vida \u00fatil: 50.000 horas<\/li><li>Peso del art\u00edculo: 0,67KG<\/li><\/ul><h3><strong><b>Paquete incluido:<\/b><\/strong><\/h3><ul><li>Luces LED Pods de 4 pulgadas \u00d7 2<\/li><li>Kits de mazos de cables<\/li><\/ul>\t\t\t\t\t\t\t\t<\/div>\n\t\t\t\t<\/div>\n\t\t\t\t\t<\/div>\n\t\t<\/div>\n\t\t\t\t\t\t<\/div>\n\t\t\t\t\t<\/div>\n\t\t\t\t<\/div>\n\t\t\t\t<\/div>","protected":false},"excerpt":{"rendered":"<p>NAOEVO 7 pulgadas LED luz antiniebla cuenta con un soporte de montaje que se puede ajustar para un posicionamiento \u00f3ptimo. Con la capacidad de pivotar hasta 45 grados, esta luz de trabajo hace que sea f\u00e1cil alterar la direcci\u00f3n del haz de luz. Incluso despu\u00e9s de la instalaci\u00f3n, la l\u00e1mpara se puede deslizar c\u00f3modamente a una ubicaci\u00f3n preferida utilizando el accesorio que la acompa\u00f1a.<\/p>","protected":false},"featured_media":4781,"template":"","meta":{"site-sidebar-layout":"default","site-content-layout":"default","ast-site-content-layout":"default","site-content-style":"default","site-sidebar-style":"default","ast-global-header-display":"","ast-banner-title-visibility":"","ast-main-header-display":"","ast-hfb-above-header-display":"","ast-hfb-below-header-display":"","ast-hfb-mobile-header-display":"","site-post-title":"","ast-breadcrumbs-content":"","ast-featured-img":"","footer-sml-layout":"","theme-transparent-header-meta":"default","adv-header-id-meta":"","stick-header-meta":"","header-above-stick-meta":"","header-main-stick-meta":"","header-below-stick-meta":"","astra-migrate-meta-layouts":"set","ast-page-background-enabled":"default","ast-page-background-meta":{"desktop":{"background-color":"var(--ast-global-color-4)","background-image":"","background-repeat":"repeat","background-position":"center center","background-size":"auto","background-attachment":"scroll","background-type":"","background-media":"","overlay-type":"","overlay-color":"","overlay-opacity":"","overlay-gradient":""},"tablet":{"background-color":"","background-image":"","background-repeat":"repeat","background-position":"center center","background-size":"auto","background-attachment":"scroll","background-type":"","background-media":"","overlay-type":"","overlay-color":"","overlay-opacity":"","overlay-gradient":""},"mobile":{"background-color":"","background-image":"","background-repeat":"repeat","background-position":"center center","background-size":"auto","background-attachment":"scroll","background-type":"","background-media":"","overlay-type":"","overlay-color":"","overlay-opacity":"","overlay-gradient":""}},"ast-content-background-meta":{"desktop":{"background-color":"var(--ast-global-color-5)","background-image":"","background-repeat":"repeat","background-position":"center center","background-size":"auto","background-attachment":"scroll","background-type":"","background-media":"","overlay-type":"","overlay-color":"","overlay-opacity":"","overlay-gradient":""},"tablet":{"background-color":"var(--ast-global-color-5)","background-image":"","background-repeat":"repeat","background-position":"center center","background-size":"auto","background-attachment":"scroll","background-type":"","background-media":"","overlay-type":"","overlay-color":"","overlay-opacity":"","overlay-gradient":""},"mobile":{"background-color":"var(--ast-global-color-5)","background-image":"","background-repeat":"repeat","background-position":"center center","background-size":"auto","background-attachment":"scroll","background-type":"","background-media":"","overlay-type":"","overlay-color":"","overlay-opacity":"","overlay-gradient":""}}},"product_brand":[],"product_cat":[190,226,103],"product_tag":[],"class_list":{"0":"post-4780","1":"product","2":"type-product","3":"status-publish","4":"has-post-thumbnail","6":"product_cat-china-led-headlight-bulbs-supplier","7":"product_cat-6500k-white-light","8":"product_cat-off-road-led-driving-lights","9":"desktop-align-left","10":"tablet-align-left","11":"mobile-align-left","13":"first","14":"instock","15":"sold-individually","16":"shipping-taxable","17":"purchasable","18":"product-type-variable","19":"has-default-attributes"},"yoast_head":"<!-- This site is optimized with the Yoast SEO plugin v24.7 - https:\/\/yoast.com\/wordpress\/plugins\/seo\/ -->\n<title>7 Inch Off-Road LED Work Light For Car 240W - NAOEVO - NAOEVO<\/title>\n<meta name=\"robots\" content=\"index, follow, max-snippet:-1, max-image-preview:large, max-video-preview:-1\" \/>\n<link rel=\"canonical\" href=\"https:\/\/www.naoevo.com\/es\/product\/7-inch-off-road-led-work-light-for-car-240w-naoevo\/\" \/>\n<meta property=\"og:locale\" content=\"es_ES\" \/>\n<meta property=\"og:type\" content=\"article\" \/>\n<meta property=\"og:title\" content=\"7 Inch Off-Road LED Work Light For Car 240W - NAOEVO - NAOEVO\" \/>\n<meta property=\"og:description\" content=\"NAOEVO 7 inch LED fog light features a mounting bracket that can be adjusted for optimal positioning. With the ability to pivot up to 45 degrees, this work light makes it effortless to alter the direction of the light beam. Even after installation, the lamp can be conveniently slid to a preferred location using the accompanying accessory.\" \/>\n<meta property=\"og:url\" content=\"https:\/\/www.naoevo.com\/es\/product\/7-inch-off-road-led-work-light-for-car-240w-naoevo\/\" \/>\n<meta property=\"og:site_name\" content=\"NAOEVO\" \/>\n<meta property=\"article:publisher\" content=\"https:\/\/www.facebook.com\/naoevolighting\" \/>\n<meta property=\"article:modified_time\" content=\"2025-06-04T08:05:49+00:00\" \/>\n<meta property=\"og:image\" content=\"https:\/\/www.naoevo.com\/wp-content\/uploads\/2023\/03\/7INCH-120W-W.webp\" \/>\n\t<meta property=\"og:image:width\" content=\"1001\" \/>\n\t<meta property=\"og:image:height\" content=\"1001\" \/>\n\t<meta property=\"og:image:type\" content=\"image\/webp\" \/>\n<meta name=\"twitter:card\" content=\"summary_large_image\" \/>\n<meta name=\"twitter:label1\" content=\"Tiempo de lectura\" \/>\n\t<meta name=\"twitter:data1\" content=\"4 minutos\" \/>\n<script type=\"application\/ld+json\" class=\"yoast-schema-graph\">{\"@context\":\"https:\/\/schema.org\",\"@graph\":[{\"@type\":\"WebPage\",\"@id\":\"https:\/\/www.naoevo.com\/product\/7-inch-off-road-led-work-light-for-car-240w-naoevo\/\",\"url\":\"https:\/\/www.naoevo.com\/product\/7-inch-off-road-led-work-light-for-car-240w-naoevo\/\",\"name\":\"7 Inch Off-Road LED Work Light For Car 240W - NAOEVO - NAOEVO\",\"isPartOf\":{\"@id\":\"https:\/\/www.naoevo.com\/#website\"},\"primaryImageOfPage\":{\"@id\":\"https:\/\/www.naoevo.com\/product\/7-inch-off-road-led-work-light-for-car-240w-naoevo\/#primaryimage\"},\"image\":{\"@id\":\"https:\/\/www.naoevo.com\/product\/7-inch-off-road-led-work-light-for-car-240w-naoevo\/#primaryimage\"},\"thumbnailUrl\":\"https:\/\/www.naoevo.com\/wp-content\/uploads\/2023\/03\/7INCH-120W-W.webp\",\"datePublished\":\"2023-03-31T07:21:27+00:00\",\"dateModified\":\"2025-06-04T08:05:49+00:00\",\"breadcrumb\":{\"@id\":\"https:\/\/www.naoevo.com\/product\/7-inch-off-road-led-work-light-for-car-240w-naoevo\/#breadcrumb\"},\"inLanguage\":\"es\",\"potentialAction\":[{\"@type\":\"ReadAction\",\"target\":[\"https:\/\/www.naoevo.com\/product\/7-inch-off-road-led-work-light-for-car-240w-naoevo\/\"]}]},{\"@type\":\"ImageObject\",\"inLanguage\":\"es\",\"@id\":\"https:\/\/www.naoevo.com\/product\/7-inch-off-road-led-work-light-for-car-240w-naoevo\/#primaryimage\",\"url\":\"https:\/\/www.naoevo.com\/wp-content\/uploads\/2023\/03\/7INCH-120W-W.webp\",\"contentUrl\":\"https:\/\/www.naoevo.com\/wp-content\/uploads\/2023\/03\/7INCH-120W-W.webp\",\"width\":1001,\"height\":1001,\"caption\":\"7 Inch Off-Road LED Work Light For Car 240W - NAOEVO\"},{\"@type\":\"BreadcrumbList\",\"@id\":\"https:\/\/www.naoevo.com\/product\/7-inch-off-road-led-work-light-for-car-240w-naoevo\/#breadcrumb\",\"itemListElement\":[{\"@type\":\"ListItem\",\"position\":1,\"name\":\"Home\",\"item\":\"https:\/\/www.naoevo.com\/\"},{\"@type\":\"ListItem\",\"position\":2,\"name\":\"Products\",\"item\":\"https:\/\/www.naoevo.com\/shop__trashed\/\"},{\"@type\":\"ListItem\",\"position\":3,\"name\":\"6500K White Light\",\"item\":\"https:\/\/www.naoevo.com\/product-category\/6500k-white-light\/\"},{\"@type\":\"ListItem\",\"position\":4,\"name\":\"7 Inch Off-Road LED Work Light For Car 240W &#8211; NAOEVO\"}]},{\"@type\":\"WebSite\",\"@id\":\"https:\/\/www.naoevo.com\/#website\",\"url\":\"https:\/\/www.naoevo.com\/\",\"name\":\"NAOEVO Auto Lighting\",\"description\":\"THE BEST AUTOMOTIVE LIGHTING MANUFACTURER\",\"publisher\":{\"@id\":\"https:\/\/www.naoevo.com\/#organization\"},\"potentialAction\":[{\"@type\":\"SearchAction\",\"target\":{\"@type\":\"EntryPoint\",\"urlTemplate\":\"https:\/\/www.naoevo.com\/?s={search_term_string}\"},\"query-input\":{\"@type\":\"PropertyValueSpecification\",\"valueRequired\":true,\"valueName\":\"search_term_string\"}}],\"inLanguage\":\"es\"},{\"@type\":\"Organization\",\"@id\":\"https:\/\/www.naoevo.com\/#organization\",\"name\":\"NAOEVO Auto Lighting\",\"url\":\"https:\/\/www.naoevo.com\/\",\"logo\":{\"@type\":\"ImageObject\",\"inLanguage\":\"es\",\"@id\":\"https:\/\/www.naoevo.com\/#\/schema\/logo\/image\/\",\"url\":\"https:\/\/www.naoevo.com\/wp-content\/uploads\/2023\/03\/cropped-NAOEVO-LOGO-2023.png\",\"contentUrl\":\"https:\/\/www.naoevo.com\/wp-content\/uploads\/2023\/03\/cropped-NAOEVO-LOGO-2023.png\",\"width\":1168,\"height\":151,\"caption\":\"NAOEVO Auto Lighting\"},\"image\":{\"@id\":\"https:\/\/www.naoevo.com\/#\/schema\/logo\/image\/\"},\"sameAs\":[\"https:\/\/www.facebook.com\/naoevolighting\",\"https:\/\/www.instagram.com\/naoevolightings\/\"]}]}<\/script>\n<!-- \/ Yoast SEO plugin. -->","yoast_head_json":{"title":"7 Inch Off-Road LED Work Light For Car 240W - NAOEVO - NAOEVO","robots":{"index":"index","follow":"follow","max-snippet":"max-snippet:-1","max-image-preview":"max-image-preview:large","max-video-preview":"max-video-preview:-1"},"canonical":"https:\/\/www.naoevo.com\/es\/product\/7-inch-off-road-led-work-light-for-car-240w-naoevo\/","og_locale":"es_ES","og_type":"article","og_title":"7 Inch Off-Road LED Work Light For Car 240W - NAOEVO - NAOEVO","og_description":"NAOEVO 7 inch LED fog light features a mounting bracket that can be adjusted for optimal positioning. With the ability to pivot up to 45 degrees, this work light makes it effortless to alter the direction of the light beam. Even after installation, the lamp can be conveniently slid to a preferred location using the accompanying accessory.","og_url":"https:\/\/www.naoevo.com\/es\/product\/7-inch-off-road-led-work-light-for-car-240w-naoevo\/","og_site_name":"NAOEVO","article_publisher":"https:\/\/www.facebook.com\/naoevolighting","article_modified_time":"2025-06-04T08:05:49+00:00","og_image":[{"width":1001,"height":1001,"url":"https:\/\/www.naoevo.com\/wp-content\/uploads\/2023\/03\/7INCH-120W-W.webp","type":"image\/webp"}],"twitter_card":"summary_large_image","twitter_misc":{"Tiempo de lectura":"4 minutos"},"schema":{"@context":"https:\/\/schema.org","@graph":[{"@type":"WebPage","@id":"https:\/\/www.naoevo.com\/product\/7-inch-off-road-led-work-light-for-car-240w-naoevo\/","url":"https:\/\/www.naoevo.com\/product\/7-inch-off-road-led-work-light-for-car-240w-naoevo\/","name":"7 Inch Off-Road LED Work Light For Car 240W - NAOEVO - NAOEVO","isPartOf":{"@id":"https:\/\/www.naoevo.com\/#website"},"primaryImageOfPage":{"@id":"https:\/\/www.naoevo.com\/product\/7-inch-off-road-led-work-light-for-car-240w-naoevo\/#primaryimage"},"image":{"@id":"https:\/\/www.naoevo.com\/product\/7-inch-off-road-led-work-light-for-car-240w-naoevo\/#primaryimage"},"thumbnailUrl":"https:\/\/www.naoevo.com\/wp-content\/uploads\/2023\/03\/7INCH-120W-W.webp","datePublished":"2023-03-31T07:21:27+00:00","dateModified":"2025-06-04T08:05:49+00:00","breadcrumb":{"@id":"https:\/\/www.naoevo.com\/product\/7-inch-off-road-led-work-light-for-car-240w-naoevo\/#breadcrumb"},"inLanguage":"es","potentialAction":[{"@type":"ReadAction","target":["https:\/\/www.naoevo.com\/product\/7-inch-off-road-led-work-light-for-car-240w-naoevo\/"]}]},{"@type":"ImageObject","inLanguage":"es","@id":"https:\/\/www.naoevo.com\/product\/7-inch-off-road-led-work-light-for-car-240w-naoevo\/#primaryimage","url":"https:\/\/www.naoevo.com\/wp-content\/uploads\/2023\/03\/7INCH-120W-W.webp","contentUrl":"https:\/\/www.naoevo.com\/wp-content\/uploads\/2023\/03\/7INCH-120W-W.webp","width":1001,"height":1001,"caption":"7 Inch Off-Road LED Work Light For Car 240W - NAOEVO"},{"@type":"BreadcrumbList","@id":"https:\/\/www.naoevo.com\/product\/7-inch-off-road-led-work-light-for-car-240w-naoevo\/#breadcrumb","itemListElement":[{"@type":"ListItem","position":1,"name":"Home","item":"https:\/\/www.naoevo.com\/"},{"@type":"ListItem","position":2,"name":"Products","item":"https:\/\/www.naoevo.com\/shop__trashed\/"},{"@type":"ListItem","position":3,"name":"6500K White Light","item":"https:\/\/www.naoevo.com\/product-category\/6500k-white-light\/"},{"@type":"ListItem","position":4,"name":"7 Inch Off-Road LED Work Light For Car 240W &#8211; NAOEVO"}]},{"@type":"WebSite","@id":"https:\/\/www.naoevo.com\/#website","url":"https:\/\/www.naoevo.com\/","name":"NAOEVO Auto Lighting","description":"THE BEST AUTOMOTIVE LIGHTING MANUFACTURER","publisher":{"@id":"https:\/\/www.naoevo.com\/#organization"},"potentialAction":[{"@type":"SearchAction","target":{"@type":"EntryPoint","urlTemplate":"https:\/\/www.naoevo.com\/?s={search_term_string}"},"query-input":{"@type":"PropertyValueSpecification","valueRequired":true,"valueName":"search_term_string"}}],"inLanguage":"es"},{"@type":"Organization","@id":"https:\/\/www.naoevo.com\/#organization","name":"NAOEVO Auto Lighting","url":"https:\/\/www.naoevo.com\/","logo":{"@type":"ImageObject","inLanguage":"es","@id":"https:\/\/www.naoevo.com\/#\/schema\/logo\/image\/","url":"https:\/\/www.naoevo.com\/wp-content\/uploads\/2023\/03\/cropped-NAOEVO-LOGO-2023.png","contentUrl":"https:\/\/www.naoevo.com\/wp-content\/uploads\/2023\/03\/cropped-NAOEVO-LOGO-2023.png","width":1168,"height":151,"caption":"NAOEVO Auto Lighting"},"image":{"@id":"https:\/\/www.naoevo.com\/#\/schema\/logo\/image\/"},"sameAs":["https:\/\/www.facebook.com\/naoevolighting","https:\/\/www.instagram.com\/naoevolightings\/"]}]}},"_links":{"self":[{"href":"https:\/\/www.naoevo.com\/es\/wp-json\/wp\/v2\/product\/4780","targetHints":{"allow":["GET"]}}],"collection":[{"href":"https:\/\/www.naoevo.com\/es\/wp-json\/wp\/v2\/product"}],"about":[{"href":"https:\/\/www.naoevo.com\/es\/wp-json\/wp\/v2\/types\/product"}],"version-history":[{"count":4,"href":"https:\/\/www.naoevo.com\/es\/wp-json\/wp\/v2\/product\/4780\/revisions"}],"predecessor-version":[{"id":17418,"href":"https:\/\/www.naoevo.com\/es\/wp-json\/wp\/v2\/product\/4780\/revisions\/17418"}],"wp:featuredmedia":[{"embeddable":true,"href":"https:\/\/www.naoevo.com\/es\/wp-json\/wp\/v2\/media\/4781"}],"wp:attachment":[{"href":"https:\/\/www.naoevo.com\/es\/wp-json\/wp\/v2\/media?parent=4780"}],"wp:term":[{"taxonomy":"product_brand","embeddable":true,"href":"https:\/\/www.naoevo.com\/es\/wp-json\/wp\/v2\/product_brand?post=4780"},{"taxonomy":"product_cat","embeddable":true,"href":"https:\/\/www.naoevo.com\/es\/wp-json\/wp\/v2\/product_cat?post=4780"},{"taxonomy":"product_tag","embeddable":true,"href":"https:\/\/www.naoevo.com\/es\/wp-json\/wp\/v2\/product_tag?post=4780"}],"curies":[{"name":"wp","href":"https:\/\/api.w.org\/{rel}","templated":true}]}}