{"id":4756,"date":"2023-03-30T03:19:24","date_gmt":"2023-03-30T03:19:24","guid":{"rendered":"https:\/\/www.naoevo.com\/?post_type=product&#038;p=4756"},"modified":"2025-06-04T16:50:08","modified_gmt":"2025-06-04T08:50:08","slug":"4-inch-led-work-light-combo-4-row-chip-naoevo","status":"publish","type":"product","link":"https:\/\/www.naoevo.com\/es\/product\/4-inch-led-work-light-combo-4-row-chip-naoevo\/","title":{"rendered":"Combo de luces de trabajo LED de 4 pulgadas con chip de 4 filas - NAOEVO"},"content":{"rendered":"<div data-elementor-type=\"product-post\" data-elementor-id=\"4756\" class=\"elementor elementor-4756\" data-elementor-post-type=\"product\">\n\t\t\t\t<div class=\"elementor-element elementor-element-2fbf337 e-flex e-con-boxed e-con e-parent\" data-id=\"2fbf337\" data-element_type=\"container\" data-settings=\"{&quot;jet_parallax_layout_list&quot;:[]}\">\n\t\t\t\t\t<div class=\"e-con-inner\">\n\t\t\t\t<div class=\"elementor-element elementor-element-7e744df e-n-tabs-none elementor-widget elementor-widget-n-tabs\" data-id=\"7e744df\" data-element_type=\"widget\" data-settings=\"{&quot;tabs_justify_horizontal&quot;:&quot;start&quot;,&quot;horizontal_scroll&quot;:&quot;enable&quot;}\" data-widget_type=\"nested-tabs.default\">\n\t\t\t\t\t\t\t<div class=\"e-n-tabs\" data-widget-number=\"132596959\" aria-label=\"Pesta\u00f1as. Abre elementos con Intro o Espacio, ci\u00e9rralos con Escape y navega con las fechas.\" data-no-translation-aria-label=\"\">\n\t\t\t<div class=\"e-n-tabs-heading\" role=\"tablist\">\n\t\t\t\t\t<button id=\"e-n-tab-title-1325969591\" class=\"e-n-tab-title\" aria-selected=\"true\" data-tab-index=\"1\" role=\"tab\" tabindex=\"0\" aria-controls=\"e-n-tab-content-1325969591\" style=\"--n-tabs-title-order: 1;\">\n\t\t\t\t\t\t<span class=\"e-n-tab-title-text\">\n\t\t\t\tCARACTER\u00cdSTICAS\t\t\t<\/span>\n\t\t<\/button>\n\t\t\t\t<button id=\"e-n-tab-title-1325969592\" class=\"e-n-tab-title\" aria-selected=\"false\" data-tab-index=\"2\" role=\"tab\" tabindex=\"-1\" aria-controls=\"e-n-tab-content-1325969592\" style=\"--n-tabs-title-order: 2;\">\n\t\t\t\t\t\t<span class=\"e-n-tab-title-text\">\n\t\t\t\tESPECIFICACIONES\t\t\t<\/span>\n\t\t<\/button>\n\t\t\t\t\t<\/div>\n\t\t\t<div class=\"e-n-tabs-content\">\n\t\t\t\t<div id=\"e-n-tab-content-1325969591\" role=\"tabpanel\" aria-labelledby=\"e-n-tab-title-1325969591\" data-tab-index=\"1\" style=\"--n-tabs-title-order: 1;\" class=\"e-active elementor-element elementor-element-5890fe1 e-con-full e-flex e-con e-child\" data-id=\"5890fe1\" data-element_type=\"container\" data-settings=\"{&quot;jet_parallax_layout_list&quot;:[]}\">\n\t\t<div class=\"elementor-element elementor-element-072e8a4 e-con-full e-grid e-con e-child\" data-id=\"072e8a4\" data-element_type=\"container\" data-settings=\"{&quot;jet_parallax_layout_list&quot;:[]}\">\n\t\t<div class=\"elementor-element elementor-element-907b6b9 e-con-full e-flex e-con e-child\" data-id=\"907b6b9\" data-element_type=\"container\" data-settings=\"{&quot;jet_parallax_layout_list&quot;:[]}\">\n\t\t\t\t<div class=\"elementor-element elementor-element-35f9094 elementor-position-left elementor-position-top elementor-vertical-align-top elementor-widget elementor-widget-image-box\" data-id=\"35f9094\" data-element_type=\"widget\" data-widget_type=\"image-box.default\">\n\t\t\t\t\t<div class=\"elementor-image-box-wrapper\"><figure class=\"elementor-image-box-img\"><img fetchpriority=\"high\" decoding=\"async\" width=\"468\" height=\"468\" src=\"https:\/\/www.naoevo.com\/wp-content\/uploads\/2025\/05\/Quality-Beam-Pattern.jpg\" class=\"attachment-full size-full wp-image-16784\" alt=\"\" srcset=\"https:\/\/www.naoevo.com\/wp-content\/uploads\/2025\/05\/Quality-Beam-Pattern.jpg 468w, https:\/\/www.naoevo.com\/wp-content\/uploads\/2025\/05\/Quality-Beam-Pattern-300x300.jpg 300w, https:\/\/www.naoevo.com\/wp-content\/uploads\/2025\/05\/Quality-Beam-Pattern-150x150.jpg 150w, https:\/\/www.naoevo.com\/wp-content\/uploads\/2025\/05\/Quality-Beam-Pattern-100x100.jpg 100w, https:\/\/www.naoevo.com\/wp-content\/uploads\/2025\/05\/Quality-Beam-Pattern-64x64.jpg 64w\" sizes=\"(max-width: 468px) 100vw, 468px\" \/><\/figure><div class=\"elementor-image-box-content\"><h3 class=\"elementor-image-box-title\">Viga combinada mejorada<\/h3><p class=\"elementor-image-box-description\">NAOEVO 4 pulgadas cuadradas LED vainas con el dise\u00f1o m\u00e1s exclusivo de cuatro filas, estas vainas LED luz emiten 6500K luz blanca brillante. Mediante la entrega de una potencia de 72W 14400LM, que iluminan la carretera oscura hacia adelante con haz combinado amplio y uniforme.<\/p><\/div><\/div>\t\t\t\t<\/div>\n\t\t\t\t<\/div>\n\t\t<div class=\"elementor-element elementor-element-6fc1079 e-con-full e-flex e-con e-child\" data-id=\"6fc1079\" data-element_type=\"container\" data-settings=\"{&quot;jet_parallax_layout_list&quot;:[]}\">\n\t\t\t\t<div class=\"elementor-element elementor-element-4560a23 elementor-position-left elementor-position-top elementor-vertical-align-top elementor-widget elementor-widget-image-box\" data-id=\"4560a23\" data-element_type=\"widget\" data-widget_type=\"image-box.default\">\n\t\t\t\t\t<div class=\"elementor-image-box-wrapper\"><figure class=\"elementor-image-box-img\"><img decoding=\"async\" width=\"150\" height=\"150\" src=\"https:\/\/www.naoevo.com\/wp-content\/uploads\/2025\/05\/50000-hrs-lifespan.png\" class=\"attachment-full size-full wp-image-16796\" alt=\"\" srcset=\"https:\/\/www.naoevo.com\/wp-content\/uploads\/2025\/05\/50000-hrs-lifespan.png 150w, https:\/\/www.naoevo.com\/wp-content\/uploads\/2025\/05\/50000-hrs-lifespan-100x100.png 100w, https:\/\/www.naoevo.com\/wp-content\/uploads\/2025\/05\/50000-hrs-lifespan-64x64.png 64w\" sizes=\"(max-width: 150px) 100vw, 150px\" \/><\/figure><div class=\"elementor-image-box-content\"><h3 class=\"elementor-image-box-title\">50.000 horas de vida \u00fatil<\/h3><p class=\"elementor-image-box-description\">Las luces de trabajo LED de 7 pulgadas NAOEVO tienen 10 aletas de refrigeraci\u00f3n en la parte posterior que ayudan a dispersar el calor en el aire circundante. Al maximizar la superficie, este proceso garantiza una refrigeraci\u00f3n \u00f3ptima, lo que en \u00faltima instancia aumenta la vida \u00fatil de la barra de luces LED hasta 50.000 horas.<\/p><\/div><\/div>\t\t\t\t<\/div>\n\t\t\t\t<\/div>\n\t\t<div class=\"elementor-element elementor-element-3b87784 e-con-full e-flex e-con e-child\" data-id=\"3b87784\" data-element_type=\"container\" data-settings=\"{&quot;jet_parallax_layout_list&quot;:[]}\">\n\t\t\t\t<div class=\"elementor-element elementor-element-d531c39 elementor-position-left elementor-position-top elementor-vertical-align-top elementor-widget elementor-widget-image-box\" data-id=\"d531c39\" data-element_type=\"widget\" data-widget_type=\"image-box.default\">\n\t\t\t\t\t<div class=\"elementor-image-box-wrapper\"><figure class=\"elementor-image-box-img\"><img decoding=\"async\" width=\"150\" height=\"150\" src=\"https:\/\/www.naoevo.com\/wp-content\/uploads\/2023\/03\/Suitable-For-Various-Vehicles.png\" class=\"attachment-full size-full wp-image-17358\" alt=\"\" srcset=\"https:\/\/www.naoevo.com\/wp-content\/uploads\/2023\/03\/Suitable-For-Various-Vehicles.png 150w, https:\/\/www.naoevo.com\/wp-content\/uploads\/2023\/03\/Suitable-For-Various-Vehicles-100x100.png 100w, https:\/\/www.naoevo.com\/wp-content\/uploads\/2023\/03\/Suitable-For-Various-Vehicles-64x64.png 64w\" sizes=\"(max-width: 150px) 100vw, 150px\" \/><\/figure><div class=\"elementor-image-box-content\"><h3 class=\"elementor-image-box-title\">Amplia aplicaci\u00f3n<\/h3><p class=\"elementor-image-box-description\">Esta barra de luz es ideal para una gama de veh\u00edculos incluyendo Off-road\/Jeep\/SUV\/ATV\/UTV\/Truck\/Boat con una fuente de alimentaci\u00f3n DC 9V-30V. Su naturaleza vers\u00e1til hace que sea una gran opci\u00f3n para off-road, el trabajo, la niebla, y la iluminaci\u00f3n de conducci\u00f3n. Adem\u00e1s, es una elecci\u00f3n inteligente para viajes, transportes de larga distancia y proporcionar iluminaci\u00f3n para patios.<\/p><\/div><\/div>\t\t\t\t<\/div>\n\t\t\t\t<\/div>\n\t\t<div class=\"elementor-element elementor-element-3f29682 e-con-full e-flex e-con e-child\" data-id=\"3f29682\" data-element_type=\"container\" data-settings=\"{&quot;jet_parallax_layout_list&quot;:[]}\">\n\t\t\t\t<div class=\"elementor-element elementor-element-218a0cb elementor-position-left elementor-position-top elementor-vertical-align-top elementor-widget elementor-widget-image-box\" data-id=\"218a0cb\" data-element_type=\"widget\" data-widget_type=\"image-box.default\">\n\t\t\t\t\t<div class=\"elementor-image-box-wrapper\"><figure class=\"elementor-image-box-img\"><img loading=\"lazy\" decoding=\"async\" width=\"150\" height=\"150\" src=\"https:\/\/www.naoevo.com\/wp-content\/uploads\/2023\/03\/IP67.png\" class=\"attachment-full size-full wp-image-17357\" alt=\"\" srcset=\"https:\/\/www.naoevo.com\/wp-content\/uploads\/2023\/03\/IP67.png 150w, https:\/\/www.naoevo.com\/wp-content\/uploads\/2023\/03\/IP67-100x100.png 100w, https:\/\/www.naoevo.com\/wp-content\/uploads\/2023\/03\/IP67-64x64.png 64w\" sizes=\"(max-width: 150px) 100vw, 150px\" \/><\/figure><div class=\"elementor-image-box-content\"><h3 class=\"elementor-image-box-title\">Resistente al agua IP67<\/h3><p class=\"elementor-image-box-description\">Incorporan una carcasa de aluminio fundido a presi\u00f3n y una almohadilla de goma impermeable para una excelente protecci\u00f3n. Los tornillos adicionales mejoran la resistencia al agua. Probados bajo el agua durante cinco horas a 1 metro, funcionan con fiabilidad incluso en condiciones de tormenta, lluvia o nieve.<\/p><\/div><\/div>\t\t\t\t<\/div>\n\t\t\t\t<\/div>\n\t\t\t\t<\/div>\n\t\t\t\t<\/div>\n\t\t<div id=\"e-n-tab-content-1325969592\" role=\"tabpanel\" aria-labelledby=\"e-n-tab-title-1325969592\" data-tab-index=\"2\" style=\"--n-tabs-title-order: 2;\" class=\"elementor-element elementor-element-3b4273a e-con-full e-flex e-con e-child\" data-id=\"3b4273a\" data-element_type=\"container\" data-settings=\"{&quot;jet_parallax_layout_list&quot;:[]}\">\n\t\t\t\t<div class=\"elementor-element elementor-element-bcf2cca elementor-widget elementor-widget-text-editor\" data-id=\"bcf2cca\" data-element_type=\"widget\" data-widget_type=\"text-editor.default\">\n\t\t\t\t\t\t\t\t\t<ul><li>Tipo de LED: SMD3030<\/li><li>Tipo de rayo: Combo<\/li><li>Potencia: 120 W por par 240 W por par<\/li><li>L\u00famenes: 24.000M\/Par<\/li><li>Temperatura de color: 6500K Blanco<\/li><li>Voltaje: DC10V-32V<\/li><li>Material: Carcasa de aluminio fundido a presi\u00f3n 6063<\/li><li>\u00cdndice de impermeabilidad: IP67<\/li><li>Temperatura de funcionamiento: -40\u00b0C~85\u00b0C<\/li><li>Vida \u00fatil: 50.000 horas<\/li><li>Peso del art\u00edculo: 1KG<\/li><\/ul><h3>Paquete incluido:<\/h3><p>\u00a0<\/p><ul><li>Luces de trabajo LED de 7 pulgadas \u00d7 2<\/li><li>Kits de mazos de cables<\/li><\/ul>\t\t\t\t\t\t\t\t<\/div>\n\t\t\t\t<\/div>\n\t\t\t\t\t<\/div>\n\t\t<\/div>\n\t\t\t\t\t\t<\/div>\n\t\t\t\t\t<\/div>\n\t\t\t\t<\/div>\n\t\t\t\t<\/div>","protected":false},"excerpt":{"rendered":"<p>Esta barra de luz LED de 7 pulgadas cuenta con una duradera carcasa de aluminio fundido a presi\u00f3n, almohadilla de goma impermeable y tornillos adicionales para una fuerte resistencia al agua, probada durante cinco horas bajo el agua. El haz combinado emite una luz blanca brillante de 6500K, con una potencia de 72W\/14.400LM. Diez aletas de refrigeraci\u00f3n aseguran la disipaci\u00f3n del calor, extendiendo la vida \u00fatil a 50.000 horas. Adecuado para todoterrenos, camiones, barcos y m\u00e1s (DC 9V-30V).<\/p>","protected":false},"featured_media":4760,"template":"","meta":{"site-sidebar-layout":"default","site-content-layout":"default","ast-site-content-layout":"default","site-content-style":"default","site-sidebar-style":"default","ast-global-header-display":"","ast-banner-title-visibility":"","ast-main-header-display":"","ast-hfb-above-header-display":"","ast-hfb-below-header-display":"","ast-hfb-mobile-header-display":"","site-post-title":"","ast-breadcrumbs-content":"","ast-featured-img":"","footer-sml-layout":"","theme-transparent-header-meta":"default","adv-header-id-meta":"","stick-header-meta":"","header-above-stick-meta":"","header-main-stick-meta":"","header-below-stick-meta":"","astra-migrate-meta-layouts":"set","ast-page-background-enabled":"default","ast-page-background-meta":{"desktop":{"background-color":"var(--ast-global-color-4)","background-image":"","background-repeat":"repeat","background-position":"center center","background-size":"auto","background-attachment":"scroll","background-type":"","background-media":"","overlay-type":"","overlay-color":"","overlay-opacity":"","overlay-gradient":""},"tablet":{"background-color":"","background-image":"","background-repeat":"repeat","background-position":"center center","background-size":"auto","background-attachment":"scroll","background-type":"","background-media":"","overlay-type":"","overlay-color":"","overlay-opacity":"","overlay-gradient":""},"mobile":{"background-color":"","background-image":"","background-repeat":"repeat","background-position":"center center","background-size":"auto","background-attachment":"scroll","background-type":"","background-media":"","overlay-type":"","overlay-color":"","overlay-opacity":"","overlay-gradient":""}},"ast-content-background-meta":{"desktop":{"background-color":"var(--ast-global-color-5)","background-image":"","background-repeat":"repeat","background-position":"center center","background-size":"auto","background-attachment":"scroll","background-type":"","background-media":"","overlay-type":"","overlay-color":"","overlay-opacity":"","overlay-gradient":""},"tablet":{"background-color":"var(--ast-global-color-5)","background-image":"","background-repeat":"repeat","background-position":"center center","background-size":"auto","background-attachment":"scroll","background-type":"","background-media":"","overlay-type":"","overlay-color":"","overlay-opacity":"","overlay-gradient":""},"mobile":{"background-color":"var(--ast-global-color-5)","background-image":"","background-repeat":"repeat","background-position":"center center","background-size":"auto","background-attachment":"scroll","background-type":"","background-media":"","overlay-type":"","overlay-color":"","overlay-opacity":"","overlay-gradient":""}}},"product_brand":[],"product_cat":[190,226,103],"product_tag":[],"class_list":{"0":"post-4756","1":"product","2":"type-product","3":"status-publish","4":"has-post-thumbnail","6":"product_cat-china-led-headlight-bulbs-supplier","7":"product_cat-6500k-white-light","8":"product_cat-off-road-led-driving-lights","9":"desktop-align-left","10":"tablet-align-left","11":"mobile-align-left","13":"first","14":"instock","15":"sold-individually","16":"shipping-taxable","17":"purchasable","18":"product-type-variable","19":"has-default-attributes"},"yoast_head":"<!-- This site is optimized with the Yoast SEO plugin v24.7 - https:\/\/yoast.com\/wordpress\/plugins\/seo\/ -->\n<title>4 Inch LED Work Light Combo 4-Row Chip - NAOEVO - NAOEVO<\/title>\n<meta name=\"robots\" content=\"index, follow, max-snippet:-1, max-image-preview:large, max-video-preview:-1\" \/>\n<link rel=\"canonical\" href=\"https:\/\/www.naoevo.com\/es\/product\/4-inch-led-work-light-combo-4-row-chip-naoevo\/\" \/>\n<meta property=\"og:locale\" content=\"es_ES\" \/>\n<meta property=\"og:type\" content=\"article\" \/>\n<meta property=\"og:title\" content=\"4 Inch LED Work Light Combo 4-Row Chip - NAOEVO - NAOEVO\" \/>\n<meta property=\"og:description\" content=\"This 7-inch LED light bar features a durable die-cast aluminum housing, waterproof rubber pad, and extra screws for strong water resistance\u2014tested for five hours underwater. The combo beam emits 6500K bright white light, delivering 72W\/14,400LM. Ten cooling fins ensure heat dissipation, extending lifespan to 50,000 hours. Suitable for off-road, trucks, boats, and more (DC 9V-30V).\" \/>\n<meta property=\"og:url\" content=\"https:\/\/www.naoevo.com\/es\/product\/4-inch-led-work-light-combo-4-row-chip-naoevo\/\" \/>\n<meta property=\"og:site_name\" content=\"NAOEVO\" \/>\n<meta property=\"article:publisher\" content=\"https:\/\/www.facebook.com\/naoevolighting\" \/>\n<meta property=\"article:modified_time\" content=\"2025-06-04T08:50:08+00:00\" \/>\n<meta property=\"og:image\" content=\"https:\/\/www.naoevo.com\/wp-content\/uploads\/2023\/03\/4INCH-72W-W.webp\" \/>\n\t<meta property=\"og:image:width\" content=\"1001\" \/>\n\t<meta property=\"og:image:height\" content=\"1001\" \/>\n\t<meta property=\"og:image:type\" content=\"image\/webp\" \/>\n<meta name=\"twitter:card\" content=\"summary_large_image\" \/>\n<script type=\"application\/ld+json\" class=\"yoast-schema-graph\">{\"@context\":\"https:\/\/schema.org\",\"@graph\":[{\"@type\":\"WebPage\",\"@id\":\"https:\/\/www.naoevo.com\/product\/4-inch-led-work-light-combo-4-row-chip-naoevo\/\",\"url\":\"https:\/\/www.naoevo.com\/product\/4-inch-led-work-light-combo-4-row-chip-naoevo\/\",\"name\":\"4 Inch LED Work Light Combo 4-Row Chip - NAOEVO - NAOEVO\",\"isPartOf\":{\"@id\":\"https:\/\/www.naoevo.com\/#website\"},\"primaryImageOfPage\":{\"@id\":\"https:\/\/www.naoevo.com\/product\/4-inch-led-work-light-combo-4-row-chip-naoevo\/#primaryimage\"},\"image\":{\"@id\":\"https:\/\/www.naoevo.com\/product\/4-inch-led-work-light-combo-4-row-chip-naoevo\/#primaryimage\"},\"thumbnailUrl\":\"https:\/\/www.naoevo.com\/wp-content\/uploads\/2023\/03\/4INCH-72W-W.webp\",\"datePublished\":\"2023-03-30T03:19:24+00:00\",\"dateModified\":\"2025-06-04T08:50:08+00:00\",\"breadcrumb\":{\"@id\":\"https:\/\/www.naoevo.com\/product\/4-inch-led-work-light-combo-4-row-chip-naoevo\/#breadcrumb\"},\"inLanguage\":\"es\",\"potentialAction\":[{\"@type\":\"ReadAction\",\"target\":[\"https:\/\/www.naoevo.com\/product\/4-inch-led-work-light-combo-4-row-chip-naoevo\/\"]}]},{\"@type\":\"ImageObject\",\"inLanguage\":\"es\",\"@id\":\"https:\/\/www.naoevo.com\/product\/4-inch-led-work-light-combo-4-row-chip-naoevo\/#primaryimage\",\"url\":\"https:\/\/www.naoevo.com\/wp-content\/uploads\/2023\/03\/4INCH-72W-W.webp\",\"contentUrl\":\"https:\/\/www.naoevo.com\/wp-content\/uploads\/2023\/03\/4INCH-72W-W.webp\",\"width\":1001,\"height\":1001,\"caption\":\"4 Inch LED Work Light Combo 4-Row Chip - NAOEVO\"},{\"@type\":\"BreadcrumbList\",\"@id\":\"https:\/\/www.naoevo.com\/product\/4-inch-led-work-light-combo-4-row-chip-naoevo\/#breadcrumb\",\"itemListElement\":[{\"@type\":\"ListItem\",\"position\":1,\"name\":\"Home\",\"item\":\"https:\/\/www.naoevo.com\/\"},{\"@type\":\"ListItem\",\"position\":2,\"name\":\"Products\",\"item\":\"https:\/\/www.naoevo.com\/shop__trashed\/\"},{\"@type\":\"ListItem\",\"position\":3,\"name\":\"6500K White Light\",\"item\":\"https:\/\/www.naoevo.com\/product-category\/6500k-white-light\/\"},{\"@type\":\"ListItem\",\"position\":4,\"name\":\"4 Inch LED Work Light Combo 4-Row Chip &#8211; NAOEVO\"}]},{\"@type\":\"WebSite\",\"@id\":\"https:\/\/www.naoevo.com\/#website\",\"url\":\"https:\/\/www.naoevo.com\/\",\"name\":\"NAOEVO Auto Lighting\",\"description\":\"THE BEST AUTOMOTIVE LIGHTING MANUFACTURER\",\"publisher\":{\"@id\":\"https:\/\/www.naoevo.com\/#organization\"},\"potentialAction\":[{\"@type\":\"SearchAction\",\"target\":{\"@type\":\"EntryPoint\",\"urlTemplate\":\"https:\/\/www.naoevo.com\/?s={search_term_string}\"},\"query-input\":{\"@type\":\"PropertyValueSpecification\",\"valueRequired\":true,\"valueName\":\"search_term_string\"}}],\"inLanguage\":\"es\"},{\"@type\":\"Organization\",\"@id\":\"https:\/\/www.naoevo.com\/#organization\",\"name\":\"NAOEVO Auto Lighting\",\"url\":\"https:\/\/www.naoevo.com\/\",\"logo\":{\"@type\":\"ImageObject\",\"inLanguage\":\"es\",\"@id\":\"https:\/\/www.naoevo.com\/#\/schema\/logo\/image\/\",\"url\":\"https:\/\/www.naoevo.com\/wp-content\/uploads\/2023\/03\/cropped-NAOEVO-LOGO-2023.png\",\"contentUrl\":\"https:\/\/www.naoevo.com\/wp-content\/uploads\/2023\/03\/cropped-NAOEVO-LOGO-2023.png\",\"width\":1168,\"height\":151,\"caption\":\"NAOEVO Auto Lighting\"},\"image\":{\"@id\":\"https:\/\/www.naoevo.com\/#\/schema\/logo\/image\/\"},\"sameAs\":[\"https:\/\/www.facebook.com\/naoevolighting\",\"https:\/\/www.instagram.com\/naoevolightings\/\"]}]}<\/script>\n<!-- \/ Yoast SEO plugin. -->","yoast_head_json":{"title":"4 Inch LED Work Light Combo 4-Row Chip - NAOEVO - NAOEVO","robots":{"index":"index","follow":"follow","max-snippet":"max-snippet:-1","max-image-preview":"max-image-preview:large","max-video-preview":"max-video-preview:-1"},"canonical":"https:\/\/www.naoevo.com\/es\/product\/4-inch-led-work-light-combo-4-row-chip-naoevo\/","og_locale":"es_ES","og_type":"article","og_title":"4 Inch LED Work Light Combo 4-Row Chip - NAOEVO - NAOEVO","og_description":"This 7-inch LED light bar features a durable die-cast aluminum housing, waterproof rubber pad, and extra screws for strong water resistance\u2014tested for five hours underwater. The combo beam emits 6500K bright white light, delivering 72W\/14,400LM. Ten cooling fins ensure heat dissipation, extending lifespan to 50,000 hours. Suitable for off-road, trucks, boats, and more (DC 9V-30V).","og_url":"https:\/\/www.naoevo.com\/es\/product\/4-inch-led-work-light-combo-4-row-chip-naoevo\/","og_site_name":"NAOEVO","article_publisher":"https:\/\/www.facebook.com\/naoevolighting","article_modified_time":"2025-06-04T08:50:08+00:00","og_image":[{"width":1001,"height":1001,"url":"https:\/\/www.naoevo.com\/wp-content\/uploads\/2023\/03\/4INCH-72W-W.webp","type":"image\/webp"}],"twitter_card":"summary_large_image","schema":{"@context":"https:\/\/schema.org","@graph":[{"@type":"WebPage","@id":"https:\/\/www.naoevo.com\/product\/4-inch-led-work-light-combo-4-row-chip-naoevo\/","url":"https:\/\/www.naoevo.com\/product\/4-inch-led-work-light-combo-4-row-chip-naoevo\/","name":"4 Inch LED Work Light Combo 4-Row Chip - NAOEVO - NAOEVO","isPartOf":{"@id":"https:\/\/www.naoevo.com\/#website"},"primaryImageOfPage":{"@id":"https:\/\/www.naoevo.com\/product\/4-inch-led-work-light-combo-4-row-chip-naoevo\/#primaryimage"},"image":{"@id":"https:\/\/www.naoevo.com\/product\/4-inch-led-work-light-combo-4-row-chip-naoevo\/#primaryimage"},"thumbnailUrl":"https:\/\/www.naoevo.com\/wp-content\/uploads\/2023\/03\/4INCH-72W-W.webp","datePublished":"2023-03-30T03:19:24+00:00","dateModified":"2025-06-04T08:50:08+00:00","breadcrumb":{"@id":"https:\/\/www.naoevo.com\/product\/4-inch-led-work-light-combo-4-row-chip-naoevo\/#breadcrumb"},"inLanguage":"es","potentialAction":[{"@type":"ReadAction","target":["https:\/\/www.naoevo.com\/product\/4-inch-led-work-light-combo-4-row-chip-naoevo\/"]}]},{"@type":"ImageObject","inLanguage":"es","@id":"https:\/\/www.naoevo.com\/product\/4-inch-led-work-light-combo-4-row-chip-naoevo\/#primaryimage","url":"https:\/\/www.naoevo.com\/wp-content\/uploads\/2023\/03\/4INCH-72W-W.webp","contentUrl":"https:\/\/www.naoevo.com\/wp-content\/uploads\/2023\/03\/4INCH-72W-W.webp","width":1001,"height":1001,"caption":"4 Inch LED Work Light Combo 4-Row Chip - NAOEVO"},{"@type":"BreadcrumbList","@id":"https:\/\/www.naoevo.com\/product\/4-inch-led-work-light-combo-4-row-chip-naoevo\/#breadcrumb","itemListElement":[{"@type":"ListItem","position":1,"name":"Home","item":"https:\/\/www.naoevo.com\/"},{"@type":"ListItem","position":2,"name":"Products","item":"https:\/\/www.naoevo.com\/shop__trashed\/"},{"@type":"ListItem","position":3,"name":"6500K White Light","item":"https:\/\/www.naoevo.com\/product-category\/6500k-white-light\/"},{"@type":"ListItem","position":4,"name":"4 Inch LED Work Light Combo 4-Row Chip &#8211; NAOEVO"}]},{"@type":"WebSite","@id":"https:\/\/www.naoevo.com\/#website","url":"https:\/\/www.naoevo.com\/","name":"NAOEVO Auto Lighting","description":"THE BEST AUTOMOTIVE LIGHTING MANUFACTURER","publisher":{"@id":"https:\/\/www.naoevo.com\/#organization"},"potentialAction":[{"@type":"SearchAction","target":{"@type":"EntryPoint","urlTemplate":"https:\/\/www.naoevo.com\/?s={search_term_string}"},"query-input":{"@type":"PropertyValueSpecification","valueRequired":true,"valueName":"search_term_string"}}],"inLanguage":"es"},{"@type":"Organization","@id":"https:\/\/www.naoevo.com\/#organization","name":"NAOEVO Auto Lighting","url":"https:\/\/www.naoevo.com\/","logo":{"@type":"ImageObject","inLanguage":"es","@id":"https:\/\/www.naoevo.com\/#\/schema\/logo\/image\/","url":"https:\/\/www.naoevo.com\/wp-content\/uploads\/2023\/03\/cropped-NAOEVO-LOGO-2023.png","contentUrl":"https:\/\/www.naoevo.com\/wp-content\/uploads\/2023\/03\/cropped-NAOEVO-LOGO-2023.png","width":1168,"height":151,"caption":"NAOEVO Auto Lighting"},"image":{"@id":"https:\/\/www.naoevo.com\/#\/schema\/logo\/image\/"},"sameAs":["https:\/\/www.facebook.com\/naoevolighting","https:\/\/www.instagram.com\/naoevolightings\/"]}]}},"_links":{"self":[{"href":"https:\/\/www.naoevo.com\/es\/wp-json\/wp\/v2\/product\/4756","targetHints":{"allow":["GET"]}}],"collection":[{"href":"https:\/\/www.naoevo.com\/es\/wp-json\/wp\/v2\/product"}],"about":[{"href":"https:\/\/www.naoevo.com\/es\/wp-json\/wp\/v2\/types\/product"}],"version-history":[{"count":22,"href":"https:\/\/www.naoevo.com\/es\/wp-json\/wp\/v2\/product\/4756\/revisions"}],"predecessor-version":[{"id":17452,"href":"https:\/\/www.naoevo.com\/es\/wp-json\/wp\/v2\/product\/4756\/revisions\/17452"}],"wp:featuredmedia":[{"embeddable":true,"href":"https:\/\/www.naoevo.com\/es\/wp-json\/wp\/v2\/media\/4760"}],"wp:attachment":[{"href":"https:\/\/www.naoevo.com\/es\/wp-json\/wp\/v2\/media?parent=4756"}],"wp:term":[{"taxonomy":"product_brand","embeddable":true,"href":"https:\/\/www.naoevo.com\/es\/wp-json\/wp\/v2\/product_brand?post=4756"},{"taxonomy":"product_cat","embeddable":true,"href":"https:\/\/www.naoevo.com\/es\/wp-json\/wp\/v2\/product_cat?post=4756"},{"taxonomy":"product_tag","embeddable":true,"href":"https:\/\/www.naoevo.com\/es\/wp-json\/wp\/v2\/product_tag?post=4756"}],"curies":[{"name":"wp","href":"https:\/\/api.w.org\/{rel}","templated":true}]}}