{"id":4707,"date":"2023-03-29T06:34:30","date_gmt":"2023-03-29T06:34:30","guid":{"rendered":"https:\/\/www.naoevo.com\/?post_type=product&#038;p=4707"},"modified":"2025-06-06T14:13:30","modified_gmt":"2025-06-06T06:13:30","slug":"t10-w5w-led-indicator-bulb-no-polarity-naoevo-ns30d-series","status":"publish","type":"product","link":"https:\/\/www.naoevo.com\/es\/product\/t10-w5w-led-indicator-bulb-no-polarity-naoevo-ns30d-series\/","title":{"rendered":"Bombilla indicadora LED T10 W5W sin polaridad - Serie NAOEVO NS30D"},"content":{"rendered":"<div data-elementor-type=\"product-post\" data-elementor-id=\"4707\" class=\"elementor elementor-4707\" data-elementor-post-type=\"product\">\n\t\t\t\t<div class=\"elementor-element elementor-element-3b5e5d5 e-flex e-con-boxed e-con e-parent\" data-id=\"3b5e5d5\" data-element_type=\"container\" data-settings=\"{&quot;jet_parallax_layout_list&quot;:[]}\">\n\t\t\t\t\t<div class=\"e-con-inner\">\n\t\t\t\t<div class=\"elementor-element elementor-element-3b0edd2 e-n-tabs-none elementor-widget elementor-widget-n-tabs\" data-id=\"3b0edd2\" data-element_type=\"widget\" data-settings=\"{&quot;tabs_justify_horizontal&quot;:&quot;start&quot;,&quot;horizontal_scroll&quot;:&quot;enable&quot;}\" data-widget_type=\"nested-tabs.default\">\n\t\t\t\t\t\t\t<div class=\"e-n-tabs\" data-widget-number=\"61926866\" aria-label=\"Pesta\u00f1as. Abre elementos con Intro o Espacio, ci\u00e9rralos con Escape y navega con las Flechas.\">\n\t\t\t<div class=\"e-n-tabs-heading\" role=\"tablist\">\n\t\t\t\t\t<button id=\"e-n-tab-title-619268661\" class=\"e-n-tab-title\" aria-selected=\"true\" data-tab-index=\"1\" role=\"tab\" tabindex=\"0\" aria-controls=\"e-n-tab-content-619268661\" style=\"--n-tabs-title-order: 1;\">\n\t\t\t\t\t\t<span class=\"e-n-tab-title-text\">\n\t\t\t\tCARACTER\u00cdSTICAS\t\t\t<\/span>\n\t\t<\/button>\n\t\t\t\t<button id=\"e-n-tab-title-619268662\" class=\"e-n-tab-title\" aria-selected=\"false\" data-tab-index=\"2\" role=\"tab\" tabindex=\"-1\" aria-controls=\"e-n-tab-content-619268662\" style=\"--n-tabs-title-order: 2;\">\n\t\t\t\t\t\t<span class=\"e-n-tab-title-text\">\n\t\t\t\tESPECIFICACIONES\t\t\t<\/span>\n\t\t<\/button>\n\t\t\t\t\t<\/div>\n\t\t\t<div class=\"e-n-tabs-content\">\n\t\t\t\t<div id=\"e-n-tab-content-619268661\" role=\"tabpanel\" aria-labelledby=\"e-n-tab-title-619268661\" data-tab-index=\"1\" style=\"--n-tabs-title-order: 1;\" class=\"e-active elementor-element elementor-element-86e74b0 e-con-full e-flex e-con e-child\" data-id=\"86e74b0\" data-element_type=\"container\" data-settings=\"{&quot;jet_parallax_layout_list&quot;:[]}\">\n\t\t<div class=\"elementor-element elementor-element-5638ebd e-con-full e-grid e-con e-child\" data-id=\"5638ebd\" data-element_type=\"container\" data-settings=\"{&quot;jet_parallax_layout_list&quot;:[]}\">\n\t\t<div class=\"elementor-element elementor-element-1416d58 e-con-full e-flex e-con e-child\" data-id=\"1416d58\" data-element_type=\"container\" data-settings=\"{&quot;jet_parallax_layout_list&quot;:[]}\">\n\t\t\t\t<div class=\"elementor-element elementor-element-3ba768f elementor-position-left elementor-position-top elementor-vertical-align-top elementor-widget elementor-widget-image-box\" data-id=\"3ba768f\" data-element_type=\"widget\" data-widget_type=\"image-box.default\">\n\t\t\t\t\t<div class=\"elementor-image-box-wrapper\"><figure class=\"elementor-image-box-img\"><img fetchpriority=\"high\" decoding=\"async\" width=\"468\" height=\"468\" src=\"https:\/\/www.naoevo.com\/wp-content\/uploads\/2025\/05\/Superior-High-Brightness.jpg\" class=\"attachment-full size-full wp-image-16787\" alt=\"\" srcset=\"https:\/\/www.naoevo.com\/wp-content\/uploads\/2025\/05\/Superior-High-Brightness.jpg 468w, https:\/\/www.naoevo.com\/wp-content\/uploads\/2025\/05\/Superior-High-Brightness-300x300.jpg 300w, https:\/\/www.naoevo.com\/wp-content\/uploads\/2025\/05\/Superior-High-Brightness-150x150.jpg 150w, https:\/\/www.naoevo.com\/wp-content\/uploads\/2025\/05\/Superior-High-Brightness-100x100.jpg 100w, https:\/\/www.naoevo.com\/wp-content\/uploads\/2025\/05\/Superior-High-Brightness-64x64.jpg 64w\" sizes=\"(max-width: 468px) 100vw, 468px\" \/><\/figure><div class=\"elementor-image-box-content\"><h3 class=\"elementor-image-box-title\">Superbrillante<\/h3><p class=\"elementor-image-box-description\">Las luces interiores LED NAOEVO NS30D ofrecen una calidad excepcional con la tecnolog\u00eda m\u00e1s avanzada a un precio que supera a la competencia. A diferencia de las bombillas hal\u00f3genas est\u00e1ndar, estas bombillas ofrecen 700 LM de alto brillo. Con un dise\u00f1o de 360 grados, estas bombillas albergan 2 chips SMD 3030 + 12 chips SMD 3014 que emiten una luz brillante en todas las direcciones. Estas bombillas fueron creadas para superar el rendimiento de las marcas l\u00edderes, manteniendo los costes bajos.<\/p><\/div><\/div>\t\t\t\t<\/div>\n\t\t\t\t<\/div>\n\t\t<div class=\"elementor-element elementor-element-2a5b060 e-con-full e-flex e-con e-child\" data-id=\"2a5b060\" data-element_type=\"container\" data-settings=\"{&quot;jet_parallax_layout_list&quot;:[]}\">\n\t\t\t\t<div class=\"elementor-element elementor-element-771edec elementor-position-left elementor-position-top elementor-vertical-align-top elementor-widget elementor-widget-image-box\" data-id=\"771edec\" data-element_type=\"widget\" data-widget_type=\"image-box.default\">\n\t\t\t\t\t<div class=\"elementor-image-box-wrapper\"><figure class=\"elementor-image-box-img\"><img decoding=\"async\" width=\"468\" height=\"468\" src=\"https:\/\/www.naoevo.com\/wp-content\/uploads\/2025\/05\/Canbus-Error-Free.jpg\" class=\"attachment-full size-full wp-image-16786\" alt=\"\" srcset=\"https:\/\/www.naoevo.com\/wp-content\/uploads\/2025\/05\/Canbus-Error-Free.jpg 468w, https:\/\/www.naoevo.com\/wp-content\/uploads\/2025\/05\/Canbus-Error-Free-300x300.jpg 300w, https:\/\/www.naoevo.com\/wp-content\/uploads\/2025\/05\/Canbus-Error-Free-150x150.jpg 150w, https:\/\/www.naoevo.com\/wp-content\/uploads\/2025\/05\/Canbus-Error-Free-100x100.jpg 100w, https:\/\/www.naoevo.com\/wp-content\/uploads\/2025\/05\/Canbus-Error-Free-64x64.jpg 64w\" sizes=\"(max-width: 468px) 100vw, 468px\" \/><\/figure><div class=\"elementor-image-box-content\"><h3 class=\"elementor-image-box-title\">CANBUS Error Free<\/h3><p class=\"elementor-image-box-description\">El IC de decodificaci\u00f3n incorporado dentro de la bombilla es esencial para algunos veh\u00edculos especiales para evitar errores en el salpicadero y parpadeos. Las bombillas de se\u00f1alizaci\u00f3n LED NS30D eliminan la necesidad de resistencias LED adicionales para resolver el problema de Canbus.<\/p><\/div><\/div>\t\t\t\t<\/div>\n\t\t\t\t<\/div>\n\t\t<div class=\"elementor-element elementor-element-9bfca78 e-con-full e-flex e-con e-child\" data-id=\"9bfca78\" data-element_type=\"container\" data-settings=\"{&quot;jet_parallax_layout_list&quot;:[]}\">\n\t\t\t\t<div class=\"elementor-element elementor-element-6c80370 elementor-position-left elementor-position-top elementor-vertical-align-top elementor-widget elementor-widget-image-box\" data-id=\"6c80370\" data-element_type=\"widget\" data-widget_type=\"image-box.default\">\n\t\t\t\t\t<div class=\"elementor-image-box-wrapper\"><figure class=\"elementor-image-box-img\"><img decoding=\"async\" width=\"468\" height=\"468\" src=\"https:\/\/www.naoevo.com\/wp-content\/uploads\/2025\/05\/Efficient-Heat-Dissipation.jpg\" class=\"attachment-full size-full wp-image-16785\" alt=\"\" srcset=\"https:\/\/www.naoevo.com\/wp-content\/uploads\/2025\/05\/Efficient-Heat-Dissipation.jpg 468w, https:\/\/www.naoevo.com\/wp-content\/uploads\/2025\/05\/Efficient-Heat-Dissipation-300x300.jpg 300w, https:\/\/www.naoevo.com\/wp-content\/uploads\/2025\/05\/Efficient-Heat-Dissipation-150x150.jpg 150w, https:\/\/www.naoevo.com\/wp-content\/uploads\/2025\/05\/Efficient-Heat-Dissipation-100x100.jpg 100w, https:\/\/www.naoevo.com\/wp-content\/uploads\/2025\/05\/Efficient-Heat-Dissipation-64x64.jpg 64w\" sizes=\"(max-width: 468px) 100vw, 468px\" \/><\/figure><div class=\"elementor-image-box-content\"><h3 class=\"elementor-image-box-title\">Disipaci\u00f3n eficiente del calor<\/h3><p class=\"elementor-image-box-description\">El cuerpo de esta bombilla LED NS30D est\u00e1 fabricado con aluminio de calidad aeron\u00e1utica y varios orificios huecos que mejoran la disipaci\u00f3n del calor. Por lo tanto, resulta en una vida \u00fatil de hasta 50.000 horas.<\/p><\/div><\/div>\t\t\t\t<\/div>\n\t\t\t\t<\/div>\n\t\t\t\t<\/div>\n\t\t\t\t<\/div>\n\t\t<div id=\"e-n-tab-content-619268662\" role=\"tabpanel\" aria-labelledby=\"e-n-tab-title-619268662\" data-tab-index=\"2\" style=\"--n-tabs-title-order: 2;\" class=\"elementor-element elementor-element-fe82ce1 e-con-full e-flex e-con e-child\" data-id=\"fe82ce1\" data-element_type=\"container\" data-settings=\"{&quot;jet_parallax_layout_list&quot;:[]}\">\n\t\t\t\t<div class=\"elementor-element elementor-element-4b84ffb elementor-widget elementor-widget-text-editor\" data-id=\"4b84ffb\" data-element_type=\"widget\" data-widget_type=\"text-editor.default\">\n\t\t\t\t\t\t\t\t\t<p>Producto: NS30D<br \/>Potencia: 3 W\/Bombilla<br \/>L\u00famenes: 700 LM\/Bombilla<br \/>Tipo de chip: 2SMD 3030 Chips +12SMD 3014 Chips<br \/>Tensi\u00f3n de trabajo: DC12V<br \/>Corriente de trabajo: 0,12 A<br \/>Color: blanco\/rojo\/\u00e1mbar\/azul cristalino<br \/>Garant\u00eda: 1 a\u00f1o<br \/>Uso: Luces de matr\u00edcula, luces de cabina, luces de c\u00fapula, luces de mapa, luces de g\u00e1libo, luces de marcha atr\u00e1s, etc.<\/p><p>\u00a0<\/p><h3>Paquete incluido<\/h3><p>2 x NAOEVO Bombillas LED de se\u00f1alizaci\u00f3n<\/p><p>\u00a0<\/p><h3>Talla<\/h3><p>T10, W5W, 194, 168<\/p>\t\t\t\t\t\t\t\t<\/div>\n\t\t\t\t<\/div>\n\t\t\t\t\t<\/div>\n\t\t<\/div>\n\t\t\t\t\t\t<\/div>\n\t\t\t\t\t<\/div>\n\t\t\t\t<\/div>\n\t\t\t\t<\/div>","protected":false},"excerpt":{"rendered":"<p>Las bombillas LED NAOEVO NS30D ofrecen 700LM de brillo con iluminaci\u00f3n de 360\u00b0 utilizando 2 chips SMD 3030 y 12 SMD 3014. El aluminio de calidad aeron\u00e1utica y el dise\u00f1o hueco garantizan una r\u00e1pida disipaci\u00f3n del calor y una vida \u00fatil de hasta 50.000 horas. El CI de decodificaci\u00f3n incorporado proporciona un rendimiento sin errores CANBUS, evitando errores en el salpicadero y parpadeos sin resistencias adicionales: calidad superior a un precio competitivo.<\/p>","protected":false},"featured_media":4708,"template":"","meta":{"site-sidebar-layout":"default","site-content-layout":"default","ast-site-content-layout":"default","site-content-style":"default","site-sidebar-style":"default","ast-global-header-display":"","ast-banner-title-visibility":"","ast-main-header-display":"","ast-hfb-above-header-display":"","ast-hfb-below-header-display":"","ast-hfb-mobile-header-display":"","site-post-title":"","ast-breadcrumbs-content":"","ast-featured-img":"","footer-sml-layout":"","theme-transparent-header-meta":"default","adv-header-id-meta":"","stick-header-meta":"","header-above-stick-meta":"","header-main-stick-meta":"","header-below-stick-meta":"","astra-migrate-meta-layouts":"set","ast-page-background-enabled":"default","ast-page-background-meta":{"desktop":{"background-color":"var(--ast-global-color-4)","background-image":"","background-repeat":"repeat","background-position":"center center","background-size":"auto","background-attachment":"scroll","background-type":"","background-media":"","overlay-type":"","overlay-color":"","overlay-opacity":"","overlay-gradient":""},"tablet":{"background-color":"","background-image":"","background-repeat":"repeat","background-position":"center center","background-size":"auto","background-attachment":"scroll","background-type":"","background-media":"","overlay-type":"","overlay-color":"","overlay-opacity":"","overlay-gradient":""},"mobile":{"background-color":"","background-image":"","background-repeat":"repeat","background-position":"center center","background-size":"auto","background-attachment":"scroll","background-type":"","background-media":"","overlay-type":"","overlay-color":"","overlay-opacity":"","overlay-gradient":""}},"ast-content-background-meta":{"desktop":{"background-color":"var(--ast-global-color-5)","background-image":"","background-repeat":"repeat","background-position":"center center","background-size":"auto","background-attachment":"scroll","background-type":"","background-media":"","overlay-type":"","overlay-color":"","overlay-opacity":"","overlay-gradient":""},"tablet":{"background-color":"var(--ast-global-color-5)","background-image":"","background-repeat":"repeat","background-position":"center center","background-size":"auto","background-attachment":"scroll","background-type":"","background-media":"","overlay-type":"","overlay-color":"","overlay-opacity":"","overlay-gradient":""},"mobile":{"background-color":"var(--ast-global-color-5)","background-image":"","background-repeat":"repeat","background-position":"center center","background-size":"auto","background-attachment":"scroll","background-type":"","background-media":"","overlay-type":"","overlay-color":"","overlay-opacity":"","overlay-gradient":""}}},"product_brand":[],"product_cat":[190,104],"product_tag":[],"class_list":{"0":"post-4707","1":"product","2":"type-product","3":"status-publish","4":"has-post-thumbnail","6":"product_cat-china-led-headlight-bulbs-supplier","7":"product_cat-exterior-interior-lights","8":"pa_model-t10-w5w-194-168","9":"desktop-align-left","10":"tablet-align-left","11":"mobile-align-left","13":"first","14":"instock","15":"sold-individually","16":"shipping-taxable","17":"purchasable","18":"product-type-variable"},"yoast_head":"<!-- This site is optimized with the Yoast SEO plugin v24.7 - https:\/\/yoast.com\/wordpress\/plugins\/seo\/ -->\n<title>T10 W5W LED Indicator Bulb No Polarity - NAOEVO NS30D Series - NAOEVO<\/title>\n<meta name=\"robots\" content=\"index, follow, max-snippet:-1, max-image-preview:large, max-video-preview:-1\" \/>\n<link rel=\"canonical\" href=\"https:\/\/www.naoevo.com\/es\/product\/t10-w5w-led-indicator-bulb-no-polarity-naoevo-ns30d-series\/\" \/>\n<meta property=\"og:locale\" content=\"es_ES\" \/>\n<meta property=\"og:type\" content=\"article\" \/>\n<meta property=\"og:title\" content=\"T10 W5W LED Indicator Bulb No Polarity - NAOEVO NS30D Series - NAOEVO\" \/>\n<meta property=\"og:description\" content=\"The NAOEVO NS30D LED bulbs deliver 700LM brightness with 360\u00b0 illumination using 2 SMD 3030 and 12 SMD 3014 chips. Aircraft-grade aluminum and hollow design ensure fast heat dissipation and up to 50,000-hour lifespan. The built-in decoding IC provides CANBUS error-free performance, preventing dashboard errors and flicker without extra resistors\u2014superior quality at a competitive price.\" \/>\n<meta property=\"og:url\" content=\"https:\/\/www.naoevo.com\/es\/product\/t10-w5w-led-indicator-bulb-no-polarity-naoevo-ns30d-series\/\" \/>\n<meta property=\"og:site_name\" content=\"NAOEVO\" \/>\n<meta property=\"article:publisher\" content=\"https:\/\/www.facebook.com\/naoevolighting\" \/>\n<meta property=\"article:modified_time\" content=\"2025-06-06T06:13:30+00:00\" \/>\n<meta property=\"og:image\" content=\"https:\/\/www.naoevo.com\/wp-content\/uploads\/2023\/03\/NAOEVO-NS30D-1.jpg\" \/>\n\t<meta property=\"og:image:width\" content=\"1001\" \/>\n\t<meta property=\"og:image:height\" content=\"1001\" \/>\n\t<meta property=\"og:image:type\" content=\"image\/jpeg\" \/>\n<meta name=\"twitter:card\" content=\"summary_large_image\" \/>\n<script type=\"application\/ld+json\" class=\"yoast-schema-graph\">{\"@context\":\"https:\/\/schema.org\",\"@graph\":[{\"@type\":\"WebPage\",\"@id\":\"https:\/\/www.naoevo.com\/product\/t10-w5w-led-indicator-bulb-no-polarity-naoevo-ns30d-series\/\",\"url\":\"https:\/\/www.naoevo.com\/product\/t10-w5w-led-indicator-bulb-no-polarity-naoevo-ns30d-series\/\",\"name\":\"T10 W5W LED Indicator Bulb No Polarity - NAOEVO NS30D Series - NAOEVO\",\"isPartOf\":{\"@id\":\"https:\/\/www.naoevo.com\/#website\"},\"primaryImageOfPage\":{\"@id\":\"https:\/\/www.naoevo.com\/product\/t10-w5w-led-indicator-bulb-no-polarity-naoevo-ns30d-series\/#primaryimage\"},\"image\":{\"@id\":\"https:\/\/www.naoevo.com\/product\/t10-w5w-led-indicator-bulb-no-polarity-naoevo-ns30d-series\/#primaryimage\"},\"thumbnailUrl\":\"https:\/\/www.naoevo.com\/wp-content\/uploads\/2023\/03\/NAOEVO-NS30D-1.jpg\",\"datePublished\":\"2023-03-29T06:34:30+00:00\",\"dateModified\":\"2025-06-06T06:13:30+00:00\",\"breadcrumb\":{\"@id\":\"https:\/\/www.naoevo.com\/product\/t10-w5w-led-indicator-bulb-no-polarity-naoevo-ns30d-series\/#breadcrumb\"},\"inLanguage\":\"es\",\"potentialAction\":[{\"@type\":\"ReadAction\",\"target\":[\"https:\/\/www.naoevo.com\/product\/t10-w5w-led-indicator-bulb-no-polarity-naoevo-ns30d-series\/\"]}]},{\"@type\":\"ImageObject\",\"inLanguage\":\"es\",\"@id\":\"https:\/\/www.naoevo.com\/product\/t10-w5w-led-indicator-bulb-no-polarity-naoevo-ns30d-series\/#primaryimage\",\"url\":\"https:\/\/www.naoevo.com\/wp-content\/uploads\/2023\/03\/NAOEVO-NS30D-1.jpg\",\"contentUrl\":\"https:\/\/www.naoevo.com\/wp-content\/uploads\/2023\/03\/NAOEVO-NS30D-1.jpg\",\"width\":1001,\"height\":1001},{\"@type\":\"BreadcrumbList\",\"@id\":\"https:\/\/www.naoevo.com\/product\/t10-w5w-led-indicator-bulb-no-polarity-naoevo-ns30d-series\/#breadcrumb\",\"itemListElement\":[{\"@type\":\"ListItem\",\"position\":1,\"name\":\"Home\",\"item\":\"https:\/\/www.naoevo.com\/\"},{\"@type\":\"ListItem\",\"position\":2,\"name\":\"Products\",\"item\":\"https:\/\/www.naoevo.com\/shop__trashed\/\"},{\"@type\":\"ListItem\",\"position\":3,\"name\":\"LED Car Exterior &amp; Interior Lights\",\"item\":\"https:\/\/www.naoevo.com\/product-category\/exterior-interior-lights\/\"},{\"@type\":\"ListItem\",\"position\":4,\"name\":\"T10 W5W LED Indicator Bulb No Polarity &#8211; NAOEVO NS30D Series\"}]},{\"@type\":\"WebSite\",\"@id\":\"https:\/\/www.naoevo.com\/#website\",\"url\":\"https:\/\/www.naoevo.com\/\",\"name\":\"NAOEVO Auto Lighting\",\"description\":\"THE BEST AUTOMOTIVE LIGHTING MANUFACTURER\",\"publisher\":{\"@id\":\"https:\/\/www.naoevo.com\/#organization\"},\"potentialAction\":[{\"@type\":\"SearchAction\",\"target\":{\"@type\":\"EntryPoint\",\"urlTemplate\":\"https:\/\/www.naoevo.com\/?s={search_term_string}\"},\"query-input\":{\"@type\":\"PropertyValueSpecification\",\"valueRequired\":true,\"valueName\":\"search_term_string\"}}],\"inLanguage\":\"es\"},{\"@type\":\"Organization\",\"@id\":\"https:\/\/www.naoevo.com\/#organization\",\"name\":\"NAOEVO Auto Lighting\",\"url\":\"https:\/\/www.naoevo.com\/\",\"logo\":{\"@type\":\"ImageObject\",\"inLanguage\":\"es\",\"@id\":\"https:\/\/www.naoevo.com\/#\/schema\/logo\/image\/\",\"url\":\"https:\/\/www.naoevo.com\/wp-content\/uploads\/2023\/03\/cropped-NAOEVO-LOGO-2023.png\",\"contentUrl\":\"https:\/\/www.naoevo.com\/wp-content\/uploads\/2023\/03\/cropped-NAOEVO-LOGO-2023.png\",\"width\":1168,\"height\":151,\"caption\":\"NAOEVO Auto Lighting\"},\"image\":{\"@id\":\"https:\/\/www.naoevo.com\/#\/schema\/logo\/image\/\"},\"sameAs\":[\"https:\/\/www.facebook.com\/naoevolighting\",\"https:\/\/www.instagram.com\/naoevolightings\/\"]}]}<\/script>\n<!-- \/ Yoast SEO plugin. -->","yoast_head_json":{"title":"T10 W5W LED Indicator Bulb No Polarity - NAOEVO NS30D Series - NAOEVO","robots":{"index":"index","follow":"follow","max-snippet":"max-snippet:-1","max-image-preview":"max-image-preview:large","max-video-preview":"max-video-preview:-1"},"canonical":"https:\/\/www.naoevo.com\/es\/product\/t10-w5w-led-indicator-bulb-no-polarity-naoevo-ns30d-series\/","og_locale":"es_ES","og_type":"article","og_title":"T10 W5W LED Indicator Bulb No Polarity - NAOEVO NS30D Series - NAOEVO","og_description":"The NAOEVO NS30D LED bulbs deliver 700LM brightness with 360\u00b0 illumination using 2 SMD 3030 and 12 SMD 3014 chips. Aircraft-grade aluminum and hollow design ensure fast heat dissipation and up to 50,000-hour lifespan. The built-in decoding IC provides CANBUS error-free performance, preventing dashboard errors and flicker without extra resistors\u2014superior quality at a competitive price.","og_url":"https:\/\/www.naoevo.com\/es\/product\/t10-w5w-led-indicator-bulb-no-polarity-naoevo-ns30d-series\/","og_site_name":"NAOEVO","article_publisher":"https:\/\/www.facebook.com\/naoevolighting","article_modified_time":"2025-06-06T06:13:30+00:00","og_image":[{"width":1001,"height":1001,"url":"https:\/\/www.naoevo.com\/wp-content\/uploads\/2023\/03\/NAOEVO-NS30D-1.jpg","type":"image\/jpeg"}],"twitter_card":"summary_large_image","schema":{"@context":"https:\/\/schema.org","@graph":[{"@type":"WebPage","@id":"https:\/\/www.naoevo.com\/product\/t10-w5w-led-indicator-bulb-no-polarity-naoevo-ns30d-series\/","url":"https:\/\/www.naoevo.com\/product\/t10-w5w-led-indicator-bulb-no-polarity-naoevo-ns30d-series\/","name":"T10 W5W LED Indicator Bulb No Polarity - NAOEVO NS30D Series - NAOEVO","isPartOf":{"@id":"https:\/\/www.naoevo.com\/#website"},"primaryImageOfPage":{"@id":"https:\/\/www.naoevo.com\/product\/t10-w5w-led-indicator-bulb-no-polarity-naoevo-ns30d-series\/#primaryimage"},"image":{"@id":"https:\/\/www.naoevo.com\/product\/t10-w5w-led-indicator-bulb-no-polarity-naoevo-ns30d-series\/#primaryimage"},"thumbnailUrl":"https:\/\/www.naoevo.com\/wp-content\/uploads\/2023\/03\/NAOEVO-NS30D-1.jpg","datePublished":"2023-03-29T06:34:30+00:00","dateModified":"2025-06-06T06:13:30+00:00","breadcrumb":{"@id":"https:\/\/www.naoevo.com\/product\/t10-w5w-led-indicator-bulb-no-polarity-naoevo-ns30d-series\/#breadcrumb"},"inLanguage":"es","potentialAction":[{"@type":"ReadAction","target":["https:\/\/www.naoevo.com\/product\/t10-w5w-led-indicator-bulb-no-polarity-naoevo-ns30d-series\/"]}]},{"@type":"ImageObject","inLanguage":"es","@id":"https:\/\/www.naoevo.com\/product\/t10-w5w-led-indicator-bulb-no-polarity-naoevo-ns30d-series\/#primaryimage","url":"https:\/\/www.naoevo.com\/wp-content\/uploads\/2023\/03\/NAOEVO-NS30D-1.jpg","contentUrl":"https:\/\/www.naoevo.com\/wp-content\/uploads\/2023\/03\/NAOEVO-NS30D-1.jpg","width":1001,"height":1001},{"@type":"BreadcrumbList","@id":"https:\/\/www.naoevo.com\/product\/t10-w5w-led-indicator-bulb-no-polarity-naoevo-ns30d-series\/#breadcrumb","itemListElement":[{"@type":"ListItem","position":1,"name":"Home","item":"https:\/\/www.naoevo.com\/"},{"@type":"ListItem","position":2,"name":"Products","item":"https:\/\/www.naoevo.com\/shop__trashed\/"},{"@type":"ListItem","position":3,"name":"LED Car Exterior &amp; Interior Lights","item":"https:\/\/www.naoevo.com\/product-category\/exterior-interior-lights\/"},{"@type":"ListItem","position":4,"name":"T10 W5W LED Indicator Bulb No Polarity &#8211; NAOEVO NS30D Series"}]},{"@type":"WebSite","@id":"https:\/\/www.naoevo.com\/#website","url":"https:\/\/www.naoevo.com\/","name":"NAOEVO Auto Lighting","description":"THE BEST AUTOMOTIVE LIGHTING MANUFACTURER","publisher":{"@id":"https:\/\/www.naoevo.com\/#organization"},"potentialAction":[{"@type":"SearchAction","target":{"@type":"EntryPoint","urlTemplate":"https:\/\/www.naoevo.com\/?s={search_term_string}"},"query-input":{"@type":"PropertyValueSpecification","valueRequired":true,"valueName":"search_term_string"}}],"inLanguage":"es"},{"@type":"Organization","@id":"https:\/\/www.naoevo.com\/#organization","name":"NAOEVO Auto Lighting","url":"https:\/\/www.naoevo.com\/","logo":{"@type":"ImageObject","inLanguage":"es","@id":"https:\/\/www.naoevo.com\/#\/schema\/logo\/image\/","url":"https:\/\/www.naoevo.com\/wp-content\/uploads\/2023\/03\/cropped-NAOEVO-LOGO-2023.png","contentUrl":"https:\/\/www.naoevo.com\/wp-content\/uploads\/2023\/03\/cropped-NAOEVO-LOGO-2023.png","width":1168,"height":151,"caption":"NAOEVO Auto Lighting"},"image":{"@id":"https:\/\/www.naoevo.com\/#\/schema\/logo\/image\/"},"sameAs":["https:\/\/www.facebook.com\/naoevolighting","https:\/\/www.instagram.com\/naoevolightings\/"]}]}},"_links":{"self":[{"href":"https:\/\/www.naoevo.com\/es\/wp-json\/wp\/v2\/product\/4707","targetHints":{"allow":["GET"]}}],"collection":[{"href":"https:\/\/www.naoevo.com\/es\/wp-json\/wp\/v2\/product"}],"about":[{"href":"https:\/\/www.naoevo.com\/es\/wp-json\/wp\/v2\/types\/product"}],"version-history":[{"count":4,"href":"https:\/\/www.naoevo.com\/es\/wp-json\/wp\/v2\/product\/4707\/revisions"}],"predecessor-version":[{"id":17653,"href":"https:\/\/www.naoevo.com\/es\/wp-json\/wp\/v2\/product\/4707\/revisions\/17653"}],"wp:featuredmedia":[{"embeddable":true,"href":"https:\/\/www.naoevo.com\/es\/wp-json\/wp\/v2\/media\/4708"}],"wp:attachment":[{"href":"https:\/\/www.naoevo.com\/es\/wp-json\/wp\/v2\/media?parent=4707"}],"wp:term":[{"taxonomy":"product_brand","embeddable":true,"href":"https:\/\/www.naoevo.com\/es\/wp-json\/wp\/v2\/product_brand?post=4707"},{"taxonomy":"product_cat","embeddable":true,"href":"https:\/\/www.naoevo.com\/es\/wp-json\/wp\/v2\/product_cat?post=4707"},{"taxonomy":"product_tag","embeddable":true,"href":"https:\/\/www.naoevo.com\/es\/wp-json\/wp\/v2\/product_tag?post=4707"}],"curies":[{"name":"wp","href":"https:\/\/api.w.org\/{rel}","templated":true}]}}