{"id":4637,"date":"2023-03-28T07:46:08","date_gmt":"2023-03-28T07:46:08","guid":{"rendered":"https:\/\/www.naoevo.com\/?post_type=product&#038;p=4637"},"modified":"2025-06-06T12:33:25","modified_gmt":"2025-06-06T04:33:25","slug":"p21w-t20-w21w-turn-signal-lights-no-hyper-flash-naoevo-c3020-series","status":"publish","type":"product","link":"https:\/\/www.naoevo.com\/es\/product\/p21w-t20-w21w-turn-signal-lights-no-hyper-flash-naoevo-c3020-series\/","title":{"rendered":"Intermitentes P21W T20 W21W Sin Hiper Flash - Serie NAOEVO C3020"},"content":{"rendered":"<div data-elementor-type=\"product-post\" data-elementor-id=\"4637\" class=\"elementor elementor-4637\" data-elementor-post-type=\"product\">\n\t\t\t\t<div class=\"elementor-element elementor-element-299eb60 e-flex e-con-boxed e-con e-parent\" data-id=\"299eb60\" data-element_type=\"container\" data-settings=\"{&quot;jet_parallax_layout_list&quot;:[]}\">\n\t\t\t\t\t<div class=\"e-con-inner\">\n\t\t\t\t<div class=\"elementor-element elementor-element-04e448d e-n-tabs-none elementor-widget elementor-widget-n-tabs\" data-id=\"04e448d\" data-element_type=\"widget\" data-settings=\"{&quot;tabs_justify_horizontal&quot;:&quot;start&quot;,&quot;horizontal_scroll&quot;:&quot;enable&quot;}\" data-widget_type=\"nested-tabs.default\">\n\t\t\t\t\t\t\t<div class=\"e-n-tabs\" data-widget-number=\"5129357\" aria-label=\"Pesta\u00f1as. Abre elementos con Intro o Espacio, ci\u00e9rralos con Escape y navega con las Flechas.\">\n\t\t\t<div class=\"e-n-tabs-heading\" role=\"tablist\">\n\t\t\t\t\t<button id=\"e-n-tab-title-51293571\" class=\"e-n-tab-title\" aria-selected=\"true\" data-tab-index=\"1\" role=\"tab\" tabindex=\"0\" aria-controls=\"e-n-tab-content-51293571\" style=\"--n-tabs-title-order: 1;\">\n\t\t\t\t\t\t<span class=\"e-n-tab-title-text\">\n\t\t\t\tCARACTER\u00cdSTICAS\t\t\t<\/span>\n\t\t<\/button>\n\t\t\t\t<button id=\"e-n-tab-title-51293572\" class=\"e-n-tab-title\" aria-selected=\"false\" data-tab-index=\"2\" role=\"tab\" tabindex=\"-1\" aria-controls=\"e-n-tab-content-51293572\" style=\"--n-tabs-title-order: 2;\">\n\t\t\t\t\t\t<span class=\"e-n-tab-title-text\">\n\t\t\t\tESPECIFICACIONES\t\t\t<\/span>\n\t\t<\/button>\n\t\t\t\t\t<\/div>\n\t\t\t<div class=\"e-n-tabs-content\">\n\t\t\t\t<div id=\"e-n-tab-content-51293571\" role=\"tabpanel\" aria-labelledby=\"e-n-tab-title-51293571\" data-tab-index=\"1\" style=\"--n-tabs-title-order: 1;\" class=\"e-active elementor-element elementor-element-3a2fcc2 e-con-full e-flex e-con e-child\" data-id=\"3a2fcc2\" data-element_type=\"container\" data-settings=\"{&quot;jet_parallax_layout_list&quot;:[]}\">\n\t\t<div class=\"elementor-element elementor-element-eab7b5a e-con-full e-grid e-con e-child\" data-id=\"eab7b5a\" data-element_type=\"container\" data-settings=\"{&quot;jet_parallax_layout_list&quot;:[]}\">\n\t\t<div class=\"elementor-element elementor-element-53e5910 e-con-full e-flex e-con e-child\" data-id=\"53e5910\" data-element_type=\"container\" data-settings=\"{&quot;jet_parallax_layout_list&quot;:[]}\">\n\t\t\t\t<div class=\"elementor-element elementor-element-bb62e00 elementor-position-left elementor-position-top elementor-vertical-align-top elementor-widget elementor-widget-image-box\" data-id=\"bb62e00\" data-element_type=\"widget\" data-widget_type=\"image-box.default\">\n\t\t\t\t\t<div class=\"elementor-image-box-wrapper\"><figure class=\"elementor-image-box-img\"><img fetchpriority=\"high\" decoding=\"async\" width=\"468\" height=\"468\" src=\"https:\/\/www.naoevo.com\/wp-content\/uploads\/2025\/05\/Superior-High-Brightness.jpg\" class=\"attachment-full size-full wp-image-16787\" alt=\"\" srcset=\"https:\/\/www.naoevo.com\/wp-content\/uploads\/2025\/05\/Superior-High-Brightness.jpg 468w, https:\/\/www.naoevo.com\/wp-content\/uploads\/2025\/05\/Superior-High-Brightness-300x300.jpg 300w, https:\/\/www.naoevo.com\/wp-content\/uploads\/2025\/05\/Superior-High-Brightness-150x150.jpg 150w, https:\/\/www.naoevo.com\/wp-content\/uploads\/2025\/05\/Superior-High-Brightness-100x100.jpg 100w, https:\/\/www.naoevo.com\/wp-content\/uploads\/2025\/05\/Superior-High-Brightness-64x64.jpg 64w\" sizes=\"(max-width: 468px) 100vw, 468px\" \/><\/figure><div class=\"elementor-image-box-content\"><h3 class=\"elementor-image-box-title\">Aumento del brillo en 400%<\/h3><p class=\"elementor-image-box-description\">Cada bombilla est\u00e1 equipada con 26 piezas de chips LED de alta calidad, alta potencia y alto rendimiento; iluminaci\u00f3n de \u00e1ngulo completo de 360\u00b0.<\/p><\/div><\/div>\t\t\t\t<\/div>\n\t\t\t\t<\/div>\n\t\t<div class=\"elementor-element elementor-element-ec43d0d e-con-full e-flex e-con e-child\" data-id=\"ec43d0d\" data-element_type=\"container\" data-settings=\"{&quot;jet_parallax_layout_list&quot;:[]}\">\n\t\t\t\t<div class=\"elementor-element elementor-element-93ff76d elementor-position-left elementor-position-top elementor-vertical-align-top elementor-widget elementor-widget-image-box\" data-id=\"93ff76d\" data-element_type=\"widget\" data-widget_type=\"image-box.default\">\n\t\t\t\t\t<div class=\"elementor-image-box-wrapper\"><figure class=\"elementor-image-box-img\"><img decoding=\"async\" width=\"468\" height=\"468\" src=\"https:\/\/www.naoevo.com\/wp-content\/uploads\/2025\/05\/Canbus-Error-Free.jpg\" class=\"attachment-full size-full wp-image-16786\" alt=\"\" srcset=\"https:\/\/www.naoevo.com\/wp-content\/uploads\/2025\/05\/Canbus-Error-Free.jpg 468w, https:\/\/www.naoevo.com\/wp-content\/uploads\/2025\/05\/Canbus-Error-Free-300x300.jpg 300w, https:\/\/www.naoevo.com\/wp-content\/uploads\/2025\/05\/Canbus-Error-Free-150x150.jpg 150w, https:\/\/www.naoevo.com\/wp-content\/uploads\/2025\/05\/Canbus-Error-Free-100x100.jpg 100w, https:\/\/www.naoevo.com\/wp-content\/uploads\/2025\/05\/Canbus-Error-Free-64x64.jpg 64w\" sizes=\"(max-width: 468px) 100vw, 468px\" \/><\/figure><div class=\"elementor-image-box-content\"><h3 class=\"elementor-image-box-title\">CANBUS Error Free<\/h3><p class=\"elementor-image-box-description\">99% de los veh\u00edculos est\u00e1n libres de errores y no parpadean. Con controlador incorporado, no requiere instalaci\u00f3n adicional de resistencias de decodificaci\u00f3n, puede ayudar a resolver los problemas de parpadeo y error.<\/p><\/div><\/div>\t\t\t\t<\/div>\n\t\t\t\t<\/div>\n\t\t<div class=\"elementor-element elementor-element-d7f35a7 e-con-full e-flex e-con e-child\" data-id=\"d7f35a7\" data-element_type=\"container\" data-settings=\"{&quot;jet_parallax_layout_list&quot;:[]}\">\n\t\t\t\t<div class=\"elementor-element elementor-element-bd8a21a elementor-position-left elementor-position-top elementor-vertical-align-top elementor-widget elementor-widget-image-box\" data-id=\"bd8a21a\" data-element_type=\"widget\" data-widget_type=\"image-box.default\">\n\t\t\t\t\t<div class=\"elementor-image-box-wrapper\"><figure class=\"elementor-image-box-img\"><img decoding=\"async\" width=\"150\" height=\"150\" src=\"https:\/\/www.naoevo.com\/wp-content\/uploads\/2025\/05\/1-1-design.png\" class=\"attachment-full size-full wp-image-16797\" alt=\"\" srcset=\"https:\/\/www.naoevo.com\/wp-content\/uploads\/2025\/05\/1-1-design.png 150w, https:\/\/www.naoevo.com\/wp-content\/uploads\/2025\/05\/1-1-design-100x100.png 100w, https:\/\/www.naoevo.com\/wp-content\/uploads\/2025\/05\/1-1-design-64x64.png 64w\" sizes=\"(max-width: 150px) 100vw, 150px\" \/><\/figure><div class=\"elementor-image-box-content\"><h3 class=\"elementor-image-box-title\">Dise\u00f1o hal\u00f3geno 1:1<\/h3><p class=\"elementor-image-box-description\">Uso: Luces de freno, luces de marcha atr\u00e1s, intermitentes, etc. 1:1 mismo dise\u00f1o que las hal\u00f3genas para una r\u00e1pida instalaci\u00f3n.<\/p><\/div><\/div>\t\t\t\t<\/div>\n\t\t\t\t<\/div>\n\t\t\t\t<\/div>\n\t\t\t\t<\/div>\n\t\t<div id=\"e-n-tab-content-51293572\" role=\"tabpanel\" aria-labelledby=\"e-n-tab-title-51293572\" data-tab-index=\"2\" style=\"--n-tabs-title-order: 2;\" class=\"elementor-element elementor-element-f5c665d e-con-full e-flex e-con e-child\" data-id=\"f5c665d\" data-element_type=\"container\" data-settings=\"{&quot;jet_parallax_layout_list&quot;:[]}\">\n\t\t\t\t<div class=\"elementor-element elementor-element-2bcaf2d elementor-widget elementor-widget-text-editor\" data-id=\"2bcaf2d\" data-element_type=\"widget\" data-widget_type=\"text-editor.default\">\n\t\t\t\t\t\t\t\t\t<p>Producto: C3020<br \/>Potencia: 23 W\/Bombilla<br \/>L\u00famenes: 2500LM\/Bombilla<br \/>Tensi\u00f3n de trabajo: DC12-24V<br \/>Corriente de trabajo: 1,8 A<br \/>Color: Blanco\/\u00c1mbar<br \/>Canbus Error Free: S\u00ed<br \/>Garant\u00eda: 1 a\u00f1o<br \/>Uso: Luces de freno, luces de marcha atr\u00e1s, intermitentes, etc.<\/p><p>\u00a0<\/p><h3>Paquete incluido<\/h3><p>2 x NAOEVO Bombilla de se\u00f1alizaci\u00f3n LED<\/p><p>\u00a0<\/p><h3>Talla<\/h3><p>1156, P21W, BA15S<br \/>1156, PY21W, BAU15S<br \/>1157, P21\/5W, BAY15D, P21 5W<br \/>T15, W16W, 921, 912<br \/>T20, 7443, W21\/5W, W21 5W<br \/>T20, 7440, W21W<br \/>T25, 3156, P27W<br \/>T25, 3157, P27\/7W<\/p>\t\t\t\t\t\t\t\t<\/div>\n\t\t\t\t<\/div>\n\t\t\t\t\t<\/div>\n\t\t<\/div>\n\t\t\t\t\t\t<\/div>\n\t\t\t\t\t<\/div>\n\t\t\t\t<\/div>\n\t\t\t\t<\/div>","protected":false},"excerpt":{"rendered":"<p>Con 400% mayor brillo, cada bombilla utiliza 26 LED de alta potencia para una iluminaci\u00f3n de 360\u00b0. El controlador CANBUS incorporado evita parpadeos y errores en 99% de veh\u00edculos. La carcasa completa de aluminio y un controlador IC de corriente constante garantizan un rendimiento estable y una vida \u00fatil de 30.000 horas. F\u00e1cil sustituci\u00f3n hal\u00f3gena 1:1, perfecta para luces de freno, marcha atr\u00e1s e intermitentes.<\/p>","protected":false},"featured_media":4703,"template":"","meta":{"site-sidebar-layout":"default","site-content-layout":"default","ast-site-content-layout":"default","site-content-style":"default","site-sidebar-style":"default","ast-global-header-display":"","ast-banner-title-visibility":"","ast-main-header-display":"","ast-hfb-above-header-display":"","ast-hfb-below-header-display":"","ast-hfb-mobile-header-display":"","site-post-title":"","ast-breadcrumbs-content":"","ast-featured-img":"","footer-sml-layout":"","theme-transparent-header-meta":"default","adv-header-id-meta":"","stick-header-meta":"","header-above-stick-meta":"","header-main-stick-meta":"","header-below-stick-meta":"","astra-migrate-meta-layouts":"set","ast-page-background-enabled":"default","ast-page-background-meta":{"desktop":{"background-color":"var(--ast-global-color-4)","background-image":"","background-repeat":"repeat","background-position":"center center","background-size":"auto","background-attachment":"scroll","background-type":"","background-media":"","overlay-type":"","overlay-color":"","overlay-opacity":"","overlay-gradient":""},"tablet":{"background-color":"","background-image":"","background-repeat":"repeat","background-position":"center center","background-size":"auto","background-attachment":"scroll","background-type":"","background-media":"","overlay-type":"","overlay-color":"","overlay-opacity":"","overlay-gradient":""},"mobile":{"background-color":"","background-image":"","background-repeat":"repeat","background-position":"center center","background-size":"auto","background-attachment":"scroll","background-type":"","background-media":"","overlay-type":"","overlay-color":"","overlay-opacity":"","overlay-gradient":""}},"ast-content-background-meta":{"desktop":{"background-color":"var(--ast-global-color-5)","background-image":"","background-repeat":"repeat","background-position":"center center","background-size":"auto","background-attachment":"scroll","background-type":"","background-media":"","overlay-type":"","overlay-color":"","overlay-opacity":"","overlay-gradient":""},"tablet":{"background-color":"var(--ast-global-color-5)","background-image":"","background-repeat":"repeat","background-position":"center center","background-size":"auto","background-attachment":"scroll","background-type":"","background-media":"","overlay-type":"","overlay-color":"","overlay-opacity":"","overlay-gradient":""},"mobile":{"background-color":"var(--ast-global-color-5)","background-image":"","background-repeat":"repeat","background-position":"center center","background-size":"auto","background-attachment":"scroll","background-type":"","background-media":"","overlay-type":"","overlay-color":"","overlay-opacity":"","overlay-gradient":""}}},"product_brand":[],"product_cat":[190,104],"product_tag":[],"class_list":{"0":"post-4637","1":"product","2":"type-product","3":"status-publish","4":"has-post-thumbnail","6":"product_cat-china-led-headlight-bulbs-supplier","7":"product_cat-exterior-interior-lights","8":"pa_model-t15-w16w-921-912","9":"pa_model-t25-3157-p27-7w","10":"pa_model-t20-7440-7443","11":"pa_model-t25-3156-p27w","12":"pa_model-1156-py21w-bau15s","13":"pa_model-1157-p21-5w-bay15d","14":"pa_model-p21w-ba15s-1156","15":"desktop-align-left","16":"tablet-align-left","17":"mobile-align-left","19":"first","20":"instock","21":"sold-individually","22":"shipping-taxable","23":"purchasable","24":"product-type-variable"},"yoast_head":"<!-- This site is optimized with the Yoast SEO plugin v24.7 - https:\/\/yoast.com\/wordpress\/plugins\/seo\/ -->\n<title>P21W T20 W21W Turn Signal Lights No Hyper Flash - NAOEVO C3020 Series - NAOEVO<\/title>\n<meta name=\"robots\" content=\"index, follow, max-snippet:-1, max-image-preview:large, max-video-preview:-1\" \/>\n<link rel=\"canonical\" href=\"https:\/\/www.naoevo.com\/es\/product\/p21w-t20-w21w-turn-signal-lights-no-hyper-flash-naoevo-c3020-series\/\" \/>\n<meta property=\"og:locale\" content=\"es_ES\" \/>\n<meta property=\"og:type\" content=\"article\" \/>\n<meta property=\"og:title\" content=\"P21W T20 W21W Turn Signal Lights No Hyper Flash - NAOEVO C3020 Series - NAOEVO\" \/>\n<meta property=\"og:description\" content=\"With 400% increased brightness, each bulb uses 26 high-power LEDs for 360\u00b0 illumination. The built-in CANBUS driver prevents flicker and errors on 99% of vehicles. Full aluminum housing and a constant current IC driver ensure stable performance and a 30,000-hour lifespan. Easy 1:1 halogen replacement, perfect for brake lights, reverse lights, and turn signals.\" \/>\n<meta property=\"og:url\" content=\"https:\/\/www.naoevo.com\/es\/product\/p21w-t20-w21w-turn-signal-lights-no-hyper-flash-naoevo-c3020-series\/\" \/>\n<meta property=\"og:site_name\" content=\"NAOEVO\" \/>\n<meta property=\"article:publisher\" content=\"https:\/\/www.facebook.com\/naoevolighting\" \/>\n<meta property=\"article:modified_time\" content=\"2025-06-06T04:33:25+00:00\" \/>\n<meta property=\"og:image\" content=\"https:\/\/www.naoevo.com\/wp-content\/uploads\/2023\/03\/NAOEVO-C3020-1.webp\" \/>\n\t<meta property=\"og:image:width\" content=\"1001\" \/>\n\t<meta property=\"og:image:height\" content=\"1001\" \/>\n\t<meta property=\"og:image:type\" content=\"image\/webp\" \/>\n<meta name=\"twitter:card\" content=\"summary_large_image\" \/>\n<script type=\"application\/ld+json\" class=\"yoast-schema-graph\">{\"@context\":\"https:\/\/schema.org\",\"@graph\":[{\"@type\":\"WebPage\",\"@id\":\"https:\/\/www.naoevo.com\/product\/p21w-t20-w21w-turn-signal-lights-no-hyper-flash-naoevo-c3020-series\/\",\"url\":\"https:\/\/www.naoevo.com\/product\/p21w-t20-w21w-turn-signal-lights-no-hyper-flash-naoevo-c3020-series\/\",\"name\":\"P21W T20 W21W Turn Signal Lights No Hyper Flash - NAOEVO C3020 Series - NAOEVO\",\"isPartOf\":{\"@id\":\"https:\/\/www.naoevo.com\/#website\"},\"primaryImageOfPage\":{\"@id\":\"https:\/\/www.naoevo.com\/product\/p21w-t20-w21w-turn-signal-lights-no-hyper-flash-naoevo-c3020-series\/#primaryimage\"},\"image\":{\"@id\":\"https:\/\/www.naoevo.com\/product\/p21w-t20-w21w-turn-signal-lights-no-hyper-flash-naoevo-c3020-series\/#primaryimage\"},\"thumbnailUrl\":\"https:\/\/www.naoevo.com\/wp-content\/uploads\/2023\/03\/NAOEVO-C3020-1.webp\",\"datePublished\":\"2023-03-28T07:46:08+00:00\",\"dateModified\":\"2025-06-06T04:33:25+00:00\",\"breadcrumb\":{\"@id\":\"https:\/\/www.naoevo.com\/product\/p21w-t20-w21w-turn-signal-lights-no-hyper-flash-naoevo-c3020-series\/#breadcrumb\"},\"inLanguage\":\"es\",\"potentialAction\":[{\"@type\":\"ReadAction\",\"target\":[\"https:\/\/www.naoevo.com\/product\/p21w-t20-w21w-turn-signal-lights-no-hyper-flash-naoevo-c3020-series\/\"]}]},{\"@type\":\"ImageObject\",\"inLanguage\":\"es\",\"@id\":\"https:\/\/www.naoevo.com\/product\/p21w-t20-w21w-turn-signal-lights-no-hyper-flash-naoevo-c3020-series\/#primaryimage\",\"url\":\"https:\/\/www.naoevo.com\/wp-content\/uploads\/2023\/03\/NAOEVO-C3020-1.webp\",\"contentUrl\":\"https:\/\/www.naoevo.com\/wp-content\/uploads\/2023\/03\/NAOEVO-C3020-1.webp\",\"width\":1001,\"height\":1001,\"caption\":\"P21W T20 W21W Turn Signal Lights No Hyper Flash - NAOEVO C3020 Series\"},{\"@type\":\"BreadcrumbList\",\"@id\":\"https:\/\/www.naoevo.com\/product\/p21w-t20-w21w-turn-signal-lights-no-hyper-flash-naoevo-c3020-series\/#breadcrumb\",\"itemListElement\":[{\"@type\":\"ListItem\",\"position\":1,\"name\":\"Home\",\"item\":\"https:\/\/www.naoevo.com\/\"},{\"@type\":\"ListItem\",\"position\":2,\"name\":\"Products\",\"item\":\"https:\/\/www.naoevo.com\/shop__trashed\/\"},{\"@type\":\"ListItem\",\"position\":3,\"name\":\"LED Car Exterior &amp; Interior Lights\",\"item\":\"https:\/\/www.naoevo.com\/product-category\/exterior-interior-lights\/\"},{\"@type\":\"ListItem\",\"position\":4,\"name\":\"P21W T20 W21W Turn Signal Lights No Hyper Flash &#8211; NAOEVO C3020 Series\"}]},{\"@type\":\"WebSite\",\"@id\":\"https:\/\/www.naoevo.com\/#website\",\"url\":\"https:\/\/www.naoevo.com\/\",\"name\":\"NAOEVO Auto Lighting\",\"description\":\"THE BEST AUTOMOTIVE LIGHTING MANUFACTURER\",\"publisher\":{\"@id\":\"https:\/\/www.naoevo.com\/#organization\"},\"potentialAction\":[{\"@type\":\"SearchAction\",\"target\":{\"@type\":\"EntryPoint\",\"urlTemplate\":\"https:\/\/www.naoevo.com\/?s={search_term_string}\"},\"query-input\":{\"@type\":\"PropertyValueSpecification\",\"valueRequired\":true,\"valueName\":\"search_term_string\"}}],\"inLanguage\":\"es\"},{\"@type\":\"Organization\",\"@id\":\"https:\/\/www.naoevo.com\/#organization\",\"name\":\"NAOEVO Auto Lighting\",\"url\":\"https:\/\/www.naoevo.com\/\",\"logo\":{\"@type\":\"ImageObject\",\"inLanguage\":\"es\",\"@id\":\"https:\/\/www.naoevo.com\/#\/schema\/logo\/image\/\",\"url\":\"https:\/\/www.naoevo.com\/wp-content\/uploads\/2023\/03\/cropped-NAOEVO-LOGO-2023.png\",\"contentUrl\":\"https:\/\/www.naoevo.com\/wp-content\/uploads\/2023\/03\/cropped-NAOEVO-LOGO-2023.png\",\"width\":1168,\"height\":151,\"caption\":\"NAOEVO Auto Lighting\"},\"image\":{\"@id\":\"https:\/\/www.naoevo.com\/#\/schema\/logo\/image\/\"},\"sameAs\":[\"https:\/\/www.facebook.com\/naoevolighting\",\"https:\/\/www.instagram.com\/naoevolightings\/\"]}]}<\/script>\n<!-- \/ Yoast SEO plugin. -->","yoast_head_json":{"title":"P21W T20 W21W Turn Signal Lights No Hyper Flash - NAOEVO C3020 Series - NAOEVO","robots":{"index":"index","follow":"follow","max-snippet":"max-snippet:-1","max-image-preview":"max-image-preview:large","max-video-preview":"max-video-preview:-1"},"canonical":"https:\/\/www.naoevo.com\/es\/product\/p21w-t20-w21w-turn-signal-lights-no-hyper-flash-naoevo-c3020-series\/","og_locale":"es_ES","og_type":"article","og_title":"P21W T20 W21W Turn Signal Lights No Hyper Flash - NAOEVO C3020 Series - NAOEVO","og_description":"With 400% increased brightness, each bulb uses 26 high-power LEDs for 360\u00b0 illumination. The built-in CANBUS driver prevents flicker and errors on 99% of vehicles. Full aluminum housing and a constant current IC driver ensure stable performance and a 30,000-hour lifespan. Easy 1:1 halogen replacement, perfect for brake lights, reverse lights, and turn signals.","og_url":"https:\/\/www.naoevo.com\/es\/product\/p21w-t20-w21w-turn-signal-lights-no-hyper-flash-naoevo-c3020-series\/","og_site_name":"NAOEVO","article_publisher":"https:\/\/www.facebook.com\/naoevolighting","article_modified_time":"2025-06-06T04:33:25+00:00","og_image":[{"width":1001,"height":1001,"url":"https:\/\/www.naoevo.com\/wp-content\/uploads\/2023\/03\/NAOEVO-C3020-1.webp","type":"image\/webp"}],"twitter_card":"summary_large_image","schema":{"@context":"https:\/\/schema.org","@graph":[{"@type":"WebPage","@id":"https:\/\/www.naoevo.com\/product\/p21w-t20-w21w-turn-signal-lights-no-hyper-flash-naoevo-c3020-series\/","url":"https:\/\/www.naoevo.com\/product\/p21w-t20-w21w-turn-signal-lights-no-hyper-flash-naoevo-c3020-series\/","name":"P21W T20 W21W Turn Signal Lights No Hyper Flash - NAOEVO C3020 Series - NAOEVO","isPartOf":{"@id":"https:\/\/www.naoevo.com\/#website"},"primaryImageOfPage":{"@id":"https:\/\/www.naoevo.com\/product\/p21w-t20-w21w-turn-signal-lights-no-hyper-flash-naoevo-c3020-series\/#primaryimage"},"image":{"@id":"https:\/\/www.naoevo.com\/product\/p21w-t20-w21w-turn-signal-lights-no-hyper-flash-naoevo-c3020-series\/#primaryimage"},"thumbnailUrl":"https:\/\/www.naoevo.com\/wp-content\/uploads\/2023\/03\/NAOEVO-C3020-1.webp","datePublished":"2023-03-28T07:46:08+00:00","dateModified":"2025-06-06T04:33:25+00:00","breadcrumb":{"@id":"https:\/\/www.naoevo.com\/product\/p21w-t20-w21w-turn-signal-lights-no-hyper-flash-naoevo-c3020-series\/#breadcrumb"},"inLanguage":"es","potentialAction":[{"@type":"ReadAction","target":["https:\/\/www.naoevo.com\/product\/p21w-t20-w21w-turn-signal-lights-no-hyper-flash-naoevo-c3020-series\/"]}]},{"@type":"ImageObject","inLanguage":"es","@id":"https:\/\/www.naoevo.com\/product\/p21w-t20-w21w-turn-signal-lights-no-hyper-flash-naoevo-c3020-series\/#primaryimage","url":"https:\/\/www.naoevo.com\/wp-content\/uploads\/2023\/03\/NAOEVO-C3020-1.webp","contentUrl":"https:\/\/www.naoevo.com\/wp-content\/uploads\/2023\/03\/NAOEVO-C3020-1.webp","width":1001,"height":1001,"caption":"P21W T20 W21W Turn Signal Lights No Hyper Flash - NAOEVO C3020 Series"},{"@type":"BreadcrumbList","@id":"https:\/\/www.naoevo.com\/product\/p21w-t20-w21w-turn-signal-lights-no-hyper-flash-naoevo-c3020-series\/#breadcrumb","itemListElement":[{"@type":"ListItem","position":1,"name":"Home","item":"https:\/\/www.naoevo.com\/"},{"@type":"ListItem","position":2,"name":"Products","item":"https:\/\/www.naoevo.com\/shop__trashed\/"},{"@type":"ListItem","position":3,"name":"LED Car Exterior &amp; Interior Lights","item":"https:\/\/www.naoevo.com\/product-category\/exterior-interior-lights\/"},{"@type":"ListItem","position":4,"name":"P21W T20 W21W Turn Signal Lights No Hyper Flash &#8211; NAOEVO C3020 Series"}]},{"@type":"WebSite","@id":"https:\/\/www.naoevo.com\/#website","url":"https:\/\/www.naoevo.com\/","name":"NAOEVO Auto Lighting","description":"THE BEST AUTOMOTIVE LIGHTING MANUFACTURER","publisher":{"@id":"https:\/\/www.naoevo.com\/#organization"},"potentialAction":[{"@type":"SearchAction","target":{"@type":"EntryPoint","urlTemplate":"https:\/\/www.naoevo.com\/?s={search_term_string}"},"query-input":{"@type":"PropertyValueSpecification","valueRequired":true,"valueName":"search_term_string"}}],"inLanguage":"es"},{"@type":"Organization","@id":"https:\/\/www.naoevo.com\/#organization","name":"NAOEVO Auto Lighting","url":"https:\/\/www.naoevo.com\/","logo":{"@type":"ImageObject","inLanguage":"es","@id":"https:\/\/www.naoevo.com\/#\/schema\/logo\/image\/","url":"https:\/\/www.naoevo.com\/wp-content\/uploads\/2023\/03\/cropped-NAOEVO-LOGO-2023.png","contentUrl":"https:\/\/www.naoevo.com\/wp-content\/uploads\/2023\/03\/cropped-NAOEVO-LOGO-2023.png","width":1168,"height":151,"caption":"NAOEVO Auto Lighting"},"image":{"@id":"https:\/\/www.naoevo.com\/#\/schema\/logo\/image\/"},"sameAs":["https:\/\/www.facebook.com\/naoevolighting","https:\/\/www.instagram.com\/naoevolightings\/"]}]}},"_links":{"self":[{"href":"https:\/\/www.naoevo.com\/es\/wp-json\/wp\/v2\/product\/4637","targetHints":{"allow":["GET"]}}],"collection":[{"href":"https:\/\/www.naoevo.com\/es\/wp-json\/wp\/v2\/product"}],"about":[{"href":"https:\/\/www.naoevo.com\/es\/wp-json\/wp\/v2\/types\/product"}],"version-history":[{"count":17,"href":"https:\/\/www.naoevo.com\/es\/wp-json\/wp\/v2\/product\/4637\/revisions"}],"predecessor-version":[{"id":17650,"href":"https:\/\/www.naoevo.com\/es\/wp-json\/wp\/v2\/product\/4637\/revisions\/17650"}],"wp:featuredmedia":[{"embeddable":true,"href":"https:\/\/www.naoevo.com\/es\/wp-json\/wp\/v2\/media\/4703"}],"wp:attachment":[{"href":"https:\/\/www.naoevo.com\/es\/wp-json\/wp\/v2\/media?parent=4637"}],"wp:term":[{"taxonomy":"product_brand","embeddable":true,"href":"https:\/\/www.naoevo.com\/es\/wp-json\/wp\/v2\/product_brand?post=4637"},{"taxonomy":"product_cat","embeddable":true,"href":"https:\/\/www.naoevo.com\/es\/wp-json\/wp\/v2\/product_cat?post=4637"},{"taxonomy":"product_tag","embeddable":true,"href":"https:\/\/www.naoevo.com\/es\/wp-json\/wp\/v2\/product_tag?post=4637"}],"curies":[{"name":"wp","href":"https:\/\/api.w.org\/{rel}","templated":true}]}}