{"id":4625,"date":"2023-03-28T07:06:27","date_gmt":"2023-03-28T07:06:27","guid":{"rendered":"https:\/\/www.naoevo.com\/?post_type=product&#038;p=4625"},"modified":"2025-06-06T14:25:50","modified_gmt":"2025-06-06T06:25:50","slug":"t20-t15-1156-car-led-exterior-lights-naoevo-nz33-series","status":"publish","type":"product","link":"https:\/\/www.naoevo.com\/es\/product\/t20-t15-1156-car-led-exterior-lights-naoevo-nz33-series\/","title":{"rendered":"T20 T15 1156 Luces LED exteriores para coche - Serie NAOEVO NZ33"},"content":{"rendered":"<div data-elementor-type=\"product-post\" data-elementor-id=\"4625\" class=\"elementor elementor-4625\" data-elementor-post-type=\"product\">\n\t\t\t\t<div class=\"elementor-element elementor-element-8bbfbcd e-flex e-con-boxed e-con e-parent\" data-id=\"8bbfbcd\" data-element_type=\"container\" data-settings=\"{&quot;jet_parallax_layout_list&quot;:[]}\">\n\t\t\t\t\t<div class=\"e-con-inner\">\n\t\t\t\t<div class=\"elementor-element elementor-element-45962cd e-n-tabs-none elementor-widget elementor-widget-n-tabs\" data-id=\"45962cd\" data-element_type=\"widget\" data-settings=\"{&quot;tabs_justify_horizontal&quot;:&quot;start&quot;,&quot;horizontal_scroll&quot;:&quot;enable&quot;}\" data-widget_type=\"nested-tabs.default\">\n\t\t\t\t\t\t\t<div class=\"e-n-tabs\" data-widget-number=\"72966861\" aria-label=\"Pesta\u00f1as. Abre elementos con Intro o Espacio, ci\u00e9rralos con Escape y navega con las Flechas.\">\n\t\t\t<div class=\"e-n-tabs-heading\" role=\"tablist\">\n\t\t\t\t\t<button id=\"e-n-tab-title-729668611\" class=\"e-n-tab-title\" aria-selected=\"true\" data-tab-index=\"1\" role=\"tab\" tabindex=\"0\" aria-controls=\"e-n-tab-content-729668611\" style=\"--n-tabs-title-order: 1;\">\n\t\t\t\t\t\t<span class=\"e-n-tab-title-text\">\n\t\t\t\tCARACTER\u00cdSTICAS\t\t\t<\/span>\n\t\t<\/button>\n\t\t\t\t<button id=\"e-n-tab-title-729668612\" class=\"e-n-tab-title\" aria-selected=\"false\" data-tab-index=\"2\" role=\"tab\" tabindex=\"-1\" aria-controls=\"e-n-tab-content-729668612\" style=\"--n-tabs-title-order: 2;\">\n\t\t\t\t\t\t<span class=\"e-n-tab-title-text\">\n\t\t\t\tESPECIFICACIONES\t\t\t<\/span>\n\t\t<\/button>\n\t\t\t\t\t<\/div>\n\t\t\t<div class=\"e-n-tabs-content\">\n\t\t\t\t<div id=\"e-n-tab-content-729668611\" role=\"tabpanel\" aria-labelledby=\"e-n-tab-title-729668611\" data-tab-index=\"1\" style=\"--n-tabs-title-order: 1;\" class=\"e-active elementor-element elementor-element-4096bf1 e-con-full e-flex e-con e-child\" data-id=\"4096bf1\" data-element_type=\"container\" data-settings=\"{&quot;jet_parallax_layout_list&quot;:[]}\">\n\t\t<div class=\"elementor-element elementor-element-97b9032 e-con-full e-grid e-con e-child\" data-id=\"97b9032\" data-element_type=\"container\" data-settings=\"{&quot;jet_parallax_layout_list&quot;:[]}\">\n\t\t<div class=\"elementor-element elementor-element-57fe4f0 e-con-full e-flex e-con e-child\" data-id=\"57fe4f0\" data-element_type=\"container\" data-settings=\"{&quot;jet_parallax_layout_list&quot;:[]}\">\n\t\t\t\t<div class=\"elementor-element elementor-element-11846ba elementor-position-left elementor-position-top elementor-vertical-align-top elementor-widget elementor-widget-image-box\" data-id=\"11846ba\" data-element_type=\"widget\" data-widget_type=\"image-box.default\">\n\t\t\t\t\t<div class=\"elementor-image-box-wrapper\"><figure class=\"elementor-image-box-img\"><img fetchpriority=\"high\" decoding=\"async\" width=\"468\" height=\"468\" src=\"https:\/\/www.naoevo.com\/wp-content\/uploads\/2025\/05\/Quality-Beam-Pattern.jpg\" class=\"attachment-full size-full wp-image-16784\" alt=\"\" srcset=\"https:\/\/www.naoevo.com\/wp-content\/uploads\/2025\/05\/Quality-Beam-Pattern.jpg 468w, https:\/\/www.naoevo.com\/wp-content\/uploads\/2025\/05\/Quality-Beam-Pattern-300x300.jpg 300w, https:\/\/www.naoevo.com\/wp-content\/uploads\/2025\/05\/Quality-Beam-Pattern-150x150.jpg 150w, https:\/\/www.naoevo.com\/wp-content\/uploads\/2025\/05\/Quality-Beam-Pattern-100x100.jpg 100w, https:\/\/www.naoevo.com\/wp-content\/uploads\/2025\/05\/Quality-Beam-Pattern-64x64.jpg 64w\" sizes=\"(max-width: 468px) 100vw, 468px\" \/><\/figure><div class=\"elementor-image-box-content\"><h3 class=\"elementor-image-box-title\">Funda protectora con lente<\/h3><p class=\"elementor-image-box-description\">Con lente HD, la bombilla hace que la luz sea m\u00e1s focalizada y el alcance del haz m\u00e1s amplio. Asegura que no hay zona de sombra, mejor notado.<\/p><\/div><\/div>\t\t\t\t<\/div>\n\t\t\t\t<\/div>\n\t\t<div class=\"elementor-element elementor-element-c446f30 e-con-full e-flex e-con e-child\" data-id=\"c446f30\" data-element_type=\"container\" data-settings=\"{&quot;jet_parallax_layout_list&quot;:[]}\">\n\t\t\t\t<div class=\"elementor-element elementor-element-bbb242d elementor-position-left elementor-position-top elementor-vertical-align-top elementor-widget elementor-widget-image-box\" data-id=\"bbb242d\" data-element_type=\"widget\" data-widget_type=\"image-box.default\">\n\t\t\t\t\t<div class=\"elementor-image-box-wrapper\"><figure class=\"elementor-image-box-img\"><img decoding=\"async\" width=\"468\" height=\"468\" src=\"https:\/\/www.naoevo.com\/wp-content\/uploads\/2025\/05\/Superior-High-Brightness.jpg\" class=\"attachment-full size-full wp-image-16787\" alt=\"\" srcset=\"https:\/\/www.naoevo.com\/wp-content\/uploads\/2025\/05\/Superior-High-Brightness.jpg 468w, https:\/\/www.naoevo.com\/wp-content\/uploads\/2025\/05\/Superior-High-Brightness-300x300.jpg 300w, https:\/\/www.naoevo.com\/wp-content\/uploads\/2025\/05\/Superior-High-Brightness-150x150.jpg 150w, https:\/\/www.naoevo.com\/wp-content\/uploads\/2025\/05\/Superior-High-Brightness-100x100.jpg 100w, https:\/\/www.naoevo.com\/wp-content\/uploads\/2025\/05\/Superior-High-Brightness-64x64.jpg 64w\" sizes=\"(max-width: 468px) 100vw, 468px\" \/><\/figure><div class=\"elementor-image-box-content\"><h3 class=\"elementor-image-box-title\">Aumento del brillo en 300%<\/h3><p class=\"elementor-image-box-description\">Cada bombilla tiene 33 Pcs chip LED de alta calidad, 2000 l\u00famenes que es 300% m\u00e1s brillante que la bombilla hal\u00f3gena original, su intermitente se notar\u00e1 inmediatamente.<\/p><\/div><\/div>\t\t\t\t<\/div>\n\t\t\t\t<\/div>\n\t\t<div class=\"elementor-element elementor-element-c864c16 e-con-full e-flex e-con e-child\" data-id=\"c864c16\" data-element_type=\"container\" data-settings=\"{&quot;jet_parallax_layout_list&quot;:[]}\">\n\t\t\t\t<div class=\"elementor-element elementor-element-e4eb872 elementor-position-left elementor-position-top elementor-vertical-align-top elementor-widget elementor-widget-image-box\" data-id=\"e4eb872\" data-element_type=\"widget\" data-widget_type=\"image-box.default\">\n\t\t\t\t\t<div class=\"elementor-image-box-wrapper\"><figure class=\"elementor-image-box-img\"><img decoding=\"async\" width=\"150\" height=\"150\" src=\"https:\/\/www.naoevo.com\/wp-content\/uploads\/2023\/04\/30000-HOURS.png\" class=\"attachment-full size-full wp-image-17547\" alt=\"\" srcset=\"https:\/\/www.naoevo.com\/wp-content\/uploads\/2023\/04\/30000-HOURS.png 150w, https:\/\/www.naoevo.com\/wp-content\/uploads\/2023\/04\/30000-HOURS-100x100.png 100w, https:\/\/www.naoevo.com\/wp-content\/uploads\/2023\/04\/30000-HOURS-64x64.png 64w\" sizes=\"(max-width: 150px) 100vw, 150px\" \/><\/figure><div class=\"elementor-image-box-content\"><h3 class=\"elementor-image-box-title\">Larga vida \u00fatil<\/h3><p class=\"elementor-image-box-description\">Controlador IC inteligente incorporado para un control de corriente estable y una vida \u00fatil m\u00e1s larga; El disipador de calor de aluminio para la mejor disipaci\u00f3n del calor.<\/p><\/div><\/div>\t\t\t\t<\/div>\n\t\t\t\t<\/div>\n\t\t<div class=\"elementor-element elementor-element-46b1d50 e-con-full e-flex e-con e-child\" data-id=\"46b1d50\" data-element_type=\"container\" data-settings=\"{&quot;jet_parallax_layout_list&quot;:[]}\">\n\t\t\t\t<div class=\"elementor-element elementor-element-cd00d01 elementor-position-left elementor-position-top elementor-vertical-align-top elementor-widget elementor-widget-image-box\" data-id=\"cd00d01\" data-element_type=\"widget\" data-widget_type=\"image-box.default\">\n\t\t\t\t\t<div class=\"elementor-image-box-wrapper\"><figure class=\"elementor-image-box-img\"><img loading=\"lazy\" decoding=\"async\" width=\"150\" height=\"150\" src=\"https:\/\/www.naoevo.com\/wp-content\/uploads\/2025\/05\/1-1-design.png\" class=\"attachment-full size-full wp-image-16797\" alt=\"\" srcset=\"https:\/\/www.naoevo.com\/wp-content\/uploads\/2025\/05\/1-1-design.png 150w, https:\/\/www.naoevo.com\/wp-content\/uploads\/2025\/05\/1-1-design-100x100.png 100w, https:\/\/www.naoevo.com\/wp-content\/uploads\/2025\/05\/1-1-design-64x64.png 64w\" sizes=\"(max-width: 150px) 100vw, 150px\" \/><\/figure><div class=\"elementor-image-box-content\"><h3 class=\"elementor-image-box-title\">Dise\u00f1o hal\u00f3geno 1:1<\/h3><p class=\"elementor-image-box-description\">1:1 mini tama\u00f1o como hal\u00f3geno que hace la instalaci\u00f3n no un problema, pueden fijar a una amplia gama de coche como luces de cola\/reverso\/se\u00f1al.<\/p><\/div><\/div>\t\t\t\t<\/div>\n\t\t\t\t<\/div>\n\t\t\t\t<\/div>\n\t\t\t\t<\/div>\n\t\t<div id=\"e-n-tab-content-729668612\" role=\"tabpanel\" aria-labelledby=\"e-n-tab-title-729668612\" data-tab-index=\"2\" style=\"--n-tabs-title-order: 2;\" class=\"elementor-element elementor-element-ab799d0 e-con-full e-flex e-con e-child\" data-id=\"ab799d0\" data-element_type=\"container\" data-settings=\"{&quot;jet_parallax_layout_list&quot;:[]}\">\n\t\t\t\t<div class=\"elementor-element elementor-element-0ec68e8 elementor-widget elementor-widget-text-editor\" data-id=\"0ec68e8\" data-element_type=\"widget\" data-widget_type=\"text-editor.default\">\n\t\t\t\t\t\t\t\t\t<ul><li>Producto: NZ33<\/li><li>Potencia: 6 W\/Bombilla<\/li><li>L\u00famenes: 2000LM\/Bombilla<\/li><li>Chip LED: Chip 2835<\/li><li>Voltaje de trabajo: DC9-16V<\/li><li>Corriente de trabajo: 0,35 A<\/li><li>Color: blanco\/\u00e1mbar\/rojo<\/li><li>Garant\u00eda: 1,5 a\u00f1os<\/li><li>Uso: Luces de freno, luces de marcha atr\u00e1s, intermitentes, etc.<\/li><\/ul><p>\u00a0<\/p><h3>Paquete incluido<\/h3><ul><li>2 x NAOEVO Bombilla de se\u00f1alizaci\u00f3n LED<\/li><\/ul><h3>Talla<\/h3><ul><li>1156, P21W, BA15S<\/li><li>1156, PY21W, BAU15S<\/li><li>1157, P21\/5W, BAY15D, P21 5W<\/li><li>T15, W16W, 921, 912<\/li><li>T20, 7443, W21\/5W, W21 5W<\/li><li>T20, 7440, W21W<\/li><li>T25, 3156, P27W<\/li><li>T25, 3157, P27\/7W<\/li><\/ul>\t\t\t\t\t\t\t\t<\/div>\n\t\t\t\t<\/div>\n\t\t\t\t\t<\/div>\n\t\t<\/div>\n\t\t\t\t\t\t<\/div>\n\t\t\t\t\t<\/div>\n\t\t\t\t<\/div>\n\t\t\t\t<\/div>","protected":false},"excerpt":{"rendered":"<p>Con una lente HD para un haz enfocado y de largo alcance sin sombras, las bombillas de se\u00f1alizaci\u00f3n LED de la serie NAOEVO NZ33 utilizan 33 LED de alta calidad para una luminosidad de 2000LM-300% m\u00e1s brillante que las hal\u00f3genas. El controlador IC inteligente incorporado y el disipador de calor de aluminio garantizan un rendimiento estable y una larga vida \u00fatil. Con un tama\u00f1o compacto, similar a las hal\u00f3genas, son f\u00e1ciles de instalar como luces traseras, de marcha atr\u00e1s o de se\u00f1alizaci\u00f3n en la mayor\u00eda de los coches.<\/p>","protected":false},"featured_media":4704,"template":"","meta":{"site-sidebar-layout":"default","site-content-layout":"default","ast-site-content-layout":"default","site-content-style":"default","site-sidebar-style":"default","ast-global-header-display":"","ast-banner-title-visibility":"","ast-main-header-display":"","ast-hfb-above-header-display":"","ast-hfb-below-header-display":"","ast-hfb-mobile-header-display":"","site-post-title":"","ast-breadcrumbs-content":"","ast-featured-img":"","footer-sml-layout":"","theme-transparent-header-meta":"default","adv-header-id-meta":"","stick-header-meta":"","header-above-stick-meta":"","header-main-stick-meta":"","header-below-stick-meta":"","astra-migrate-meta-layouts":"set","ast-page-background-enabled":"default","ast-page-background-meta":{"desktop":{"background-color":"var(--ast-global-color-4)","background-image":"","background-repeat":"repeat","background-position":"center center","background-size":"auto","background-attachment":"scroll","background-type":"","background-media":"","overlay-type":"","overlay-color":"","overlay-opacity":"","overlay-gradient":""},"tablet":{"background-color":"","background-image":"","background-repeat":"repeat","background-position":"center center","background-size":"auto","background-attachment":"scroll","background-type":"","background-media":"","overlay-type":"","overlay-color":"","overlay-opacity":"","overlay-gradient":""},"mobile":{"background-color":"","background-image":"","background-repeat":"repeat","background-position":"center center","background-size":"auto","background-attachment":"scroll","background-type":"","background-media":"","overlay-type":"","overlay-color":"","overlay-opacity":"","overlay-gradient":""}},"ast-content-background-meta":{"desktop":{"background-color":"var(--ast-global-color-5)","background-image":"","background-repeat":"repeat","background-position":"center center","background-size":"auto","background-attachment":"scroll","background-type":"","background-media":"","overlay-type":"","overlay-color":"","overlay-opacity":"","overlay-gradient":""},"tablet":{"background-color":"var(--ast-global-color-5)","background-image":"","background-repeat":"repeat","background-position":"center center","background-size":"auto","background-attachment":"scroll","background-type":"","background-media":"","overlay-type":"","overlay-color":"","overlay-opacity":"","overlay-gradient":""},"mobile":{"background-color":"var(--ast-global-color-5)","background-image":"","background-repeat":"repeat","background-position":"center center","background-size":"auto","background-attachment":"scroll","background-type":"","background-media":"","overlay-type":"","overlay-color":"","overlay-opacity":"","overlay-gradient":""}}},"product_brand":[],"product_cat":[190,104],"product_tag":[],"class_list":{"0":"post-4625","1":"product","2":"type-product","3":"status-publish","4":"has-post-thumbnail","6":"product_cat-china-led-headlight-bulbs-supplier","7":"product_cat-exterior-interior-lights","8":"pa_model-t15-w16w-921-912","9":"pa_model-t25-3157-p27-7w","10":"pa_model-t20-7440-7443","11":"pa_model-t25-3156-p27w","12":"pa_model-1156-py21w-bau15s","13":"pa_model-1157-p21-5w-bay15d","14":"pa_model-p21w-ba15s-1156","15":"desktop-align-left","16":"tablet-align-left","17":"mobile-align-left","19":"first","20":"instock","21":"sold-individually","22":"shipping-taxable","23":"purchasable","24":"product-type-variable"},"yoast_head":"<!-- This site is optimized with the Yoast SEO plugin v24.7 - https:\/\/yoast.com\/wordpress\/plugins\/seo\/ -->\n<title>T20 T15 1156 Car LED Exterior Lights - NAOEVO NZ33 Series - NAOEVO<\/title>\n<meta name=\"robots\" content=\"index, follow, max-snippet:-1, max-image-preview:large, max-video-preview:-1\" \/>\n<link rel=\"canonical\" href=\"https:\/\/www.naoevo.com\/es\/product\/t20-t15-1156-car-led-exterior-lights-naoevo-nz33-series\/\" \/>\n<meta property=\"og:locale\" content=\"es_ES\" \/>\n<meta property=\"og:type\" content=\"article\" \/>\n<meta property=\"og:title\" content=\"T20 T15 1156 Car LED Exterior Lights - NAOEVO NZ33 Series - NAOEVO\" \/>\n<meta property=\"og:description\" content=\"Featuring an HD lens for a focused, far-reaching beam with no shadow, NAOEVO NZ33 Series LED signal bulbs use 33 high-quality LEDs for 2000LM brightness\u2014300% brighter than halogen. The built-in smart IC driver and aluminum heat sink ensure stable performance and a long lifespan. With a compact, halogen-like size, they\u2019re easy to install as tail, reverse, or signal lights on most cars.\" \/>\n<meta property=\"og:url\" content=\"https:\/\/www.naoevo.com\/es\/product\/t20-t15-1156-car-led-exterior-lights-naoevo-nz33-series\/\" \/>\n<meta property=\"og:site_name\" content=\"NAOEVO\" \/>\n<meta property=\"article:publisher\" content=\"https:\/\/www.facebook.com\/naoevolighting\" \/>\n<meta property=\"article:modified_time\" content=\"2025-06-06T06:25:50+00:00\" \/>\n<meta property=\"og:image\" content=\"https:\/\/www.naoevo.com\/wp-content\/uploads\/2023\/03\/NAOEVO-NZ33-1.webp\" \/>\n\t<meta property=\"og:image:width\" content=\"1001\" \/>\n\t<meta property=\"og:image:height\" content=\"1001\" \/>\n\t<meta property=\"og:image:type\" content=\"image\/webp\" \/>\n<meta name=\"twitter:card\" content=\"summary_large_image\" \/>\n<script type=\"application\/ld+json\" class=\"yoast-schema-graph\">{\"@context\":\"https:\/\/schema.org\",\"@graph\":[{\"@type\":\"WebPage\",\"@id\":\"https:\/\/www.naoevo.com\/product\/t20-t15-1156-car-led-exterior-lights-naoevo-nz33-series\/\",\"url\":\"https:\/\/www.naoevo.com\/product\/t20-t15-1156-car-led-exterior-lights-naoevo-nz33-series\/\",\"name\":\"T20 T15 1156 Car LED Exterior Lights - NAOEVO NZ33 Series - NAOEVO\",\"isPartOf\":{\"@id\":\"https:\/\/www.naoevo.com\/#website\"},\"primaryImageOfPage\":{\"@id\":\"https:\/\/www.naoevo.com\/product\/t20-t15-1156-car-led-exterior-lights-naoevo-nz33-series\/#primaryimage\"},\"image\":{\"@id\":\"https:\/\/www.naoevo.com\/product\/t20-t15-1156-car-led-exterior-lights-naoevo-nz33-series\/#primaryimage\"},\"thumbnailUrl\":\"https:\/\/www.naoevo.com\/wp-content\/uploads\/2023\/03\/NAOEVO-NZ33-1.webp\",\"datePublished\":\"2023-03-28T07:06:27+00:00\",\"dateModified\":\"2025-06-06T06:25:50+00:00\",\"breadcrumb\":{\"@id\":\"https:\/\/www.naoevo.com\/product\/t20-t15-1156-car-led-exterior-lights-naoevo-nz33-series\/#breadcrumb\"},\"inLanguage\":\"es\",\"potentialAction\":[{\"@type\":\"ReadAction\",\"target\":[\"https:\/\/www.naoevo.com\/product\/t20-t15-1156-car-led-exterior-lights-naoevo-nz33-series\/\"]}]},{\"@type\":\"ImageObject\",\"inLanguage\":\"es\",\"@id\":\"https:\/\/www.naoevo.com\/product\/t20-t15-1156-car-led-exterior-lights-naoevo-nz33-series\/#primaryimage\",\"url\":\"https:\/\/www.naoevo.com\/wp-content\/uploads\/2023\/03\/NAOEVO-NZ33-1.webp\",\"contentUrl\":\"https:\/\/www.naoevo.com\/wp-content\/uploads\/2023\/03\/NAOEVO-NZ33-1.webp\",\"width\":1001,\"height\":1001,\"caption\":\"T20 T15 1156 Car LED Exterior Lights - NAOEVO NZ33 Series\"},{\"@type\":\"BreadcrumbList\",\"@id\":\"https:\/\/www.naoevo.com\/product\/t20-t15-1156-car-led-exterior-lights-naoevo-nz33-series\/#breadcrumb\",\"itemListElement\":[{\"@type\":\"ListItem\",\"position\":1,\"name\":\"Home\",\"item\":\"https:\/\/www.naoevo.com\/\"},{\"@type\":\"ListItem\",\"position\":2,\"name\":\"Products\",\"item\":\"https:\/\/www.naoevo.com\/shop__trashed\/\"},{\"@type\":\"ListItem\",\"position\":3,\"name\":\"LED Car Exterior &amp; Interior Lights\",\"item\":\"https:\/\/www.naoevo.com\/product-category\/exterior-interior-lights\/\"},{\"@type\":\"ListItem\",\"position\":4,\"name\":\"T20 T15 1156 Car LED Exterior Lights &#8211; NAOEVO NZ33 Series\"}]},{\"@type\":\"WebSite\",\"@id\":\"https:\/\/www.naoevo.com\/#website\",\"url\":\"https:\/\/www.naoevo.com\/\",\"name\":\"NAOEVO Auto Lighting\",\"description\":\"THE BEST AUTOMOTIVE LIGHTING MANUFACTURER\",\"publisher\":{\"@id\":\"https:\/\/www.naoevo.com\/#organization\"},\"potentialAction\":[{\"@type\":\"SearchAction\",\"target\":{\"@type\":\"EntryPoint\",\"urlTemplate\":\"https:\/\/www.naoevo.com\/?s={search_term_string}\"},\"query-input\":{\"@type\":\"PropertyValueSpecification\",\"valueRequired\":true,\"valueName\":\"search_term_string\"}}],\"inLanguage\":\"es\"},{\"@type\":\"Organization\",\"@id\":\"https:\/\/www.naoevo.com\/#organization\",\"name\":\"NAOEVO Auto Lighting\",\"url\":\"https:\/\/www.naoevo.com\/\",\"logo\":{\"@type\":\"ImageObject\",\"inLanguage\":\"es\",\"@id\":\"https:\/\/www.naoevo.com\/#\/schema\/logo\/image\/\",\"url\":\"https:\/\/www.naoevo.com\/wp-content\/uploads\/2023\/03\/cropped-NAOEVO-LOGO-2023.png\",\"contentUrl\":\"https:\/\/www.naoevo.com\/wp-content\/uploads\/2023\/03\/cropped-NAOEVO-LOGO-2023.png\",\"width\":1168,\"height\":151,\"caption\":\"NAOEVO Auto Lighting\"},\"image\":{\"@id\":\"https:\/\/www.naoevo.com\/#\/schema\/logo\/image\/\"},\"sameAs\":[\"https:\/\/www.facebook.com\/naoevolighting\",\"https:\/\/www.instagram.com\/naoevolightings\/\"]}]}<\/script>\n<!-- \/ Yoast SEO plugin. -->","yoast_head_json":{"title":"T20 T15 1156 Car LED Exterior Lights - NAOEVO NZ33 Series - NAOEVO","robots":{"index":"index","follow":"follow","max-snippet":"max-snippet:-1","max-image-preview":"max-image-preview:large","max-video-preview":"max-video-preview:-1"},"canonical":"https:\/\/www.naoevo.com\/es\/product\/t20-t15-1156-car-led-exterior-lights-naoevo-nz33-series\/","og_locale":"es_ES","og_type":"article","og_title":"T20 T15 1156 Car LED Exterior Lights - NAOEVO NZ33 Series - NAOEVO","og_description":"Featuring an HD lens for a focused, far-reaching beam with no shadow, NAOEVO NZ33 Series LED signal bulbs use 33 high-quality LEDs for 2000LM brightness\u2014300% brighter than halogen. The built-in smart IC driver and aluminum heat sink ensure stable performance and a long lifespan. With a compact, halogen-like size, they\u2019re easy to install as tail, reverse, or signal lights on most cars.","og_url":"https:\/\/www.naoevo.com\/es\/product\/t20-t15-1156-car-led-exterior-lights-naoevo-nz33-series\/","og_site_name":"NAOEVO","article_publisher":"https:\/\/www.facebook.com\/naoevolighting","article_modified_time":"2025-06-06T06:25:50+00:00","og_image":[{"width":1001,"height":1001,"url":"https:\/\/www.naoevo.com\/wp-content\/uploads\/2023\/03\/NAOEVO-NZ33-1.webp","type":"image\/webp"}],"twitter_card":"summary_large_image","schema":{"@context":"https:\/\/schema.org","@graph":[{"@type":"WebPage","@id":"https:\/\/www.naoevo.com\/product\/t20-t15-1156-car-led-exterior-lights-naoevo-nz33-series\/","url":"https:\/\/www.naoevo.com\/product\/t20-t15-1156-car-led-exterior-lights-naoevo-nz33-series\/","name":"T20 T15 1156 Car LED Exterior Lights - NAOEVO NZ33 Series - NAOEVO","isPartOf":{"@id":"https:\/\/www.naoevo.com\/#website"},"primaryImageOfPage":{"@id":"https:\/\/www.naoevo.com\/product\/t20-t15-1156-car-led-exterior-lights-naoevo-nz33-series\/#primaryimage"},"image":{"@id":"https:\/\/www.naoevo.com\/product\/t20-t15-1156-car-led-exterior-lights-naoevo-nz33-series\/#primaryimage"},"thumbnailUrl":"https:\/\/www.naoevo.com\/wp-content\/uploads\/2023\/03\/NAOEVO-NZ33-1.webp","datePublished":"2023-03-28T07:06:27+00:00","dateModified":"2025-06-06T06:25:50+00:00","breadcrumb":{"@id":"https:\/\/www.naoevo.com\/product\/t20-t15-1156-car-led-exterior-lights-naoevo-nz33-series\/#breadcrumb"},"inLanguage":"es","potentialAction":[{"@type":"ReadAction","target":["https:\/\/www.naoevo.com\/product\/t20-t15-1156-car-led-exterior-lights-naoevo-nz33-series\/"]}]},{"@type":"ImageObject","inLanguage":"es","@id":"https:\/\/www.naoevo.com\/product\/t20-t15-1156-car-led-exterior-lights-naoevo-nz33-series\/#primaryimage","url":"https:\/\/www.naoevo.com\/wp-content\/uploads\/2023\/03\/NAOEVO-NZ33-1.webp","contentUrl":"https:\/\/www.naoevo.com\/wp-content\/uploads\/2023\/03\/NAOEVO-NZ33-1.webp","width":1001,"height":1001,"caption":"T20 T15 1156 Car LED Exterior Lights - NAOEVO NZ33 Series"},{"@type":"BreadcrumbList","@id":"https:\/\/www.naoevo.com\/product\/t20-t15-1156-car-led-exterior-lights-naoevo-nz33-series\/#breadcrumb","itemListElement":[{"@type":"ListItem","position":1,"name":"Home","item":"https:\/\/www.naoevo.com\/"},{"@type":"ListItem","position":2,"name":"Products","item":"https:\/\/www.naoevo.com\/shop__trashed\/"},{"@type":"ListItem","position":3,"name":"LED Car Exterior &amp; Interior Lights","item":"https:\/\/www.naoevo.com\/product-category\/exterior-interior-lights\/"},{"@type":"ListItem","position":4,"name":"T20 T15 1156 Car LED Exterior Lights &#8211; NAOEVO NZ33 Series"}]},{"@type":"WebSite","@id":"https:\/\/www.naoevo.com\/#website","url":"https:\/\/www.naoevo.com\/","name":"NAOEVO Auto Lighting","description":"THE BEST AUTOMOTIVE LIGHTING MANUFACTURER","publisher":{"@id":"https:\/\/www.naoevo.com\/#organization"},"potentialAction":[{"@type":"SearchAction","target":{"@type":"EntryPoint","urlTemplate":"https:\/\/www.naoevo.com\/?s={search_term_string}"},"query-input":{"@type":"PropertyValueSpecification","valueRequired":true,"valueName":"search_term_string"}}],"inLanguage":"es"},{"@type":"Organization","@id":"https:\/\/www.naoevo.com\/#organization","name":"NAOEVO Auto Lighting","url":"https:\/\/www.naoevo.com\/","logo":{"@type":"ImageObject","inLanguage":"es","@id":"https:\/\/www.naoevo.com\/#\/schema\/logo\/image\/","url":"https:\/\/www.naoevo.com\/wp-content\/uploads\/2023\/03\/cropped-NAOEVO-LOGO-2023.png","contentUrl":"https:\/\/www.naoevo.com\/wp-content\/uploads\/2023\/03\/cropped-NAOEVO-LOGO-2023.png","width":1168,"height":151,"caption":"NAOEVO Auto Lighting"},"image":{"@id":"https:\/\/www.naoevo.com\/#\/schema\/logo\/image\/"},"sameAs":["https:\/\/www.facebook.com\/naoevolighting","https:\/\/www.instagram.com\/naoevolightings\/"]}]}},"_links":{"self":[{"href":"https:\/\/www.naoevo.com\/es\/wp-json\/wp\/v2\/product\/4625","targetHints":{"allow":["GET"]}}],"collection":[{"href":"https:\/\/www.naoevo.com\/es\/wp-json\/wp\/v2\/product"}],"about":[{"href":"https:\/\/www.naoevo.com\/es\/wp-json\/wp\/v2\/types\/product"}],"version-history":[{"count":7,"href":"https:\/\/www.naoevo.com\/es\/wp-json\/wp\/v2\/product\/4625\/revisions"}],"predecessor-version":[{"id":17665,"href":"https:\/\/www.naoevo.com\/es\/wp-json\/wp\/v2\/product\/4625\/revisions\/17665"}],"wp:featuredmedia":[{"embeddable":true,"href":"https:\/\/www.naoevo.com\/es\/wp-json\/wp\/v2\/media\/4704"}],"wp:attachment":[{"href":"https:\/\/www.naoevo.com\/es\/wp-json\/wp\/v2\/media?parent=4625"}],"wp:term":[{"taxonomy":"product_brand","embeddable":true,"href":"https:\/\/www.naoevo.com\/es\/wp-json\/wp\/v2\/product_brand?post=4625"},{"taxonomy":"product_cat","embeddable":true,"href":"https:\/\/www.naoevo.com\/es\/wp-json\/wp\/v2\/product_cat?post=4625"},{"taxonomy":"product_tag","embeddable":true,"href":"https:\/\/www.naoevo.com\/es\/wp-json\/wp\/v2\/product_tag?post=4625"}],"curies":[{"name":"wp","href":"https:\/\/api.w.org\/{rel}","templated":true}]}}