{"id":4591,"date":"2023-03-28T02:57:30","date_gmt":"2023-03-28T02:57:30","guid":{"rendered":"https:\/\/www.naoevo.com\/?post_type=product&#038;p=4591"},"modified":"2025-06-06T14:17:54","modified_gmt":"2025-06-06T06:17:54","slug":"t20-3156-3157-led-turn-signal-bulbs-canbus-naoevo-mu35d-series","status":"publish","type":"product","link":"https:\/\/www.naoevo.com\/es\/product\/t20-3156-3157-led-turn-signal-bulbs-canbus-naoevo-mu35d-series\/","title":{"rendered":"T20 3156 3157 LED intermitentes Bombillas CANBUS | NAOEVO MU35D Series"},"content":{"rendered":"<div data-elementor-type=\"product-post\" data-elementor-id=\"4591\" class=\"elementor elementor-4591\" data-elementor-post-type=\"product\">\n\t\t\t\t<div class=\"elementor-element elementor-element-3dba8fd e-flex e-con-boxed e-con e-parent\" data-id=\"3dba8fd\" data-element_type=\"container\" data-settings=\"{&quot;jet_parallax_layout_list&quot;:[]}\">\n\t\t\t\t\t<div class=\"e-con-inner\">\n\t\t\t\t<div class=\"elementor-element elementor-element-e6b5387 e-n-tabs-none elementor-widget elementor-widget-n-tabs\" data-id=\"e6b5387\" data-element_type=\"widget\" data-settings=\"{&quot;tabs_justify_horizontal&quot;:&quot;start&quot;,&quot;horizontal_scroll&quot;:&quot;enable&quot;}\" data-widget_type=\"nested-tabs.default\">\n\t\t\t\t\t\t\t<div class=\"e-n-tabs\" data-widget-number=\"241914759\" aria-label=\"Pesta\u00f1as. Abre elementos con Intro o Espacio, ci\u00e9rralos con Escape y navega con las Flechas.\">\n\t\t\t<div class=\"e-n-tabs-heading\" role=\"tablist\">\n\t\t\t\t\t<button id=\"e-n-tab-title-2419147591\" class=\"e-n-tab-title\" aria-selected=\"true\" data-tab-index=\"1\" role=\"tab\" tabindex=\"0\" aria-controls=\"e-n-tab-content-2419147591\" style=\"--n-tabs-title-order: 1;\">\n\t\t\t\t\t\t<span class=\"e-n-tab-title-text\">\n\t\t\t\tCARACTER\u00cdSTICAS\t\t\t<\/span>\n\t\t<\/button>\n\t\t\t\t<button id=\"e-n-tab-title-2419147592\" class=\"e-n-tab-title\" aria-selected=\"false\" data-tab-index=\"2\" role=\"tab\" tabindex=\"-1\" aria-controls=\"e-n-tab-content-2419147592\" style=\"--n-tabs-title-order: 2;\">\n\t\t\t\t\t\t<span class=\"e-n-tab-title-text\">\n\t\t\t\tESPECIFICACIONES\t\t\t<\/span>\n\t\t<\/button>\n\t\t\t\t\t<\/div>\n\t\t\t<div class=\"e-n-tabs-content\">\n\t\t\t\t<div id=\"e-n-tab-content-2419147591\" role=\"tabpanel\" aria-labelledby=\"e-n-tab-title-2419147591\" data-tab-index=\"1\" style=\"--n-tabs-title-order: 1;\" class=\"e-active elementor-element elementor-element-03376bb e-con-full e-flex e-con e-child\" data-id=\"03376bb\" data-element_type=\"container\" data-settings=\"{&quot;jet_parallax_layout_list&quot;:[]}\">\n\t\t<div class=\"elementor-element elementor-element-85aca2c e-con-full e-grid e-con e-child\" data-id=\"85aca2c\" data-element_type=\"container\" data-settings=\"{&quot;jet_parallax_layout_list&quot;:[]}\">\n\t\t<div class=\"elementor-element elementor-element-06600f8 e-con-full e-flex e-con e-child\" data-id=\"06600f8\" data-element_type=\"container\" data-settings=\"{&quot;jet_parallax_layout_list&quot;:[]}\">\n\t\t\t\t<div class=\"elementor-element elementor-element-8f146fe elementor-position-left elementor-position-top elementor-vertical-align-top elementor-widget elementor-widget-image-box\" data-id=\"8f146fe\" data-element_type=\"widget\" data-widget_type=\"image-box.default\">\n\t\t\t\t\t<div class=\"elementor-image-box-wrapper\"><figure class=\"elementor-image-box-img\"><img decoding=\"async\" width=\"150\" height=\"150\" src=\"https:\/\/www.naoevo.com\/wp-content\/uploads\/2025\/05\/1-1-design.png\" class=\"attachment-full size-full wp-image-16797\" alt=\"\" srcset=\"https:\/\/www.naoevo.com\/wp-content\/uploads\/2025\/05\/1-1-design.png 150w, https:\/\/www.naoevo.com\/wp-content\/uploads\/2025\/05\/1-1-design-100x100.png 100w, https:\/\/www.naoevo.com\/wp-content\/uploads\/2025\/05\/1-1-design-64x64.png 64w\" sizes=\"(max-width: 150px) 100vw, 150px\" \/><\/figure><div class=\"elementor-image-box-content\"><h3 class=\"elementor-image-box-title\">Dise\u00f1o hal\u00f3geno 1:1<\/h3><p class=\"elementor-image-box-description\">En comparaci\u00f3n con sus hom\u00f3logos, el tama\u00f1o de estas bombillas de se\u00f1al es m\u00e1s peque\u00f1o en tama\u00f1o y es adecuado para 99% de veh\u00edculos. Plug-n-play de instalaci\u00f3n con la no polaridad.<\/p><\/div><\/div>\t\t\t\t<\/div>\n\t\t\t\t<\/div>\n\t\t<div class=\"elementor-element elementor-element-0436ab0 e-con-full e-flex e-con e-child\" data-id=\"0436ab0\" data-element_type=\"container\" data-settings=\"{&quot;jet_parallax_layout_list&quot;:[]}\">\n\t\t\t\t<div class=\"elementor-element elementor-element-fd65fcf elementor-position-left elementor-position-top elementor-vertical-align-top elementor-widget elementor-widget-image-box\" data-id=\"fd65fcf\" data-element_type=\"widget\" data-widget_type=\"image-box.default\">\n\t\t\t\t\t<div class=\"elementor-image-box-wrapper\"><figure class=\"elementor-image-box-img\"><img fetchpriority=\"high\" decoding=\"async\" width=\"468\" height=\"468\" src=\"https:\/\/www.naoevo.com\/wp-content\/uploads\/2025\/05\/Canbus-Error-Free.jpg\" class=\"attachment-full size-full wp-image-16786\" alt=\"\" srcset=\"https:\/\/www.naoevo.com\/wp-content\/uploads\/2025\/05\/Canbus-Error-Free.jpg 468w, https:\/\/www.naoevo.com\/wp-content\/uploads\/2025\/05\/Canbus-Error-Free-300x300.jpg 300w, https:\/\/www.naoevo.com\/wp-content\/uploads\/2025\/05\/Canbus-Error-Free-150x150.jpg 150w, https:\/\/www.naoevo.com\/wp-content\/uploads\/2025\/05\/Canbus-Error-Free-100x100.jpg 100w, https:\/\/www.naoevo.com\/wp-content\/uploads\/2025\/05\/Canbus-Error-Free-64x64.jpg 64w\" sizes=\"(max-width: 468px) 100vw, 468px\" \/><\/figure><div class=\"elementor-image-box-content\"><h3 class=\"elementor-image-box-title\">Chip de alta intensidad<\/h3><p class=\"elementor-image-box-description\">El uso de 21 PCS 3030 chip, consumen s\u00f3lo 1\/4 de la potencia, pero 400% m\u00e1s brillante que las bombillas hal\u00f3genas tenue.\n\n <\/p><\/div><\/div>\t\t\t\t<\/div>\n\t\t\t\t<\/div>\n\t\t<div class=\"elementor-element elementor-element-ba40da8 e-con-full e-flex e-con e-child\" data-id=\"ba40da8\" data-element_type=\"container\" data-settings=\"{&quot;jet_parallax_layout_list&quot;:[]}\">\n\t\t\t\t<div class=\"elementor-element elementor-element-79a62a7 elementor-position-left elementor-position-top elementor-vertical-align-top elementor-widget elementor-widget-image-box\" data-id=\"79a62a7\" data-element_type=\"widget\" data-widget_type=\"image-box.default\">\n\t\t\t\t\t<div class=\"elementor-image-box-wrapper\"><figure class=\"elementor-image-box-img\"><img decoding=\"async\" width=\"150\" height=\"150\" src=\"https:\/\/www.naoevo.com\/wp-content\/uploads\/2025\/05\/50000-hrs-lifespan.png\" class=\"attachment-full size-full wp-image-16796\" alt=\"\" srcset=\"https:\/\/www.naoevo.com\/wp-content\/uploads\/2025\/05\/50000-hrs-lifespan.png 150w, https:\/\/www.naoevo.com\/wp-content\/uploads\/2025\/05\/50000-hrs-lifespan-100x100.png 100w, https:\/\/www.naoevo.com\/wp-content\/uploads\/2025\/05\/50000-hrs-lifespan-64x64.png 64w\" sizes=\"(max-width: 150px) 100vw, 150px\" \/><\/figure><div class=\"elementor-image-box-content\"><h3 class=\"elementor-image-box-title\">50.000 Vida \u00fatil<\/h3><p class=\"elementor-image-box-description\">Incorpora un controlador IC inteligente para mejorar el rendimiento de la corriente estable y la disipaci\u00f3n del calor para prolongar la vida \u00fatil.<\/p><\/div><\/div>\t\t\t\t<\/div>\n\t\t\t\t<\/div>\n\t\t<div class=\"elementor-element elementor-element-acd7790 e-con-full e-flex e-con e-child\" data-id=\"acd7790\" data-element_type=\"container\" data-settings=\"{&quot;jet_parallax_layout_list&quot;:[]}\">\n\t\t\t\t<div class=\"elementor-element elementor-element-8400d0a elementor-position-left elementor-position-top elementor-vertical-align-top elementor-widget elementor-widget-image-box\" data-id=\"8400d0a\" data-element_type=\"widget\" data-widget_type=\"image-box.default\">\n\t\t\t\t\t<div class=\"elementor-image-box-wrapper\"><figure class=\"elementor-image-box-img\"><img loading=\"lazy\" decoding=\"async\" width=\"468\" height=\"468\" src=\"https:\/\/www.naoevo.com\/wp-content\/uploads\/2025\/05\/Quality-Beam-Pattern.jpg\" class=\"attachment-full size-full wp-image-16784\" alt=\"\" srcset=\"https:\/\/www.naoevo.com\/wp-content\/uploads\/2025\/05\/Quality-Beam-Pattern.jpg 468w, https:\/\/www.naoevo.com\/wp-content\/uploads\/2025\/05\/Quality-Beam-Pattern-300x300.jpg 300w, https:\/\/www.naoevo.com\/wp-content\/uploads\/2025\/05\/Quality-Beam-Pattern-150x150.jpg 150w, https:\/\/www.naoevo.com\/wp-content\/uploads\/2025\/05\/Quality-Beam-Pattern-100x100.jpg 100w, https:\/\/www.naoevo.com\/wp-content\/uploads\/2025\/05\/Quality-Beam-Pattern-64x64.jpg 64w\" sizes=\"(max-width: 468px) 100vw, 468px\" \/><\/figure><div class=\"elementor-image-box-content\"><h3 class=\"elementor-image-box-title\">Lente de alto condensador<\/h3><p class=\"elementor-image-box-description\">En la parte superior de la bombilla se utiliza una lente de alto condensador para concentrar la luz dispersa, lo que hace que la luz sea m\u00e1s focalizada y potente.<\/p><\/div><\/div>\t\t\t\t<\/div>\n\t\t\t\t<\/div>\n\t\t\t\t<\/div>\n\t\t\t\t<\/div>\n\t\t<div id=\"e-n-tab-content-2419147592\" role=\"tabpanel\" aria-labelledby=\"e-n-tab-title-2419147592\" data-tab-index=\"2\" style=\"--n-tabs-title-order: 2;\" class=\"elementor-element elementor-element-d51c3eb e-con-full e-flex e-con e-child\" data-id=\"d51c3eb\" data-element_type=\"container\" data-settings=\"{&quot;jet_parallax_layout_list&quot;:[]}\">\n\t\t\t\t<div class=\"elementor-element elementor-element-5b750e0 elementor-widget elementor-widget-text-editor\" data-id=\"5b750e0\" data-element_type=\"widget\" data-widget_type=\"text-editor.default\">\n\t\t\t\t\t\t\t\t\t<p>Producto: NU35D<br \/>Potencia: 5,5 W\/Bombilla<br \/>L\u00famenes: 1300LM\/Bombilla<br \/>Chip LED: 3030 Chips<br \/>Voltaje de trabajo: DC9-16V<br \/>Corriente de trabajo: 0,4 A<br \/>Color: blanco\/\u00e1mbar\/rojo<br \/>Garant\u00eda: 1 a\u00f1o<br \/>Uso: Luces indicadoras, luces de freno, luces de marcha atr\u00e1s, luz intermitente, etc.<\/p><p>\u00a0<\/p><h3>Paquete incluido<\/h3><p>2 x NAOEVO Bombilla de se\u00f1alizaci\u00f3n LED<\/p><p>\u00a0<\/p><h3>Talla<\/h3><p>1156, P21W, BA15S<br \/>1156, PY21W, BAU15S<br \/>1157, P21\/5W, BAY15D, P21 5W<br \/>T15, W16W, 921, 912<br \/>T20, 7443, W21\/5W, W21 5W<br \/>T20, 7440, W21W<br \/>T25, 3156, P27W<br \/>T25, 3157, P27\/7W<\/p>\t\t\t\t\t\t\t\t<\/div>\n\t\t\t\t<\/div>\n\t\t\t\t\t<\/div>\n\t\t<\/div>\n\t\t\t\t\t\t<\/div>\n\t\t\t\t\t<\/div>\n\t\t\t\t<\/div>\n\t\t\t\t<\/div>","protected":false},"excerpt":{"rendered":"<p>Las bombillas LED de se\u00f1alizaci\u00f3n NAOEVO Serie MU35D se adaptan al tama\u00f1o de las hal\u00f3genas para una instalaci\u00f3n sencilla, plug-and-play y sin polaridad en 99% de veh\u00edculos. Con 21 chips 3030 de alta intensidad, proporcionan 400% m\u00e1s de luminosidad utilizando s\u00f3lo una cuarta parte de la potencia. El controlador IC inteligente garantiza un rendimiento estable y una larga vida \u00fatil, mientras que la lente de alto condensador enfoca y refuerza la luz para mejorar la visibilidad.<\/p>","protected":false},"featured_media":4695,"template":"","meta":{"site-sidebar-layout":"default","site-content-layout":"default","ast-site-content-layout":"default","site-content-style":"default","site-sidebar-style":"default","ast-global-header-display":"","ast-banner-title-visibility":"","ast-main-header-display":"","ast-hfb-above-header-display":"","ast-hfb-below-header-display":"","ast-hfb-mobile-header-display":"","site-post-title":"","ast-breadcrumbs-content":"","ast-featured-img":"","footer-sml-layout":"","theme-transparent-header-meta":"default","adv-header-id-meta":"","stick-header-meta":"","header-above-stick-meta":"","header-main-stick-meta":"","header-below-stick-meta":"","astra-migrate-meta-layouts":"set","ast-page-background-enabled":"default","ast-page-background-meta":{"desktop":{"background-color":"var(--ast-global-color-4)","background-image":"","background-repeat":"repeat","background-position":"center center","background-size":"auto","background-attachment":"scroll","background-type":"","background-media":"","overlay-type":"","overlay-color":"","overlay-opacity":"","overlay-gradient":""},"tablet":{"background-color":"","background-image":"","background-repeat":"repeat","background-position":"center center","background-size":"auto","background-attachment":"scroll","background-type":"","background-media":"","overlay-type":"","overlay-color":"","overlay-opacity":"","overlay-gradient":""},"mobile":{"background-color":"","background-image":"","background-repeat":"repeat","background-position":"center center","background-size":"auto","background-attachment":"scroll","background-type":"","background-media":"","overlay-type":"","overlay-color":"","overlay-opacity":"","overlay-gradient":""}},"ast-content-background-meta":{"desktop":{"background-color":"var(--ast-global-color-5)","background-image":"","background-repeat":"repeat","background-position":"center center","background-size":"auto","background-attachment":"scroll","background-type":"","background-media":"","overlay-type":"","overlay-color":"","overlay-opacity":"","overlay-gradient":""},"tablet":{"background-color":"var(--ast-global-color-5)","background-image":"","background-repeat":"repeat","background-position":"center center","background-size":"auto","background-attachment":"scroll","background-type":"","background-media":"","overlay-type":"","overlay-color":"","overlay-opacity":"","overlay-gradient":""},"mobile":{"background-color":"var(--ast-global-color-5)","background-image":"","background-repeat":"repeat","background-position":"center center","background-size":"auto","background-attachment":"scroll","background-type":"","background-media":"","overlay-type":"","overlay-color":"","overlay-opacity":"","overlay-gradient":""}}},"product_brand":[],"product_cat":[190,104],"product_tag":[],"class_list":{"0":"post-4591","1":"product","2":"type-product","3":"status-publish","4":"has-post-thumbnail","6":"product_cat-china-led-headlight-bulbs-supplier","7":"product_cat-exterior-interior-lights","8":"pa_model-t15-w16w-921-912","9":"pa_model-t25-3157-p27-7w","10":"pa_model-t20-7440-7443","11":"pa_model-t25-3156-p27w","12":"pa_model-1156-py21w-bau15s","13":"pa_model-1157-p21-5w-bay15d","14":"pa_model-p21w-ba15s-1156","15":"desktop-align-left","16":"tablet-align-left","17":"mobile-align-left","19":"first","20":"instock","21":"sold-individually","22":"shipping-taxable","23":"purchasable","24":"product-type-variable"},"yoast_head":"<!-- This site is optimized with the Yoast SEO plugin v24.7 - https:\/\/yoast.com\/wordpress\/plugins\/seo\/ -->\n<title>T20 3156 3157 LED Turn Signal Bulbs CANBUS | NAOEVO MU35D Series - NAOEVO<\/title>\n<meta name=\"robots\" content=\"index, follow, max-snippet:-1, max-image-preview:large, max-video-preview:-1\" \/>\n<link rel=\"canonical\" href=\"https:\/\/www.naoevo.com\/es\/product\/t20-3156-3157-led-turn-signal-bulbs-canbus-naoevo-mu35d-series\/\" \/>\n<meta property=\"og:locale\" content=\"es_ES\" \/>\n<meta property=\"og:type\" content=\"article\" \/>\n<meta property=\"og:title\" content=\"T20 3156 3157 LED Turn Signal Bulbs CANBUS | NAOEVO MU35D Series - NAOEVO\" \/>\n<meta property=\"og:description\" content=\"NAOEVO MU35D Series LED signal bulbs match halogen size for easy, plug-and-play, non-polarity installation in 99% of vehicles. Featuring 21 high-intensity 3030 chips, they deliver 400% more brightness while using only a quarter of the power. The intelligent IC driver ensures stable performance and long life, while the high-condenser lens focuses and strengthens the light for better visibility.\" \/>\n<meta property=\"og:url\" content=\"https:\/\/www.naoevo.com\/es\/product\/t20-3156-3157-led-turn-signal-bulbs-canbus-naoevo-mu35d-series\/\" \/>\n<meta property=\"og:site_name\" content=\"NAOEVO\" \/>\n<meta property=\"article:publisher\" content=\"https:\/\/www.facebook.com\/naoevolighting\" \/>\n<meta property=\"article:modified_time\" content=\"2025-06-06T06:17:54+00:00\" \/>\n<meta property=\"og:image\" content=\"https:\/\/www.naoevo.com\/wp-content\/uploads\/2023\/03\/NAOEVO-NU350D.webp\" \/>\n\t<meta property=\"og:image:width\" content=\"1001\" \/>\n\t<meta property=\"og:image:height\" content=\"1001\" \/>\n\t<meta property=\"og:image:type\" content=\"image\/webp\" \/>\n<meta name=\"twitter:card\" content=\"summary_large_image\" \/>\n<script type=\"application\/ld+json\" class=\"yoast-schema-graph\">{\"@context\":\"https:\/\/schema.org\",\"@graph\":[{\"@type\":\"WebPage\",\"@id\":\"https:\/\/www.naoevo.com\/product\/t20-3156-3157-led-turn-signal-bulbs-canbus-naoevo-mu35d-series\/\",\"url\":\"https:\/\/www.naoevo.com\/product\/t20-3156-3157-led-turn-signal-bulbs-canbus-naoevo-mu35d-series\/\",\"name\":\"T20 3156 3157 LED Turn Signal Bulbs CANBUS | NAOEVO MU35D Series - NAOEVO\",\"isPartOf\":{\"@id\":\"https:\/\/www.naoevo.com\/#website\"},\"primaryImageOfPage\":{\"@id\":\"https:\/\/www.naoevo.com\/product\/t20-3156-3157-led-turn-signal-bulbs-canbus-naoevo-mu35d-series\/#primaryimage\"},\"image\":{\"@id\":\"https:\/\/www.naoevo.com\/product\/t20-3156-3157-led-turn-signal-bulbs-canbus-naoevo-mu35d-series\/#primaryimage\"},\"thumbnailUrl\":\"https:\/\/www.naoevo.com\/wp-content\/uploads\/2023\/03\/NAOEVO-NU350D.webp\",\"datePublished\":\"2023-03-28T02:57:30+00:00\",\"dateModified\":\"2025-06-06T06:17:54+00:00\",\"breadcrumb\":{\"@id\":\"https:\/\/www.naoevo.com\/product\/t20-3156-3157-led-turn-signal-bulbs-canbus-naoevo-mu35d-series\/#breadcrumb\"},\"inLanguage\":\"es\",\"potentialAction\":[{\"@type\":\"ReadAction\",\"target\":[\"https:\/\/www.naoevo.com\/product\/t20-3156-3157-led-turn-signal-bulbs-canbus-naoevo-mu35d-series\/\"]}]},{\"@type\":\"ImageObject\",\"inLanguage\":\"es\",\"@id\":\"https:\/\/www.naoevo.com\/product\/t20-3156-3157-led-turn-signal-bulbs-canbus-naoevo-mu35d-series\/#primaryimage\",\"url\":\"https:\/\/www.naoevo.com\/wp-content\/uploads\/2023\/03\/NAOEVO-NU350D.webp\",\"contentUrl\":\"https:\/\/www.naoevo.com\/wp-content\/uploads\/2023\/03\/NAOEVO-NU350D.webp\",\"width\":1001,\"height\":1001,\"caption\":\"T20 3156 3157 LED Turn Signal Bulbs CANBUS | NAOEVO MU35D Series\"},{\"@type\":\"BreadcrumbList\",\"@id\":\"https:\/\/www.naoevo.com\/product\/t20-3156-3157-led-turn-signal-bulbs-canbus-naoevo-mu35d-series\/#breadcrumb\",\"itemListElement\":[{\"@type\":\"ListItem\",\"position\":1,\"name\":\"Home\",\"item\":\"https:\/\/www.naoevo.com\/\"},{\"@type\":\"ListItem\",\"position\":2,\"name\":\"Products\",\"item\":\"https:\/\/www.naoevo.com\/shop__trashed\/\"},{\"@type\":\"ListItem\",\"position\":3,\"name\":\"LED Car Exterior &amp; Interior Lights\",\"item\":\"https:\/\/www.naoevo.com\/product-category\/exterior-interior-lights\/\"},{\"@type\":\"ListItem\",\"position\":4,\"name\":\"T20 3156 3157 LED Turn Signal Bulbs CANBUS | NAOEVO MU35D Series\"}]},{\"@type\":\"WebSite\",\"@id\":\"https:\/\/www.naoevo.com\/#website\",\"url\":\"https:\/\/www.naoevo.com\/\",\"name\":\"NAOEVO Auto Lighting\",\"description\":\"THE BEST AUTOMOTIVE LIGHTING MANUFACTURER\",\"publisher\":{\"@id\":\"https:\/\/www.naoevo.com\/#organization\"},\"potentialAction\":[{\"@type\":\"SearchAction\",\"target\":{\"@type\":\"EntryPoint\",\"urlTemplate\":\"https:\/\/www.naoevo.com\/?s={search_term_string}\"},\"query-input\":{\"@type\":\"PropertyValueSpecification\",\"valueRequired\":true,\"valueName\":\"search_term_string\"}}],\"inLanguage\":\"es\"},{\"@type\":\"Organization\",\"@id\":\"https:\/\/www.naoevo.com\/#organization\",\"name\":\"NAOEVO Auto Lighting\",\"url\":\"https:\/\/www.naoevo.com\/\",\"logo\":{\"@type\":\"ImageObject\",\"inLanguage\":\"es\",\"@id\":\"https:\/\/www.naoevo.com\/#\/schema\/logo\/image\/\",\"url\":\"https:\/\/www.naoevo.com\/wp-content\/uploads\/2023\/03\/cropped-NAOEVO-LOGO-2023.png\",\"contentUrl\":\"https:\/\/www.naoevo.com\/wp-content\/uploads\/2023\/03\/cropped-NAOEVO-LOGO-2023.png\",\"width\":1168,\"height\":151,\"caption\":\"NAOEVO Auto Lighting\"},\"image\":{\"@id\":\"https:\/\/www.naoevo.com\/#\/schema\/logo\/image\/\"},\"sameAs\":[\"https:\/\/www.facebook.com\/naoevolighting\",\"https:\/\/www.instagram.com\/naoevolightings\/\"]}]}<\/script>\n<!-- \/ Yoast SEO plugin. -->","yoast_head_json":{"title":"T20 3156 3157 LED Turn Signal Bulbs CANBUS | NAOEVO MU35D Series - NAOEVO","robots":{"index":"index","follow":"follow","max-snippet":"max-snippet:-1","max-image-preview":"max-image-preview:large","max-video-preview":"max-video-preview:-1"},"canonical":"https:\/\/www.naoevo.com\/es\/product\/t20-3156-3157-led-turn-signal-bulbs-canbus-naoevo-mu35d-series\/","og_locale":"es_ES","og_type":"article","og_title":"T20 3156 3157 LED Turn Signal Bulbs CANBUS | NAOEVO MU35D Series - NAOEVO","og_description":"NAOEVO MU35D Series LED signal bulbs match halogen size for easy, plug-and-play, non-polarity installation in 99% of vehicles. Featuring 21 high-intensity 3030 chips, they deliver 400% more brightness while using only a quarter of the power. The intelligent IC driver ensures stable performance and long life, while the high-condenser lens focuses and strengthens the light for better visibility.","og_url":"https:\/\/www.naoevo.com\/es\/product\/t20-3156-3157-led-turn-signal-bulbs-canbus-naoevo-mu35d-series\/","og_site_name":"NAOEVO","article_publisher":"https:\/\/www.facebook.com\/naoevolighting","article_modified_time":"2025-06-06T06:17:54+00:00","og_image":[{"width":1001,"height":1001,"url":"https:\/\/www.naoevo.com\/wp-content\/uploads\/2023\/03\/NAOEVO-NU350D.webp","type":"image\/webp"}],"twitter_card":"summary_large_image","schema":{"@context":"https:\/\/schema.org","@graph":[{"@type":"WebPage","@id":"https:\/\/www.naoevo.com\/product\/t20-3156-3157-led-turn-signal-bulbs-canbus-naoevo-mu35d-series\/","url":"https:\/\/www.naoevo.com\/product\/t20-3156-3157-led-turn-signal-bulbs-canbus-naoevo-mu35d-series\/","name":"T20 3156 3157 LED Turn Signal Bulbs CANBUS | NAOEVO MU35D Series - NAOEVO","isPartOf":{"@id":"https:\/\/www.naoevo.com\/#website"},"primaryImageOfPage":{"@id":"https:\/\/www.naoevo.com\/product\/t20-3156-3157-led-turn-signal-bulbs-canbus-naoevo-mu35d-series\/#primaryimage"},"image":{"@id":"https:\/\/www.naoevo.com\/product\/t20-3156-3157-led-turn-signal-bulbs-canbus-naoevo-mu35d-series\/#primaryimage"},"thumbnailUrl":"https:\/\/www.naoevo.com\/wp-content\/uploads\/2023\/03\/NAOEVO-NU350D.webp","datePublished":"2023-03-28T02:57:30+00:00","dateModified":"2025-06-06T06:17:54+00:00","breadcrumb":{"@id":"https:\/\/www.naoevo.com\/product\/t20-3156-3157-led-turn-signal-bulbs-canbus-naoevo-mu35d-series\/#breadcrumb"},"inLanguage":"es","potentialAction":[{"@type":"ReadAction","target":["https:\/\/www.naoevo.com\/product\/t20-3156-3157-led-turn-signal-bulbs-canbus-naoevo-mu35d-series\/"]}]},{"@type":"ImageObject","inLanguage":"es","@id":"https:\/\/www.naoevo.com\/product\/t20-3156-3157-led-turn-signal-bulbs-canbus-naoevo-mu35d-series\/#primaryimage","url":"https:\/\/www.naoevo.com\/wp-content\/uploads\/2023\/03\/NAOEVO-NU350D.webp","contentUrl":"https:\/\/www.naoevo.com\/wp-content\/uploads\/2023\/03\/NAOEVO-NU350D.webp","width":1001,"height":1001,"caption":"T20 3156 3157 LED Turn Signal Bulbs CANBUS | NAOEVO MU35D Series"},{"@type":"BreadcrumbList","@id":"https:\/\/www.naoevo.com\/product\/t20-3156-3157-led-turn-signal-bulbs-canbus-naoevo-mu35d-series\/#breadcrumb","itemListElement":[{"@type":"ListItem","position":1,"name":"Home","item":"https:\/\/www.naoevo.com\/"},{"@type":"ListItem","position":2,"name":"Products","item":"https:\/\/www.naoevo.com\/shop__trashed\/"},{"@type":"ListItem","position":3,"name":"LED Car Exterior &amp; Interior Lights","item":"https:\/\/www.naoevo.com\/product-category\/exterior-interior-lights\/"},{"@type":"ListItem","position":4,"name":"T20 3156 3157 LED Turn Signal Bulbs CANBUS | NAOEVO MU35D Series"}]},{"@type":"WebSite","@id":"https:\/\/www.naoevo.com\/#website","url":"https:\/\/www.naoevo.com\/","name":"NAOEVO Auto Lighting","description":"THE BEST AUTOMOTIVE LIGHTING MANUFACTURER","publisher":{"@id":"https:\/\/www.naoevo.com\/#organization"},"potentialAction":[{"@type":"SearchAction","target":{"@type":"EntryPoint","urlTemplate":"https:\/\/www.naoevo.com\/?s={search_term_string}"},"query-input":{"@type":"PropertyValueSpecification","valueRequired":true,"valueName":"search_term_string"}}],"inLanguage":"es"},{"@type":"Organization","@id":"https:\/\/www.naoevo.com\/#organization","name":"NAOEVO Auto Lighting","url":"https:\/\/www.naoevo.com\/","logo":{"@type":"ImageObject","inLanguage":"es","@id":"https:\/\/www.naoevo.com\/#\/schema\/logo\/image\/","url":"https:\/\/www.naoevo.com\/wp-content\/uploads\/2023\/03\/cropped-NAOEVO-LOGO-2023.png","contentUrl":"https:\/\/www.naoevo.com\/wp-content\/uploads\/2023\/03\/cropped-NAOEVO-LOGO-2023.png","width":1168,"height":151,"caption":"NAOEVO Auto Lighting"},"image":{"@id":"https:\/\/www.naoevo.com\/#\/schema\/logo\/image\/"},"sameAs":["https:\/\/www.facebook.com\/naoevolighting","https:\/\/www.instagram.com\/naoevolightings\/"]}]}},"_links":{"self":[{"href":"https:\/\/www.naoevo.com\/es\/wp-json\/wp\/v2\/product\/4591","targetHints":{"allow":["GET"]}}],"collection":[{"href":"https:\/\/www.naoevo.com\/es\/wp-json\/wp\/v2\/product"}],"about":[{"href":"https:\/\/www.naoevo.com\/es\/wp-json\/wp\/v2\/types\/product"}],"version-history":[{"count":4,"href":"https:\/\/www.naoevo.com\/es\/wp-json\/wp\/v2\/product\/4591\/revisions"}],"predecessor-version":[{"id":17657,"href":"https:\/\/www.naoevo.com\/es\/wp-json\/wp\/v2\/product\/4591\/revisions\/17657"}],"wp:featuredmedia":[{"embeddable":true,"href":"https:\/\/www.naoevo.com\/es\/wp-json\/wp\/v2\/media\/4695"}],"wp:attachment":[{"href":"https:\/\/www.naoevo.com\/es\/wp-json\/wp\/v2\/media?parent=4591"}],"wp:term":[{"taxonomy":"product_brand","embeddable":true,"href":"https:\/\/www.naoevo.com\/es\/wp-json\/wp\/v2\/product_brand?post=4591"},{"taxonomy":"product_cat","embeddable":true,"href":"https:\/\/www.naoevo.com\/es\/wp-json\/wp\/v2\/product_cat?post=4591"},{"taxonomy":"product_tag","embeddable":true,"href":"https:\/\/www.naoevo.com\/es\/wp-json\/wp\/v2\/product_tag?post=4591"}],"curies":[{"name":"wp","href":"https:\/\/api.w.org\/{rel}","templated":true}]}}