{"id":4524,"date":"2023-03-23T08:22:07","date_gmt":"2023-03-23T08:22:07","guid":{"rendered":"https:\/\/www.naoevo.com\/?post_type=product&#038;p=4524"},"modified":"2025-05-26T18:15:30","modified_gmt":"2025-05-26T10:15:30","slug":"d2-plus-50w-6000lm-led-car-lights-d2s-d2r-d4s-d4r-naoevo","status":"publish","type":"product","link":"https:\/\/www.naoevo.com\/es\/product\/d2-plus-50w-6000lm-led-car-lights-d2s-d2r-d4s-d4r-naoevo\/","title":{"rendered":"NAOEVO D2 Plus 50W 6000LM LED Luces Coche D2S D2R D4S D4R"},"content":{"rendered":"<div data-elementor-type=\"product-post\" data-elementor-id=\"4524\" class=\"elementor elementor-4524\" data-elementor-post-type=\"product\">\n\t\t\t\t<div class=\"elementor-element elementor-element-d157ef6 e-flex e-con-boxed e-con e-parent\" data-id=\"d157ef6\" data-element_type=\"container\" data-settings=\"{&quot;jet_parallax_layout_list&quot;:[]}\">\n\t\t\t\t\t<div class=\"e-con-inner\">\n\t\t\t\t<div class=\"elementor-element elementor-element-df877bd e-n-tabs-none elementor-widget elementor-widget-n-tabs\" data-id=\"df877bd\" data-element_type=\"widget\" data-settings=\"{&quot;tabs_justify_horizontal&quot;:&quot;start&quot;,&quot;horizontal_scroll&quot;:&quot;enable&quot;}\" data-widget_type=\"nested-tabs.default\">\n\t\t\t\t\t\t\t<div class=\"e-n-tabs\" data-widget-number=\"234387389\" aria-label=\"Pesta\u00f1as. Abre elementos con Intro o Espacio, ci\u00e9rralos con Escape y navega con las Flechas.\">\n\t\t\t<div class=\"e-n-tabs-heading\" role=\"tablist\">\n\t\t\t\t\t<button id=\"e-n-tab-title-2343873891\" class=\"e-n-tab-title\" aria-selected=\"true\" data-tab-index=\"1\" role=\"tab\" tabindex=\"0\" aria-controls=\"e-n-tab-content-2343873891\" style=\"--n-tabs-title-order: 1;\">\n\t\t\t\t\t\t<span class=\"e-n-tab-title-text\">\n\t\t\t\tCARACTER\u00cdSTICAS\t\t\t<\/span>\n\t\t<\/button>\n\t\t\t\t<button id=\"e-n-tab-title-2343873892\" class=\"e-n-tab-title\" aria-selected=\"false\" data-tab-index=\"2\" role=\"tab\" tabindex=\"-1\" aria-controls=\"e-n-tab-content-2343873892\" style=\"--n-tabs-title-order: 2;\">\n\t\t\t\t\t\t<span class=\"e-n-tab-title-text\">\n\t\t\t\tESPECIFICACIONES\t\t\t<\/span>\n\t\t<\/button>\n\t\t\t\t\t<\/div>\n\t\t\t<div class=\"e-n-tabs-content\">\n\t\t\t\t<div id=\"e-n-tab-content-2343873891\" role=\"tabpanel\" aria-labelledby=\"e-n-tab-title-2343873891\" data-tab-index=\"1\" style=\"--n-tabs-title-order: 1;\" class=\"e-active elementor-element elementor-element-3eebec6 e-con-full e-flex e-con e-child\" data-id=\"3eebec6\" data-element_type=\"container\" data-settings=\"{&quot;jet_parallax_layout_list&quot;:[]}\">\n\t\t<div class=\"elementor-element elementor-element-a7d8268 e-con-full e-grid e-con e-child\" data-id=\"a7d8268\" data-element_type=\"container\" data-settings=\"{&quot;jet_parallax_layout_list&quot;:[]}\">\n\t\t<div class=\"elementor-element elementor-element-7c416bc e-con-full e-flex e-con e-child\" data-id=\"7c416bc\" data-element_type=\"container\" data-settings=\"{&quot;jet_parallax_layout_list&quot;:[]}\">\n\t\t\t\t<div class=\"elementor-element elementor-element-a4ec84f elementor-position-left elementor-position-top elementor-vertical-align-top elementor-widget elementor-widget-image-box\" data-id=\"a4ec84f\" data-element_type=\"widget\" data-widget_type=\"image-box.default\">\n\t\t\t\t\t<div class=\"elementor-image-box-wrapper\"><figure class=\"elementor-image-box-img\"><img fetchpriority=\"high\" decoding=\"async\" width=\"468\" height=\"468\" src=\"https:\/\/www.naoevo.com\/wp-content\/uploads\/2025\/05\/Superior-High-Brightness.jpg\" class=\"attachment-full size-full wp-image-16787\" alt=\"\" srcset=\"https:\/\/www.naoevo.com\/wp-content\/uploads\/2025\/05\/Superior-High-Brightness.jpg 468w, https:\/\/www.naoevo.com\/wp-content\/uploads\/2025\/05\/Superior-High-Brightness-300x300.jpg 300w, https:\/\/www.naoevo.com\/wp-content\/uploads\/2025\/05\/Superior-High-Brightness-150x150.jpg 150w, https:\/\/www.naoevo.com\/wp-content\/uploads\/2025\/05\/Superior-High-Brightness-100x100.jpg 100w, https:\/\/www.naoevo.com\/wp-content\/uploads\/2025\/05\/Superior-High-Brightness-64x64.jpg 64w\" sizes=\"(max-width: 468px) 100vw, 468px\" \/><\/figure><div class=\"elementor-image-box-content\"><h3 class=\"elementor-image-box-title\">Alto brillo superior<\/h3><p class=\"elementor-image-box-description\">La capacidad de ver con claridad y ser consciente de los posibles obst\u00e1culos de la carretera son el punto clave de la experiencia de conducci\u00f3n. Estas bombillas NAOEVO D2 Plus LED producen 100W 12000LM por juego (50W 6000LM por bombilla) super alto brillo. Definitivamente iluminar su camino oscuro, cuando se conduce con estas bombillas D2 Plus, ver\u00e1 m\u00e1s lejos, reaccionar antes y estar m\u00e1s seguro.<\/p><\/div><\/div>\t\t\t\t<\/div>\n\t\t\t\t<\/div>\n\t\t<div class=\"elementor-element elementor-element-b2af88d e-con-full e-flex e-con e-child\" data-id=\"b2af88d\" data-element_type=\"container\" data-settings=\"{&quot;jet_parallax_layout_list&quot;:[]}\">\n\t\t\t\t<div class=\"elementor-element elementor-element-0a8e903 elementor-position-left elementor-position-top elementor-vertical-align-top elementor-widget elementor-widget-image-box\" data-id=\"0a8e903\" data-element_type=\"widget\" data-widget_type=\"image-box.default\">\n\t\t\t\t\t<div class=\"elementor-image-box-wrapper\"><figure class=\"elementor-image-box-img\"><img decoding=\"async\" width=\"468\" height=\"468\" src=\"https:\/\/www.naoevo.com\/wp-content\/uploads\/2025\/05\/Quality-Beam-Pattern.jpg\" class=\"attachment-full size-full wp-image-16784\" alt=\"\" srcset=\"https:\/\/www.naoevo.com\/wp-content\/uploads\/2025\/05\/Quality-Beam-Pattern.jpg 468w, https:\/\/www.naoevo.com\/wp-content\/uploads\/2025\/05\/Quality-Beam-Pattern-300x300.jpg 300w, https:\/\/www.naoevo.com\/wp-content\/uploads\/2025\/05\/Quality-Beam-Pattern-150x150.jpg 150w, https:\/\/www.naoevo.com\/wp-content\/uploads\/2025\/05\/Quality-Beam-Pattern-100x100.jpg 100w, https:\/\/www.naoevo.com\/wp-content\/uploads\/2025\/05\/Quality-Beam-Pattern-64x64.jpg 64w\" sizes=\"(max-width: 468px) 100vw, 468px\" \/><\/figure><div class=\"elementor-image-box-content\"><h3 class=\"elementor-image-box-title\">Patr\u00f3n de haz perfecto<\/h3><p class=\"elementor-image-box-description\">La distribuci\u00f3n del haz luminoso es tan importante como la luminosidad. Algunas bombillas LED del mercado ofrecen un alto rendimiento pero una luz dispersa. Para resolver este problema, utilizamos un chip flip avanzado y un dise\u00f1o de \u00e1ngulo de haz perfecto. Los kits de faros LED D2 Plus producen una l\u00ednea de corte clara y un patr\u00f3n de haz de luz focalizado sin ninguna zona oscura.<\/p><\/div><\/div>\t\t\t\t<\/div>\n\t\t\t\t<\/div>\n\t\t<div class=\"elementor-element elementor-element-777df59 e-con-full e-flex e-con e-child\" data-id=\"777df59\" data-element_type=\"container\" data-settings=\"{&quot;jet_parallax_layout_list&quot;:[]}\">\n\t\t\t\t<div class=\"elementor-element elementor-element-d01f535 elementor-position-left elementor-position-top elementor-vertical-align-top elementor-widget elementor-widget-image-box\" data-id=\"d01f535\" data-element_type=\"widget\" data-widget_type=\"image-box.default\">\n\t\t\t\t\t<div class=\"elementor-image-box-wrapper\"><figure class=\"elementor-image-box-img\"><img decoding=\"async\" width=\"468\" height=\"468\" src=\"https:\/\/www.naoevo.com\/wp-content\/uploads\/2025\/05\/Efficient-Heat-Dissipation.jpg\" class=\"attachment-full size-full wp-image-16785\" alt=\"\" srcset=\"https:\/\/www.naoevo.com\/wp-content\/uploads\/2025\/05\/Efficient-Heat-Dissipation.jpg 468w, https:\/\/www.naoevo.com\/wp-content\/uploads\/2025\/05\/Efficient-Heat-Dissipation-300x300.jpg 300w, https:\/\/www.naoevo.com\/wp-content\/uploads\/2025\/05\/Efficient-Heat-Dissipation-150x150.jpg 150w, https:\/\/www.naoevo.com\/wp-content\/uploads\/2025\/05\/Efficient-Heat-Dissipation-100x100.jpg 100w, https:\/\/www.naoevo.com\/wp-content\/uploads\/2025\/05\/Efficient-Heat-Dissipation-64x64.jpg 64w\" sizes=\"(max-width: 468px) 100vw, 468px\" \/><\/figure><div class=\"elementor-image-box-content\"><h3 class=\"elementor-image-box-title\">Disipaci\u00f3n eficiente del calor<\/h3><p class=\"elementor-image-box-description\">La bombilla LED D2 Plus consigue una mejor disipaci\u00f3n del calor. Un avanzado tubo de calor de cobre puede transferir 10W de calor cada vez. El ventilador mudo de alta velocidad de 8500RPM y la gran superficie del disipador de calor de aluminio mantienen la 30% m\u00e1s fr\u00eda que las bombillas est\u00e1ndar. Adem\u00e1s, el termistor incorporado protege la bombilla del sobrecalentamiento. La bombilla LED D2 Plus tiene una larga vida \u00fatil de m\u00e1s de 50.000 horas.<\/p><\/div><\/div>\t\t\t\t<\/div>\n\t\t\t\t<\/div>\n\t\t<div class=\"elementor-element elementor-element-8d86365 e-con-full elementor-hidden-desktop elementor-hidden-tablet elementor-hidden-mobile e-flex e-con e-child\" data-id=\"8d86365\" data-element_type=\"container\" data-settings=\"{&quot;jet_parallax_layout_list&quot;:[]}\">\n\t\t\t\t<div class=\"elementor-element elementor-element-743cfe5 elementor-vertical-align-top elementor-widget elementor-widget-image-box\" data-id=\"743cfe5\" data-element_type=\"widget\" data-widget_type=\"image-box.default\">\n\t\t\t\t\t<div class=\"elementor-image-box-wrapper\"><div class=\"elementor-image-box-content\"><h3 class=\"elementor-image-box-title\">Instalaci\u00f3n sencilla<\/h3><p class=\"elementor-image-box-description\">Estas bombillas LED D2 Plus para coche vienen con 2 adaptadores extra para adaptarse a diferentes enchufes de veh\u00edculos. Si no son plug and play, puede utilizarlos para conectar el enchufe de alimentaci\u00f3n de f\u00e1brica del veh\u00edculo. S\u00f3lo tiene que encontrar el positivo y negativo del enchufe original del veh\u00edculo y luego conectarlos.<\/p><\/div><\/div>\t\t\t\t<\/div>\n\t\t\t\t<\/div>\n\t\t\t\t<\/div>\n\t\t\t\t<\/div>\n\t\t<div id=\"e-n-tab-content-2343873892\" role=\"tabpanel\" aria-labelledby=\"e-n-tab-title-2343873892\" data-tab-index=\"2\" style=\"--n-tabs-title-order: 2;\" class=\"elementor-element elementor-element-f6b66c1 e-con-full e-flex e-con e-child\" data-id=\"f6b66c1\" data-element_type=\"container\" data-settings=\"{&quot;jet_parallax_layout_list&quot;:[]}\">\n\t\t\t\t<div class=\"elementor-element elementor-element-de533eb elementor-widget elementor-widget-text-editor\" data-id=\"de533eb\" data-element_type=\"widget\" data-widget_type=\"text-editor.default\">\n\t\t\t\t\t\t\t\t\t<ul><li><strong><b>Poder:\u00a0<\/b><\/strong>50W\/Bombilla 100W\/Set<\/li><li><strong><b>Lumen:\u00a0<\/b><\/strong>6000LM\/Bombilla 12000LM\/Set<\/li><li><strong><b>Tensi\u00f3n:<\/b><\/strong>\u00a09-16V<\/li><li><strong><b>Chip:<\/b><\/strong>\u00a03*75MIL<\/li><li><strong><b>Actual:<\/b><\/strong>\u00a02.5A<\/li><li><strong><b>Color:<\/b><\/strong>\u00a06500K<\/li><li><strong><b>Vida \u00fatil:<\/b><\/strong>\u00a050.000 horas<\/li><li><strong><b>Garant\u00eda:<\/b><\/strong>\u00a01 a\u00f1o<\/li><li><strong><b>Modelo:\u00a0<\/b><\/strong>D2S, D2R, D4S, D4R<\/li><\/ul>\t\t\t\t\t\t\t\t<\/div>\n\t\t\t\t<\/div>\n\t\t\t\t\t<\/div>\n\t\t<\/div>\n\t\t\t\t\t\t<\/div>\n\t\t\t\t\t<\/div>\n\t\t\t\t<\/div>\n\t\t\t\t<\/div>","protected":false},"excerpt":{"rendered":"<p>No te pongas en peligro mientras conduces de noche. Necesita una bombilla de faro de alto brillo y duradera para una conducci\u00f3n m\u00e1s segura. Estas bombillas LED NAOEVO D2 Plus sirven como un reemplazo perfecto para sus bombillas HID de f\u00e1brica. Proporcionan 100W 12000LM por juego claro brillante enfocado haces de luz para ayudarle a ver ampliamente y conducir con confianza en una carretera oscura. Estas son algunas de las excelentes caracter\u00edsticas de estas bombillas<\/p>","protected":false},"featured_media":4530,"template":"","meta":{"site-sidebar-layout":"default","site-content-layout":"default","ast-site-content-layout":"default","site-content-style":"default","site-sidebar-style":"default","ast-global-header-display":"","ast-banner-title-visibility":"","ast-main-header-display":"","ast-hfb-above-header-display":"","ast-hfb-below-header-display":"","ast-hfb-mobile-header-display":"","site-post-title":"","ast-breadcrumbs-content":"","ast-featured-img":"","footer-sml-layout":"","theme-transparent-header-meta":"default","adv-header-id-meta":"","stick-header-meta":"","header-above-stick-meta":"","header-main-stick-meta":"","header-below-stick-meta":"","astra-migrate-meta-layouts":"set","ast-page-background-enabled":"default","ast-page-background-meta":{"desktop":{"background-color":"var(--ast-global-color-4)","background-image":"","background-repeat":"repeat","background-position":"center center","background-size":"auto","background-attachment":"scroll","background-type":"","background-media":"","overlay-type":"","overlay-color":"","overlay-opacity":"","overlay-gradient":""},"tablet":{"background-color":"","background-image":"","background-repeat":"repeat","background-position":"center center","background-size":"auto","background-attachment":"scroll","background-type":"","background-media":"","overlay-type":"","overlay-color":"","overlay-opacity":"","overlay-gradient":""},"mobile":{"background-color":"","background-image":"","background-repeat":"repeat","background-position":"center center","background-size":"auto","background-attachment":"scroll","background-type":"","background-media":"","overlay-type":"","overlay-color":"","overlay-opacity":"","overlay-gradient":""}},"ast-content-background-meta":{"desktop":{"background-color":"var(--ast-global-color-5)","background-image":"","background-repeat":"repeat","background-position":"center center","background-size":"auto","background-attachment":"scroll","background-type":"","background-media":"","overlay-type":"","overlay-color":"","overlay-opacity":"","overlay-gradient":""},"tablet":{"background-color":"var(--ast-global-color-5)","background-image":"","background-repeat":"repeat","background-position":"center center","background-size":"auto","background-attachment":"scroll","background-type":"","background-media":"","overlay-type":"","overlay-color":"","overlay-opacity":"","overlay-gradient":""},"mobile":{"background-color":"var(--ast-global-color-5)","background-image":"","background-repeat":"repeat","background-position":"center center","background-size":"auto","background-attachment":"scroll","background-type":"","background-media":"","overlay-type":"","overlay-color":"","overlay-opacity":"","overlay-gradient":""}}},"product_brand":[],"product_cat":[353,190,16],"product_tag":[],"class_list":{"0":"post-4524","1":"product","2":"type-product","3":"status-publish","4":"has-post-thumbnail","6":"product_cat-d2-d4","7":"product_cat-china-led-headlight-bulbs-supplier","8":"product_cat-led-headlight-bulbs","9":"pa_model-d2s-d2r-d4s-d4r","10":"desktop-align-left","11":"tablet-align-left","12":"mobile-align-left","14":"first","15":"instock","16":"sold-individually","17":"shipping-taxable","18":"purchasable","19":"product-type-variable","20":"has-default-attributes"},"yoast_head":"<!-- This site is optimized with the Yoast SEO plugin v24.7 - https:\/\/yoast.com\/wordpress\/plugins\/seo\/ -->\n<title>NAOEVO D2 Plus 50W 6000LM LED Car Lights D2S D2R D4S D4R - NAOEVO<\/title>\n<meta name=\"robots\" content=\"index, follow, max-snippet:-1, max-image-preview:large, max-video-preview:-1\" \/>\n<link rel=\"canonical\" href=\"https:\/\/www.naoevo.com\/es\/product\/d2-plus-50w-6000lm-led-car-lights-d2s-d2r-d4s-d4r-naoevo\/\" \/>\n<meta property=\"og:locale\" content=\"es_ES\" \/>\n<meta property=\"og:type\" content=\"article\" \/>\n<meta property=\"og:title\" content=\"NAOEVO D2 Plus 50W 6000LM LED Car Lights D2S D2R D4S D4R - NAOEVO\" \/>\n<meta property=\"og:description\" content=\"Don\u2019t put yourself at risk while driving at night. You need a high brightness and durable headlight bulb for a safer drive. These NAOEVO upgraded D2 Plus LED bulbs serve as a perfect replacement for your factory HID bulbs. They provide 100W 12000LM per set clear bright focused beams of light to help you see widely and drive confidently on a dark road. Here are some excellent features of these bulbs\" \/>\n<meta property=\"og:url\" content=\"https:\/\/www.naoevo.com\/es\/product\/d2-plus-50w-6000lm-led-car-lights-d2s-d2r-d4s-d4r-naoevo\/\" \/>\n<meta property=\"og:site_name\" content=\"NAOEVO\" \/>\n<meta property=\"article:publisher\" content=\"https:\/\/www.facebook.com\/naoevolighting\" \/>\n<meta property=\"article:modified_time\" content=\"2025-05-26T10:15:30+00:00\" \/>\n<meta property=\"og:image\" content=\"https:\/\/www.naoevo.com\/wp-content\/uploads\/2023\/03\/D2S-D2R-D4S-D4R.jpg\" \/>\n\t<meta property=\"og:image:width\" content=\"1000\" \/>\n\t<meta property=\"og:image:height\" content=\"1000\" \/>\n\t<meta property=\"og:image:type\" content=\"image\/jpeg\" \/>\n<meta name=\"twitter:card\" content=\"summary_large_image\" \/>\n<script type=\"application\/ld+json\" class=\"yoast-schema-graph\">{\"@context\":\"https:\/\/schema.org\",\"@graph\":[{\"@type\":\"WebPage\",\"@id\":\"https:\/\/www.naoevo.com\/product\/d2-plus-50w-6000lm-led-car-lights-d2s-d2r-d4s-d4r-naoevo\/\",\"url\":\"https:\/\/www.naoevo.com\/product\/d2-plus-50w-6000lm-led-car-lights-d2s-d2r-d4s-d4r-naoevo\/\",\"name\":\"NAOEVO D2 Plus 50W 6000LM LED Car Lights D2S D2R D4S D4R - NAOEVO\",\"isPartOf\":{\"@id\":\"https:\/\/www.naoevo.com\/#website\"},\"primaryImageOfPage\":{\"@id\":\"https:\/\/www.naoevo.com\/product\/d2-plus-50w-6000lm-led-car-lights-d2s-d2r-d4s-d4r-naoevo\/#primaryimage\"},\"image\":{\"@id\":\"https:\/\/www.naoevo.com\/product\/d2-plus-50w-6000lm-led-car-lights-d2s-d2r-d4s-d4r-naoevo\/#primaryimage\"},\"thumbnailUrl\":\"https:\/\/www.naoevo.com\/wp-content\/uploads\/2023\/03\/D2S-D2R-D4S-D4R.jpg\",\"datePublished\":\"2023-03-23T08:22:07+00:00\",\"dateModified\":\"2025-05-26T10:15:30+00:00\",\"breadcrumb\":{\"@id\":\"https:\/\/www.naoevo.com\/product\/d2-plus-50w-6000lm-led-car-lights-d2s-d2r-d4s-d4r-naoevo\/#breadcrumb\"},\"inLanguage\":\"es\",\"potentialAction\":[{\"@type\":\"ReadAction\",\"target\":[\"https:\/\/www.naoevo.com\/product\/d2-plus-50w-6000lm-led-car-lights-d2s-d2r-d4s-d4r-naoevo\/\"]}]},{\"@type\":\"ImageObject\",\"inLanguage\":\"es\",\"@id\":\"https:\/\/www.naoevo.com\/product\/d2-plus-50w-6000lm-led-car-lights-d2s-d2r-d4s-d4r-naoevo\/#primaryimage\",\"url\":\"https:\/\/www.naoevo.com\/wp-content\/uploads\/2023\/03\/D2S-D2R-D4S-D4R.jpg\",\"contentUrl\":\"https:\/\/www.naoevo.com\/wp-content\/uploads\/2023\/03\/D2S-D2R-D4S-D4R.jpg\",\"width\":1000,\"height\":1000,\"caption\":\"NAOEVO D2S D2R D4S D4R 50W 6000LM\"},{\"@type\":\"BreadcrumbList\",\"@id\":\"https:\/\/www.naoevo.com\/product\/d2-plus-50w-6000lm-led-car-lights-d2s-d2r-d4s-d4r-naoevo\/#breadcrumb\",\"itemListElement\":[{\"@type\":\"ListItem\",\"position\":1,\"name\":\"Home\",\"item\":\"https:\/\/www.naoevo.com\/\"},{\"@type\":\"ListItem\",\"position\":2,\"name\":\"Products\",\"item\":\"https:\/\/www.naoevo.com\/shop__trashed\/\"},{\"@type\":\"ListItem\",\"position\":3,\"name\":\"Automotive LED Lights\",\"item\":\"https:\/\/www.naoevo.com\/product-category\/china-led-headlight-bulbs-supplier\/\"},{\"@type\":\"ListItem\",\"position\":4,\"name\":\"NAOEVO D2 Plus 50W 6000LM LED Car Lights D2S D2R D4S D4R\"}]},{\"@type\":\"WebSite\",\"@id\":\"https:\/\/www.naoevo.com\/#website\",\"url\":\"https:\/\/www.naoevo.com\/\",\"name\":\"NAOEVO Auto Lighting\",\"description\":\"THE BEST AUTOMOTIVE LIGHTING MANUFACTURER\",\"publisher\":{\"@id\":\"https:\/\/www.naoevo.com\/#organization\"},\"potentialAction\":[{\"@type\":\"SearchAction\",\"target\":{\"@type\":\"EntryPoint\",\"urlTemplate\":\"https:\/\/www.naoevo.com\/?s={search_term_string}\"},\"query-input\":{\"@type\":\"PropertyValueSpecification\",\"valueRequired\":true,\"valueName\":\"search_term_string\"}}],\"inLanguage\":\"es\"},{\"@type\":\"Organization\",\"@id\":\"https:\/\/www.naoevo.com\/#organization\",\"name\":\"NAOEVO Auto Lighting\",\"url\":\"https:\/\/www.naoevo.com\/\",\"logo\":{\"@type\":\"ImageObject\",\"inLanguage\":\"es\",\"@id\":\"https:\/\/www.naoevo.com\/#\/schema\/logo\/image\/\",\"url\":\"https:\/\/www.naoevo.com\/wp-content\/uploads\/2023\/03\/cropped-NAOEVO-LOGO-2023.png\",\"contentUrl\":\"https:\/\/www.naoevo.com\/wp-content\/uploads\/2023\/03\/cropped-NAOEVO-LOGO-2023.png\",\"width\":1168,\"height\":151,\"caption\":\"NAOEVO Auto Lighting\"},\"image\":{\"@id\":\"https:\/\/www.naoevo.com\/#\/schema\/logo\/image\/\"},\"sameAs\":[\"https:\/\/www.facebook.com\/naoevolighting\",\"https:\/\/www.instagram.com\/naoevolightings\/\"]}]}<\/script>\n<!-- \/ Yoast SEO plugin. -->","yoast_head_json":{"title":"NAOEVO D2 Plus 50W 6000LM LED Car Lights D2S D2R D4S D4R - NAOEVO","robots":{"index":"index","follow":"follow","max-snippet":"max-snippet:-1","max-image-preview":"max-image-preview:large","max-video-preview":"max-video-preview:-1"},"canonical":"https:\/\/www.naoevo.com\/es\/product\/d2-plus-50w-6000lm-led-car-lights-d2s-d2r-d4s-d4r-naoevo\/","og_locale":"es_ES","og_type":"article","og_title":"NAOEVO D2 Plus 50W 6000LM LED Car Lights D2S D2R D4S D4R - NAOEVO","og_description":"Don\u2019t put yourself at risk while driving at night. You need a high brightness and durable headlight bulb for a safer drive. These NAOEVO upgraded D2 Plus LED bulbs serve as a perfect replacement for your factory HID bulbs. They provide 100W 12000LM per set clear bright focused beams of light to help you see widely and drive confidently on a dark road. Here are some excellent features of these bulbs","og_url":"https:\/\/www.naoevo.com\/es\/product\/d2-plus-50w-6000lm-led-car-lights-d2s-d2r-d4s-d4r-naoevo\/","og_site_name":"NAOEVO","article_publisher":"https:\/\/www.facebook.com\/naoevolighting","article_modified_time":"2025-05-26T10:15:30+00:00","og_image":[{"width":1000,"height":1000,"url":"https:\/\/www.naoevo.com\/wp-content\/uploads\/2023\/03\/D2S-D2R-D4S-D4R.jpg","type":"image\/jpeg"}],"twitter_card":"summary_large_image","schema":{"@context":"https:\/\/schema.org","@graph":[{"@type":"WebPage","@id":"https:\/\/www.naoevo.com\/product\/d2-plus-50w-6000lm-led-car-lights-d2s-d2r-d4s-d4r-naoevo\/","url":"https:\/\/www.naoevo.com\/product\/d2-plus-50w-6000lm-led-car-lights-d2s-d2r-d4s-d4r-naoevo\/","name":"NAOEVO D2 Plus 50W 6000LM LED Car Lights D2S D2R D4S D4R - NAOEVO","isPartOf":{"@id":"https:\/\/www.naoevo.com\/#website"},"primaryImageOfPage":{"@id":"https:\/\/www.naoevo.com\/product\/d2-plus-50w-6000lm-led-car-lights-d2s-d2r-d4s-d4r-naoevo\/#primaryimage"},"image":{"@id":"https:\/\/www.naoevo.com\/product\/d2-plus-50w-6000lm-led-car-lights-d2s-d2r-d4s-d4r-naoevo\/#primaryimage"},"thumbnailUrl":"https:\/\/www.naoevo.com\/wp-content\/uploads\/2023\/03\/D2S-D2R-D4S-D4R.jpg","datePublished":"2023-03-23T08:22:07+00:00","dateModified":"2025-05-26T10:15:30+00:00","breadcrumb":{"@id":"https:\/\/www.naoevo.com\/product\/d2-plus-50w-6000lm-led-car-lights-d2s-d2r-d4s-d4r-naoevo\/#breadcrumb"},"inLanguage":"es","potentialAction":[{"@type":"ReadAction","target":["https:\/\/www.naoevo.com\/product\/d2-plus-50w-6000lm-led-car-lights-d2s-d2r-d4s-d4r-naoevo\/"]}]},{"@type":"ImageObject","inLanguage":"es","@id":"https:\/\/www.naoevo.com\/product\/d2-plus-50w-6000lm-led-car-lights-d2s-d2r-d4s-d4r-naoevo\/#primaryimage","url":"https:\/\/www.naoevo.com\/wp-content\/uploads\/2023\/03\/D2S-D2R-D4S-D4R.jpg","contentUrl":"https:\/\/www.naoevo.com\/wp-content\/uploads\/2023\/03\/D2S-D2R-D4S-D4R.jpg","width":1000,"height":1000,"caption":"NAOEVO D2S D2R D4S D4R 50W 6000LM"},{"@type":"BreadcrumbList","@id":"https:\/\/www.naoevo.com\/product\/d2-plus-50w-6000lm-led-car-lights-d2s-d2r-d4s-d4r-naoevo\/#breadcrumb","itemListElement":[{"@type":"ListItem","position":1,"name":"Home","item":"https:\/\/www.naoevo.com\/"},{"@type":"ListItem","position":2,"name":"Products","item":"https:\/\/www.naoevo.com\/shop__trashed\/"},{"@type":"ListItem","position":3,"name":"Automotive LED Lights","item":"https:\/\/www.naoevo.com\/product-category\/china-led-headlight-bulbs-supplier\/"},{"@type":"ListItem","position":4,"name":"NAOEVO D2 Plus 50W 6000LM LED Car Lights D2S D2R D4S D4R"}]},{"@type":"WebSite","@id":"https:\/\/www.naoevo.com\/#website","url":"https:\/\/www.naoevo.com\/","name":"NAOEVO Auto Lighting","description":"THE BEST AUTOMOTIVE LIGHTING MANUFACTURER","publisher":{"@id":"https:\/\/www.naoevo.com\/#organization"},"potentialAction":[{"@type":"SearchAction","target":{"@type":"EntryPoint","urlTemplate":"https:\/\/www.naoevo.com\/?s={search_term_string}"},"query-input":{"@type":"PropertyValueSpecification","valueRequired":true,"valueName":"search_term_string"}}],"inLanguage":"es"},{"@type":"Organization","@id":"https:\/\/www.naoevo.com\/#organization","name":"NAOEVO Auto Lighting","url":"https:\/\/www.naoevo.com\/","logo":{"@type":"ImageObject","inLanguage":"es","@id":"https:\/\/www.naoevo.com\/#\/schema\/logo\/image\/","url":"https:\/\/www.naoevo.com\/wp-content\/uploads\/2023\/03\/cropped-NAOEVO-LOGO-2023.png","contentUrl":"https:\/\/www.naoevo.com\/wp-content\/uploads\/2023\/03\/cropped-NAOEVO-LOGO-2023.png","width":1168,"height":151,"caption":"NAOEVO Auto Lighting"},"image":{"@id":"https:\/\/www.naoevo.com\/#\/schema\/logo\/image\/"},"sameAs":["https:\/\/www.facebook.com\/naoevolighting","https:\/\/www.instagram.com\/naoevolightings\/"]}]}},"_links":{"self":[{"href":"https:\/\/www.naoevo.com\/es\/wp-json\/wp\/v2\/product\/4524","targetHints":{"allow":["GET"]}}],"collection":[{"href":"https:\/\/www.naoevo.com\/es\/wp-json\/wp\/v2\/product"}],"about":[{"href":"https:\/\/www.naoevo.com\/es\/wp-json\/wp\/v2\/types\/product"}],"version-history":[{"count":12,"href":"https:\/\/www.naoevo.com\/es\/wp-json\/wp\/v2\/product\/4524\/revisions"}],"predecessor-version":[{"id":17123,"href":"https:\/\/www.naoevo.com\/es\/wp-json\/wp\/v2\/product\/4524\/revisions\/17123"}],"wp:featuredmedia":[{"embeddable":true,"href":"https:\/\/www.naoevo.com\/es\/wp-json\/wp\/v2\/media\/4530"}],"wp:attachment":[{"href":"https:\/\/www.naoevo.com\/es\/wp-json\/wp\/v2\/media?parent=4524"}],"wp:term":[{"taxonomy":"product_brand","embeddable":true,"href":"https:\/\/www.naoevo.com\/es\/wp-json\/wp\/v2\/product_brand?post=4524"},{"taxonomy":"product_cat","embeddable":true,"href":"https:\/\/www.naoevo.com\/es\/wp-json\/wp\/v2\/product_cat?post=4524"},{"taxonomy":"product_tag","embeddable":true,"href":"https:\/\/www.naoevo.com\/es\/wp-json\/wp\/v2\/product_tag?post=4524"}],"curies":[{"name":"wp","href":"https:\/\/api.w.org\/{rel}","templated":true}]}}