{"id":4072,"date":"2023-03-21T10:04:44","date_gmt":"2023-03-21T10:04:44","guid":{"rendered":"https:\/\/naoevo.com\/?post_type=product&#038;p=4072"},"modified":"2025-05-26T18:16:18","modified_gmt":"2025-05-26T10:16:18","slug":"d1-plus-led-headlights-d1s-d1r-d3s-d3r-40w-4000lm-naoevo","status":"publish","type":"product","link":"https:\/\/www.naoevo.com\/es\/product\/d1-plus-led-headlights-d1s-d1r-d3s-d3r-40w-4000lm-naoevo\/","title":{"rendered":"D1 Plus LED Faros D1S D1R D3S D3R 40W 4000LM"},"content":{"rendered":"<div data-elementor-type=\"product-post\" data-elementor-id=\"4072\" class=\"elementor elementor-4072\" data-elementor-post-type=\"product\">\n\t\t\t\t<div class=\"elementor-element elementor-element-54eef89 e-flex e-con-boxed e-con e-parent\" data-id=\"54eef89\" data-element_type=\"container\" data-settings=\"{&quot;jet_parallax_layout_list&quot;:[]}\">\n\t\t\t\t\t<div class=\"e-con-inner\">\n\t\t\t\t<div class=\"elementor-element elementor-element-65bd726 e-n-tabs-none elementor-widget elementor-widget-n-tabs\" data-id=\"65bd726\" data-element_type=\"widget\" data-settings=\"{&quot;tabs_justify_horizontal&quot;:&quot;start&quot;,&quot;horizontal_scroll&quot;:&quot;enable&quot;}\" data-widget_type=\"nested-tabs.default\">\n\t\t\t\t\t\t\t<div class=\"e-n-tabs\" data-widget-number=\"106682150\" aria-label=\"Pesta\u00f1as. Abre elementos con Intro o Espacio, ci\u00e9rralos con Escape y navega con las Flechas.\">\n\t\t\t<div class=\"e-n-tabs-heading\" role=\"tablist\">\n\t\t\t\t\t<button id=\"e-n-tab-title-1066821501\" class=\"e-n-tab-title\" aria-selected=\"true\" data-tab-index=\"1\" role=\"tab\" tabindex=\"0\" aria-controls=\"e-n-tab-content-1066821501\" style=\"--n-tabs-title-order: 1;\">\n\t\t\t\t\t\t<span class=\"e-n-tab-title-text\">\n\t\t\t\tCARACTER\u00cdSTICAS\t\t\t<\/span>\n\t\t<\/button>\n\t\t\t\t<button id=\"e-n-tab-title-1066821502\" class=\"e-n-tab-title\" aria-selected=\"false\" data-tab-index=\"2\" role=\"tab\" tabindex=\"-1\" aria-controls=\"e-n-tab-content-1066821502\" style=\"--n-tabs-title-order: 2;\">\n\t\t\t\t\t\t<span class=\"e-n-tab-title-text\">\n\t\t\t\tESPECIFICACIONES\t\t\t<\/span>\n\t\t<\/button>\n\t\t\t\t\t<\/div>\n\t\t\t<div class=\"e-n-tabs-content\">\n\t\t\t\t<div id=\"e-n-tab-content-1066821501\" role=\"tabpanel\" aria-labelledby=\"e-n-tab-title-1066821501\" data-tab-index=\"1\" style=\"--n-tabs-title-order: 1;\" class=\"e-active elementor-element elementor-element-9f8e8f5 e-con-full e-flex e-con e-child\" data-id=\"9f8e8f5\" data-element_type=\"container\" data-settings=\"{&quot;jet_parallax_layout_list&quot;:[]}\">\n\t\t<div class=\"elementor-element elementor-element-08a2c3e e-con-full e-grid e-con e-child\" data-id=\"08a2c3e\" data-element_type=\"container\" data-settings=\"{&quot;jet_parallax_layout_list&quot;:[]}\">\n\t\t<div class=\"elementor-element elementor-element-d4cc8a8 e-con-full e-flex e-con e-child\" data-id=\"d4cc8a8\" data-element_type=\"container\" data-settings=\"{&quot;jet_parallax_layout_list&quot;:[]}\">\n\t\t\t\t<div class=\"elementor-element elementor-element-fb58e04 elementor-position-left elementor-position-top elementor-vertical-align-top elementor-widget elementor-widget-image-box\" data-id=\"fb58e04\" data-element_type=\"widget\" data-widget_type=\"image-box.default\">\n\t\t\t\t\t<div class=\"elementor-image-box-wrapper\"><figure class=\"elementor-image-box-img\"><img fetchpriority=\"high\" decoding=\"async\" width=\"468\" height=\"468\" src=\"https:\/\/www.naoevo.com\/wp-content\/uploads\/2025\/05\/Superior-High-Brightness.jpg\" class=\"attachment-full size-full wp-image-16787\" alt=\"\" srcset=\"https:\/\/www.naoevo.com\/wp-content\/uploads\/2025\/05\/Superior-High-Brightness.jpg 468w, https:\/\/www.naoevo.com\/wp-content\/uploads\/2025\/05\/Superior-High-Brightness-300x300.jpg 300w, https:\/\/www.naoevo.com\/wp-content\/uploads\/2025\/05\/Superior-High-Brightness-150x150.jpg 150w, https:\/\/www.naoevo.com\/wp-content\/uploads\/2025\/05\/Superior-High-Brightness-100x100.jpg 100w, https:\/\/www.naoevo.com\/wp-content\/uploads\/2025\/05\/Superior-High-Brightness-64x64.jpg 64w\" sizes=\"(max-width: 468px) 100vw, 468px\" \/><\/figure><div class=\"elementor-image-box-content\"><h3 class=\"elementor-image-box-title\">Alto brillo superior<\/h3><p class=\"elementor-image-box-description\">Equipado con 75MIL*3 flip chip de gran tama\u00f1o, los kits de faros LED D1 Plus producen 80W 8000LM por juego (40W 4000LM por bombilla) de ultra alta luminosidad, mejorando eficazmente la visibilidad en carretera para una conducci\u00f3n nocturna m\u00e1s segura, 4 veces m\u00e1s brillante que las l\u00e1mparas hal\u00f3genas. Maximizar la salida de luz sin p\u00e9rdida de luz LED.<\/p><\/div><\/div>\t\t\t\t<\/div>\n\t\t\t\t<\/div>\n\t\t<div class=\"elementor-element elementor-element-5fb8e4e e-con-full e-flex e-con e-child\" data-id=\"5fb8e4e\" data-element_type=\"container\" data-settings=\"{&quot;jet_parallax_layout_list&quot;:[]}\">\n\t\t\t\t<div class=\"elementor-element elementor-element-c9f8e6d elementor-position-left elementor-position-top elementor-vertical-align-top elementor-widget elementor-widget-image-box\" data-id=\"c9f8e6d\" data-element_type=\"widget\" data-widget_type=\"image-box.default\">\n\t\t\t\t\t<div class=\"elementor-image-box-wrapper\"><figure class=\"elementor-image-box-img\"><img decoding=\"async\" width=\"468\" height=\"468\" src=\"https:\/\/www.naoevo.com\/wp-content\/uploads\/2025\/05\/Quality-Beam-Pattern.jpg\" class=\"attachment-full size-full wp-image-16784\" alt=\"\" srcset=\"https:\/\/www.naoevo.com\/wp-content\/uploads\/2025\/05\/Quality-Beam-Pattern.jpg 468w, https:\/\/www.naoevo.com\/wp-content\/uploads\/2025\/05\/Quality-Beam-Pattern-300x300.jpg 300w, https:\/\/www.naoevo.com\/wp-content\/uploads\/2025\/05\/Quality-Beam-Pattern-150x150.jpg 150w, https:\/\/www.naoevo.com\/wp-content\/uploads\/2025\/05\/Quality-Beam-Pattern-100x100.jpg 100w, https:\/\/www.naoevo.com\/wp-content\/uploads\/2025\/05\/Quality-Beam-Pattern-64x64.jpg 64w\" sizes=\"(max-width: 468px) 100vw, 468px\" \/><\/figure><div class=\"elementor-image-box-content\"><h3 class=\"elementor-image-box-title\">Patr\u00f3n de haz perfecto<\/h3><p class=\"elementor-image-box-description\">Utiliza el sustrato de cobre ultra-delgado de 1,5 mm que es mucho m\u00e1s delgado que el com\u00fan en el mercado. Los chips D1 Plus LED de cada tama\u00f1o est\u00e1n m\u00e1s cerca de las bombillas de f\u00e1brica para llevar una salida de luz m\u00e1s brillante y m\u00e1s concentrada que las bombillas de stock. La luz ser\u00e1 m\u00e1s enfocada y sin tiempo de calentamiento con una iluminaci\u00f3n brillante de 6500K de color blanco puro, encendido instant\u00e1neo a pleno brillo.<\/p><\/div><\/div>\t\t\t\t<\/div>\n\t\t\t\t<\/div>\n\t\t<div class=\"elementor-element elementor-element-8ecb363 e-con-full e-flex e-con e-child\" data-id=\"8ecb363\" data-element_type=\"container\" data-settings=\"{&quot;jet_parallax_layout_list&quot;:[]}\">\n\t\t\t\t<div class=\"elementor-element elementor-element-2479cec elementor-position-left elementor-position-top elementor-vertical-align-top elementor-widget elementor-widget-image-box\" data-id=\"2479cec\" data-element_type=\"widget\" data-widget_type=\"image-box.default\">\n\t\t\t\t\t<div class=\"elementor-image-box-wrapper\"><figure class=\"elementor-image-box-img\"><img decoding=\"async\" width=\"468\" height=\"468\" src=\"https:\/\/www.naoevo.com\/wp-content\/uploads\/2025\/05\/Efficient-Heat-Dissipation.jpg\" class=\"attachment-full size-full wp-image-16785\" alt=\"\" srcset=\"https:\/\/www.naoevo.com\/wp-content\/uploads\/2025\/05\/Efficient-Heat-Dissipation.jpg 468w, https:\/\/www.naoevo.com\/wp-content\/uploads\/2025\/05\/Efficient-Heat-Dissipation-300x300.jpg 300w, https:\/\/www.naoevo.com\/wp-content\/uploads\/2025\/05\/Efficient-Heat-Dissipation-150x150.jpg 150w, https:\/\/www.naoevo.com\/wp-content\/uploads\/2025\/05\/Efficient-Heat-Dissipation-100x100.jpg 100w, https:\/\/www.naoevo.com\/wp-content\/uploads\/2025\/05\/Efficient-Heat-Dissipation-64x64.jpg 64w\" sizes=\"(max-width: 468px) 100vw, 468px\" \/><\/figure><div class=\"elementor-image-box-content\"><h3 class=\"elementor-image-box-title\">Disipaci\u00f3n eficiente del calor<\/h3><p class=\"elementor-image-box-description\">Los faros LED D1 Plus tienen una disipaci\u00f3n de calor eficiente. Un tubo de calor de cobre ayuda a transferir 10w de calor cada vez, a continuaci\u00f3n, cooperando con un ventilador de alta velocidad de 8500 RPM mudo y una gran superficie de aluminio, estas bombillas lograr sistema de refrigeraci\u00f3n eficaz. El termistor incorporado tambi\u00e9n evita que la bombilla se sobrecaliente. As\u00ed, estas bombillas D1 Plus garantizan una iluminaci\u00f3n m\u00e1s estable y una larga vida \u00fatil de m\u00e1s de 50.000 horas.<\/p><\/div><\/div>\t\t\t\t<\/div>\n\t\t\t\t<\/div>\n\t\t\t\t<\/div>\n\t\t<div class=\"elementor-element elementor-element-14581a8 e-con-full e-flex e-con e-child\" data-id=\"14581a8\" data-element_type=\"container\" data-settings=\"{&quot;jet_parallax_layout_list&quot;:[]}\">\n\t\t\t\t<div class=\"elementor-element elementor-element-551281c elementor-widget elementor-widget-text-editor\" data-id=\"551281c\" data-element_type=\"widget\" data-widget_type=\"text-editor.default\">\n\t\t\t\t\t\t\t\t\t<p><strong>Notas de instalaci\u00f3n:<\/strong><\/p><p>El paquete del kit de faros LED D1 incluye 2 cables adaptadores adicionales con el fin de aplicar diferentes enchufes de veh\u00edculos y hacer que el LED bajo un uso normal. Si no son plug and play, puede utilizarlo para conectar al enchufe de f\u00e1brica del veh\u00edculo. Encuentra los 2 cables positivo y negativo del enchufe de alimentaci\u00f3n original y conectarlos.<\/p>\t\t\t\t\t\t\t\t<\/div>\n\t\t\t\t<\/div>\n\t\t\t\t<\/div>\n\t\t<div id=\"e-n-tab-content-1066821502\" role=\"tabpanel\" aria-labelledby=\"e-n-tab-title-1066821502\" data-tab-index=\"2\" style=\"--n-tabs-title-order: 2;\" class=\"elementor-element elementor-element-2e9d6ac e-con-full e-flex e-con e-child\" data-id=\"2e9d6ac\" data-element_type=\"container\" data-settings=\"{&quot;jet_parallax_layout_list&quot;:[]}\">\n\t\t\t\t<div class=\"elementor-element elementor-element-ceba2d0 elementor-widget elementor-widget-text-editor\" data-id=\"ceba2d0\" data-element_type=\"widget\" data-widget_type=\"text-editor.default\">\n\t\t\t\t\t\t\t\t\t<ul><li><strong>Poder:<\/strong> 40W\/Bombilla 80W\/Set<\/li><li><strong>Lumen:<\/strong> 4000LM\/Bombilla 8000LM\/Set<\/li><li><strong>Tensi\u00f3n:<\/strong> 9-16V<\/li><li><strong>Chip:<\/strong> 3*75MIL<\/li><li><strong>Actual:<\/strong> 2.5A<\/li><li><strong>Color:<\/strong> 6500K<\/li><li><strong>Vida \u00fatil:<\/strong> 50.000 horas<\/li><li><strong>Garant\u00eda:<\/strong> 1 a\u00f1o<\/li><li><strong>Modelo:<\/strong> D1S, D1R, D3S, D3R<\/li><\/ul>\t\t\t\t\t\t\t\t<\/div>\n\t\t\t\t<\/div>\n\t\t\t\t\t<\/div>\n\t\t<\/div>\n\t\t\t\t\t\t<\/div>\n\t\t\t\t\t<\/div>\n\t\t\t\t<\/div>\n\t\t\t\t<\/div>","protected":false},"excerpt":{"rendered":"<p data-start=\"34\" data-end=\"253\">Descubra el kit de faros LED NAOEVO D1 Plus, dise\u00f1ado para sustituir las bombillas HID D1S, D1R, D3S y D3R con un rendimiento superior.<\/p>\n<p data-start=\"255\" data-end=\"484\">La D1 Plus destaca por su brillo excepcional y su gesti\u00f3n avanzada del calor. Gracias al tubo de calor de cobre y al ventilador de alta velocidad con doble rodamiento de bolas, el calor se disipa eficazmente, lo que prolonga la vida \u00fatil a m\u00e1s de 50.000 horas.<\/p>","protected":false},"featured_media":15645,"template":"","meta":{"site-sidebar-layout":"default","site-content-layout":"default","ast-site-content-layout":"default","site-content-style":"default","site-sidebar-style":"default","ast-global-header-display":"","ast-banner-title-visibility":"","ast-main-header-display":"","ast-hfb-above-header-display":"","ast-hfb-below-header-display":"","ast-hfb-mobile-header-display":"","site-post-title":"","ast-breadcrumbs-content":"","ast-featured-img":"","footer-sml-layout":"","theme-transparent-header-meta":"default","adv-header-id-meta":"","stick-header-meta":"","header-above-stick-meta":"","header-main-stick-meta":"","header-below-stick-meta":"","astra-migrate-meta-layouts":"set","ast-page-background-enabled":"default","ast-page-background-meta":{"desktop":{"background-color":"var(--ast-global-color-4)","background-image":"","background-repeat":"repeat","background-position":"center center","background-size":"auto","background-attachment":"scroll","background-type":"","background-media":"","overlay-type":"","overlay-color":"","overlay-opacity":"","overlay-gradient":""},"tablet":{"background-color":"","background-image":"","background-repeat":"repeat","background-position":"center center","background-size":"auto","background-attachment":"scroll","background-type":"","background-media":"","overlay-type":"","overlay-color":"","overlay-opacity":"","overlay-gradient":""},"mobile":{"background-color":"","background-image":"","background-repeat":"repeat","background-position":"center center","background-size":"auto","background-attachment":"scroll","background-type":"","background-media":"","overlay-type":"","overlay-color":"","overlay-opacity":"","overlay-gradient":""}},"ast-content-background-meta":{"desktop":{"background-color":"var(--ast-global-color-5)","background-image":"","background-repeat":"repeat","background-position":"center center","background-size":"auto","background-attachment":"scroll","background-type":"","background-media":"","overlay-type":"","overlay-color":"","overlay-opacity":"","overlay-gradient":""},"tablet":{"background-color":"var(--ast-global-color-5)","background-image":"","background-repeat":"repeat","background-position":"center center","background-size":"auto","background-attachment":"scroll","background-type":"","background-media":"","overlay-type":"","overlay-color":"","overlay-opacity":"","overlay-gradient":""},"mobile":{"background-color":"var(--ast-global-color-5)","background-image":"","background-repeat":"repeat","background-position":"center center","background-size":"auto","background-attachment":"scroll","background-type":"","background-media":"","overlay-type":"","overlay-color":"","overlay-opacity":"","overlay-gradient":""}}},"product_brand":[],"product_cat":[352,190,16],"product_tag":[],"class_list":{"0":"post-4072","1":"product","2":"type-product","3":"status-publish","4":"has-post-thumbnail","6":"product_cat-d1-d3","7":"product_cat-china-led-headlight-bulbs-supplier","8":"product_cat-led-headlight-bulbs","9":"pa_model-d1s-d1r-d3s-d3r","10":"desktop-align-left","11":"tablet-align-left","12":"mobile-align-left","14":"first","15":"instock","16":"sold-individually","17":"shipping-taxable","18":"purchasable","19":"product-type-variable","20":"has-default-attributes"},"yoast_head":"<!-- This site is optimized with the Yoast SEO plugin v24.7 - https:\/\/yoast.com\/wordpress\/plugins\/seo\/ -->\n<title>D1 Plus LED Headlights D1S D1R D3S D3R 40W 4000LM - NAOEVO<\/title>\n<meta name=\"robots\" content=\"index, follow, max-snippet:-1, max-image-preview:large, max-video-preview:-1\" \/>\n<link rel=\"canonical\" href=\"https:\/\/www.naoevo.com\/es\/product\/d1-plus-led-headlights-d1s-d1r-d3s-d3r-40w-4000lm-naoevo\/\" \/>\n<meta property=\"og:locale\" content=\"es_ES\" \/>\n<meta property=\"og:type\" content=\"article\" \/>\n<meta property=\"og:title\" content=\"D1 Plus LED Headlights D1S D1R D3S D3R 40W 4000LM - NAOEVO\" \/>\n<meta property=\"og:description\" content=\"Discover the NAOEVO D1 Plus LED headlight kit\u2014engineered to replace D1S, D1R, D3S, and D3R HID bulbs with superior performance. The D1 Plus stands out for its exceptional brightness and advanced heat management. Thanks to the copper heat pipe and high-speed dual ball-bearing fan, heat is efficiently dissipated, extending the lifespan to over 50,000 hours.\" \/>\n<meta property=\"og:url\" content=\"https:\/\/www.naoevo.com\/es\/product\/d1-plus-led-headlights-d1s-d1r-d3s-d3r-40w-4000lm-naoevo\/\" \/>\n<meta property=\"og:site_name\" content=\"NAOEVO\" \/>\n<meta property=\"article:publisher\" content=\"https:\/\/www.facebook.com\/naoevolighting\" \/>\n<meta property=\"article:modified_time\" content=\"2025-05-26T10:16:18+00:00\" \/>\n<meta property=\"og:image\" content=\"https:\/\/www.naoevo.com\/wp-content\/uploads\/2023\/03\/D1S-D1R-D3S-D3R.jpg\" \/>\n\t<meta property=\"og:image:width\" content=\"1000\" \/>\n\t<meta property=\"og:image:height\" content=\"1000\" \/>\n\t<meta property=\"og:image:type\" content=\"image\/jpeg\" \/>\n<meta name=\"twitter:card\" content=\"summary_large_image\" \/>\n<script type=\"application\/ld+json\" class=\"yoast-schema-graph\">{\"@context\":\"https:\/\/schema.org\",\"@graph\":[{\"@type\":\"WebPage\",\"@id\":\"https:\/\/www.naoevo.com\/product\/d1-plus-led-headlights-d1s-d1r-d3s-d3r-40w-4000lm-naoevo\/\",\"url\":\"https:\/\/www.naoevo.com\/product\/d1-plus-led-headlights-d1s-d1r-d3s-d3r-40w-4000lm-naoevo\/\",\"name\":\"D1 Plus LED Headlights D1S D1R D3S D3R 40W 4000LM - NAOEVO\",\"isPartOf\":{\"@id\":\"https:\/\/www.naoevo.com\/#website\"},\"primaryImageOfPage\":{\"@id\":\"https:\/\/www.naoevo.com\/product\/d1-plus-led-headlights-d1s-d1r-d3s-d3r-40w-4000lm-naoevo\/#primaryimage\"},\"image\":{\"@id\":\"https:\/\/www.naoevo.com\/product\/d1-plus-led-headlights-d1s-d1r-d3s-d3r-40w-4000lm-naoevo\/#primaryimage\"},\"thumbnailUrl\":\"https:\/\/www.naoevo.com\/wp-content\/uploads\/2023\/03\/D1S-D1R-D3S-D3R.jpg\",\"datePublished\":\"2023-03-21T10:04:44+00:00\",\"dateModified\":\"2025-05-26T10:16:18+00:00\",\"breadcrumb\":{\"@id\":\"https:\/\/www.naoevo.com\/product\/d1-plus-led-headlights-d1s-d1r-d3s-d3r-40w-4000lm-naoevo\/#breadcrumb\"},\"inLanguage\":\"es\",\"potentialAction\":[{\"@type\":\"ReadAction\",\"target\":[\"https:\/\/www.naoevo.com\/product\/d1-plus-led-headlights-d1s-d1r-d3s-d3r-40w-4000lm-naoevo\/\"]}]},{\"@type\":\"ImageObject\",\"inLanguage\":\"es\",\"@id\":\"https:\/\/www.naoevo.com\/product\/d1-plus-led-headlights-d1s-d1r-d3s-d3r-40w-4000lm-naoevo\/#primaryimage\",\"url\":\"https:\/\/www.naoevo.com\/wp-content\/uploads\/2023\/03\/D1S-D1R-D3S-D3R.jpg\",\"contentUrl\":\"https:\/\/www.naoevo.com\/wp-content\/uploads\/2023\/03\/D1S-D1R-D3S-D3R.jpg\",\"width\":1000,\"height\":1000},{\"@type\":\"BreadcrumbList\",\"@id\":\"https:\/\/www.naoevo.com\/product\/d1-plus-led-headlights-d1s-d1r-d3s-d3r-40w-4000lm-naoevo\/#breadcrumb\",\"itemListElement\":[{\"@type\":\"ListItem\",\"position\":1,\"name\":\"Home\",\"item\":\"https:\/\/www.naoevo.com\/\"},{\"@type\":\"ListItem\",\"position\":2,\"name\":\"Products\",\"item\":\"https:\/\/www.naoevo.com\/shop__trashed\/\"},{\"@type\":\"ListItem\",\"position\":3,\"name\":\"Automotive LED Lights\",\"item\":\"https:\/\/www.naoevo.com\/product-category\/china-led-headlight-bulbs-supplier\/\"},{\"@type\":\"ListItem\",\"position\":4,\"name\":\"D1 Plus LED Headlights D1S D1R D3S D3R 40W 4000LM\"}]},{\"@type\":\"WebSite\",\"@id\":\"https:\/\/www.naoevo.com\/#website\",\"url\":\"https:\/\/www.naoevo.com\/\",\"name\":\"NAOEVO Auto Lighting\",\"description\":\"THE BEST AUTOMOTIVE LIGHTING MANUFACTURER\",\"publisher\":{\"@id\":\"https:\/\/www.naoevo.com\/#organization\"},\"potentialAction\":[{\"@type\":\"SearchAction\",\"target\":{\"@type\":\"EntryPoint\",\"urlTemplate\":\"https:\/\/www.naoevo.com\/?s={search_term_string}\"},\"query-input\":{\"@type\":\"PropertyValueSpecification\",\"valueRequired\":true,\"valueName\":\"search_term_string\"}}],\"inLanguage\":\"es\"},{\"@type\":\"Organization\",\"@id\":\"https:\/\/www.naoevo.com\/#organization\",\"name\":\"NAOEVO Auto Lighting\",\"url\":\"https:\/\/www.naoevo.com\/\",\"logo\":{\"@type\":\"ImageObject\",\"inLanguage\":\"es\",\"@id\":\"https:\/\/www.naoevo.com\/#\/schema\/logo\/image\/\",\"url\":\"https:\/\/www.naoevo.com\/wp-content\/uploads\/2023\/03\/cropped-NAOEVO-LOGO-2023.png\",\"contentUrl\":\"https:\/\/www.naoevo.com\/wp-content\/uploads\/2023\/03\/cropped-NAOEVO-LOGO-2023.png\",\"width\":1168,\"height\":151,\"caption\":\"NAOEVO Auto Lighting\"},\"image\":{\"@id\":\"https:\/\/www.naoevo.com\/#\/schema\/logo\/image\/\"},\"sameAs\":[\"https:\/\/www.facebook.com\/naoevolighting\",\"https:\/\/www.instagram.com\/naoevolightings\/\"]}]}<\/script>\n<!-- \/ Yoast SEO plugin. -->","yoast_head_json":{"title":"D1 Plus LED Headlights D1S D1R D3S D3R 40W 4000LM - NAOEVO","robots":{"index":"index","follow":"follow","max-snippet":"max-snippet:-1","max-image-preview":"max-image-preview:large","max-video-preview":"max-video-preview:-1"},"canonical":"https:\/\/www.naoevo.com\/es\/product\/d1-plus-led-headlights-d1s-d1r-d3s-d3r-40w-4000lm-naoevo\/","og_locale":"es_ES","og_type":"article","og_title":"D1 Plus LED Headlights D1S D1R D3S D3R 40W 4000LM - NAOEVO","og_description":"Discover the NAOEVO D1 Plus LED headlight kit\u2014engineered to replace D1S, D1R, D3S, and D3R HID bulbs with superior performance. The D1 Plus stands out for its exceptional brightness and advanced heat management. Thanks to the copper heat pipe and high-speed dual ball-bearing fan, heat is efficiently dissipated, extending the lifespan to over 50,000 hours.","og_url":"https:\/\/www.naoevo.com\/es\/product\/d1-plus-led-headlights-d1s-d1r-d3s-d3r-40w-4000lm-naoevo\/","og_site_name":"NAOEVO","article_publisher":"https:\/\/www.facebook.com\/naoevolighting","article_modified_time":"2025-05-26T10:16:18+00:00","og_image":[{"width":1000,"height":1000,"url":"https:\/\/www.naoevo.com\/wp-content\/uploads\/2023\/03\/D1S-D1R-D3S-D3R.jpg","type":"image\/jpeg"}],"twitter_card":"summary_large_image","schema":{"@context":"https:\/\/schema.org","@graph":[{"@type":"WebPage","@id":"https:\/\/www.naoevo.com\/product\/d1-plus-led-headlights-d1s-d1r-d3s-d3r-40w-4000lm-naoevo\/","url":"https:\/\/www.naoevo.com\/product\/d1-plus-led-headlights-d1s-d1r-d3s-d3r-40w-4000lm-naoevo\/","name":"D1 Plus LED Headlights D1S D1R D3S D3R 40W 4000LM - NAOEVO","isPartOf":{"@id":"https:\/\/www.naoevo.com\/#website"},"primaryImageOfPage":{"@id":"https:\/\/www.naoevo.com\/product\/d1-plus-led-headlights-d1s-d1r-d3s-d3r-40w-4000lm-naoevo\/#primaryimage"},"image":{"@id":"https:\/\/www.naoevo.com\/product\/d1-plus-led-headlights-d1s-d1r-d3s-d3r-40w-4000lm-naoevo\/#primaryimage"},"thumbnailUrl":"https:\/\/www.naoevo.com\/wp-content\/uploads\/2023\/03\/D1S-D1R-D3S-D3R.jpg","datePublished":"2023-03-21T10:04:44+00:00","dateModified":"2025-05-26T10:16:18+00:00","breadcrumb":{"@id":"https:\/\/www.naoevo.com\/product\/d1-plus-led-headlights-d1s-d1r-d3s-d3r-40w-4000lm-naoevo\/#breadcrumb"},"inLanguage":"es","potentialAction":[{"@type":"ReadAction","target":["https:\/\/www.naoevo.com\/product\/d1-plus-led-headlights-d1s-d1r-d3s-d3r-40w-4000lm-naoevo\/"]}]},{"@type":"ImageObject","inLanguage":"es","@id":"https:\/\/www.naoevo.com\/product\/d1-plus-led-headlights-d1s-d1r-d3s-d3r-40w-4000lm-naoevo\/#primaryimage","url":"https:\/\/www.naoevo.com\/wp-content\/uploads\/2023\/03\/D1S-D1R-D3S-D3R.jpg","contentUrl":"https:\/\/www.naoevo.com\/wp-content\/uploads\/2023\/03\/D1S-D1R-D3S-D3R.jpg","width":1000,"height":1000},{"@type":"BreadcrumbList","@id":"https:\/\/www.naoevo.com\/product\/d1-plus-led-headlights-d1s-d1r-d3s-d3r-40w-4000lm-naoevo\/#breadcrumb","itemListElement":[{"@type":"ListItem","position":1,"name":"Home","item":"https:\/\/www.naoevo.com\/"},{"@type":"ListItem","position":2,"name":"Products","item":"https:\/\/www.naoevo.com\/shop__trashed\/"},{"@type":"ListItem","position":3,"name":"Automotive LED Lights","item":"https:\/\/www.naoevo.com\/product-category\/china-led-headlight-bulbs-supplier\/"},{"@type":"ListItem","position":4,"name":"D1 Plus LED Headlights D1S D1R D3S D3R 40W 4000LM"}]},{"@type":"WebSite","@id":"https:\/\/www.naoevo.com\/#website","url":"https:\/\/www.naoevo.com\/","name":"NAOEVO Auto Lighting","description":"THE BEST AUTOMOTIVE LIGHTING MANUFACTURER","publisher":{"@id":"https:\/\/www.naoevo.com\/#organization"},"potentialAction":[{"@type":"SearchAction","target":{"@type":"EntryPoint","urlTemplate":"https:\/\/www.naoevo.com\/?s={search_term_string}"},"query-input":{"@type":"PropertyValueSpecification","valueRequired":true,"valueName":"search_term_string"}}],"inLanguage":"es"},{"@type":"Organization","@id":"https:\/\/www.naoevo.com\/#organization","name":"NAOEVO Auto Lighting","url":"https:\/\/www.naoevo.com\/","logo":{"@type":"ImageObject","inLanguage":"es","@id":"https:\/\/www.naoevo.com\/#\/schema\/logo\/image\/","url":"https:\/\/www.naoevo.com\/wp-content\/uploads\/2023\/03\/cropped-NAOEVO-LOGO-2023.png","contentUrl":"https:\/\/www.naoevo.com\/wp-content\/uploads\/2023\/03\/cropped-NAOEVO-LOGO-2023.png","width":1168,"height":151,"caption":"NAOEVO Auto Lighting"},"image":{"@id":"https:\/\/www.naoevo.com\/#\/schema\/logo\/image\/"},"sameAs":["https:\/\/www.facebook.com\/naoevolighting","https:\/\/www.instagram.com\/naoevolightings\/"]}]}},"_links":{"self":[{"href":"https:\/\/www.naoevo.com\/es\/wp-json\/wp\/v2\/product\/4072","targetHints":{"allow":["GET"]}}],"collection":[{"href":"https:\/\/www.naoevo.com\/es\/wp-json\/wp\/v2\/product"}],"about":[{"href":"https:\/\/www.naoevo.com\/es\/wp-json\/wp\/v2\/types\/product"}],"version-history":[{"count":10,"href":"https:\/\/www.naoevo.com\/es\/wp-json\/wp\/v2\/product\/4072\/revisions"}],"predecessor-version":[{"id":17126,"href":"https:\/\/www.naoevo.com\/es\/wp-json\/wp\/v2\/product\/4072\/revisions\/17126"}],"wp:featuredmedia":[{"embeddable":true,"href":"https:\/\/www.naoevo.com\/es\/wp-json\/wp\/v2\/media\/15645"}],"wp:attachment":[{"href":"https:\/\/www.naoevo.com\/es\/wp-json\/wp\/v2\/media?parent=4072"}],"wp:term":[{"taxonomy":"product_brand","embeddable":true,"href":"https:\/\/www.naoevo.com\/es\/wp-json\/wp\/v2\/product_brand?post=4072"},{"taxonomy":"product_cat","embeddable":true,"href":"https:\/\/www.naoevo.com\/es\/wp-json\/wp\/v2\/product_cat?post=4072"},{"taxonomy":"product_tag","embeddable":true,"href":"https:\/\/www.naoevo.com\/es\/wp-json\/wp\/v2\/product_tag?post=4072"}],"curies":[{"name":"wp","href":"https:\/\/api.w.org\/{rel}","templated":true}]}}