{"id":19171,"date":"2025-09-19T16:33:35","date_gmt":"2025-09-19T08:33:35","guid":{"rendered":"https:\/\/www.naoevo.com\/?post_type=product&#038;p=19171"},"modified":"2025-10-23T17:35:31","modified_gmt":"2025-10-23T09:35:31","slug":"eco55-series","status":"publish","type":"product","link":"https:\/\/www.naoevo.com\/es\/product\/eco55-series\/","title":{"rendered":"NAOEVO ECO55 Series | 55W 6600LM LED Car Lights"},"content":{"rendered":"<div data-elementor-type=\"product-post\" data-elementor-id=\"19171\" class=\"elementor elementor-19171\" data-elementor-post-type=\"product\">\n\t\t\t\t<div class=\"elementor-element elementor-element-414aa29 e-flex e-con-boxed e-con e-parent\" data-id=\"414aa29\" data-element_type=\"container\" data-settings=\"{&quot;jet_parallax_layout_list&quot;:[]}\">\n\t\t\t\t\t<div class=\"e-con-inner\">\n\t\t\t\t<div class=\"elementor-element elementor-element-ec115a5 e-n-tabs-none elementor-widget elementor-widget-n-tabs\" data-id=\"ec115a5\" data-element_type=\"widget\" data-settings=\"{&quot;tabs_justify_horizontal&quot;:&quot;start&quot;,&quot;horizontal_scroll&quot;:&quot;enable&quot;}\" data-widget_type=\"nested-tabs.default\">\n\t\t\t\t\t\t\t<div class=\"e-n-tabs\" data-widget-number=\"247535013\" aria-label=\"Pesta\u00f1as. Abre elementos con Intro o Espacio, ci\u00e9rralos con Escape y navega con las fechas.\" data-no-translation-aria-label=\"\">\n\t\t\t<div class=\"e-n-tabs-heading\" role=\"tablist\">\n\t\t\t\t\t<button id=\"e-n-tab-title-2475350131\" class=\"e-n-tab-title\" aria-selected=\"true\" data-tab-index=\"1\" role=\"tab\" tabindex=\"0\" aria-controls=\"e-n-tab-content-2475350131\" style=\"--n-tabs-title-order: 1;\">\n\t\t\t\t\t\t<span class=\"e-n-tab-title-text\">\n\t\t\t\tCARACTER\u00cdSTICAS\t\t\t<\/span>\n\t\t<\/button>\n\t\t\t\t<button id=\"e-n-tab-title-2475350132\" class=\"e-n-tab-title\" aria-selected=\"false\" data-tab-index=\"2\" role=\"tab\" tabindex=\"-1\" aria-controls=\"e-n-tab-content-2475350132\" style=\"--n-tabs-title-order: 2;\">\n\t\t\t\t\t\t<span class=\"e-n-tab-title-text\">\n\t\t\t\tESPECIFICACIONES\t\t\t<\/span>\n\t\t<\/button>\n\t\t\t\t\t<\/div>\n\t\t\t<div class=\"e-n-tabs-content\">\n\t\t\t\t<div id=\"e-n-tab-content-2475350131\" role=\"tabpanel\" aria-labelledby=\"e-n-tab-title-2475350131\" data-tab-index=\"1\" style=\"--n-tabs-title-order: 1;\" class=\"e-active elementor-element elementor-element-d61e98f e-con-full e-flex e-con e-child\" data-id=\"d61e98f\" data-element_type=\"container\" data-settings=\"{&quot;jet_parallax_layout_list&quot;:[]}\">\n\t\t<div class=\"elementor-element elementor-element-f8f1118 e-con-full e-grid e-con e-child\" data-id=\"f8f1118\" data-element_type=\"container\" data-settings=\"{&quot;jet_parallax_layout_list&quot;:[]}\">\n\t\t<div class=\"elementor-element elementor-element-20fd8a1 e-con-full e-flex e-con e-child\" data-id=\"20fd8a1\" data-element_type=\"container\" data-settings=\"{&quot;jet_parallax_layout_list&quot;:[]}\">\n\t\t\t\t<div class=\"elementor-element elementor-element-59dfb90 elementor-position-left elementor-position-top elementor-vertical-align-top elementor-widget elementor-widget-image-box\" data-id=\"59dfb90\" data-element_type=\"widget\" data-widget_type=\"image-box.default\">\n\t\t\t\t\t<div class=\"elementor-image-box-wrapper\"><figure class=\"elementor-image-box-img\"><img fetchpriority=\"high\" decoding=\"async\" width=\"468\" height=\"468\" src=\"https:\/\/www.naoevo.com\/wp-content\/uploads\/2025\/05\/Superior-High-Brightness.jpg\" class=\"attachment-full size-full wp-image-16787\" alt=\"\" srcset=\"https:\/\/www.naoevo.com\/wp-content\/uploads\/2025\/05\/Superior-High-Brightness.jpg 468w, https:\/\/www.naoevo.com\/wp-content\/uploads\/2025\/05\/Superior-High-Brightness-300x300.jpg 300w, https:\/\/www.naoevo.com\/wp-content\/uploads\/2025\/05\/Superior-High-Brightness-150x150.jpg 150w, https:\/\/www.naoevo.com\/wp-content\/uploads\/2025\/05\/Superior-High-Brightness-100x100.jpg 100w, https:\/\/www.naoevo.com\/wp-content\/uploads\/2025\/05\/Superior-High-Brightness-64x64.jpg 64w\" sizes=\"(max-width: 468px) 100vw, 468px\" \/><\/figure><div class=\"elementor-image-box-content\"><h3 class=\"elementor-image-box-title\">Alta eficiencia lum\u00ednica<\/h3><p class=\"elementor-image-box-description\">El ECO55 se construye con 8 * 55mil flip chips, la entrega de 55W 6600LM \/ bulbo, brillo moderado sin causar tensi\u00f3n en el sistema el\u00e9ctrico de su veh\u00edculo, garantizando un rendimiento seguro, eficiente y de larga duraci\u00f3n. <\/p><\/div><\/div>\t\t\t\t<\/div>\n\t\t\t\t<\/div>\n\t\t<div class=\"elementor-element elementor-element-627e443 e-con-full e-flex e-con e-child\" data-id=\"627e443\" data-element_type=\"container\" data-settings=\"{&quot;jet_parallax_layout_list&quot;:[]}\">\n\t\t\t\t<div class=\"elementor-element elementor-element-3576d21 elementor-position-left elementor-position-top elementor-vertical-align-top elementor-widget elementor-widget-image-box\" data-id=\"3576d21\" data-element_type=\"widget\" data-widget_type=\"image-box.default\">\n\t\t\t\t\t<div class=\"elementor-image-box-wrapper\"><figure class=\"elementor-image-box-img\"><img decoding=\"async\" width=\"468\" height=\"468\" src=\"https:\/\/www.naoevo.com\/wp-content\/uploads\/2025\/05\/Quality-Beam-Pattern.jpg\" class=\"attachment-full size-full wp-image-16784\" alt=\"\" srcset=\"https:\/\/www.naoevo.com\/wp-content\/uploads\/2025\/05\/Quality-Beam-Pattern.jpg 468w, https:\/\/www.naoevo.com\/wp-content\/uploads\/2025\/05\/Quality-Beam-Pattern-300x300.jpg 300w, https:\/\/www.naoevo.com\/wp-content\/uploads\/2025\/05\/Quality-Beam-Pattern-150x150.jpg 150w, https:\/\/www.naoevo.com\/wp-content\/uploads\/2025\/05\/Quality-Beam-Pattern-100x100.jpg 100w, https:\/\/www.naoevo.com\/wp-content\/uploads\/2025\/05\/Quality-Beam-Pattern-64x64.jpg 64w\" sizes=\"(max-width: 468px) 100vw, 468px\" \/><\/figure><div class=\"elementor-image-box-content\"><h3 class=\"elementor-image-box-title\">Tecnolog\u00eda lineal<\/h3><p class=\"elementor-image-box-description\">NAOEVO es el primer grupo de fabricantes que fabrica productos lineales. Las bombillas LED de la serie ECO55 incorporan la \u00faltima tecnolog\u00eda lineal, lo que las hace compatibles con el 99% de los veh\u00edculos sin necesidad de voluminosos controladores Canbus. No se preocupe por las interferencias de radio, advertencia en el salpicadero, y el parpadeo de la luz.<\/p><\/div><\/div>\t\t\t\t<\/div>\n\t\t\t\t<\/div>\n\t\t<div class=\"elementor-element elementor-element-4220b62 e-con-full e-flex e-con e-child\" data-id=\"4220b62\" data-element_type=\"container\" data-settings=\"{&quot;jet_parallax_layout_list&quot;:[]}\">\n\t\t\t\t<div class=\"elementor-element elementor-element-eca1933 elementor-position-left elementor-position-top elementor-vertical-align-top elementor-widget elementor-widget-image-box\" data-id=\"eca1933\" data-element_type=\"widget\" data-widget_type=\"image-box.default\">\n\t\t\t\t\t<div class=\"elementor-image-box-wrapper\"><figure class=\"elementor-image-box-img\"><img decoding=\"async\" width=\"468\" height=\"468\" src=\"https:\/\/www.naoevo.com\/wp-content\/uploads\/2025\/05\/Efficient-Heat-Dissipation.jpg\" class=\"attachment-full size-full wp-image-16785\" alt=\"\" srcset=\"https:\/\/www.naoevo.com\/wp-content\/uploads\/2025\/05\/Efficient-Heat-Dissipation.jpg 468w, https:\/\/www.naoevo.com\/wp-content\/uploads\/2025\/05\/Efficient-Heat-Dissipation-300x300.jpg 300w, https:\/\/www.naoevo.com\/wp-content\/uploads\/2025\/05\/Efficient-Heat-Dissipation-150x150.jpg 150w, https:\/\/www.naoevo.com\/wp-content\/uploads\/2025\/05\/Efficient-Heat-Dissipation-100x100.jpg 100w, https:\/\/www.naoevo.com\/wp-content\/uploads\/2025\/05\/Efficient-Heat-Dissipation-64x64.jpg 64w\" sizes=\"(max-width: 468px) 100vw, 468px\" \/><\/figure><div class=\"elementor-image-box-content\"><h3 class=\"elementor-image-box-title\">R\u00e1pida disipaci\u00f3n del calor<\/h3><p class=\"elementor-image-box-description\">Para garantizar una iluminaci\u00f3n nocturna duradera. Las bombillas LED ECO55 utilizan la tecnolog\u00eda de tubo de cobre m\u00e1s grande para conducir el calor m\u00e1s r\u00e1pido, lo que puede lograr 3-4 veces mejor refrigeraci\u00f3n que otras bombillas. Junto con el ventilador de alta velocidad, las bombillas ECO55 LED pueden mantener una temperatura de funcionamiento segura y un brillo constante para un uso prolongado. <\/p><\/div><\/div>\t\t\t\t<\/div>\n\t\t\t\t<\/div>\n\t\t<div class=\"elementor-element elementor-element-f2ca1eb e-con-full e-flex e-con e-child\" data-id=\"f2ca1eb\" data-element_type=\"container\" data-settings=\"{&quot;jet_parallax_layout_list&quot;:[]}\">\n\t\t\t\t<div class=\"elementor-element elementor-element-453000b elementor-position-left elementor-position-top elementor-vertical-align-top elementor-widget elementor-widget-image-box\" data-id=\"453000b\" data-element_type=\"widget\" data-widget_type=\"image-box.default\">\n\t\t\t\t\t<div class=\"elementor-image-box-wrapper\"><figure class=\"elementor-image-box-img\"><img loading=\"lazy\" decoding=\"async\" width=\"150\" height=\"150\" src=\"https:\/\/www.naoevo.com\/wp-content\/uploads\/2025\/05\/1-1-design.png\" class=\"attachment-full size-full wp-image-16797\" alt=\"\" srcset=\"https:\/\/www.naoevo.com\/wp-content\/uploads\/2025\/05\/1-1-design.png 150w, https:\/\/www.naoevo.com\/wp-content\/uploads\/2025\/05\/1-1-design-100x100.png 100w, https:\/\/www.naoevo.com\/wp-content\/uploads\/2025\/05\/1-1-design-64x64.png 64w\" sizes=\"(max-width: 150px) 100vw, 150px\" \/><\/figure><div class=\"elementor-image-box-content\"><h3 class=\"elementor-image-box-title\">1:1 Plug &amp; Play<\/h3><p class=\"elementor-image-box-description\">La bombilla LED ECO55 para coche presenta un tama\u00f1o compacto similar al de las hal\u00f3genas para una instalaci\u00f3n sin complicaciones. Con su dise\u00f1o todo en uno y sin necesidad de driver externo, ofrece un amplio espacio y garantiza un montaje r\u00e1pido y sin esfuerzo.<\/p><\/div><\/div>\t\t\t\t<\/div>\n\t\t\t\t<\/div>\n\t\t\t\t<\/div>\n\t\t\t\t<\/div>\n\t\t<div id=\"e-n-tab-content-2475350132\" role=\"tabpanel\" aria-labelledby=\"e-n-tab-title-2475350132\" data-tab-index=\"2\" style=\"--n-tabs-title-order: 2;\" class=\"elementor-element elementor-element-7351d38 e-con-full e-flex e-con e-child\" data-id=\"7351d38\" data-element_type=\"container\" data-settings=\"{&quot;jet_parallax_layout_list&quot;:[]}\">\n\t\t\t\t<div class=\"elementor-element elementor-element-50c4e2c elementor-widget elementor-widget-text-editor\" data-id=\"50c4e2c\" data-element_type=\"widget\" data-widget_type=\"text-editor.default\">\n\t\t\t\t\t\t\t\t\t<table><tbody><tr><td><strong>POTENCIA<\/strong><\/td><td>55W 6600LM \/ BOMBILLA<\/td><\/tr><tr><td><strong>COLOR<\/strong><\/td><td>6500K BLANCO<\/td><\/tr><tr><td><strong>TENSI\u00d3N<\/strong><\/td><td>DC9-16V<\/td><\/tr><tr><td><strong>TENSI\u00d3N DE SERVICIO<\/strong><\/td><td>13.5V<\/td><\/tr><tr><td><strong>CHIP<\/strong><\/td><td>8pcs 55*55 MIL FLIP CHIP<\/td><\/tr><tr><td><strong>GARANT\u00cdA<\/strong><\/td><td>2 A\u00d1OS<\/td><\/tr><\/tbody><\/table>\t\t\t\t\t\t\t\t<\/div>\n\t\t\t\t<\/div>\n\t\t\t\t\t<\/div>\n\t\t<\/div>\n\t\t\t\t\t\t<\/div>\n\t\t\t\t<div class=\"elementor-element elementor-element-ca04264 elementor-widget elementor-widget-heading\" data-id=\"ca04264\" data-element_type=\"widget\" data-widget_type=\"heading.default\">\n\t\t\t\t\t<h2 class=\"elementor-heading-title elementor-size-default\">V\u00eddeo<\/h2>\t\t\t\t<\/div>\n\t\t<div class=\"elementor-element elementor-element-ce8bebe e-con-full e-flex e-con e-child\" data-id=\"ce8bebe\" data-element_type=\"container\" data-settings=\"{&quot;background_background&quot;:&quot;classic&quot;,&quot;jet_parallax_layout_list&quot;:[]}\">\n\t\t<div class=\"elementor-element elementor-element-01065ef e-con-full e-flex e-con e-child\" data-id=\"01065ef\" data-element_type=\"container\" data-settings=\"{&quot;jet_parallax_layout_list&quot;:[]}\">\n\t\t\t\t<div class=\"elementor-element elementor-element-d936cc2 elementor-widget elementor-widget-video\" data-id=\"d936cc2\" data-element_type=\"widget\" data-settings=\"{&quot;youtube_url&quot;:&quot;https:\\\/\\\/youtu.be\\\/EkI5WWi-aBQ&quot;,&quot;video_type&quot;:&quot;youtube&quot;,&quot;controls&quot;:&quot;yes&quot;}\" data-widget_type=\"video.default\">\n\t\t\t\t\t\t\t<div class=\"elementor-wrapper elementor-open-inline\">\n\t\t\t<div class=\"elementor-video\"><\/div>\t\t<\/div>\n\t\t\t\t\t\t<\/div>\n\t\t\t\t<\/div>\n\t\t\t\t<\/div>\n\t\t\t\t\t<\/div>\n\t\t\t\t<\/div>\n\t\t\t\t<\/div>","protected":false},"excerpt":{"rendered":"<p>En <strong>ECO55<\/strong> Las bombillas LED para faros delanteros est\u00e1n inspiradas en la ballena, que simboliza el poder, la estabilidad y la gracia. Al igual que una ballena se mueve con suavidad y fuerza por el oc\u00e9ano, ECO55 est\u00e1 dise\u00f1ado para ofrecer un rendimiento lum\u00ednico estable y potente en la carretera. Con <strong>55W 6600LM <\/strong> cada bombilla, esta bombilla utiliza tecnolog\u00eda de descodificaci\u00f3n lineal para ofrecer una iluminaci\u00f3n mejorada al tiempo que garantiza la compatibilidad con la mayor\u00eda de los veh\u00edculos.<\/p>","protected":false},"featured_media":19191,"template":"","meta":{"site-sidebar-layout":"default","site-content-layout":"default","ast-site-content-layout":"default","site-content-style":"default","site-sidebar-style":"default","ast-global-header-display":"","ast-banner-title-visibility":"","ast-main-header-display":"","ast-hfb-above-header-display":"","ast-hfb-below-header-display":"","ast-hfb-mobile-header-display":"","site-post-title":"","ast-breadcrumbs-content":"","ast-featured-img":"","footer-sml-layout":"","theme-transparent-header-meta":"default","adv-header-id-meta":"","stick-header-meta":"","header-above-stick-meta":"","header-main-stick-meta":"","header-below-stick-meta":"","astra-migrate-meta-layouts":"set","ast-page-background-enabled":"default","ast-page-background-meta":{"desktop":{"background-color":"var(--ast-global-color-4)","background-image":"","background-repeat":"repeat","background-position":"center center","background-size":"auto","background-attachment":"scroll","background-type":"","background-media":"","overlay-type":"","overlay-color":"","overlay-opacity":"","overlay-gradient":""},"tablet":{"background-color":"","background-image":"","background-repeat":"repeat","background-position":"center center","background-size":"auto","background-attachment":"scroll","background-type":"","background-media":"","overlay-type":"","overlay-color":"","overlay-opacity":"","overlay-gradient":""},"mobile":{"background-color":"","background-image":"","background-repeat":"repeat","background-position":"center center","background-size":"auto","background-attachment":"scroll","background-type":"","background-media":"","overlay-type":"","overlay-color":"","overlay-opacity":"","overlay-gradient":""}},"ast-content-background-meta":{"desktop":{"background-color":"var(--ast-global-color-5)","background-image":"","background-repeat":"repeat","background-position":"center center","background-size":"auto","background-attachment":"scroll","background-type":"","background-media":"","overlay-type":"","overlay-color":"","overlay-opacity":"","overlay-gradient":""},"tablet":{"background-color":"var(--ast-global-color-5)","background-image":"","background-repeat":"repeat","background-position":"center center","background-size":"auto","background-attachment":"scroll","background-type":"","background-media":"","overlay-type":"","overlay-color":"","overlay-opacity":"","overlay-gradient":""},"mobile":{"background-color":"var(--ast-global-color-5)","background-image":"","background-repeat":"repeat","background-position":"center center","background-size":"auto","background-attachment":"scroll","background-type":"","background-media":"","overlay-type":"","overlay-color":"","overlay-opacity":"","overlay-gradient":""}}},"product_brand":[],"product_cat":[346,347,350,343,344,351,345,335,341,349,354,348,339,340,16],"product_tag":[],"class_list":{"0":"post-19171","1":"product","2":"type-product","3":"status-publish","4":"has-post-thumbnail","6":"product_cat-346","7":"product_cat-880-881","8":"product_cat-350","9":"product_cat-343","10":"product_cat-344","11":"product_cat-351","12":"product_cat-345","13":"product_cat-h1","14":"product_cat-h10","15":"product_cat-h13","16":"product_cat-h3","17":"product_cat-h4","18":"product_cat-h7","19":"product_cat-h8-h9-h11","20":"product_cat-led-headlight-bulbs","21":"pa_model-h4-9003","22":"pa_model-h1","23":"pa_model-h7","24":"pa_model-h11-led-headlight-bulb-naoevo","25":"pa_model-9005-hb3-led-headlight-bulb","26":"pa_model-108","27":"pa_model-880-881","28":"desktop-align-left","29":"tablet-align-left","30":"mobile-align-left","32":"first","33":"instock","34":"sold-individually","35":"shipping-taxable","36":"purchasable","37":"product-type-variable","38":"has-default-attributes"},"yoast_head":"<!-- This site is optimized with the Yoast SEO plugin v24.7 - https:\/\/yoast.com\/wordpress\/plugins\/seo\/ -->\n<title>NAOEVO ECO55 Series | 55W 6600LM LED Car Lights<\/title>\n<meta name=\"description\" content=\"Get ECO55 LED car light with high brightness and long life, perfect for safer night driving, 2 years of warranty, welcome wholesale orders.\" \/>\n<meta name=\"robots\" content=\"index, follow, max-snippet:-1, max-image-preview:large, max-video-preview:-1\" \/>\n<link rel=\"canonical\" href=\"https:\/\/www.naoevo.com\/es\/product\/eco55-series\/\" \/>\n<meta property=\"og:locale\" content=\"es_ES\" \/>\n<meta property=\"og:type\" content=\"article\" \/>\n<meta property=\"og:title\" content=\"NAOEVO ECO55 Series | 55W 6600LM LED Car Lights\" \/>\n<meta property=\"og:description\" content=\"Get ECO55 LED car light with high brightness and long life, perfect for safer night driving, 2 years of warranty, welcome wholesale orders.\" \/>\n<meta property=\"og:url\" content=\"https:\/\/www.naoevo.com\/es\/product\/eco55-series\/\" \/>\n<meta property=\"og:site_name\" content=\"NAOEVO\" \/>\n<meta property=\"article:publisher\" content=\"https:\/\/www.facebook.com\/naoevolighting\" \/>\n<meta property=\"article:modified_time\" content=\"2025-10-23T09:35:31+00:00\" \/>\n<meta property=\"og:image\" content=\"https:\/\/www.naoevo.com\/wp-content\/uploads\/2025\/09\/\u4e3b\u56fe.jpg\" \/>\n\t<meta property=\"og:image:width\" content=\"1000\" \/>\n\t<meta property=\"og:image:height\" content=\"1000\" \/>\n\t<meta property=\"og:image:type\" content=\"image\/jpeg\" \/>\n<meta name=\"twitter:card\" content=\"summary_large_image\" \/>\n<script type=\"application\/ld+json\" class=\"yoast-schema-graph\">{\"@context\":\"https:\/\/schema.org\",\"@graph\":[{\"@type\":\"WebPage\",\"@id\":\"https:\/\/www.naoevo.com\/product\/eco55-series\/\",\"url\":\"https:\/\/www.naoevo.com\/product\/eco55-series\/\",\"name\":\"NAOEVO ECO55 Series | 55W 6600LM LED Car Lights\",\"isPartOf\":{\"@id\":\"https:\/\/www.naoevo.com\/#website\"},\"primaryImageOfPage\":{\"@id\":\"https:\/\/www.naoevo.com\/product\/eco55-series\/#primaryimage\"},\"image\":{\"@id\":\"https:\/\/www.naoevo.com\/product\/eco55-series\/#primaryimage\"},\"thumbnailUrl\":\"https:\/\/www.naoevo.com\/wp-content\/uploads\/2025\/09\/\u4e3b\u56fe.jpg\",\"datePublished\":\"2025-09-19T08:33:35+00:00\",\"dateModified\":\"2025-10-23T09:35:31+00:00\",\"description\":\"Get ECO55 LED car light with high brightness and long life, perfect for safer night driving, 2 years of warranty, welcome wholesale orders.\",\"breadcrumb\":{\"@id\":\"https:\/\/www.naoevo.com\/product\/eco55-series\/#breadcrumb\"},\"inLanguage\":\"es\",\"potentialAction\":[{\"@type\":\"ReadAction\",\"target\":[\"https:\/\/www.naoevo.com\/product\/eco55-series\/\"]}]},{\"@type\":\"ImageObject\",\"inLanguage\":\"es\",\"@id\":\"https:\/\/www.naoevo.com\/product\/eco55-series\/#primaryimage\",\"url\":\"https:\/\/www.naoevo.com\/wp-content\/uploads\/2025\/09\/\u4e3b\u56fe.jpg\",\"contentUrl\":\"https:\/\/www.naoevo.com\/wp-content\/uploads\/2025\/09\/\u4e3b\u56fe.jpg\",\"width\":1000,\"height\":1000,\"caption\":\"ECO55 LED Headlight\"},{\"@type\":\"BreadcrumbList\",\"@id\":\"https:\/\/www.naoevo.com\/product\/eco55-series\/#breadcrumb\",\"itemListElement\":[{\"@type\":\"ListItem\",\"position\":1,\"name\":\"Home\",\"item\":\"https:\/\/www.naoevo.com\/\"},{\"@type\":\"ListItem\",\"position\":2,\"name\":\"Products\",\"item\":\"https:\/\/www.naoevo.com\/shop__trashed\/\"},{\"@type\":\"ListItem\",\"position\":3,\"name\":\"5202 LED Bulbs\",\"item\":\"https:\/\/www.naoevo.com\/product-category\/5202\/\"},{\"@type\":\"ListItem\",\"position\":4,\"name\":\"NAOEVO ECO55 Series | 55W 6600LM LED Car Lights\"}]},{\"@type\":\"WebSite\",\"@id\":\"https:\/\/www.naoevo.com\/#website\",\"url\":\"https:\/\/www.naoevo.com\/\",\"name\":\"NAOEVO Auto Lighting\",\"description\":\"THE BEST AUTOMOTIVE LIGHTING MANUFACTURER\",\"publisher\":{\"@id\":\"https:\/\/www.naoevo.com\/#organization\"},\"potentialAction\":[{\"@type\":\"SearchAction\",\"target\":{\"@type\":\"EntryPoint\",\"urlTemplate\":\"https:\/\/www.naoevo.com\/?s={search_term_string}\"},\"query-input\":{\"@type\":\"PropertyValueSpecification\",\"valueRequired\":true,\"valueName\":\"search_term_string\"}}],\"inLanguage\":\"es\"},{\"@type\":\"Organization\",\"@id\":\"https:\/\/www.naoevo.com\/#organization\",\"name\":\"NAOEVO Auto Lighting\",\"url\":\"https:\/\/www.naoevo.com\/\",\"logo\":{\"@type\":\"ImageObject\",\"inLanguage\":\"es\",\"@id\":\"https:\/\/www.naoevo.com\/#\/schema\/logo\/image\/\",\"url\":\"https:\/\/www.naoevo.com\/wp-content\/uploads\/2023\/03\/cropped-NAOEVO-LOGO-2023.png\",\"contentUrl\":\"https:\/\/www.naoevo.com\/wp-content\/uploads\/2023\/03\/cropped-NAOEVO-LOGO-2023.png\",\"width\":1168,\"height\":151,\"caption\":\"NAOEVO Auto Lighting\"},\"image\":{\"@id\":\"https:\/\/www.naoevo.com\/#\/schema\/logo\/image\/\"},\"sameAs\":[\"https:\/\/www.facebook.com\/naoevolighting\",\"https:\/\/www.instagram.com\/naoevolightings\/\"]}]}<\/script>\n<!-- \/ Yoast SEO plugin. -->","yoast_head_json":{"title":"NAOEVO ECO55 Series | 55W 6600LM LED Car Lights","description":"Get ECO55 LED car light with high brightness and long life, perfect for safer night driving, 2 years of warranty, welcome wholesale orders.","robots":{"index":"index","follow":"follow","max-snippet":"max-snippet:-1","max-image-preview":"max-image-preview:large","max-video-preview":"max-video-preview:-1"},"canonical":"https:\/\/www.naoevo.com\/es\/product\/eco55-series\/","og_locale":"es_ES","og_type":"article","og_title":"NAOEVO ECO55 Series | 55W 6600LM LED Car Lights","og_description":"Get ECO55 LED car light with high brightness and long life, perfect for safer night driving, 2 years of warranty, welcome wholesale orders.","og_url":"https:\/\/www.naoevo.com\/es\/product\/eco55-series\/","og_site_name":"NAOEVO","article_publisher":"https:\/\/www.facebook.com\/naoevolighting","article_modified_time":"2025-10-23T09:35:31+00:00","og_image":[{"width":1000,"height":1000,"url":"https:\/\/www.naoevo.com\/wp-content\/uploads\/2025\/09\/\u4e3b\u56fe.jpg","type":"image\/jpeg"}],"twitter_card":"summary_large_image","schema":{"@context":"https:\/\/schema.org","@graph":[{"@type":"WebPage","@id":"https:\/\/www.naoevo.com\/product\/eco55-series\/","url":"https:\/\/www.naoevo.com\/product\/eco55-series\/","name":"NAOEVO ECO55 Series | 55W 6600LM LED Car Lights","isPartOf":{"@id":"https:\/\/www.naoevo.com\/#website"},"primaryImageOfPage":{"@id":"https:\/\/www.naoevo.com\/product\/eco55-series\/#primaryimage"},"image":{"@id":"https:\/\/www.naoevo.com\/product\/eco55-series\/#primaryimage"},"thumbnailUrl":"https:\/\/www.naoevo.com\/wp-content\/uploads\/2025\/09\/\u4e3b\u56fe.jpg","datePublished":"2025-09-19T08:33:35+00:00","dateModified":"2025-10-23T09:35:31+00:00","description":"Get ECO55 LED car light with high brightness and long life, perfect for safer night driving, 2 years of warranty, welcome wholesale orders.","breadcrumb":{"@id":"https:\/\/www.naoevo.com\/product\/eco55-series\/#breadcrumb"},"inLanguage":"es","potentialAction":[{"@type":"ReadAction","target":["https:\/\/www.naoevo.com\/product\/eco55-series\/"]}]},{"@type":"ImageObject","inLanguage":"es","@id":"https:\/\/www.naoevo.com\/product\/eco55-series\/#primaryimage","url":"https:\/\/www.naoevo.com\/wp-content\/uploads\/2025\/09\/\u4e3b\u56fe.jpg","contentUrl":"https:\/\/www.naoevo.com\/wp-content\/uploads\/2025\/09\/\u4e3b\u56fe.jpg","width":1000,"height":1000,"caption":"ECO55 LED Headlight"},{"@type":"BreadcrumbList","@id":"https:\/\/www.naoevo.com\/product\/eco55-series\/#breadcrumb","itemListElement":[{"@type":"ListItem","position":1,"name":"Home","item":"https:\/\/www.naoevo.com\/"},{"@type":"ListItem","position":2,"name":"Products","item":"https:\/\/www.naoevo.com\/shop__trashed\/"},{"@type":"ListItem","position":3,"name":"5202 LED Bulbs","item":"https:\/\/www.naoevo.com\/product-category\/5202\/"},{"@type":"ListItem","position":4,"name":"NAOEVO ECO55 Series | 55W 6600LM LED Car Lights"}]},{"@type":"WebSite","@id":"https:\/\/www.naoevo.com\/#website","url":"https:\/\/www.naoevo.com\/","name":"NAOEVO Auto Lighting","description":"THE BEST AUTOMOTIVE LIGHTING MANUFACTURER","publisher":{"@id":"https:\/\/www.naoevo.com\/#organization"},"potentialAction":[{"@type":"SearchAction","target":{"@type":"EntryPoint","urlTemplate":"https:\/\/www.naoevo.com\/?s={search_term_string}"},"query-input":{"@type":"PropertyValueSpecification","valueRequired":true,"valueName":"search_term_string"}}],"inLanguage":"es"},{"@type":"Organization","@id":"https:\/\/www.naoevo.com\/#organization","name":"NAOEVO Auto Lighting","url":"https:\/\/www.naoevo.com\/","logo":{"@type":"ImageObject","inLanguage":"es","@id":"https:\/\/www.naoevo.com\/#\/schema\/logo\/image\/","url":"https:\/\/www.naoevo.com\/wp-content\/uploads\/2023\/03\/cropped-NAOEVO-LOGO-2023.png","contentUrl":"https:\/\/www.naoevo.com\/wp-content\/uploads\/2023\/03\/cropped-NAOEVO-LOGO-2023.png","width":1168,"height":151,"caption":"NAOEVO Auto Lighting"},"image":{"@id":"https:\/\/www.naoevo.com\/#\/schema\/logo\/image\/"},"sameAs":["https:\/\/www.facebook.com\/naoevolighting","https:\/\/www.instagram.com\/naoevolightings\/"]}]}},"_links":{"self":[{"href":"https:\/\/www.naoevo.com\/es\/wp-json\/wp\/v2\/product\/19171","targetHints":{"allow":["GET"]}}],"collection":[{"href":"https:\/\/www.naoevo.com\/es\/wp-json\/wp\/v2\/product"}],"about":[{"href":"https:\/\/www.naoevo.com\/es\/wp-json\/wp\/v2\/types\/product"}],"version-history":[{"count":15,"href":"https:\/\/www.naoevo.com\/es\/wp-json\/wp\/v2\/product\/19171\/revisions"}],"predecessor-version":[{"id":19478,"href":"https:\/\/www.naoevo.com\/es\/wp-json\/wp\/v2\/product\/19171\/revisions\/19478"}],"wp:featuredmedia":[{"embeddable":true,"href":"https:\/\/www.naoevo.com\/es\/wp-json\/wp\/v2\/media\/19191"}],"wp:attachment":[{"href":"https:\/\/www.naoevo.com\/es\/wp-json\/wp\/v2\/media?parent=19171"}],"wp:term":[{"taxonomy":"product_brand","embeddable":true,"href":"https:\/\/www.naoevo.com\/es\/wp-json\/wp\/v2\/product_brand?post=19171"},{"taxonomy":"product_cat","embeddable":true,"href":"https:\/\/www.naoevo.com\/es\/wp-json\/wp\/v2\/product_cat?post=19171"},{"taxonomy":"product_tag","embeddable":true,"href":"https:\/\/www.naoevo.com\/es\/wp-json\/wp\/v2\/product_tag?post=19171"}],"curies":[{"name":"wp","href":"https:\/\/api.w.org\/{rel}","templated":true}]}}