{"id":14274,"date":"2025-03-22T14:12:55","date_gmt":"2025-03-22T06:12:55","guid":{"rendered":"https:\/\/www.naoevo.com\/?post_type=product&#038;p=14274"},"modified":"2025-05-26T18:01:28","modified_gmt":"2025-05-26T10:01:28","slug":"naoevo-xgt6-series-60w-7200lm-led-car-light","status":"publish","type":"product","link":"https:\/\/www.naoevo.com\/es\/product\/naoevo-xgt6-series-60w-7200lm-led-car-light\/","title":{"rendered":"Serie NAOEVO XGT6 | 60W 7200LM"},"content":{"rendered":"<div data-elementor-type=\"product-post\" data-elementor-id=\"14274\" class=\"elementor elementor-14274\" data-elementor-post-type=\"product\">\n\t\t\t\t<div class=\"elementor-element elementor-element-d0ad964 e-flex e-con-boxed e-con e-parent\" data-id=\"d0ad964\" data-element_type=\"container\" data-settings=\"{&quot;jet_parallax_layout_list&quot;:[]}\">\n\t\t\t\t\t<div class=\"e-con-inner\">\n\t\t\t\t<div class=\"elementor-element elementor-element-65d3f86 e-n-tabs-none elementor-widget elementor-widget-n-tabs\" data-id=\"65d3f86\" data-element_type=\"widget\" data-settings=\"{&quot;tabs_justify_horizontal&quot;:&quot;start&quot;,&quot;horizontal_scroll&quot;:&quot;enable&quot;}\" data-widget_type=\"nested-tabs.default\">\n\t\t\t\t\t\t\t<div class=\"e-n-tabs\" data-widget-number=\"106774406\" aria-label=\"Pesta\u00f1as. Abre elementos con Intro o Espacio, ci\u00e9rralos con Escape y navega con las Flechas.\">\n\t\t\t<div class=\"e-n-tabs-heading\" role=\"tablist\">\n\t\t\t\t\t<button id=\"e-n-tab-title-1067744061\" class=\"e-n-tab-title\" aria-selected=\"true\" data-tab-index=\"1\" role=\"tab\" tabindex=\"0\" aria-controls=\"e-n-tab-content-1067744061\" style=\"--n-tabs-title-order: 1;\">\n\t\t\t\t\t\t<span class=\"e-n-tab-title-text\">\n\t\t\t\tCARACTER\u00cdSTICAS\t\t\t<\/span>\n\t\t<\/button>\n\t\t\t\t\t<\/div>\n\t\t\t<div class=\"e-n-tabs-content\">\n\t\t\t\t<div id=\"e-n-tab-content-1067744061\" role=\"tabpanel\" aria-labelledby=\"e-n-tab-title-1067744061\" data-tab-index=\"1\" style=\"--n-tabs-title-order: 1;\" class=\"e-active elementor-element elementor-element-bb1b481 e-con-full e-flex e-con e-child\" data-id=\"bb1b481\" data-element_type=\"container\" data-settings=\"{&quot;jet_parallax_layout_list&quot;:[]}\">\n\t\t<div class=\"elementor-element elementor-element-b4f5d0d e-con-full e-grid e-con e-child\" data-id=\"b4f5d0d\" data-element_type=\"container\" data-settings=\"{&quot;jet_parallax_layout_list&quot;:[]}\">\n\t\t<div class=\"elementor-element elementor-element-68f1d2c e-con-full e-flex e-con e-child\" data-id=\"68f1d2c\" data-element_type=\"container\" data-settings=\"{&quot;jet_parallax_layout_list&quot;:[]}\">\n\t\t\t\t<div class=\"elementor-element elementor-element-a53394f elementor-position-left elementor-position-top elementor-vertical-align-top elementor-widget elementor-widget-image-box\" data-id=\"a53394f\" data-element_type=\"widget\" data-widget_type=\"image-box.default\">\n\t\t\t\t\t<div class=\"elementor-image-box-wrapper\"><figure class=\"elementor-image-box-img\"><img fetchpriority=\"high\" decoding=\"async\" width=\"468\" height=\"468\" src=\"https:\/\/www.naoevo.com\/wp-content\/uploads\/2025\/05\/Superior-High-Brightness.jpg\" class=\"attachment-full size-full wp-image-16787\" alt=\"\" srcset=\"https:\/\/www.naoevo.com\/wp-content\/uploads\/2025\/05\/Superior-High-Brightness.jpg 468w, https:\/\/www.naoevo.com\/wp-content\/uploads\/2025\/05\/Superior-High-Brightness-300x300.jpg 300w, https:\/\/www.naoevo.com\/wp-content\/uploads\/2025\/05\/Superior-High-Brightness-150x150.jpg 150w, https:\/\/www.naoevo.com\/wp-content\/uploads\/2025\/05\/Superior-High-Brightness-100x100.jpg 100w, https:\/\/www.naoevo.com\/wp-content\/uploads\/2025\/05\/Superior-High-Brightness-64x64.jpg 64w\" sizes=\"(max-width: 468px) 100vw, 468px\" \/><\/figure><div class=\"elementor-image-box-content\"><h3 class=\"elementor-image-box-title\">Alto brillo superior<\/h3><p class=\"elementor-image-box-description\">Las bombillas NAOEVO XGT6 LED para autom\u00f3viles est\u00e1n dise\u00f1adas con tecnolog\u00eda de iluminaci\u00f3n de vanguardia con 60W, 7200LM (una bombilla). Poseer 6500K luz blanca fr\u00eda casi lo mismo que la luz del d\u00eda para garantizar una conducci\u00f3n extremadamente agradable y seguro.<\/p><\/div><\/div>\t\t\t\t<\/div>\n\t\t\t\t<\/div>\n\t\t<div class=\"elementor-element elementor-element-ef325a4 e-con-full e-flex e-con e-child\" data-id=\"ef325a4\" data-element_type=\"container\" data-settings=\"{&quot;jet_parallax_layout_list&quot;:[]}\">\n\t\t\t\t<div class=\"elementor-element elementor-element-9e2841a elementor-position-left elementor-position-top elementor-vertical-align-top elementor-widget elementor-widget-image-box\" data-id=\"9e2841a\" data-element_type=\"widget\" data-widget_type=\"image-box.default\">\n\t\t\t\t\t<div class=\"elementor-image-box-wrapper\"><figure class=\"elementor-image-box-img\"><img decoding=\"async\" width=\"468\" height=\"468\" src=\"https:\/\/www.naoevo.com\/wp-content\/uploads\/2025\/05\/Quality-Beam-Pattern.jpg\" class=\"attachment-full size-full wp-image-16784\" alt=\"\" srcset=\"https:\/\/www.naoevo.com\/wp-content\/uploads\/2025\/05\/Quality-Beam-Pattern.jpg 468w, https:\/\/www.naoevo.com\/wp-content\/uploads\/2025\/05\/Quality-Beam-Pattern-300x300.jpg 300w, https:\/\/www.naoevo.com\/wp-content\/uploads\/2025\/05\/Quality-Beam-Pattern-150x150.jpg 150w, https:\/\/www.naoevo.com\/wp-content\/uploads\/2025\/05\/Quality-Beam-Pattern-100x100.jpg 100w, https:\/\/www.naoevo.com\/wp-content\/uploads\/2025\/05\/Quality-Beam-Pattern-64x64.jpg 64w\" sizes=\"(max-width: 468px) 100vw, 468px\" \/><\/figure><div class=\"elementor-image-box-content\"><h3 class=\"elementor-image-box-title\">Patr\u00f3n de haz perfecto<\/h3><p class=\"elementor-image-box-description\">El kit de faros LED de la serie XGT6 ofrece un patr\u00f3n de haz perfecto con \u00e1ngulo de corte para la luz de cruce y una luz superconcentrada cuando se trata de la luz de carretera.<\/p><\/div><\/div>\t\t\t\t<\/div>\n\t\t\t\t<\/div>\n\t\t<div class=\"elementor-element elementor-element-678d6a2 e-con-full e-flex e-con e-child\" data-id=\"678d6a2\" data-element_type=\"container\" data-settings=\"{&quot;jet_parallax_layout_list&quot;:[]}\">\n\t\t\t\t<div class=\"elementor-element elementor-element-9dbb8ac elementor-position-left elementor-position-top elementor-vertical-align-top elementor-widget elementor-widget-image-box\" data-id=\"9dbb8ac\" data-element_type=\"widget\" data-widget_type=\"image-box.default\">\n\t\t\t\t\t<div class=\"elementor-image-box-wrapper\"><figure class=\"elementor-image-box-img\"><img decoding=\"async\" width=\"468\" height=\"468\" src=\"https:\/\/www.naoevo.com\/wp-content\/uploads\/2025\/05\/Efficient-Heat-Dissipation.jpg\" class=\"attachment-full size-full wp-image-16785\" alt=\"\" srcset=\"https:\/\/www.naoevo.com\/wp-content\/uploads\/2025\/05\/Efficient-Heat-Dissipation.jpg 468w, https:\/\/www.naoevo.com\/wp-content\/uploads\/2025\/05\/Efficient-Heat-Dissipation-300x300.jpg 300w, https:\/\/www.naoevo.com\/wp-content\/uploads\/2025\/05\/Efficient-Heat-Dissipation-150x150.jpg 150w, https:\/\/www.naoevo.com\/wp-content\/uploads\/2025\/05\/Efficient-Heat-Dissipation-100x100.jpg 100w, https:\/\/www.naoevo.com\/wp-content\/uploads\/2025\/05\/Efficient-Heat-Dissipation-64x64.jpg 64w\" sizes=\"(max-width: 468px) 100vw, 468px\" \/><\/figure><div class=\"elementor-image-box-content\"><h3 class=\"elementor-image-box-title\">Disipaci\u00f3n eficiente del calor<\/h3><p class=\"elementor-image-box-description\">Equipada con un \u00fanico tubo de calor de cobre y un sistema de refrigeraci\u00f3n por termistor, la luz LED para coche XGT6 consigue una mejora espectacular en la disipaci\u00f3n del calor. Un solo tubo de calor de cobre puede transferir el calor de 20W cada vez.<\/p><\/div><\/div>\t\t\t\t<\/div>\n\t\t\t\t<\/div>\n\t\t<div class=\"elementor-element elementor-element-ea4f0e2 e-con-full e-flex e-con e-child\" data-id=\"ea4f0e2\" data-element_type=\"container\" data-settings=\"{&quot;jet_parallax_layout_list&quot;:[]}\">\n\t\t\t\t<div class=\"elementor-element elementor-element-3e47da9 elementor-position-left elementor-position-top elementor-vertical-align-top elementor-widget elementor-widget-image-box\" data-id=\"3e47da9\" data-element_type=\"widget\" data-widget_type=\"image-box.default\">\n\t\t\t\t\t<div class=\"elementor-image-box-wrapper\"><figure class=\"elementor-image-box-img\"><img loading=\"lazy\" decoding=\"async\" width=\"468\" height=\"468\" src=\"https:\/\/www.naoevo.com\/wp-content\/uploads\/2025\/05\/Canbus-Error-Free.jpg\" class=\"attachment-full size-full wp-image-16786\" alt=\"\" srcset=\"https:\/\/www.naoevo.com\/wp-content\/uploads\/2025\/05\/Canbus-Error-Free.jpg 468w, https:\/\/www.naoevo.com\/wp-content\/uploads\/2025\/05\/Canbus-Error-Free-300x300.jpg 300w, https:\/\/www.naoevo.com\/wp-content\/uploads\/2025\/05\/Canbus-Error-Free-150x150.jpg 150w, https:\/\/www.naoevo.com\/wp-content\/uploads\/2025\/05\/Canbus-Error-Free-100x100.jpg 100w, https:\/\/www.naoevo.com\/wp-content\/uploads\/2025\/05\/Canbus-Error-Free-64x64.jpg 64w\" sizes=\"(max-width: 468px) 100vw, 468px\" \/><\/figure><div class=\"elementor-image-box-content\"><h3 class=\"elementor-image-box-title\">Canbus Error Free<\/h3><p class=\"elementor-image-box-description\">XGT6 presenta un dise\u00f1o todo en uno con controlador canbus integrado. Esto garantiza la compatibilidad con el 98% de los veh\u00edculos, eliminando la necesidad de un controlador externo y facilitando la instalaci\u00f3n, incluso en espacios reducidos.<\/p><\/div><\/div>\t\t\t\t<\/div>\n\t\t\t\t<\/div>\n\t\t\t\t<\/div>\n\t\t\t\t<\/div>\n\t\t\t\t\t<\/div>\n\t\t<\/div>\n\t\t\t\t\t\t<\/div>\n\t\t\t\t<div class=\"elementor-element elementor-element-3b0f343 elementor-widget elementor-widget-heading\" data-id=\"3b0f343\" data-element_type=\"widget\" data-widget_type=\"heading.default\">\n\t\t\t\t\t<h2 class=\"elementor-heading-title elementor-size-default\">V\u00eddeo<\/h2>\t\t\t\t<\/div>\n\t\t<div class=\"elementor-element elementor-element-a63893e e-con-full e-flex e-con e-child\" data-id=\"a63893e\" data-element_type=\"container\" data-settings=\"{&quot;background_background&quot;:&quot;classic&quot;,&quot;jet_parallax_layout_list&quot;:[]}\">\n\t\t<div class=\"elementor-element elementor-element-945d1c9 e-con-full e-flex e-con e-child\" data-id=\"945d1c9\" data-element_type=\"container\" data-settings=\"{&quot;jet_parallax_layout_list&quot;:[]}\">\n\t\t\t\t<div class=\"elementor-element elementor-element-14d2e24 elementor-widget elementor-widget-video\" data-id=\"14d2e24\" data-element_type=\"widget\" data-settings=\"{&quot;youtube_url&quot;:&quot;https:\\\/\\\/www.youtube.com\\\/watch?v=qeL9svv8Y1s&quot;,&quot;video_type&quot;:&quot;youtube&quot;,&quot;controls&quot;:&quot;yes&quot;}\" data-widget_type=\"video.default\">\n\t\t\t\t\t\t\t<div class=\"elementor-wrapper elementor-open-inline\">\n\t\t\t<div class=\"elementor-video\"><\/div>\t\t<\/div>\n\t\t\t\t\t\t<\/div>\n\t\t\t\t<\/div>\n\t\t\t\t<\/div>\n\t\t\t\t\t<\/div>\n\t\t\t\t<\/div>\n\t\t\t\t<\/div>","protected":false},"excerpt":{"rendered":"<p>Para los clientes que buscan soluciones de iluminaci\u00f3n LED de alto rendimiento para su coche, los faros LED de la SERIE XGT6 ofrecen una impresionante potencia de\u00a0<strong><u><b>120W 14400LM por juego<\/b><\/u><\/strong>Ser\u00e1 una buena oportunidad para ampliar el mercado.<\/p>","protected":false},"featured_media":14300,"template":"","meta":{"site-sidebar-layout":"default","site-content-layout":"default","ast-site-content-layout":"default","site-content-style":"default","site-sidebar-style":"default","ast-global-header-display":"","ast-banner-title-visibility":"","ast-main-header-display":"","ast-hfb-above-header-display":"","ast-hfb-below-header-display":"","ast-hfb-mobile-header-display":"","site-post-title":"","ast-breadcrumbs-content":"","ast-featured-img":"","footer-sml-layout":"","theme-transparent-header-meta":"default","adv-header-id-meta":"","stick-header-meta":"","header-above-stick-meta":"","header-main-stick-meta":"","header-below-stick-meta":"","astra-migrate-meta-layouts":"set","ast-page-background-enabled":"default","ast-page-background-meta":{"desktop":{"background-color":"var(--ast-global-color-4)","background-image":"","background-repeat":"repeat","background-position":"center center","background-size":"auto","background-attachment":"scroll","background-type":"","background-media":"","overlay-type":"","overlay-color":"","overlay-opacity":"","overlay-gradient":""},"tablet":{"background-color":"","background-image":"","background-repeat":"repeat","background-position":"center center","background-size":"auto","background-attachment":"scroll","background-type":"","background-media":"","overlay-type":"","overlay-color":"","overlay-opacity":"","overlay-gradient":""},"mobile":{"background-color":"","background-image":"","background-repeat":"repeat","background-position":"center center","background-size":"auto","background-attachment":"scroll","background-type":"","background-media":"","overlay-type":"","overlay-color":"","overlay-opacity":"","overlay-gradient":""}},"ast-content-background-meta":{"desktop":{"background-color":"var(--ast-global-color-5)","background-image":"","background-repeat":"repeat","background-position":"center center","background-size":"auto","background-attachment":"scroll","background-type":"","background-media":"","overlay-type":"","overlay-color":"","overlay-opacity":"","overlay-gradient":""},"tablet":{"background-color":"var(--ast-global-color-5)","background-image":"","background-repeat":"repeat","background-position":"center center","background-size":"auto","background-attachment":"scroll","background-type":"","background-media":"","overlay-type":"","overlay-color":"","overlay-opacity":"","overlay-gradient":""},"mobile":{"background-color":"var(--ast-global-color-5)","background-image":"","background-repeat":"repeat","background-position":"center center","background-size":"auto","background-attachment":"scroll","background-type":"","background-media":"","overlay-type":"","overlay-color":"","overlay-opacity":"","overlay-gradient":""}}},"product_brand":[],"product_cat":[346,347,350,343,344,351,345,335,341,349,354,339,340,320,16],"product_tag":[],"class_list":{"0":"post-14274","1":"product","2":"type-product","3":"status-publish","4":"has-post-thumbnail","6":"product_cat-346","7":"product_cat-880-881","8":"product_cat-350","9":"product_cat-343","10":"product_cat-344","11":"product_cat-351","12":"product_cat-345","13":"product_cat-h1","14":"product_cat-h10","15":"product_cat-h13","16":"product_cat-h3","17":"product_cat-h7","18":"product_cat-h8-h9-h11","19":"product_cat-xgt6-series-60w-7200lm","20":"product_cat-led-headlight-bulbs","21":"pa_model-h4-9003","22":"pa_model-h1","23":"pa_model-h7","24":"pa_model-h11-led-headlight-bulb-naoevo","25":"pa_model-9005-hb3-led-headlight-bulb","26":"pa_model-108","27":"desktop-align-left","28":"tablet-align-left","29":"mobile-align-left","31":"first","32":"instock","33":"sold-individually","34":"shipping-taxable","35":"purchasable","36":"product-type-variable","37":"has-default-attributes"},"yoast_head":"<!-- This site is optimized with the Yoast SEO plugin v24.7 - https:\/\/yoast.com\/wordpress\/plugins\/seo\/ -->\n<title>60W 7200LM LED Headlight Bulb | NAOEVO XGT6<\/title>\n<meta name=\"description\" content=\"Here are high-power XGT6 series LED headlight bulbs, deliver a high brightness of 60W 7200LM each bulb, with super linear decoding. Contact us to get price!\" \/>\n<meta name=\"robots\" content=\"index, follow, max-snippet:-1, max-image-preview:large, max-video-preview:-1\" \/>\n<link rel=\"canonical\" href=\"https:\/\/www.naoevo.com\/es\/product\/naoevo-xgt6-series-60w-7200lm-led-car-light\/\" \/>\n<meta property=\"og:locale\" content=\"es_ES\" \/>\n<meta property=\"og:type\" content=\"article\" \/>\n<meta property=\"og:title\" content=\"60W 7200LM LED Headlight Bulb | NAOEVO XGT6\" \/>\n<meta property=\"og:description\" content=\"Here are high-power XGT6 series LED headlight bulbs, deliver a high brightness of 60W 7200LM each bulb, with super linear decoding. Contact us to get price!\" \/>\n<meta property=\"og:url\" content=\"https:\/\/www.naoevo.com\/es\/product\/naoevo-xgt6-series-60w-7200lm-led-car-light\/\" \/>\n<meta property=\"og:site_name\" content=\"NAOEVO\" \/>\n<meta property=\"article:publisher\" content=\"https:\/\/www.facebook.com\/naoevolighting\" \/>\n<meta property=\"article:modified_time\" content=\"2025-05-26T10:01:28+00:00\" \/>\n<meta property=\"og:image\" content=\"https:\/\/www.naoevo.com\/wp-content\/uploads\/2025\/03\/XGT6-H7.webp\" \/>\n\t<meta property=\"og:image:width\" content=\"1000\" \/>\n\t<meta property=\"og:image:height\" content=\"1000\" \/>\n\t<meta property=\"og:image:type\" content=\"image\/webp\" \/>\n<meta name=\"twitter:card\" content=\"summary_large_image\" \/>\n<script type=\"application\/ld+json\" class=\"yoast-schema-graph\">{\"@context\":\"https:\/\/schema.org\",\"@graph\":[{\"@type\":\"WebPage\",\"@id\":\"https:\/\/www.naoevo.com\/product\/naoevo-xgt6-series-60w-7200lm-led-car-light\/\",\"url\":\"https:\/\/www.naoevo.com\/product\/naoevo-xgt6-series-60w-7200lm-led-car-light\/\",\"name\":\"60W 7200LM LED Headlight Bulb | NAOEVO XGT6\",\"isPartOf\":{\"@id\":\"https:\/\/www.naoevo.com\/#website\"},\"primaryImageOfPage\":{\"@id\":\"https:\/\/www.naoevo.com\/product\/naoevo-xgt6-series-60w-7200lm-led-car-light\/#primaryimage\"},\"image\":{\"@id\":\"https:\/\/www.naoevo.com\/product\/naoevo-xgt6-series-60w-7200lm-led-car-light\/#primaryimage\"},\"thumbnailUrl\":\"https:\/\/www.naoevo.com\/wp-content\/uploads\/2025\/03\/XGT6-H7.webp\",\"datePublished\":\"2025-03-22T06:12:55+00:00\",\"dateModified\":\"2025-05-26T10:01:28+00:00\",\"description\":\"Here are high-power XGT6 series LED headlight bulbs, deliver a high brightness of 60W 7200LM each bulb, with super linear decoding. Contact us to get price!\",\"breadcrumb\":{\"@id\":\"https:\/\/www.naoevo.com\/product\/naoevo-xgt6-series-60w-7200lm-led-car-light\/#breadcrumb\"},\"inLanguage\":\"es\",\"potentialAction\":[{\"@type\":\"ReadAction\",\"target\":[\"https:\/\/www.naoevo.com\/product\/naoevo-xgt6-series-60w-7200lm-led-car-light\/\"]}]},{\"@type\":\"ImageObject\",\"inLanguage\":\"es\",\"@id\":\"https:\/\/www.naoevo.com\/product\/naoevo-xgt6-series-60w-7200lm-led-car-light\/#primaryimage\",\"url\":\"https:\/\/www.naoevo.com\/wp-content\/uploads\/2025\/03\/XGT6-H7.webp\",\"contentUrl\":\"https:\/\/www.naoevo.com\/wp-content\/uploads\/2025\/03\/XGT6-H7.webp\",\"width\":1000,\"height\":1000,\"caption\":\"XGT6 H7 LED headlight bulb\"},{\"@type\":\"BreadcrumbList\",\"@id\":\"https:\/\/www.naoevo.com\/product\/naoevo-xgt6-series-60w-7200lm-led-car-light\/#breadcrumb\",\"itemListElement\":[{\"@type\":\"ListItem\",\"position\":1,\"name\":\"Home\",\"item\":\"https:\/\/www.naoevo.com\/\"},{\"@type\":\"ListItem\",\"position\":2,\"name\":\"Products\",\"item\":\"https:\/\/www.naoevo.com\/shop__trashed\/\"},{\"@type\":\"ListItem\",\"position\":3,\"name\":\"Wholesale LED Headlight Bulbs\",\"item\":\"https:\/\/www.naoevo.com\/product-category\/led-headlight-bulbs\/\"},{\"@type\":\"ListItem\",\"position\":4,\"name\":\"NAOEVO XGT6 Series | 60W 7200LM\"}]},{\"@type\":\"WebSite\",\"@id\":\"https:\/\/www.naoevo.com\/#website\",\"url\":\"https:\/\/www.naoevo.com\/\",\"name\":\"NAOEVO Auto Lighting\",\"description\":\"THE BEST AUTOMOTIVE LIGHTING MANUFACTURER\",\"publisher\":{\"@id\":\"https:\/\/www.naoevo.com\/#organization\"},\"potentialAction\":[{\"@type\":\"SearchAction\",\"target\":{\"@type\":\"EntryPoint\",\"urlTemplate\":\"https:\/\/www.naoevo.com\/?s={search_term_string}\"},\"query-input\":{\"@type\":\"PropertyValueSpecification\",\"valueRequired\":true,\"valueName\":\"search_term_string\"}}],\"inLanguage\":\"es\"},{\"@type\":\"Organization\",\"@id\":\"https:\/\/www.naoevo.com\/#organization\",\"name\":\"NAOEVO Auto Lighting\",\"url\":\"https:\/\/www.naoevo.com\/\",\"logo\":{\"@type\":\"ImageObject\",\"inLanguage\":\"es\",\"@id\":\"https:\/\/www.naoevo.com\/#\/schema\/logo\/image\/\",\"url\":\"https:\/\/www.naoevo.com\/wp-content\/uploads\/2023\/03\/cropped-NAOEVO-LOGO-2023.png\",\"contentUrl\":\"https:\/\/www.naoevo.com\/wp-content\/uploads\/2023\/03\/cropped-NAOEVO-LOGO-2023.png\",\"width\":1168,\"height\":151,\"caption\":\"NAOEVO Auto Lighting\"},\"image\":{\"@id\":\"https:\/\/www.naoevo.com\/#\/schema\/logo\/image\/\"},\"sameAs\":[\"https:\/\/www.facebook.com\/naoevolighting\",\"https:\/\/www.instagram.com\/naoevolightings\/\"]}]}<\/script>\n<!-- \/ Yoast SEO plugin. -->","yoast_head_json":{"title":"60W 7200LM LED Headlight Bulb | NAOEVO XGT6","description":"Here are high-power XGT6 series LED headlight bulbs, deliver a high brightness of 60W 7200LM each bulb, with super linear decoding. Contact us to get price!","robots":{"index":"index","follow":"follow","max-snippet":"max-snippet:-1","max-image-preview":"max-image-preview:large","max-video-preview":"max-video-preview:-1"},"canonical":"https:\/\/www.naoevo.com\/es\/product\/naoevo-xgt6-series-60w-7200lm-led-car-light\/","og_locale":"es_ES","og_type":"article","og_title":"60W 7200LM LED Headlight Bulb | NAOEVO XGT6","og_description":"Here are high-power XGT6 series LED headlight bulbs, deliver a high brightness of 60W 7200LM each bulb, with super linear decoding. Contact us to get price!","og_url":"https:\/\/www.naoevo.com\/es\/product\/naoevo-xgt6-series-60w-7200lm-led-car-light\/","og_site_name":"NAOEVO","article_publisher":"https:\/\/www.facebook.com\/naoevolighting","article_modified_time":"2025-05-26T10:01:28+00:00","og_image":[{"width":1000,"height":1000,"url":"https:\/\/www.naoevo.com\/wp-content\/uploads\/2025\/03\/XGT6-H7.webp","type":"image\/webp"}],"twitter_card":"summary_large_image","schema":{"@context":"https:\/\/schema.org","@graph":[{"@type":"WebPage","@id":"https:\/\/www.naoevo.com\/product\/naoevo-xgt6-series-60w-7200lm-led-car-light\/","url":"https:\/\/www.naoevo.com\/product\/naoevo-xgt6-series-60w-7200lm-led-car-light\/","name":"60W 7200LM LED Headlight Bulb | NAOEVO XGT6","isPartOf":{"@id":"https:\/\/www.naoevo.com\/#website"},"primaryImageOfPage":{"@id":"https:\/\/www.naoevo.com\/product\/naoevo-xgt6-series-60w-7200lm-led-car-light\/#primaryimage"},"image":{"@id":"https:\/\/www.naoevo.com\/product\/naoevo-xgt6-series-60w-7200lm-led-car-light\/#primaryimage"},"thumbnailUrl":"https:\/\/www.naoevo.com\/wp-content\/uploads\/2025\/03\/XGT6-H7.webp","datePublished":"2025-03-22T06:12:55+00:00","dateModified":"2025-05-26T10:01:28+00:00","description":"Here are high-power XGT6 series LED headlight bulbs, deliver a high brightness of 60W 7200LM each bulb, with super linear decoding. Contact us to get price!","breadcrumb":{"@id":"https:\/\/www.naoevo.com\/product\/naoevo-xgt6-series-60w-7200lm-led-car-light\/#breadcrumb"},"inLanguage":"es","potentialAction":[{"@type":"ReadAction","target":["https:\/\/www.naoevo.com\/product\/naoevo-xgt6-series-60w-7200lm-led-car-light\/"]}]},{"@type":"ImageObject","inLanguage":"es","@id":"https:\/\/www.naoevo.com\/product\/naoevo-xgt6-series-60w-7200lm-led-car-light\/#primaryimage","url":"https:\/\/www.naoevo.com\/wp-content\/uploads\/2025\/03\/XGT6-H7.webp","contentUrl":"https:\/\/www.naoevo.com\/wp-content\/uploads\/2025\/03\/XGT6-H7.webp","width":1000,"height":1000,"caption":"XGT6 H7 LED headlight bulb"},{"@type":"BreadcrumbList","@id":"https:\/\/www.naoevo.com\/product\/naoevo-xgt6-series-60w-7200lm-led-car-light\/#breadcrumb","itemListElement":[{"@type":"ListItem","position":1,"name":"Home","item":"https:\/\/www.naoevo.com\/"},{"@type":"ListItem","position":2,"name":"Products","item":"https:\/\/www.naoevo.com\/shop__trashed\/"},{"@type":"ListItem","position":3,"name":"Wholesale LED Headlight Bulbs","item":"https:\/\/www.naoevo.com\/product-category\/led-headlight-bulbs\/"},{"@type":"ListItem","position":4,"name":"NAOEVO XGT6 Series | 60W 7200LM"}]},{"@type":"WebSite","@id":"https:\/\/www.naoevo.com\/#website","url":"https:\/\/www.naoevo.com\/","name":"NAOEVO Auto Lighting","description":"THE BEST AUTOMOTIVE LIGHTING MANUFACTURER","publisher":{"@id":"https:\/\/www.naoevo.com\/#organization"},"potentialAction":[{"@type":"SearchAction","target":{"@type":"EntryPoint","urlTemplate":"https:\/\/www.naoevo.com\/?s={search_term_string}"},"query-input":{"@type":"PropertyValueSpecification","valueRequired":true,"valueName":"search_term_string"}}],"inLanguage":"es"},{"@type":"Organization","@id":"https:\/\/www.naoevo.com\/#organization","name":"NAOEVO Auto Lighting","url":"https:\/\/www.naoevo.com\/","logo":{"@type":"ImageObject","inLanguage":"es","@id":"https:\/\/www.naoevo.com\/#\/schema\/logo\/image\/","url":"https:\/\/www.naoevo.com\/wp-content\/uploads\/2023\/03\/cropped-NAOEVO-LOGO-2023.png","contentUrl":"https:\/\/www.naoevo.com\/wp-content\/uploads\/2023\/03\/cropped-NAOEVO-LOGO-2023.png","width":1168,"height":151,"caption":"NAOEVO Auto Lighting"},"image":{"@id":"https:\/\/www.naoevo.com\/#\/schema\/logo\/image\/"},"sameAs":["https:\/\/www.facebook.com\/naoevolighting","https:\/\/www.instagram.com\/naoevolightings\/"]}]}},"_links":{"self":[{"href":"https:\/\/www.naoevo.com\/es\/wp-json\/wp\/v2\/product\/14274","targetHints":{"allow":["GET"]}}],"collection":[{"href":"https:\/\/www.naoevo.com\/es\/wp-json\/wp\/v2\/product"}],"about":[{"href":"https:\/\/www.naoevo.com\/es\/wp-json\/wp\/v2\/types\/product"}],"version-history":[{"count":15,"href":"https:\/\/www.naoevo.com\/es\/wp-json\/wp\/v2\/product\/14274\/revisions"}],"predecessor-version":[{"id":17081,"href":"https:\/\/www.naoevo.com\/es\/wp-json\/wp\/v2\/product\/14274\/revisions\/17081"}],"wp:featuredmedia":[{"embeddable":true,"href":"https:\/\/www.naoevo.com\/es\/wp-json\/wp\/v2\/media\/14300"}],"wp:attachment":[{"href":"https:\/\/www.naoevo.com\/es\/wp-json\/wp\/v2\/media?parent=14274"}],"wp:term":[{"taxonomy":"product_brand","embeddable":true,"href":"https:\/\/www.naoevo.com\/es\/wp-json\/wp\/v2\/product_brand?post=14274"},{"taxonomy":"product_cat","embeddable":true,"href":"https:\/\/www.naoevo.com\/es\/wp-json\/wp\/v2\/product_cat?post=14274"},{"taxonomy":"product_tag","embeddable":true,"href":"https:\/\/www.naoevo.com\/es\/wp-json\/wp\/v2\/product_tag?post=14274"}],"curies":[{"name":"wp","href":"https:\/\/api.w.org\/{rel}","templated":true}]}}