{"id":10288,"date":"2024-08-26T03:43:02","date_gmt":"2024-08-26T03:43:02","guid":{"rendered":"https:\/\/www.naoevo.com\/?post_type=product&#038;p=10288"},"modified":"2025-05-29T17:54:02","modified_gmt":"2025-05-29T09:54:02","slug":"60w-7200lm-led-headlight-bulbnaoevo-pl60-series","status":"publish","type":"product","link":"https:\/\/www.naoevo.com\/es\/product\/60w-7200lm-led-headlight-bulbnaoevo-pl60-series\/","title":{"rendered":"Serie NAOEVO PL60 | 60W 7200LM"},"content":{"rendered":"<div data-elementor-type=\"product-post\" data-elementor-id=\"10288\" class=\"elementor elementor-10288\" data-elementor-post-type=\"product\">\n\t\t\t\t<div class=\"elementor-element elementor-element-cc29d81 e-flex e-con-boxed e-con e-parent\" data-id=\"cc29d81\" data-element_type=\"container\" data-settings=\"{&quot;jet_parallax_layout_list&quot;:[]}\">\n\t\t\t\t\t<div class=\"e-con-inner\">\n\t\t\t\t<div class=\"elementor-element elementor-element-dcf96ff e-n-tabs-none elementor-widget elementor-widget-n-tabs\" data-id=\"dcf96ff\" data-element_type=\"widget\" data-settings=\"{&quot;tabs_justify_horizontal&quot;:&quot;start&quot;,&quot;horizontal_scroll&quot;:&quot;enable&quot;}\" data-widget_type=\"nested-tabs.default\">\n\t\t\t\t\t\t\t<div class=\"e-n-tabs\" data-widget-number=\"231708415\" aria-label=\"Pesta\u00f1as. Abre elementos con Intro o Espacio, ci\u00e9rralos con Escape y navega con las Flechas.\">\n\t\t\t<div class=\"e-n-tabs-heading\" role=\"tablist\">\n\t\t\t\t\t<button id=\"e-n-tab-title-2317084151\" class=\"e-n-tab-title\" aria-selected=\"true\" data-tab-index=\"1\" role=\"tab\" tabindex=\"0\" aria-controls=\"e-n-tab-content-2317084151\" style=\"--n-tabs-title-order: 1;\">\n\t\t\t\t\t\t<span class=\"e-n-tab-title-text\">\n\t\t\t\tCARACTER\u00cdSTICAS\t\t\t<\/span>\n\t\t<\/button>\n\t\t\t\t<button id=\"e-n-tab-title-2317084152\" class=\"e-n-tab-title\" aria-selected=\"false\" data-tab-index=\"2\" role=\"tab\" tabindex=\"-1\" aria-controls=\"e-n-tab-content-2317084152\" style=\"--n-tabs-title-order: 2;\">\n\t\t\t\t\t\t<span class=\"e-n-tab-title-text\">\n\t\t\t\tESPECIFICACIONES\t\t\t<\/span>\n\t\t<\/button>\n\t\t\t\t\t<\/div>\n\t\t\t<div class=\"e-n-tabs-content\">\n\t\t\t\t<div id=\"e-n-tab-content-2317084151\" role=\"tabpanel\" aria-labelledby=\"e-n-tab-title-2317084151\" data-tab-index=\"1\" style=\"--n-tabs-title-order: 1;\" class=\"e-active elementor-element elementor-element-2bc42a7 e-con-full e-flex e-con e-child\" data-id=\"2bc42a7\" data-element_type=\"container\" data-settings=\"{&quot;jet_parallax_layout_list&quot;:[]}\">\n\t\t<div class=\"elementor-element elementor-element-bc53409 e-con-full e-grid e-con e-child\" data-id=\"bc53409\" data-element_type=\"container\" data-settings=\"{&quot;jet_parallax_layout_list&quot;:[]}\">\n\t\t<div class=\"elementor-element elementor-element-35f4234 e-con-full e-flex e-con e-child\" data-id=\"35f4234\" data-element_type=\"container\" data-settings=\"{&quot;jet_parallax_layout_list&quot;:[]}\">\n\t\t\t\t<div class=\"elementor-element elementor-element-c7ab9c9 elementor-position-left elementor-position-top elementor-vertical-align-top elementor-widget elementor-widget-image-box\" data-id=\"c7ab9c9\" data-element_type=\"widget\" data-widget_type=\"image-box.default\">\n\t\t\t\t\t<div class=\"elementor-image-box-wrapper\"><figure class=\"elementor-image-box-img\"><img fetchpriority=\"high\" decoding=\"async\" width=\"468\" height=\"468\" src=\"https:\/\/www.naoevo.com\/wp-content\/uploads\/2025\/05\/Superior-High-Brightness.jpg\" class=\"attachment-full size-full wp-image-16787\" alt=\"\" srcset=\"https:\/\/www.naoevo.com\/wp-content\/uploads\/2025\/05\/Superior-High-Brightness.jpg 468w, https:\/\/www.naoevo.com\/wp-content\/uploads\/2025\/05\/Superior-High-Brightness-300x300.jpg 300w, https:\/\/www.naoevo.com\/wp-content\/uploads\/2025\/05\/Superior-High-Brightness-150x150.jpg 150w, https:\/\/www.naoevo.com\/wp-content\/uploads\/2025\/05\/Superior-High-Brightness-100x100.jpg 100w, https:\/\/www.naoevo.com\/wp-content\/uploads\/2025\/05\/Superior-High-Brightness-64x64.jpg 64w\" sizes=\"(max-width: 468px) 100vw, 468px\" \/><\/figure><div class=\"elementor-image-box-content\"><h3 class=\"elementor-image-box-title\">Brillo incre\u00edble<\/h3><p class=\"elementor-image-box-description\">Las bombillas LED para faros delanteros de la serie PL60 cuentan con un chip flip de alta intensidad de 8 piezas 55MIL, proporcionando un patr\u00f3n de haz amplio, uniforme y enfocado. Con un brillo notable de 120W 14400LM por juego, NAOEVO garantiza que usted quedar\u00e1 impresionado por su alta lux, potente arranque, y la salida consistentemente estable.<\/p><\/div><\/div>\t\t\t\t<\/div>\n\t\t\t\t<\/div>\n\t\t<div class=\"elementor-element elementor-element-6a06bd3 e-con-full e-flex e-con e-child\" data-id=\"6a06bd3\" data-element_type=\"container\" data-settings=\"{&quot;jet_parallax_layout_list&quot;:[]}\">\n\t\t\t\t<div class=\"elementor-element elementor-element-ef99f88 elementor-position-left elementor-position-top elementor-vertical-align-top elementor-widget elementor-widget-image-box\" data-id=\"ef99f88\" data-element_type=\"widget\" data-widget_type=\"image-box.default\">\n\t\t\t\t\t<div class=\"elementor-image-box-wrapper\"><figure class=\"elementor-image-box-img\"><img decoding=\"async\" width=\"468\" height=\"468\" src=\"https:\/\/www.naoevo.com\/wp-content\/uploads\/2025\/05\/Quality-Beam-Pattern.jpg\" class=\"attachment-full size-full wp-image-16784\" alt=\"\" srcset=\"https:\/\/www.naoevo.com\/wp-content\/uploads\/2025\/05\/Quality-Beam-Pattern.jpg 468w, https:\/\/www.naoevo.com\/wp-content\/uploads\/2025\/05\/Quality-Beam-Pattern-300x300.jpg 300w, https:\/\/www.naoevo.com\/wp-content\/uploads\/2025\/05\/Quality-Beam-Pattern-150x150.jpg 150w, https:\/\/www.naoevo.com\/wp-content\/uploads\/2025\/05\/Quality-Beam-Pattern-100x100.jpg 100w, https:\/\/www.naoevo.com\/wp-content\/uploads\/2025\/05\/Quality-Beam-Pattern-64x64.jpg 64w\" sizes=\"(max-width: 468px) 100vw, 468px\" \/><\/figure><div class=\"elementor-image-box-content\"><h3 class=\"elementor-image-box-title\">Calidad del haz de luz<\/h3><p class=\"elementor-image-box-description\">Todos los productos NAOEVO se someten a rigurosas pruebas \u00f3pticas antes de su producci\u00f3n en serie. Con su posici\u00f3n de iluminaci\u00f3n 1:1 como hal\u00f3geno y ultra-delgado espacio de cuentas. PL60 bombillas LED producen clara y uniforme l\u00ednea de corte, no importa su coche es proyector o reflector de montaje.<\/p><\/div><\/div>\t\t\t\t<\/div>\n\t\t\t\t<\/div>\n\t\t<div class=\"elementor-element elementor-element-b30e1c6 e-con-full e-flex e-con e-child\" data-id=\"b30e1c6\" data-element_type=\"container\" data-settings=\"{&quot;jet_parallax_layout_list&quot;:[]}\">\n\t\t\t\t<div class=\"elementor-element elementor-element-747c7e5 elementor-position-left elementor-position-top elementor-vertical-align-top elementor-widget elementor-widget-image-box\" data-id=\"747c7e5\" data-element_type=\"widget\" data-widget_type=\"image-box.default\">\n\t\t\t\t\t<div class=\"elementor-image-box-wrapper\"><figure class=\"elementor-image-box-img\"><img decoding=\"async\" width=\"468\" height=\"468\" src=\"https:\/\/www.naoevo.com\/wp-content\/uploads\/2025\/05\/Efficient-Heat-Dissipation.jpg\" class=\"attachment-full size-full wp-image-16785\" alt=\"\" srcset=\"https:\/\/www.naoevo.com\/wp-content\/uploads\/2025\/05\/Efficient-Heat-Dissipation.jpg 468w, https:\/\/www.naoevo.com\/wp-content\/uploads\/2025\/05\/Efficient-Heat-Dissipation-300x300.jpg 300w, https:\/\/www.naoevo.com\/wp-content\/uploads\/2025\/05\/Efficient-Heat-Dissipation-150x150.jpg 150w, https:\/\/www.naoevo.com\/wp-content\/uploads\/2025\/05\/Efficient-Heat-Dissipation-100x100.jpg 100w, https:\/\/www.naoevo.com\/wp-content\/uploads\/2025\/05\/Efficient-Heat-Dissipation-64x64.jpg 64w\" sizes=\"(max-width: 468px) 100vw, 468px\" \/><\/figure><div class=\"elementor-image-box-content\"><h3 class=\"elementor-image-box-title\">Disipaci\u00f3n eficiente del calor<\/h3><p class=\"elementor-image-box-description\">Para garantizar una iluminaci\u00f3n nocturna duradera. Las bombillas LED PL60 utilizan tecnolog\u00eda de tubo de cobre para conducir 30W de calor en cada c\u00edrculo. Junto con un ventilador hidr\u00e1ulico 8000RPM y aletas de aluminio, PL60 LED bombillas de los faros pueden mantener una temperatura de funcionamiento seguro, incluso durante un uso prolongado.<\/p><\/div><\/div>\t\t\t\t<\/div>\n\t\t\t\t<\/div>\n\t\t<div class=\"elementor-element elementor-element-0a58c79 e-con-full e-flex e-con e-child\" data-id=\"0a58c79\" data-element_type=\"container\" data-settings=\"{&quot;jet_parallax_layout_list&quot;:[]}\">\n\t\t\t\t<div class=\"elementor-element elementor-element-6e5fda2 elementor-position-left elementor-position-top elementor-vertical-align-top elementor-widget elementor-widget-image-box\" data-id=\"6e5fda2\" data-element_type=\"widget\" data-widget_type=\"image-box.default\">\n\t\t\t\t\t<div class=\"elementor-image-box-wrapper\"><figure class=\"elementor-image-box-img\"><img loading=\"lazy\" decoding=\"async\" width=\"468\" height=\"468\" src=\"https:\/\/www.naoevo.com\/wp-content\/uploads\/2025\/05\/Canbus-Error-Free.jpg\" class=\"attachment-full size-full wp-image-16786\" alt=\"\" srcset=\"https:\/\/www.naoevo.com\/wp-content\/uploads\/2025\/05\/Canbus-Error-Free.jpg 468w, https:\/\/www.naoevo.com\/wp-content\/uploads\/2025\/05\/Canbus-Error-Free-300x300.jpg 300w, https:\/\/www.naoevo.com\/wp-content\/uploads\/2025\/05\/Canbus-Error-Free-150x150.jpg 150w, https:\/\/www.naoevo.com\/wp-content\/uploads\/2025\/05\/Canbus-Error-Free-100x100.jpg 100w, https:\/\/www.naoevo.com\/wp-content\/uploads\/2025\/05\/Canbus-Error-Free-64x64.jpg 64w\" sizes=\"(max-width: 468px) 100vw, 468px\" \/><\/figure><div class=\"elementor-image-box-content\"><h3 class=\"elementor-image-box-title\">Tecnolog\u00eda lineal, alta compatibilidad<\/h3><p class=\"elementor-image-box-description\">NAOEVO es el primer grupo de fabricantes que produce productos lineales. Las bombillas LED de la serie PL60 incorporan tecnolog\u00eda lineal, lo que las hace compatibles con la mayor\u00eda de los veh\u00edculos sin necesidad de voluminosos controladores Canbus. No hay que preocuparse por las interferencias de radio.<\/p><\/div><\/div>\t\t\t\t<\/div>\n\t\t\t\t<\/div>\n\t\t\t\t<\/div>\n\t\t\t\t<\/div>\n\t\t<div id=\"e-n-tab-content-2317084152\" role=\"tabpanel\" aria-labelledby=\"e-n-tab-title-2317084152\" data-tab-index=\"2\" style=\"--n-tabs-title-order: 2;\" class=\"elementor-element elementor-element-3fb4a6b e-con-full e-flex e-con e-child\" data-id=\"3fb4a6b\" data-element_type=\"container\" data-settings=\"{&quot;jet_parallax_layout_list&quot;:[]}\">\n\t\t\t\t<div class=\"elementor-element elementor-element-41924e2 elementor-widget elementor-widget-text-editor\" data-id=\"41924e2\" data-element_type=\"widget\" data-widget_type=\"text-editor.default\">\n\t\t\t\t\t\t\t\t\t<table><tbody><tr><td width=\"356\">Producto<\/td><td width=\"356\">NAOEVO PL60<\/td><\/tr><tr><td width=\"356\">Potencia<\/td><td width=\"356\">120W\/Set (60W\/Bombilla)<\/td><\/tr><tr><td width=\"356\">Lumen<\/td><td width=\"356\">14400LM\/Set (7200LM\/Bombilla)<\/td><\/tr><tr><td width=\"356\">Chip<\/td><td width=\"356\">8pcs 55*55MIL Flip Chip<\/td><\/tr><tr><td width=\"356\">Temperatura de color<\/td><td width=\"356\">6500K<\/td><\/tr><tr><td width=\"356\">Tensi\u00f3n<\/td><td width=\"356\">DC9-16V<\/td><\/tr><tr><td width=\"356\">Actual<\/td><td width=\"356\">4.45A<\/td><\/tr><tr><td width=\"356\">Garant\u00eda<\/td><td width=\"356\">1 a\u00f1o<\/td><\/tr><\/tbody><\/table>\t\t\t\t\t\t\t\t<\/div>\n\t\t\t\t<\/div>\n\t\t\t\t\t<\/div>\n\t\t<\/div>\n\t\t\t\t\t\t<\/div>\n\t\t\t\t\t<\/div>\n\t\t\t\t<\/div>\n\t\t\t\t<\/div>","protected":false},"excerpt":{"rendered":"<p>El dise\u00f1o de la serie PL se inspira en el alce, s\u00edmbolo de fuerza, agilidad y resistencia. Al igual que el alce se adapta a entornos dif\u00edciles y navega r\u00e1pidamente por la naturaleza, las bombillas LED para faros delanteros de la serie PL ofrecen un rendimiento fiable y una iluminaci\u00f3n clara en cualquier condici\u00f3n de conducci\u00f3n.<\/p>","protected":false},"featured_media":10343,"template":"","meta":{"site-sidebar-layout":"default","site-content-layout":"","ast-site-content-layout":"default","site-content-style":"default","site-sidebar-style":"default","ast-global-header-display":"","ast-banner-title-visibility":"","ast-main-header-display":"","ast-hfb-above-header-display":"","ast-hfb-below-header-display":"","ast-hfb-mobile-header-display":"","site-post-title":"","ast-breadcrumbs-content":"","ast-featured-img":"","footer-sml-layout":"","theme-transparent-header-meta":"default","adv-header-id-meta":"","stick-header-meta":"","header-above-stick-meta":"","header-main-stick-meta":"","header-below-stick-meta":"","astra-migrate-meta-layouts":"set","ast-page-background-enabled":"default","ast-page-background-meta":{"desktop":{"background-color":"var(--ast-global-color-4)","background-image":"","background-repeat":"repeat","background-position":"center center","background-size":"auto","background-attachment":"scroll","background-type":"","background-media":"","overlay-type":"","overlay-color":"","overlay-opacity":"","overlay-gradient":""},"tablet":{"background-color":"","background-image":"","background-repeat":"repeat","background-position":"center center","background-size":"auto","background-attachment":"scroll","background-type":"","background-media":"","overlay-type":"","overlay-color":"","overlay-opacity":"","overlay-gradient":""},"mobile":{"background-color":"","background-image":"","background-repeat":"repeat","background-position":"center center","background-size":"auto","background-attachment":"scroll","background-type":"","background-media":"","overlay-type":"","overlay-color":"","overlay-opacity":"","overlay-gradient":""}},"ast-content-background-meta":{"desktop":{"background-color":"var(--ast-global-color-5)","background-image":"","background-repeat":"repeat","background-position":"center center","background-size":"auto","background-attachment":"scroll","background-type":"","background-media":"","overlay-type":"","overlay-color":"","overlay-opacity":"","overlay-gradient":""},"tablet":{"background-color":"var(--ast-global-color-5)","background-image":"","background-repeat":"repeat","background-position":"center center","background-size":"auto","background-attachment":"scroll","background-type":"","background-media":"","overlay-type":"","overlay-color":"","overlay-opacity":"","overlay-gradient":""},"mobile":{"background-color":"var(--ast-global-color-5)","background-image":"","background-repeat":"repeat","background-position":"center center","background-size":"auto","background-attachment":"scroll","background-type":"","background-media":"","overlay-type":"","overlay-color":"","overlay-opacity":"","overlay-gradient":""}}},"product_brand":[],"product_cat":[346,347,350,343,344,351,345,304,335,341,349,354,348,339,340,16],"product_tag":[],"class_list":{"0":"post-10288","1":"product","2":"type-product","3":"status-publish","4":"has-post-thumbnail","6":"product_cat-346","7":"product_cat-880-881","8":"product_cat-350","9":"product_cat-343","10":"product_cat-344","11":"product_cat-351","12":"product_cat-345","13":"product_cat-core-series-45w-5400lm","14":"product_cat-h1","15":"product_cat-h10","16":"product_cat-h13","17":"product_cat-h3","18":"product_cat-h4","19":"product_cat-h7","20":"product_cat-h8-h9-h11","21":"product_cat-led-headlight-bulbs","22":"pa_model-h4-9003","23":"pa_model-h7","24":"pa_model-h11-led-headlight-bulb-naoevo","25":"pa_model-9005-hb3-led-headlight-bulb","26":"pa_model-108","27":"pa_model-9007-hb5","28":"pa_model-9012-hir2","29":"desktop-align-left","30":"tablet-align-left","31":"mobile-align-left","33":"first","34":"instock","35":"sold-individually","36":"shipping-taxable","37":"purchasable","38":"product-type-variable","39":"has-default-attributes"},"yoast_head":"<!-- This site is optimized with the Yoast SEO plugin v24.7 - https:\/\/yoast.com\/wordpress\/plugins\/seo\/ -->\n<title>NAOEVO PL60 Series | 60W 7200LM<\/title>\n<meta name=\"description\" content=\"NAOEVO PL60 LED headlight bulbs deliver 60W 7200LM to increased your visibility, linear technology fit 98% of vehicles, no error codes, wholesale available.\" \/>\n<meta name=\"robots\" content=\"index, follow, max-snippet:-1, max-image-preview:large, max-video-preview:-1\" \/>\n<link rel=\"canonical\" href=\"https:\/\/www.naoevo.com\/es\/product\/60w-7200lm-led-headlight-bulbnaoevo-pl60-series\/\" \/>\n<meta property=\"og:locale\" content=\"es_ES\" \/>\n<meta property=\"og:type\" content=\"article\" \/>\n<meta property=\"og:title\" content=\"NAOEVO PL60 Series | 60W 7200LM\" \/>\n<meta property=\"og:description\" content=\"NAOEVO PL60 LED headlight bulbs deliver 60W 7200LM to increased your visibility, linear technology fit 98% of vehicles, no error codes, wholesale available.\" \/>\n<meta property=\"og:url\" content=\"https:\/\/www.naoevo.com\/es\/product\/60w-7200lm-led-headlight-bulbnaoevo-pl60-series\/\" \/>\n<meta property=\"og:site_name\" content=\"NAOEVO\" \/>\n<meta property=\"article:publisher\" content=\"https:\/\/www.facebook.com\/naoevolighting\" \/>\n<meta property=\"article:modified_time\" content=\"2025-05-29T09:54:02+00:00\" \/>\n<meta property=\"og:image\" content=\"https:\/\/www.naoevo.com\/wp-content\/uploads\/2024\/08\/H11-1-1.jpg\" \/>\n\t<meta property=\"og:image:width\" content=\"1000\" \/>\n\t<meta property=\"og:image:height\" content=\"1000\" \/>\n\t<meta property=\"og:image:type\" content=\"image\/jpeg\" \/>\n<meta name=\"twitter:card\" content=\"summary_large_image\" \/>\n<script type=\"application\/ld+json\" class=\"yoast-schema-graph\">{\"@context\":\"https:\/\/schema.org\",\"@graph\":[{\"@type\":\"WebPage\",\"@id\":\"https:\/\/www.naoevo.com\/product\/60w-7200lm-led-headlight-bulbnaoevo-pl60-series\/\",\"url\":\"https:\/\/www.naoevo.com\/product\/60w-7200lm-led-headlight-bulbnaoevo-pl60-series\/\",\"name\":\"NAOEVO PL60 Series | 60W 7200LM\",\"isPartOf\":{\"@id\":\"https:\/\/www.naoevo.com\/#website\"},\"primaryImageOfPage\":{\"@id\":\"https:\/\/www.naoevo.com\/product\/60w-7200lm-led-headlight-bulbnaoevo-pl60-series\/#primaryimage\"},\"image\":{\"@id\":\"https:\/\/www.naoevo.com\/product\/60w-7200lm-led-headlight-bulbnaoevo-pl60-series\/#primaryimage\"},\"thumbnailUrl\":\"https:\/\/www.naoevo.com\/wp-content\/uploads\/2024\/08\/H11-1-1.jpg\",\"datePublished\":\"2024-08-26T03:43:02+00:00\",\"dateModified\":\"2025-05-29T09:54:02+00:00\",\"description\":\"NAOEVO PL60 LED headlight bulbs deliver 60W 7200LM to increased your visibility, linear technology fit 98% of vehicles, no error codes, wholesale available.\",\"breadcrumb\":{\"@id\":\"https:\/\/www.naoevo.com\/product\/60w-7200lm-led-headlight-bulbnaoevo-pl60-series\/#breadcrumb\"},\"inLanguage\":\"es\",\"potentialAction\":[{\"@type\":\"ReadAction\",\"target\":[\"https:\/\/www.naoevo.com\/product\/60w-7200lm-led-headlight-bulbnaoevo-pl60-series\/\"]}]},{\"@type\":\"ImageObject\",\"inLanguage\":\"es\",\"@id\":\"https:\/\/www.naoevo.com\/product\/60w-7200lm-led-headlight-bulbnaoevo-pl60-series\/#primaryimage\",\"url\":\"https:\/\/www.naoevo.com\/wp-content\/uploads\/2024\/08\/H11-1-1.jpg\",\"contentUrl\":\"https:\/\/www.naoevo.com\/wp-content\/uploads\/2024\/08\/H11-1-1.jpg\",\"width\":1000,\"height\":1000,\"caption\":\"BPL60 H11-1\"},{\"@type\":\"BreadcrumbList\",\"@id\":\"https:\/\/www.naoevo.com\/product\/60w-7200lm-led-headlight-bulbnaoevo-pl60-series\/#breadcrumb\",\"itemListElement\":[{\"@type\":\"ListItem\",\"position\":1,\"name\":\"Home\",\"item\":\"https:\/\/www.naoevo.com\/\"},{\"@type\":\"ListItem\",\"position\":2,\"name\":\"Products\",\"item\":\"https:\/\/www.naoevo.com\/shop__trashed\/\"},{\"@type\":\"ListItem\",\"position\":3,\"name\":\"Wholesale LED Headlight Bulbs\",\"item\":\"https:\/\/www.naoevo.com\/product-category\/led-headlight-bulbs\/\"},{\"@type\":\"ListItem\",\"position\":4,\"name\":\"9004 LED Headlight Bulbs\",\"item\":\"https:\/\/www.naoevo.com\/product-category\/led-headlight-bulbs\/9004\/\"},{\"@type\":\"ListItem\",\"position\":5,\"name\":\"NAOEVO PL60 Series | 60W 7200LM\"}]},{\"@type\":\"WebSite\",\"@id\":\"https:\/\/www.naoevo.com\/#website\",\"url\":\"https:\/\/www.naoevo.com\/\",\"name\":\"NAOEVO Auto Lighting\",\"description\":\"THE BEST AUTOMOTIVE LIGHTING MANUFACTURER\",\"publisher\":{\"@id\":\"https:\/\/www.naoevo.com\/#organization\"},\"potentialAction\":[{\"@type\":\"SearchAction\",\"target\":{\"@type\":\"EntryPoint\",\"urlTemplate\":\"https:\/\/www.naoevo.com\/?s={search_term_string}\"},\"query-input\":{\"@type\":\"PropertyValueSpecification\",\"valueRequired\":true,\"valueName\":\"search_term_string\"}}],\"inLanguage\":\"es\"},{\"@type\":\"Organization\",\"@id\":\"https:\/\/www.naoevo.com\/#organization\",\"name\":\"NAOEVO Auto Lighting\",\"url\":\"https:\/\/www.naoevo.com\/\",\"logo\":{\"@type\":\"ImageObject\",\"inLanguage\":\"es\",\"@id\":\"https:\/\/www.naoevo.com\/#\/schema\/logo\/image\/\",\"url\":\"https:\/\/www.naoevo.com\/wp-content\/uploads\/2023\/03\/cropped-NAOEVO-LOGO-2023.png\",\"contentUrl\":\"https:\/\/www.naoevo.com\/wp-content\/uploads\/2023\/03\/cropped-NAOEVO-LOGO-2023.png\",\"width\":1168,\"height\":151,\"caption\":\"NAOEVO Auto Lighting\"},\"image\":{\"@id\":\"https:\/\/www.naoevo.com\/#\/schema\/logo\/image\/\"},\"sameAs\":[\"https:\/\/www.facebook.com\/naoevolighting\",\"https:\/\/www.instagram.com\/naoevolightings\/\"]}]}<\/script>\n<!-- \/ Yoast SEO plugin. -->","yoast_head_json":{"title":"NAOEVO PL60 Series | 60W 7200LM","description":"NAOEVO PL60 LED headlight bulbs deliver 60W 7200LM to increased your visibility, linear technology fit 98% of vehicles, no error codes, wholesale available.","robots":{"index":"index","follow":"follow","max-snippet":"max-snippet:-1","max-image-preview":"max-image-preview:large","max-video-preview":"max-video-preview:-1"},"canonical":"https:\/\/www.naoevo.com\/es\/product\/60w-7200lm-led-headlight-bulbnaoevo-pl60-series\/","og_locale":"es_ES","og_type":"article","og_title":"NAOEVO PL60 Series | 60W 7200LM","og_description":"NAOEVO PL60 LED headlight bulbs deliver 60W 7200LM to increased your visibility, linear technology fit 98% of vehicles, no error codes, wholesale available.","og_url":"https:\/\/www.naoevo.com\/es\/product\/60w-7200lm-led-headlight-bulbnaoevo-pl60-series\/","og_site_name":"NAOEVO","article_publisher":"https:\/\/www.facebook.com\/naoevolighting","article_modified_time":"2025-05-29T09:54:02+00:00","og_image":[{"width":1000,"height":1000,"url":"https:\/\/www.naoevo.com\/wp-content\/uploads\/2024\/08\/H11-1-1.jpg","type":"image\/jpeg"}],"twitter_card":"summary_large_image","schema":{"@context":"https:\/\/schema.org","@graph":[{"@type":"WebPage","@id":"https:\/\/www.naoevo.com\/product\/60w-7200lm-led-headlight-bulbnaoevo-pl60-series\/","url":"https:\/\/www.naoevo.com\/product\/60w-7200lm-led-headlight-bulbnaoevo-pl60-series\/","name":"NAOEVO PL60 Series | 60W 7200LM","isPartOf":{"@id":"https:\/\/www.naoevo.com\/#website"},"primaryImageOfPage":{"@id":"https:\/\/www.naoevo.com\/product\/60w-7200lm-led-headlight-bulbnaoevo-pl60-series\/#primaryimage"},"image":{"@id":"https:\/\/www.naoevo.com\/product\/60w-7200lm-led-headlight-bulbnaoevo-pl60-series\/#primaryimage"},"thumbnailUrl":"https:\/\/www.naoevo.com\/wp-content\/uploads\/2024\/08\/H11-1-1.jpg","datePublished":"2024-08-26T03:43:02+00:00","dateModified":"2025-05-29T09:54:02+00:00","description":"NAOEVO PL60 LED headlight bulbs deliver 60W 7200LM to increased your visibility, linear technology fit 98% of vehicles, no error codes, wholesale available.","breadcrumb":{"@id":"https:\/\/www.naoevo.com\/product\/60w-7200lm-led-headlight-bulbnaoevo-pl60-series\/#breadcrumb"},"inLanguage":"es","potentialAction":[{"@type":"ReadAction","target":["https:\/\/www.naoevo.com\/product\/60w-7200lm-led-headlight-bulbnaoevo-pl60-series\/"]}]},{"@type":"ImageObject","inLanguage":"es","@id":"https:\/\/www.naoevo.com\/product\/60w-7200lm-led-headlight-bulbnaoevo-pl60-series\/#primaryimage","url":"https:\/\/www.naoevo.com\/wp-content\/uploads\/2024\/08\/H11-1-1.jpg","contentUrl":"https:\/\/www.naoevo.com\/wp-content\/uploads\/2024\/08\/H11-1-1.jpg","width":1000,"height":1000,"caption":"BPL60 H11-1"},{"@type":"BreadcrumbList","@id":"https:\/\/www.naoevo.com\/product\/60w-7200lm-led-headlight-bulbnaoevo-pl60-series\/#breadcrumb","itemListElement":[{"@type":"ListItem","position":1,"name":"Home","item":"https:\/\/www.naoevo.com\/"},{"@type":"ListItem","position":2,"name":"Products","item":"https:\/\/www.naoevo.com\/shop__trashed\/"},{"@type":"ListItem","position":3,"name":"Wholesale LED Headlight Bulbs","item":"https:\/\/www.naoevo.com\/product-category\/led-headlight-bulbs\/"},{"@type":"ListItem","position":4,"name":"9004 LED Headlight Bulbs","item":"https:\/\/www.naoevo.com\/product-category\/led-headlight-bulbs\/9004\/"},{"@type":"ListItem","position":5,"name":"NAOEVO PL60 Series | 60W 7200LM"}]},{"@type":"WebSite","@id":"https:\/\/www.naoevo.com\/#website","url":"https:\/\/www.naoevo.com\/","name":"NAOEVO Auto Lighting","description":"THE BEST AUTOMOTIVE LIGHTING MANUFACTURER","publisher":{"@id":"https:\/\/www.naoevo.com\/#organization"},"potentialAction":[{"@type":"SearchAction","target":{"@type":"EntryPoint","urlTemplate":"https:\/\/www.naoevo.com\/?s={search_term_string}"},"query-input":{"@type":"PropertyValueSpecification","valueRequired":true,"valueName":"search_term_string"}}],"inLanguage":"es"},{"@type":"Organization","@id":"https:\/\/www.naoevo.com\/#organization","name":"NAOEVO Auto Lighting","url":"https:\/\/www.naoevo.com\/","logo":{"@type":"ImageObject","inLanguage":"es","@id":"https:\/\/www.naoevo.com\/#\/schema\/logo\/image\/","url":"https:\/\/www.naoevo.com\/wp-content\/uploads\/2023\/03\/cropped-NAOEVO-LOGO-2023.png","contentUrl":"https:\/\/www.naoevo.com\/wp-content\/uploads\/2023\/03\/cropped-NAOEVO-LOGO-2023.png","width":1168,"height":151,"caption":"NAOEVO Auto Lighting"},"image":{"@id":"https:\/\/www.naoevo.com\/#\/schema\/logo\/image\/"},"sameAs":["https:\/\/www.facebook.com\/naoevolighting","https:\/\/www.instagram.com\/naoevolightings\/"]}]}},"_links":{"self":[{"href":"https:\/\/www.naoevo.com\/es\/wp-json\/wp\/v2\/product\/10288","targetHints":{"allow":["GET"]}}],"collection":[{"href":"https:\/\/www.naoevo.com\/es\/wp-json\/wp\/v2\/product"}],"about":[{"href":"https:\/\/www.naoevo.com\/es\/wp-json\/wp\/v2\/types\/product"}],"version-history":[{"count":18,"href":"https:\/\/www.naoevo.com\/es\/wp-json\/wp\/v2\/product\/10288\/revisions"}],"predecessor-version":[{"id":17303,"href":"https:\/\/www.naoevo.com\/es\/wp-json\/wp\/v2\/product\/10288\/revisions\/17303"}],"wp:featuredmedia":[{"embeddable":true,"href":"https:\/\/www.naoevo.com\/es\/wp-json\/wp\/v2\/media\/10343"}],"wp:attachment":[{"href":"https:\/\/www.naoevo.com\/es\/wp-json\/wp\/v2\/media?parent=10288"}],"wp:term":[{"taxonomy":"product_brand","embeddable":true,"href":"https:\/\/www.naoevo.com\/es\/wp-json\/wp\/v2\/product_brand?post=10288"},{"taxonomy":"product_cat","embeddable":true,"href":"https:\/\/www.naoevo.com\/es\/wp-json\/wp\/v2\/product_cat?post=10288"},{"taxonomy":"product_tag","embeddable":true,"href":"https:\/\/www.naoevo.com\/es\/wp-json\/wp\/v2\/product_tag?post=10288"}],"curies":[{"name":"wp","href":"https:\/\/api.w.org\/{rel}","templated":true}]}}