{"id":8730,"date":"2024-05-08T10:17:37","date_gmt":"2024-05-08T10:17:37","guid":{"rendered":"https:\/\/www.naoevo.com\/?page_id=8730"},"modified":"2024-05-08T10:50:15","modified_gmt":"2024-05-08T10:50:15","slug":"intellectual-property-rights","status":"publish","type":"page","link":"https:\/\/www.naoevo.com\/es\/intellectual-property-rights\/","title":{"rendered":"Derechos de propiedad intelectual"},"content":{"rendered":"<div>\n<p>En caso de cualquier preocupaci\u00f3n o queja sobre una posible violaci\u00f3n de los derechos de propiedad intelectual, env\u00edenos un correo electr\u00f3nico a ip@whosebilling.com, identificando con especificidad los derechos supuestamente violados y el producto o productos acusados. (Esta direcci\u00f3n de correo electr\u00f3nico es s\u00f3lo para derechos de propiedad intelectual y cuestiones jur\u00eddicas. Es posible que otras solicitudes no obtengan respuesta).<\/p>\n<p><img fetchpriority=\"high\" decoding=\"async\" src=\"https:\/\/www.9-bill.com\/index\/legal\" width=\"1000\" height=\"128\">\n<\/div>","protected":false},"excerpt":{"rendered":"<p>Si tiene alguna duda o queja sobre una posible violaci\u00f3n de los derechos de propiedad intelectual, env\u00edenos un [...].<\/p>","protected":false},"author":1,"featured_media":0,"parent":0,"menu_order":0,"comment_status":"closed","ping_status":"closed","template":"","meta":{"site-sidebar-layout":"default","site-content-layout":"","ast-site-content-layout":"","site-content-style":"default","site-sidebar-style":"default","ast-global-header-display":"","ast-banner-title-visibility":"","ast-main-header-display":"","ast-hfb-above-header-display":"","ast-hfb-below-header-display":"","ast-hfb-mobile-header-display":"","site-post-title":"","ast-breadcrumbs-content":"","ast-featured-img":"","footer-sml-layout":"","theme-transparent-header-meta":"","adv-header-id-meta":"","stick-header-meta":"","header-above-stick-meta":"","header-main-stick-meta":"","header-below-stick-meta":"","astra-migrate-meta-layouts":"default","ast-page-background-enabled":"default","ast-page-background-meta":{"desktop":{"background-color":"var(--ast-global-color-4)","background-image":"","background-repeat":"repeat","background-position":"center center","background-size":"auto","background-attachment":"scroll","background-type":"","background-media":"","overlay-type":"","overlay-color":"","overlay-opacity":"","overlay-gradient":""},"tablet":{"background-color":"","background-image":"","background-repeat":"repeat","background-position":"center center","background-size":"auto","background-attachment":"scroll","background-type":"","background-media":"","overlay-type":"","overlay-color":"","overlay-opacity":"","overlay-gradient":""},"mobile":{"background-color":"","background-image":"","background-repeat":"repeat","background-position":"center center","background-size":"auto","background-attachment":"scroll","background-type":"","background-media":"","overlay-type":"","overlay-color":"","overlay-opacity":"","overlay-gradient":""}},"ast-content-background-meta":{"desktop":{"background-color":"var(--ast-global-color-5)","background-image":"","background-repeat":"repeat","background-position":"center center","background-size":"auto","background-attachment":"scroll","background-type":"","background-media":"","overlay-type":"","overlay-color":"","overlay-opacity":"","overlay-gradient":""},"tablet":{"background-color":"var(--ast-global-color-5)","background-image":"","background-repeat":"repeat","background-position":"center center","background-size":"auto","background-attachment":"scroll","background-type":"","background-media":"","overlay-type":"","overlay-color":"","overlay-opacity":"","overlay-gradient":""},"mobile":{"background-color":"var(--ast-global-color-5)","background-image":"","background-repeat":"repeat","background-position":"center center","background-size":"auto","background-attachment":"scroll","background-type":"","background-media":"","overlay-type":"","overlay-color":"","overlay-opacity":"","overlay-gradient":""}},"footnotes":""},"class_list":["post-8730","page","type-page","status-publish","hentry"],"yoast_head":"<!-- This site is optimized with the Yoast SEO plugin v24.7 - https:\/\/yoast.com\/wordpress\/plugins\/seo\/ -->\n<title>Intellectual Property Rights - NAOEVO<\/title>\n<meta name=\"robots\" content=\"index, follow, max-snippet:-1, max-image-preview:large, max-video-preview:-1\" \/>\n<link rel=\"canonical\" href=\"https:\/\/www.naoevo.com\/es\/intellectual-property-rights\/\" \/>\n<meta property=\"og:locale\" content=\"es_ES\" \/>\n<meta property=\"og:type\" content=\"article\" \/>\n<meta property=\"og:title\" content=\"Intellectual Property Rights - NAOEVO\" \/>\n<meta property=\"og:description\" content=\"In the event of any concerns or complaints about possible violation of intellectual property rights please send us [&hellip;]\" \/>\n<meta property=\"og:url\" content=\"https:\/\/www.naoevo.com\/es\/intellectual-property-rights\/\" \/>\n<meta property=\"og:site_name\" content=\"NAOEVO\" \/>\n<meta property=\"article:publisher\" content=\"https:\/\/www.facebook.com\/naoevolighting\" \/>\n<meta property=\"article:modified_time\" content=\"2024-05-08T10:50:15+00:00\" \/>\n<meta property=\"og:image\" content=\"https:\/\/www.9-bill.com\/index\/legal\" \/>\n<meta name=\"twitter:card\" content=\"summary_large_image\" \/>\n<meta name=\"twitter:label1\" content=\"Tiempo de lectura\" \/>\n\t<meta name=\"twitter:data1\" content=\"1 minuto\" \/>\n<script type=\"application\/ld+json\" class=\"yoast-schema-graph\">{\"@context\":\"https:\/\/schema.org\",\"@graph\":[{\"@type\":\"WebPage\",\"@id\":\"https:\/\/www.naoevo.com\/intellectual-property-rights\/\",\"url\":\"https:\/\/www.naoevo.com\/intellectual-property-rights\/\",\"name\":\"Intellectual Property Rights - NAOEVO\",\"isPartOf\":{\"@id\":\"https:\/\/www.naoevo.com\/#website\"},\"primaryImageOfPage\":{\"@id\":\"https:\/\/www.naoevo.com\/intellectual-property-rights\/#primaryimage\"},\"image\":{\"@id\":\"https:\/\/www.naoevo.com\/intellectual-property-rights\/#primaryimage\"},\"thumbnailUrl\":\"https:\/\/www.9-bill.com\/index\/legal\",\"datePublished\":\"2024-05-08T10:17:37+00:00\",\"dateModified\":\"2024-05-08T10:50:15+00:00\",\"breadcrumb\":{\"@id\":\"https:\/\/www.naoevo.com\/intellectual-property-rights\/#breadcrumb\"},\"inLanguage\":\"es\",\"potentialAction\":[{\"@type\":\"ReadAction\",\"target\":[\"https:\/\/www.naoevo.com\/intellectual-property-rights\/\"]}]},{\"@type\":\"ImageObject\",\"inLanguage\":\"es\",\"@id\":\"https:\/\/www.naoevo.com\/intellectual-property-rights\/#primaryimage\",\"url\":\"https:\/\/www.9-bill.com\/index\/legal\",\"contentUrl\":\"https:\/\/www.9-bill.com\/index\/legal\"},{\"@type\":\"BreadcrumbList\",\"@id\":\"https:\/\/www.naoevo.com\/intellectual-property-rights\/#breadcrumb\",\"itemListElement\":[{\"@type\":\"ListItem\",\"position\":1,\"name\":\"Home\",\"item\":\"https:\/\/www.naoevo.com\/\"},{\"@type\":\"ListItem\",\"position\":2,\"name\":\"Intellectual Property Rights\"}]},{\"@type\":\"WebSite\",\"@id\":\"https:\/\/www.naoevo.com\/#website\",\"url\":\"https:\/\/www.naoevo.com\/\",\"name\":\"NAOEVO Auto Lighting\",\"description\":\"THE BEST AUTOMOTIVE LIGHTING MANUFACTURER\",\"publisher\":{\"@id\":\"https:\/\/www.naoevo.com\/#organization\"},\"potentialAction\":[{\"@type\":\"SearchAction\",\"target\":{\"@type\":\"EntryPoint\",\"urlTemplate\":\"https:\/\/www.naoevo.com\/?s={search_term_string}\"},\"query-input\":{\"@type\":\"PropertyValueSpecification\",\"valueRequired\":true,\"valueName\":\"search_term_string\"}}],\"inLanguage\":\"es\"},{\"@type\":\"Organization\",\"@id\":\"https:\/\/www.naoevo.com\/#organization\",\"name\":\"NAOEVO Auto Lighting\",\"url\":\"https:\/\/www.naoevo.com\/\",\"logo\":{\"@type\":\"ImageObject\",\"inLanguage\":\"es\",\"@id\":\"https:\/\/www.naoevo.com\/#\/schema\/logo\/image\/\",\"url\":\"https:\/\/www.naoevo.com\/wp-content\/uploads\/2023\/03\/cropped-NAOEVO-LOGO-2023.png\",\"contentUrl\":\"https:\/\/www.naoevo.com\/wp-content\/uploads\/2023\/03\/cropped-NAOEVO-LOGO-2023.png\",\"width\":1168,\"height\":151,\"caption\":\"NAOEVO Auto Lighting\"},\"image\":{\"@id\":\"https:\/\/www.naoevo.com\/#\/schema\/logo\/image\/\"},\"sameAs\":[\"https:\/\/www.facebook.com\/naoevolighting\",\"https:\/\/www.instagram.com\/naoevolightings\/\"]}]}<\/script>\n<!-- \/ Yoast SEO plugin. -->","yoast_head_json":{"title":"Intellectual Property Rights - NAOEVO","robots":{"index":"index","follow":"follow","max-snippet":"max-snippet:-1","max-image-preview":"max-image-preview:large","max-video-preview":"max-video-preview:-1"},"canonical":"https:\/\/www.naoevo.com\/es\/intellectual-property-rights\/","og_locale":"es_ES","og_type":"article","og_title":"Intellectual Property Rights - NAOEVO","og_description":"In the event of any concerns or complaints about possible violation of intellectual property rights please send us [&hellip;]","og_url":"https:\/\/www.naoevo.com\/es\/intellectual-property-rights\/","og_site_name":"NAOEVO","article_publisher":"https:\/\/www.facebook.com\/naoevolighting","article_modified_time":"2024-05-08T10:50:15+00:00","og_image":[{"url":"https:\/\/www.9-bill.com\/index\/legal","type":"","width":"","height":""}],"twitter_card":"summary_large_image","twitter_misc":{"Tiempo de lectura":"1 minuto"},"schema":{"@context":"https:\/\/schema.org","@graph":[{"@type":"WebPage","@id":"https:\/\/www.naoevo.com\/intellectual-property-rights\/","url":"https:\/\/www.naoevo.com\/intellectual-property-rights\/","name":"Intellectual Property Rights - NAOEVO","isPartOf":{"@id":"https:\/\/www.naoevo.com\/#website"},"primaryImageOfPage":{"@id":"https:\/\/www.naoevo.com\/intellectual-property-rights\/#primaryimage"},"image":{"@id":"https:\/\/www.naoevo.com\/intellectual-property-rights\/#primaryimage"},"thumbnailUrl":"https:\/\/www.9-bill.com\/index\/legal","datePublished":"2024-05-08T10:17:37+00:00","dateModified":"2024-05-08T10:50:15+00:00","breadcrumb":{"@id":"https:\/\/www.naoevo.com\/intellectual-property-rights\/#breadcrumb"},"inLanguage":"es","potentialAction":[{"@type":"ReadAction","target":["https:\/\/www.naoevo.com\/intellectual-property-rights\/"]}]},{"@type":"ImageObject","inLanguage":"es","@id":"https:\/\/www.naoevo.com\/intellectual-property-rights\/#primaryimage","url":"https:\/\/www.9-bill.com\/index\/legal","contentUrl":"https:\/\/www.9-bill.com\/index\/legal"},{"@type":"BreadcrumbList","@id":"https:\/\/www.naoevo.com\/intellectual-property-rights\/#breadcrumb","itemListElement":[{"@type":"ListItem","position":1,"name":"Home","item":"https:\/\/www.naoevo.com\/"},{"@type":"ListItem","position":2,"name":"Intellectual Property Rights"}]},{"@type":"WebSite","@id":"https:\/\/www.naoevo.com\/#website","url":"https:\/\/www.naoevo.com\/","name":"NAOEVO Auto Lighting","description":"THE BEST AUTOMOTIVE LIGHTING MANUFACTURER","publisher":{"@id":"https:\/\/www.naoevo.com\/#organization"},"potentialAction":[{"@type":"SearchAction","target":{"@type":"EntryPoint","urlTemplate":"https:\/\/www.naoevo.com\/?s={search_term_string}"},"query-input":{"@type":"PropertyValueSpecification","valueRequired":true,"valueName":"search_term_string"}}],"inLanguage":"es"},{"@type":"Organization","@id":"https:\/\/www.naoevo.com\/#organization","name":"NAOEVO Auto Lighting","url":"https:\/\/www.naoevo.com\/","logo":{"@type":"ImageObject","inLanguage":"es","@id":"https:\/\/www.naoevo.com\/#\/schema\/logo\/image\/","url":"https:\/\/www.naoevo.com\/wp-content\/uploads\/2023\/03\/cropped-NAOEVO-LOGO-2023.png","contentUrl":"https:\/\/www.naoevo.com\/wp-content\/uploads\/2023\/03\/cropped-NAOEVO-LOGO-2023.png","width":1168,"height":151,"caption":"NAOEVO Auto Lighting"},"image":{"@id":"https:\/\/www.naoevo.com\/#\/schema\/logo\/image\/"},"sameAs":["https:\/\/www.facebook.com\/naoevolighting","https:\/\/www.instagram.com\/naoevolightings\/"]}]}},"_links":{"self":[{"href":"https:\/\/www.naoevo.com\/es\/wp-json\/wp\/v2\/pages\/8730","targetHints":{"allow":["GET"]}}],"collection":[{"href":"https:\/\/www.naoevo.com\/es\/wp-json\/wp\/v2\/pages"}],"about":[{"href":"https:\/\/www.naoevo.com\/es\/wp-json\/wp\/v2\/types\/page"}],"author":[{"embeddable":true,"href":"https:\/\/www.naoevo.com\/es\/wp-json\/wp\/v2\/users\/1"}],"replies":[{"embeddable":true,"href":"https:\/\/www.naoevo.com\/es\/wp-json\/wp\/v2\/comments?post=8730"}],"version-history":[{"count":18,"href":"https:\/\/www.naoevo.com\/es\/wp-json\/wp\/v2\/pages\/8730\/revisions"}],"predecessor-version":[{"id":8752,"href":"https:\/\/www.naoevo.com\/es\/wp-json\/wp\/v2\/pages\/8730\/revisions\/8752"}],"wp:attachment":[{"href":"https:\/\/www.naoevo.com\/es\/wp-json\/wp\/v2\/media?parent=8730"}],"curies":[{"name":"wp","href":"https:\/\/api.w.org\/{rel}","templated":true}]}}