{"id":2814,"date":"2023-02-11T06:18:50","date_gmt":"2023-02-11T06:18:50","guid":{"rendered":"https:\/\/naoevo.com\/?page_id=2814"},"modified":"2023-02-11T06:18:51","modified_gmt":"2023-02-11T06:18:51","slug":"privacy-policy","status":"publish","type":"page","link":"https:\/\/www.naoevo.com\/es\/privacy-policy\/","title":{"rendered":"Pol\u00edtica de privacidad"},"content":{"rendered":"<h2 class=\"wp-block-post-title\">Pol\u00edtica de privacidad<\/h2>\n\n\n<p>Esta pol\u00edtica de privacidad revela las pr\u00e1cticas de privacidad de NAOEVO. Esta pol\u00edtica de privacidad se aplica exclusivamente a la informaci\u00f3n recogida por este sitio web. En ella se le informa de lo siguiente:<\/p>\n\n\n\n<p>Qu\u00e9 informaci\u00f3n personal identificable se recopila de usted a trav\u00e9s del sitio web, c\u00f3mo se utiliza y con qui\u00e9n puede compartirse. De qu\u00e9 opciones dispone en relaci\u00f3n con el uso de sus datos. C\u00f3mo puede corregir cualquier inexactitud en la informaci\u00f3n.<\/p>\n\n\n\n<p><strong>Recogida, uso e intercambio de informaci\u00f3n<\/strong><\/p>\n\n\n\n<p>Somos los \u00fanicos propietarios de la informaci\u00f3n recogida en este sitio. S\u00f3lo tenemos acceso\/recopilamos la informaci\u00f3n que usted nos facilita voluntariamente a trav\u00e9s del correo electr\u00f3nico u otros contactos directos suyos. No venderemos ni alquilaremos esta informaci\u00f3n a nadie.<\/p>\n\n\n\n<p>Utilizaremos sus datos para responderle en relaci\u00f3n con el motivo por el que se puso en contacto con nosotros. No compartiremos su informaci\u00f3n con ning\u00fan tercero ajeno a nuestra organizaci\u00f3n, salvo cuando sea necesario para satisfacer su solicitud, por ejemplo, para enviar un pedido.<\/p>\n\n\n\n<p>A menos que nos pida que no lo hagamos, es posible que nos pongamos en contacto con usted por correo electr\u00f3nico en el futuro para informarle sobre ofertas especiales, nuevos productos o servicios, o cambios en esta pol\u00edtica de privacidad.<\/p>\n\n\n\n<p><strong>Acceso y control de la informaci\u00f3n<\/strong><\/p>\n\n\n\n<p>En cualquier momento puede darse de baja de nuestros futuros contactos. Puede hacerlo en cualquier momento poni\u00e9ndose en contacto con nosotros a trav\u00e9s de la direcci\u00f3n de correo electr\u00f3nico o el n\u00famero de tel\u00e9fono que figuran en nuestro sitio web:<\/p>\n\n\n\n<p>Ver qu\u00e9 datos tenemos sobre usted, si los hay.<\/p>\n\n\n\n<p>Modificar\/corregir cualquier dato que tengamos sobre usted.<\/p>\n\n\n\n<p>Pedirnos que borremos los datos que tenemos sobre usted.<\/p>\n\n\n\n<p>Expresar cualquier preocupaci\u00f3n que tenga sobre el uso que hacemos de sus datos.<\/p>\n\n\n\n<p><strong>Seguridad<\/strong><\/p>\n\n\n\n<p>Tomamos precauciones para proteger su informaci\u00f3n. Cuando env\u00eda informaci\u00f3n sensible a trav\u00e9s del sitio web, sus datos est\u00e1n protegidos tanto en l\u00ednea como fuera de l\u00ednea. Siempre que recopilamos informaci\u00f3n sensible (como datos de tarjetas de cr\u00e9dito), esa informaci\u00f3n se encripta y se nos transmite de forma segura.<\/p>\n\n\n\n<p>Aunque utilizamos el cifrado para proteger la informaci\u00f3n confidencial transmitida en l\u00ednea, tambi\u00e9n protegemos su informaci\u00f3n fuera de l\u00ednea. S\u00f3lo los empleados que necesitan la informaci\u00f3n para realizar un trabajo espec\u00edfico (por ejemplo, facturaci\u00f3n o atenci\u00f3n al cliente) tienen acceso a la informaci\u00f3n de identificaci\u00f3n personal. Los ordenadores\/servidores en los que almacenamos la informaci\u00f3n de identificaci\u00f3n personal se mantienen en un entorno seguro.<\/p>\n\n\n\n<p><strong>Inscripci\u00f3n<\/strong><\/p>\n\n\n\n<p>Para utilizar este sitio web, el usuario debe cumplimentar primero el formulario de registro. Durante el registro, el usuario debe facilitar cierta informaci\u00f3n (como nombre y direcci\u00f3n de correo electr\u00f3nico). Esta informaci\u00f3n se utiliza para ponernos en contacto con usted en relaci\u00f3n con los productos y servicios de nuestro sitio en los que haya manifestado inter\u00e9s. Si lo desea, tambi\u00e9n puede facilitar informaci\u00f3n demogr\u00e1fica (como sexo o edad) sobre s\u00ed mismo, pero no es obligatorio.<\/p>\n\n\n\n<p><strong>Pedidos<\/strong><\/p>\n\n\n\n<p>Le pedimos informaci\u00f3n en nuestro formulario de pedido. Para comprarnos, debe proporcionarnos informaci\u00f3n de contacto (como nombre y direcci\u00f3n de env\u00edo) e informaci\u00f3n financiera (como n\u00famero de tarjeta de cr\u00e9dito y fecha de caducidad). Esta informaci\u00f3n se utiliza con fines de facturaci\u00f3n y para tramitar sus pedidos. Si tenemos problemas para tramitar un pedido, utilizaremos esta informaci\u00f3n para ponernos en contacto con usted.<\/p>\n\n\n\n<p><strong>Y\/O:<\/strong><\/p>\n\n\n\n<p>Nos asociamos con terceros para prestar servicios espec\u00edficos. Cuando el usuario se inscriba en estos servicios, compartiremos los nombres u otra informaci\u00f3n de contacto que sea necesaria para que el tercero preste estos servicios. Estas partes no est\u00e1n autorizadas a utilizar informaci\u00f3n personal identificable salvo para la prestaci\u00f3n de estos servicios.<\/p>\n\n\n\n<p><strong>Actualizaciones<\/strong><\/p>\n\n\n\n<p>Nuestra Pol\u00edtica de Privacidad puede cambiar de vez en cuando y todas las actualizaciones se publicar\u00e1n en esta p\u00e1gina.<\/p>\n\n\n\n<p>Si cree que no estamos cumpliendo esta pol\u00edtica de privacidad, p\u00f3ngase en contacto con nosotros inmediatamente.<\/p>","protected":false},"excerpt":{"rendered":"<p>Esta pol\u00edtica de privacidad revela las pr\u00e1cticas de privacidad de NAOEVO. Esta pol\u00edtica de privacidad se aplica exclusivamente a la informaci\u00f3n recogida por [...]<\/p>","protected":false},"author":1,"featured_media":0,"parent":0,"menu_order":0,"comment_status":"closed","ping_status":"closed","template":"","meta":{"site-sidebar-layout":"default","site-content-layout":"","ast-site-content-layout":"","site-content-style":"default","site-sidebar-style":"default","ast-global-header-display":"","ast-banner-title-visibility":"","ast-main-header-display":"","ast-hfb-above-header-display":"","ast-hfb-below-header-display":"","ast-hfb-mobile-header-display":"","site-post-title":"","ast-breadcrumbs-content":"","ast-featured-img":"","footer-sml-layout":"","theme-transparent-header-meta":"","adv-header-id-meta":"","stick-header-meta":"","header-above-stick-meta":"","header-main-stick-meta":"","header-below-stick-meta":"","astra-migrate-meta-layouts":"default","ast-page-background-enabled":"default","ast-page-background-meta":{"desktop":{"background-color":"var(--ast-global-color-4)","background-image":"","background-repeat":"repeat","background-position":"center center","background-size":"auto","background-attachment":"scroll","background-type":"","background-media":"","overlay-type":"","overlay-color":"","overlay-opacity":"","overlay-gradient":""},"tablet":{"background-color":"","background-image":"","background-repeat":"repeat","background-position":"center center","background-size":"auto","background-attachment":"scroll","background-type":"","background-media":"","overlay-type":"","overlay-color":"","overlay-opacity":"","overlay-gradient":""},"mobile":{"background-color":"","background-image":"","background-repeat":"repeat","background-position":"center center","background-size":"auto","background-attachment":"scroll","background-type":"","background-media":"","overlay-type":"","overlay-color":"","overlay-opacity":"","overlay-gradient":""}},"ast-content-background-meta":{"desktop":{"background-color":"var(--ast-global-color-5)","background-image":"","background-repeat":"repeat","background-position":"center center","background-size":"auto","background-attachment":"scroll","background-type":"","background-media":"","overlay-type":"","overlay-color":"","overlay-opacity":"","overlay-gradient":""},"tablet":{"background-color":"var(--ast-global-color-5)","background-image":"","background-repeat":"repeat","background-position":"center center","background-size":"auto","background-attachment":"scroll","background-type":"","background-media":"","overlay-type":"","overlay-color":"","overlay-opacity":"","overlay-gradient":""},"mobile":{"background-color":"var(--ast-global-color-5)","background-image":"","background-repeat":"repeat","background-position":"center center","background-size":"auto","background-attachment":"scroll","background-type":"","background-media":"","overlay-type":"","overlay-color":"","overlay-opacity":"","overlay-gradient":""}},"footnotes":""},"class_list":["post-2814","page","type-page","status-publish","hentry"],"yoast_head":"<!-- This site is optimized with the Yoast SEO plugin v24.7 - https:\/\/yoast.com\/wordpress\/plugins\/seo\/ -->\n<title>Privacy Policy - NAOEVO<\/title>\n<meta name=\"robots\" content=\"index, follow, max-snippet:-1, max-image-preview:large, max-video-preview:-1\" \/>\n<link rel=\"canonical\" href=\"https:\/\/www.naoevo.com\/es\/privacy-policy\/\" \/>\n<meta property=\"og:locale\" content=\"es_ES\" \/>\n<meta property=\"og:type\" content=\"article\" \/>\n<meta property=\"og:title\" content=\"Privacy Policy - NAOEVO\" \/>\n<meta property=\"og:description\" content=\"This privacy policy discloses the privacy practices of NAOEVO. This privacy policy applies solely to information collected by [&hellip;]\" \/>\n<meta property=\"og:url\" content=\"https:\/\/www.naoevo.com\/es\/privacy-policy\/\" \/>\n<meta property=\"og:site_name\" content=\"NAOEVO\" \/>\n<meta property=\"article:publisher\" content=\"https:\/\/www.facebook.com\/naoevolighting\" \/>\n<meta property=\"article:modified_time\" content=\"2023-02-11T06:18:51+00:00\" \/>\n<meta property=\"og:image\" content=\"https:\/\/www.naoevo.com\/wp-content\/uploads\/2023\/01\/NAOEVO-LOGO-2.png\" \/>\n\t<meta property=\"og:image:width\" content=\"400\" \/>\n\t<meta property=\"og:image:height\" content=\"80\" \/>\n\t<meta property=\"og:image:type\" content=\"image\/png\" \/>\n<meta name=\"twitter:card\" content=\"summary_large_image\" \/>\n<meta name=\"twitter:label1\" content=\"Tiempo de lectura\" \/>\n\t<meta name=\"twitter:data1\" content=\"3 minutos\" \/>\n<script type=\"application\/ld+json\" class=\"yoast-schema-graph\">{\"@context\":\"https:\/\/schema.org\",\"@graph\":[{\"@type\":\"WebPage\",\"@id\":\"https:\/\/www.naoevo.com\/privacy-policy\/\",\"url\":\"https:\/\/www.naoevo.com\/privacy-policy\/\",\"name\":\"Privacy Policy - NAOEVO\",\"isPartOf\":{\"@id\":\"https:\/\/www.naoevo.com\/#website\"},\"datePublished\":\"2023-02-11T06:18:50+00:00\",\"dateModified\":\"2023-02-11T06:18:51+00:00\",\"breadcrumb\":{\"@id\":\"https:\/\/www.naoevo.com\/privacy-policy\/#breadcrumb\"},\"inLanguage\":\"es\",\"potentialAction\":[{\"@type\":\"ReadAction\",\"target\":[\"https:\/\/www.naoevo.com\/privacy-policy\/\"]}]},{\"@type\":\"BreadcrumbList\",\"@id\":\"https:\/\/www.naoevo.com\/privacy-policy\/#breadcrumb\",\"itemListElement\":[{\"@type\":\"ListItem\",\"position\":1,\"name\":\"Home\",\"item\":\"https:\/\/www.naoevo.com\/\"},{\"@type\":\"ListItem\",\"position\":2,\"name\":\"Privacy Policy\"}]},{\"@type\":\"WebSite\",\"@id\":\"https:\/\/www.naoevo.com\/#website\",\"url\":\"https:\/\/www.naoevo.com\/\",\"name\":\"NAOEVO Auto Lighting\",\"description\":\"THE BEST AUTOMOTIVE LIGHTING MANUFACTURER\",\"publisher\":{\"@id\":\"https:\/\/www.naoevo.com\/#organization\"},\"potentialAction\":[{\"@type\":\"SearchAction\",\"target\":{\"@type\":\"EntryPoint\",\"urlTemplate\":\"https:\/\/www.naoevo.com\/?s={search_term_string}\"},\"query-input\":{\"@type\":\"PropertyValueSpecification\",\"valueRequired\":true,\"valueName\":\"search_term_string\"}}],\"inLanguage\":\"es\"},{\"@type\":\"Organization\",\"@id\":\"https:\/\/www.naoevo.com\/#organization\",\"name\":\"NAOEVO Auto Lighting\",\"url\":\"https:\/\/www.naoevo.com\/\",\"logo\":{\"@type\":\"ImageObject\",\"inLanguage\":\"es\",\"@id\":\"https:\/\/www.naoevo.com\/#\/schema\/logo\/image\/\",\"url\":\"https:\/\/www.naoevo.com\/wp-content\/uploads\/2023\/03\/cropped-NAOEVO-LOGO-2023.png\",\"contentUrl\":\"https:\/\/www.naoevo.com\/wp-content\/uploads\/2023\/03\/cropped-NAOEVO-LOGO-2023.png\",\"width\":1168,\"height\":151,\"caption\":\"NAOEVO Auto Lighting\"},\"image\":{\"@id\":\"https:\/\/www.naoevo.com\/#\/schema\/logo\/image\/\"},\"sameAs\":[\"https:\/\/www.facebook.com\/naoevolighting\",\"https:\/\/www.instagram.com\/naoevolightings\/\"]}]}<\/script>\n<!-- \/ Yoast SEO plugin. -->","yoast_head_json":{"title":"Privacy Policy - NAOEVO","robots":{"index":"index","follow":"follow","max-snippet":"max-snippet:-1","max-image-preview":"max-image-preview:large","max-video-preview":"max-video-preview:-1"},"canonical":"https:\/\/www.naoevo.com\/es\/privacy-policy\/","og_locale":"es_ES","og_type":"article","og_title":"Privacy Policy - NAOEVO","og_description":"This privacy policy discloses the privacy practices of NAOEVO. This privacy policy applies solely to information collected by [&hellip;]","og_url":"https:\/\/www.naoevo.com\/es\/privacy-policy\/","og_site_name":"NAOEVO","article_publisher":"https:\/\/www.facebook.com\/naoevolighting","article_modified_time":"2023-02-11T06:18:51+00:00","og_image":[{"width":400,"height":80,"url":"https:\/\/www.naoevo.com\/wp-content\/uploads\/2023\/01\/NAOEVO-LOGO-2.png","type":"image\/png"}],"twitter_card":"summary_large_image","twitter_misc":{"Tiempo de lectura":"3 minutos"},"schema":{"@context":"https:\/\/schema.org","@graph":[{"@type":"WebPage","@id":"https:\/\/www.naoevo.com\/privacy-policy\/","url":"https:\/\/www.naoevo.com\/privacy-policy\/","name":"Privacy Policy - NAOEVO","isPartOf":{"@id":"https:\/\/www.naoevo.com\/#website"},"datePublished":"2023-02-11T06:18:50+00:00","dateModified":"2023-02-11T06:18:51+00:00","breadcrumb":{"@id":"https:\/\/www.naoevo.com\/privacy-policy\/#breadcrumb"},"inLanguage":"es","potentialAction":[{"@type":"ReadAction","target":["https:\/\/www.naoevo.com\/privacy-policy\/"]}]},{"@type":"BreadcrumbList","@id":"https:\/\/www.naoevo.com\/privacy-policy\/#breadcrumb","itemListElement":[{"@type":"ListItem","position":1,"name":"Home","item":"https:\/\/www.naoevo.com\/"},{"@type":"ListItem","position":2,"name":"Privacy Policy"}]},{"@type":"WebSite","@id":"https:\/\/www.naoevo.com\/#website","url":"https:\/\/www.naoevo.com\/","name":"NAOEVO Auto Lighting","description":"THE BEST AUTOMOTIVE LIGHTING MANUFACTURER","publisher":{"@id":"https:\/\/www.naoevo.com\/#organization"},"potentialAction":[{"@type":"SearchAction","target":{"@type":"EntryPoint","urlTemplate":"https:\/\/www.naoevo.com\/?s={search_term_string}"},"query-input":{"@type":"PropertyValueSpecification","valueRequired":true,"valueName":"search_term_string"}}],"inLanguage":"es"},{"@type":"Organization","@id":"https:\/\/www.naoevo.com\/#organization","name":"NAOEVO Auto Lighting","url":"https:\/\/www.naoevo.com\/","logo":{"@type":"ImageObject","inLanguage":"es","@id":"https:\/\/www.naoevo.com\/#\/schema\/logo\/image\/","url":"https:\/\/www.naoevo.com\/wp-content\/uploads\/2023\/03\/cropped-NAOEVO-LOGO-2023.png","contentUrl":"https:\/\/www.naoevo.com\/wp-content\/uploads\/2023\/03\/cropped-NAOEVO-LOGO-2023.png","width":1168,"height":151,"caption":"NAOEVO Auto Lighting"},"image":{"@id":"https:\/\/www.naoevo.com\/#\/schema\/logo\/image\/"},"sameAs":["https:\/\/www.facebook.com\/naoevolighting","https:\/\/www.instagram.com\/naoevolightings\/"]}]}},"_links":{"self":[{"href":"https:\/\/www.naoevo.com\/es\/wp-json\/wp\/v2\/pages\/2814","targetHints":{"allow":["GET"]}}],"collection":[{"href":"https:\/\/www.naoevo.com\/es\/wp-json\/wp\/v2\/pages"}],"about":[{"href":"https:\/\/www.naoevo.com\/es\/wp-json\/wp\/v2\/types\/page"}],"author":[{"embeddable":true,"href":"https:\/\/www.naoevo.com\/es\/wp-json\/wp\/v2\/users\/1"}],"replies":[{"embeddable":true,"href":"https:\/\/www.naoevo.com\/es\/wp-json\/wp\/v2\/comments?post=2814"}],"version-history":[{"count":0,"href":"https:\/\/www.naoevo.com\/es\/wp-json\/wp\/v2\/pages\/2814\/revisions"}],"wp:attachment":[{"href":"https:\/\/www.naoevo.com\/es\/wp-json\/wp\/v2\/media?parent=2814"}],"curies":[{"name":"wp","href":"https:\/\/api.w.org\/{rel}","templated":true}]}}