{"id":2434,"date":"2023-02-03T02:15:52","date_gmt":"2023-02-03T02:15:52","guid":{"rendered":"http:\/\/naoevo.com\/?page_id=2434"},"modified":"2023-02-11T06:16:18","modified_gmt":"2023-02-11T06:16:18","slug":"terms-and-conditions","status":"publish","type":"page","link":"https:\/\/www.naoevo.com\/es\/terms-and-conditions\/","title":{"rendered":"Condiciones generales"},"content":{"rendered":"<h2 class=\"wp-block-post-title\">Condiciones generales<\/h2>\n\n\n<p>Este sitio web est\u00e1 gestionado por NAOEVO. En todo el sitio, los t\u00e9rminos \"nosotros\", \"nos\" y \"nuestro\" se refieren a NAOEVO. Ofrecemos este sitio web, incluyendo toda la informaci\u00f3n, herramientas y servicios disponibles en este sitio para usted, el usuario, condicionado a la aceptaci\u00f3n de todos los t\u00e9rminos, condiciones, pol\u00edticas y avisos aqu\u00ed expuestos.<\/p>\n\n\n\n<p>Al visitar nuestro sitio y\/o comprar algo de nosotros, usted participa en nuestro \"Servicio\" y acepta estar obligado por los siguientes t\u00e9rminos y condiciones (\"T\u00e9rminos de Servicio\", \"T\u00e9rminos\"), incluyendo aquellos t\u00e9rminos y condiciones adicionales y pol\u00edticas referenciadas en este documento y\/o disponibles por hiperv\u00ednculo. Estas Condiciones del servicio se aplican a todos los usuarios del sitio, incluidos, entre otros, los usuarios que son clientes y\/o colaboradores de contenidos.<\/p>\n\n\n\n<p>Lea atentamente estas Condiciones de servicio antes de acceder o utilizar nuestro sitio web. Al acceder o utilizar cualquier parte del sitio, acepta quedar vinculado por estas Condiciones de servicio. Si no acepta todos los t\u00e9rminos y condiciones de este acuerdo, no podr\u00e1 acceder al sitio web ni utilizar ninguno de los servicios.<\/p>\n\n\n\n<p>Cualquier nueva funci\u00f3n o herramienta que se a\u00f1ada a la tienda actual tambi\u00e9n estar\u00e1 sujeta a las Condiciones del servicio. Puede consultar la versi\u00f3n m\u00e1s actualizada de las Condiciones del servicio en cualquier momento en esta p\u00e1gina. Nos reservamos el derecho a actualizar, cambiar o sustituir cualquier parte de estas Condiciones del servicio mediante la publicaci\u00f3n de actualizaciones y\/o cambios en nuestro sitio web. Es su responsabilidad revisar esta p\u00e1gina peri\u00f3dicamente para comprobar si se han producido cambios. El uso continuado o el acceso al sitio web tras la publicaci\u00f3n de cualquier cambio constituye la aceptaci\u00f3n de dichos cambios.<\/p>\n\n\n\n<p><strong>Propiedad y uso de los contenidos<\/strong><\/p>\n\n\n\n<p>Toda la informaci\u00f3n y el Contenido de este Sitio, y cualquier mejora, trabajo derivado o perfeccionamiento de los mismos, incluidos, entre otros, todos los textos, bases de datos (en cualquier formato), an\u00e1lisis, invenciones, procesos, informes, art\u00edculos, gr\u00e1ficos, interfaces de usuario, aplicaciones de software, archivos de v\u00eddeo y audio y fotograf\u00edas, y todos y cada uno de los derechos mundiales de propiedad intelectual incorporados por, derivados de los mismos o relacionados con ellos, incluidos todos y cada uno de los derechos de patente (incluidas sus solicitudes, continuaciones, divisiones, renovaciones, sustituciones o reemisiones), derechos de autor, derechos de publicidad, marcas comerciales, marcas de servicio, logotipos, esl\u00f3ganes e imagen comercial, tanto registrados como no registrados (\"Derechos de propiedad intelectual\"), son propiedad exclusiva de NAOEVO o cedidos bajo licencia. El Contenido est\u00e1 protegido en todo el mundo por las leyes de propiedad intelectual aplicables. Usted puede hacer y utilizar impresiones del Contenido \u00fanicamente para su uso personal y no comercial, siempre que las impresiones conserven sin alteraci\u00f3n alguna todos los avisos, leyendas o marcas de derechos de autor, marcas registradas y otros avisos de propiedad. NAOEVO se reserva el derecho a poner fin en cualquier momento a su derecho a realizar copias personales del Contenido. Salvo que se indique expresamente en estas Condiciones de uso, no podr\u00e1 duplicar, copiar, modificar, crear obras derivadas, compilar, desensamblar o aplicar ingenier\u00eda inversa al Contenido, ni mostrar, redistribuir, retransmitir, volver a publicar, vender, conceder licencias, arrendar, sublicenciar, ceder o transferir de cualquier otro modo el Contenido. No podr\u00e1 enmarcar el Contenido dentro de otro sitio web. Con excepci\u00f3n de los derechos de uso limitado expresamente previstos en este p\u00e1rrafo, o en cualesquiera t\u00e9rminos y condiciones adicionales, todos los derechos sobre el Contenido est\u00e1n reservados.<\/p>\n\n\n\n<p><strong>Propiedad y uso de marcas<\/strong><\/p>\n\n\n\n<p>Las marcas comerciales y de servicio \"NAOEVO\" y cualesquiera logotipos, dise\u00f1os, esl\u00f3ganes u otros dispositivos de identificaci\u00f3n de la fuente, incluidas sus combinaciones (excluidas las marcas comerciales o de servicio propiedad de terceros) que aparecen en el Sitio, son propiedad de NAOEVO. Excepto cuando se incluyan en cualquier impresi\u00f3n autorizada del Contenido, se le proh\u00edbe expresamente hacer cualquier otro uso incluyendo, pero no limitado a, como metatags, palabras clave, texto u otros enlaces o de cualquier otra forma que pueda crear una impresi\u00f3n falsa o enga\u00f1osa de afiliaci\u00f3n o patrocinio por parte de NAOEVO.<\/p>\n\n\n\n<p><strong>Productos o servicios<\/strong><\/p>\n\n\n\n<p>Algunos productos o servicios pueden estar disponibles exclusivamente en l\u00ednea a trav\u00e9s del sitio web. Estos productos o servicios pueden tener cantidades limitadas y est\u00e1n sujetos a devoluci\u00f3n o cambio \u00fanicamente de acuerdo con nuestra Pol\u00edtica de Devoluciones.<\/p>\n\n\n\n<p>Hemos hecho todo lo posible para mostrar con la mayor precisi\u00f3n posible los colores y las im\u00e1genes de nuestros productos que aparecen en la tienda. No podemos garantizar que la visualizaci\u00f3n de cualquier color en el monitor de su ordenador sea exacta.<\/p>\n\n\n\n<p>Nos reservamos el derecho, pero no estamos obligados, a limitar las ventas de nuestros productos o Servicios a cualquier persona, regi\u00f3n geogr\u00e1fica o jurisdicci\u00f3n. Podemos ejercer este derecho caso por caso. Nos reservamos el derecho a limitar las cantidades de cualquier producto o servicio que ofrezcamos. Todas las descripciones de productos o precios de productos est\u00e1n sujetos a cambios en cualquier momento sin previo aviso, a nuestra entera discreci\u00f3n de nosotros. Nos reservamos el derecho a interrumpir cualquier producto en cualquier momento. Cualquier oferta de cualquier producto o servicio realizada en este sitio es nula donde est\u00e9 prohibida.<\/p>\n\n\n\n<p>No garantizamos que la calidad de los productos, servicios, informaci\u00f3n u otro material adquirido u obtenido por usted satisfaga sus expectativas, ni que se corrijan los errores del Servicio.<\/p>\n\n\n\n<p><strong>Modificaciones del servicio y de los precios<\/strong><\/p>\n\n\n\n<p>Los precios de nuestros productos est\u00e1n sujetos a cambios sin previo aviso.<\/p>\n\n\n\n<p>Nos reservamos el derecho a modificar o interrumpir en cualquier momento el Servicio (o cualquier parte o contenido del mismo) sin previo aviso. No seremos responsables ante usted ni ante terceros por ninguna modificaci\u00f3n, cambio de precio, suspensi\u00f3n o interrupci\u00f3n del Servicio.<\/p>\n\n\n\n<p><strong>Comentarios de los usuarios<\/strong><\/p>\n\n\n\n<p>Si, a petici\u00f3n nuestra, nos env\u00eda determinados env\u00edos espec\u00edficos o, sin que se lo pidamos, nos env\u00eda ideas creativas, sugerencias, propuestas, planes u otros materiales, ya sea en l\u00ednea, por correo electr\u00f3nico, por correo postal o de otro modo (colectivamente, \"comentarios\"), acepta que podamos, en cualquier momento y sin restricciones, editar, copiar, publicar, distribuir, traducir y utilizar de otro modo en cualquier medio cualquier comentario que nos env\u00ede. No estamos ni estaremos obligados (1) a mantener la confidencialidad de ning\u00fan comentario; (2) a pagar una compensaci\u00f3n por ning\u00fan comentario; ni (3) a responder a ning\u00fan comentario.<\/p>\n\n\n\n<p>Podemos, pero no tenemos ninguna obligaci\u00f3n de, controlar, editar o eliminar el contenido que determinemos a nuestra entera discreci\u00f3n que es ilegal, ofensivo, amenazante, calumnioso, difamatorio, pornogr\u00e1fico, obsceno o de otra manera objetable o que viole la propiedad intelectual de cualquier parte o estos T\u00e9rminos de Servicio.<\/p>\n\n\n\n<p>Usted acepta que sus comentarios no violar\u00e1n ning\u00fan derecho de terceros, incluidos los derechos de autor, marca registrada, privacidad, personalidad u otros derechos personales o de propiedad. Asimismo, acepta que sus comentarios no contendr\u00e1n material difamatorio o ilegal, abusivo u obsceno, ni virus inform\u00e1ticos u otros programas maliciosos que puedan afectar de alg\u00fan modo al funcionamiento del Servicio o de cualquier sitio web relacionado. No podr\u00e1 utilizar una direcci\u00f3n de correo electr\u00f3nico falsa, hacerse pasar por otra persona que no sea usted, ni inducirnos a error a nosotros o a terceros sobre el origen de los comentarios. Usted es el \u00fanico responsable de los comentarios que realice y de su exactitud. No asumimos responsabilidad alguna por los comentarios que usted o terceros publiquen.<\/p>\n\n\n\n<p><strong>Informaci\u00f3n personal<\/strong><\/p>\n\n\n\n<p>El env\u00edo de informaci\u00f3n personal a trav\u00e9s de la tienda se rige por nuestra Pol\u00edtica de privacidad. Para ver nuestra Pol\u00edtica de privacidad.<\/p>\n\n\n\n<p><strong>Errores, imprecisiones y omisiones<\/strong><\/p>\n\n\n\n<p>Ocasionalmente puede haber informaci\u00f3n en nuestro sitio o en el Servicio que contenga errores tipogr\u00e1ficos, inexactitudes u omisiones que puedan estar relacionadas con descripciones de productos, precios, promociones, ofertas, gastos de env\u00edo de productos, tiempos de tr\u00e1nsito y disponibilidad. Nos reservamos el derecho de corregir cualquier error, inexactitud u omisi\u00f3n, y de cambiar o actualizar la informaci\u00f3n o cancelar los pedidos si cualquier informaci\u00f3n en el Servicio o en cualquier sitio web relacionado es inexacta en cualquier momento sin previo aviso (incluso despu\u00e9s de haber enviado su pedido).<\/p>\n\n\n\n<p>No asumimos ninguna obligaci\u00f3n de actualizar, modificar o aclarar la informaci\u00f3n contenida en el Servicio o en cualquier sitio web relacionado, incluida, sin limitaci\u00f3n, la informaci\u00f3n sobre precios, salvo que as\u00ed lo exija la ley. Ninguna fecha especificada de actualizaci\u00f3n o puesta al d\u00eda aplicada en el Servicio o en cualquier sitio web relacionado debe tomarse para indicar que toda la informaci\u00f3n en el Servicio o en cualquier sitio web relacionado ha sido modificada o actualizada.<\/p>\n\n\n\n<p><strong>Divisibilidad<\/strong><\/p>\n\n\n\n<p>En caso de que se determine que alguna disposici\u00f3n de estas Condiciones del servicio es ilegal, nula o inaplicable, dicha disposici\u00f3n ser\u00e1, no obstante, aplicable en la m\u00e1xima medida permitida por la legislaci\u00f3n aplicable, y la parte inaplicable se considerar\u00e1 separada de estas Condiciones del servicio, sin que dicha determinaci\u00f3n afecte a la validez y aplicabilidad de las dem\u00e1s disposiciones restantes.<\/p>\n\n\n\n<p><strong>Derecho aplicable<\/strong><\/p>\n\n\n\n<p>Estas Condiciones del servicio y cualquier acuerdo independiente por el que le proporcionemos Servicios se regir\u00e1n e interpretar\u00e1n de conformidad con la legislaci\u00f3n de Irlanda.<\/p>","protected":false},"excerpt":{"rendered":"<p>Este sitio web est\u00e1 gestionado por NAOEVO. En todo el sitio, los t\u00e9rminos \"nosotros\", \"nos\" y \"nuestro\" se refieren a NAOEVO. [...]<\/p>","protected":false},"author":1,"featured_media":0,"parent":0,"menu_order":0,"comment_status":"closed","ping_status":"closed","template":"","meta":{"site-sidebar-layout":"default","site-content-layout":"","ast-site-content-layout":"","site-content-style":"default","site-sidebar-style":"default","ast-global-header-display":"","ast-banner-title-visibility":"","ast-main-header-display":"","ast-hfb-above-header-display":"","ast-hfb-below-header-display":"","ast-hfb-mobile-header-display":"","site-post-title":"","ast-breadcrumbs-content":"","ast-featured-img":"","footer-sml-layout":"","theme-transparent-header-meta":"","adv-header-id-meta":"","stick-header-meta":"","header-above-stick-meta":"","header-main-stick-meta":"","header-below-stick-meta":"","astra-migrate-meta-layouts":"default","ast-page-background-enabled":"default","ast-page-background-meta":{"desktop":{"background-color":"var(--ast-global-color-4)","background-image":"","background-repeat":"repeat","background-position":"center center","background-size":"auto","background-attachment":"scroll","background-type":"","background-media":"","overlay-type":"","overlay-color":"","overlay-opacity":"","overlay-gradient":""},"tablet":{"background-color":"","background-image":"","background-repeat":"repeat","background-position":"center center","background-size":"auto","background-attachment":"scroll","background-type":"","background-media":"","overlay-type":"","overlay-color":"","overlay-opacity":"","overlay-gradient":""},"mobile":{"background-color":"","background-image":"","background-repeat":"repeat","background-position":"center center","background-size":"auto","background-attachment":"scroll","background-type":"","background-media":"","overlay-type":"","overlay-color":"","overlay-opacity":"","overlay-gradient":""}},"ast-content-background-meta":{"desktop":{"background-color":"var(--ast-global-color-5)","background-image":"","background-repeat":"repeat","background-position":"center center","background-size":"auto","background-attachment":"scroll","background-type":"","background-media":"","overlay-type":"","overlay-color":"","overlay-opacity":"","overlay-gradient":""},"tablet":{"background-color":"var(--ast-global-color-5)","background-image":"","background-repeat":"repeat","background-position":"center center","background-size":"auto","background-attachment":"scroll","background-type":"","background-media":"","overlay-type":"","overlay-color":"","overlay-opacity":"","overlay-gradient":""},"mobile":{"background-color":"var(--ast-global-color-5)","background-image":"","background-repeat":"repeat","background-position":"center center","background-size":"auto","background-attachment":"scroll","background-type":"","background-media":"","overlay-type":"","overlay-color":"","overlay-opacity":"","overlay-gradient":""}},"footnotes":""},"class_list":["post-2434","page","type-page","status-publish","hentry"],"yoast_head":"<!-- This site is optimized with the Yoast SEO plugin v24.7 - https:\/\/yoast.com\/wordpress\/plugins\/seo\/ -->\n<title>Terms and Conditions - NAOEVO<\/title>\n<meta name=\"robots\" content=\"index, follow, max-snippet:-1, max-image-preview:large, max-video-preview:-1\" \/>\n<link rel=\"canonical\" href=\"https:\/\/www.naoevo.com\/es\/terms-and-conditions\/\" \/>\n<meta property=\"og:locale\" content=\"es_ES\" \/>\n<meta property=\"og:type\" content=\"article\" \/>\n<meta property=\"og:title\" content=\"Terms and Conditions - NAOEVO\" \/>\n<meta property=\"og:description\" content=\"This website is operated by NAOEVO. Throughout the site, the terms \u201cwe\u201d, \u201cus\u201d and \u201cour\u201d refer to NAOEVO. [&hellip;]\" \/>\n<meta property=\"og:url\" content=\"https:\/\/www.naoevo.com\/es\/terms-and-conditions\/\" \/>\n<meta property=\"og:site_name\" content=\"NAOEVO\" \/>\n<meta property=\"article:publisher\" content=\"https:\/\/www.facebook.com\/naoevolighting\" \/>\n<meta property=\"article:modified_time\" content=\"2023-02-11T06:16:18+00:00\" \/>\n<meta property=\"og:image\" content=\"https:\/\/www.naoevo.com\/wp-content\/uploads\/2023\/01\/NAOEVO-LOGO-2.png\" \/>\n\t<meta property=\"og:image:width\" content=\"400\" \/>\n\t<meta property=\"og:image:height\" content=\"80\" \/>\n\t<meta property=\"og:image:type\" content=\"image\/png\" \/>\n<meta name=\"twitter:card\" content=\"summary_large_image\" \/>\n<meta name=\"twitter:label1\" content=\"Tiempo de lectura\" \/>\n\t<meta name=\"twitter:data1\" content=\"7 minutos\" \/>\n<script type=\"application\/ld+json\" class=\"yoast-schema-graph\">{\"@context\":\"https:\/\/schema.org\",\"@graph\":[{\"@type\":\"WebPage\",\"@id\":\"https:\/\/www.naoevo.com\/terms-and-conditions\/\",\"url\":\"https:\/\/www.naoevo.com\/terms-and-conditions\/\",\"name\":\"Terms and Conditions - NAOEVO\",\"isPartOf\":{\"@id\":\"https:\/\/www.naoevo.com\/#website\"},\"datePublished\":\"2023-02-03T02:15:52+00:00\",\"dateModified\":\"2023-02-11T06:16:18+00:00\",\"breadcrumb\":{\"@id\":\"https:\/\/www.naoevo.com\/terms-and-conditions\/#breadcrumb\"},\"inLanguage\":\"es\",\"potentialAction\":[{\"@type\":\"ReadAction\",\"target\":[\"https:\/\/www.naoevo.com\/terms-and-conditions\/\"]}]},{\"@type\":\"BreadcrumbList\",\"@id\":\"https:\/\/www.naoevo.com\/terms-and-conditions\/#breadcrumb\",\"itemListElement\":[{\"@type\":\"ListItem\",\"position\":1,\"name\":\"Home\",\"item\":\"https:\/\/www.naoevo.com\/\"},{\"@type\":\"ListItem\",\"position\":2,\"name\":\"Terms and Conditions\"}]},{\"@type\":\"WebSite\",\"@id\":\"https:\/\/www.naoevo.com\/#website\",\"url\":\"https:\/\/www.naoevo.com\/\",\"name\":\"NAOEVO Auto Lighting\",\"description\":\"THE BEST AUTOMOTIVE LIGHTING MANUFACTURER\",\"publisher\":{\"@id\":\"https:\/\/www.naoevo.com\/#organization\"},\"potentialAction\":[{\"@type\":\"SearchAction\",\"target\":{\"@type\":\"EntryPoint\",\"urlTemplate\":\"https:\/\/www.naoevo.com\/?s={search_term_string}\"},\"query-input\":{\"@type\":\"PropertyValueSpecification\",\"valueRequired\":true,\"valueName\":\"search_term_string\"}}],\"inLanguage\":\"es\"},{\"@type\":\"Organization\",\"@id\":\"https:\/\/www.naoevo.com\/#organization\",\"name\":\"NAOEVO Auto Lighting\",\"url\":\"https:\/\/www.naoevo.com\/\",\"logo\":{\"@type\":\"ImageObject\",\"inLanguage\":\"es\",\"@id\":\"https:\/\/www.naoevo.com\/#\/schema\/logo\/image\/\",\"url\":\"https:\/\/www.naoevo.com\/wp-content\/uploads\/2023\/03\/cropped-NAOEVO-LOGO-2023.png\",\"contentUrl\":\"https:\/\/www.naoevo.com\/wp-content\/uploads\/2023\/03\/cropped-NAOEVO-LOGO-2023.png\",\"width\":1168,\"height\":151,\"caption\":\"NAOEVO Auto Lighting\"},\"image\":{\"@id\":\"https:\/\/www.naoevo.com\/#\/schema\/logo\/image\/\"},\"sameAs\":[\"https:\/\/www.facebook.com\/naoevolighting\",\"https:\/\/www.instagram.com\/naoevolightings\/\"]}]}<\/script>\n<!-- \/ Yoast SEO plugin. -->","yoast_head_json":{"title":"Terms and Conditions - NAOEVO","robots":{"index":"index","follow":"follow","max-snippet":"max-snippet:-1","max-image-preview":"max-image-preview:large","max-video-preview":"max-video-preview:-1"},"canonical":"https:\/\/www.naoevo.com\/es\/terms-and-conditions\/","og_locale":"es_ES","og_type":"article","og_title":"Terms and Conditions - NAOEVO","og_description":"This website is operated by NAOEVO. Throughout the site, the terms \u201cwe\u201d, \u201cus\u201d and \u201cour\u201d refer to NAOEVO. [&hellip;]","og_url":"https:\/\/www.naoevo.com\/es\/terms-and-conditions\/","og_site_name":"NAOEVO","article_publisher":"https:\/\/www.facebook.com\/naoevolighting","article_modified_time":"2023-02-11T06:16:18+00:00","og_image":[{"width":400,"height":80,"url":"https:\/\/www.naoevo.com\/wp-content\/uploads\/2023\/01\/NAOEVO-LOGO-2.png","type":"image\/png"}],"twitter_card":"summary_large_image","twitter_misc":{"Tiempo de lectura":"7 minutos"},"schema":{"@context":"https:\/\/schema.org","@graph":[{"@type":"WebPage","@id":"https:\/\/www.naoevo.com\/terms-and-conditions\/","url":"https:\/\/www.naoevo.com\/terms-and-conditions\/","name":"Terms and Conditions - NAOEVO","isPartOf":{"@id":"https:\/\/www.naoevo.com\/#website"},"datePublished":"2023-02-03T02:15:52+00:00","dateModified":"2023-02-11T06:16:18+00:00","breadcrumb":{"@id":"https:\/\/www.naoevo.com\/terms-and-conditions\/#breadcrumb"},"inLanguage":"es","potentialAction":[{"@type":"ReadAction","target":["https:\/\/www.naoevo.com\/terms-and-conditions\/"]}]},{"@type":"BreadcrumbList","@id":"https:\/\/www.naoevo.com\/terms-and-conditions\/#breadcrumb","itemListElement":[{"@type":"ListItem","position":1,"name":"Home","item":"https:\/\/www.naoevo.com\/"},{"@type":"ListItem","position":2,"name":"Terms and Conditions"}]},{"@type":"WebSite","@id":"https:\/\/www.naoevo.com\/#website","url":"https:\/\/www.naoevo.com\/","name":"NAOEVO Auto Lighting","description":"THE BEST AUTOMOTIVE LIGHTING MANUFACTURER","publisher":{"@id":"https:\/\/www.naoevo.com\/#organization"},"potentialAction":[{"@type":"SearchAction","target":{"@type":"EntryPoint","urlTemplate":"https:\/\/www.naoevo.com\/?s={search_term_string}"},"query-input":{"@type":"PropertyValueSpecification","valueRequired":true,"valueName":"search_term_string"}}],"inLanguage":"es"},{"@type":"Organization","@id":"https:\/\/www.naoevo.com\/#organization","name":"NAOEVO Auto Lighting","url":"https:\/\/www.naoevo.com\/","logo":{"@type":"ImageObject","inLanguage":"es","@id":"https:\/\/www.naoevo.com\/#\/schema\/logo\/image\/","url":"https:\/\/www.naoevo.com\/wp-content\/uploads\/2023\/03\/cropped-NAOEVO-LOGO-2023.png","contentUrl":"https:\/\/www.naoevo.com\/wp-content\/uploads\/2023\/03\/cropped-NAOEVO-LOGO-2023.png","width":1168,"height":151,"caption":"NAOEVO Auto Lighting"},"image":{"@id":"https:\/\/www.naoevo.com\/#\/schema\/logo\/image\/"},"sameAs":["https:\/\/www.facebook.com\/naoevolighting","https:\/\/www.instagram.com\/naoevolightings\/"]}]}},"_links":{"self":[{"href":"https:\/\/www.naoevo.com\/es\/wp-json\/wp\/v2\/pages\/2434","targetHints":{"allow":["GET"]}}],"collection":[{"href":"https:\/\/www.naoevo.com\/es\/wp-json\/wp\/v2\/pages"}],"about":[{"href":"https:\/\/www.naoevo.com\/es\/wp-json\/wp\/v2\/types\/page"}],"author":[{"embeddable":true,"href":"https:\/\/www.naoevo.com\/es\/wp-json\/wp\/v2\/users\/1"}],"replies":[{"embeddable":true,"href":"https:\/\/www.naoevo.com\/es\/wp-json\/wp\/v2\/comments?post=2434"}],"version-history":[{"count":0,"href":"https:\/\/www.naoevo.com\/es\/wp-json\/wp\/v2\/pages\/2434\/revisions"}],"wp:attachment":[{"href":"https:\/\/www.naoevo.com\/es\/wp-json\/wp\/v2\/media?parent=2434"}],"curies":[{"name":"wp","href":"https:\/\/api.w.org\/{rel}","templated":true}]}}